{"id":98,"date":"2018-12-20T09:49:03","date_gmt":"2018-12-20T08:49:03","guid":{"rendered":"http:\/\/neu.rossinigesellschaft.de\/it\/?page_id=98"},"modified":"2023-01-24T10:29:46","modified_gmt":"2023-01-24T09:29:46","slug":"attivita","status":"publish","type":"page","link":"https:\/\/www.rossinigesellschaft.de\/it\/attivita\/","title":{"rendered":"Attivit\u00e0"},"content":{"rendered":"<blockquote><p>\u201eFacciamo bene i nostri affari\u201c<\/p><\/blockquote>\n<div id=\"Layer7\" class=\"style9\">\n<p class=\"style1 style5 \" align=\"left\"><span class=\"style10\">Gioachino Rossini nel 1824 a proposito del suo successo a Londra.<\/span><\/p>\n<p>\u201cFacciamo bene i nostri affari\u201d \u2013 ecco quanto Rossini, uomo zelante e abile negli affari, scrive in una lettera rivolta al padre. La Societ\u00e0 tedesca Rossini pu\u00f2 vantare una vastissima gamma di attivit\u00e0 che comprende, oltre alla ricerca e alle riunioni annuali, anche serate teatrali, viaggi e seminari su Rossini. Cruciale \u00e8 senz&#8217;altro l\u2019intensa collaborazione con i teatri lirici. Siamo in stretto contatto con i pi\u00f9 autorevoli esperti rossiniani di tutto il mondo e ci impegniamo perch\u00e9 le opere del Maestro vengano rappresentate nella forma pi\u00f9 autentica possibile.<\/p>\n<p>&nbsp;<\/p>\n<p><strong>14-16 aprile 2023<\/strong>: Riunione annua a Erfurt<\/p>\n<p>Rossini e il libretto, Convegno a Bamberga, 4-7 ottobre 2007, <a href=\"http:\/\/www.rossinigesellschaft.de\/soc\/a2007\/d03b_aktivitaetenBamberg_i.htm\" target=\"_blank\" rel=\"noopener noreferrer\">retrospettiva<\/a><\/p>\n<p>Riapertura del Kurtheater di Wildbad (1 luglio 2005), <a href=\"http:\/\/www.rossinigesellschaft.de\/d03b_aktivitaetenPast.htm\" target=\"_blank\" rel=\"noopener noreferrer\">retrospettiva<\/a> (ted.)<\/p>\n<p>I 15 anni della Societ\u00e0 tedesca Rossini (10 luglio 2004)\u00a0\u00a0<a href=\"http:\/\/www.rossinigesellschaft.de\/dat\/pdf\/D03_Maier.PDF\" target=\"_blank\" rel=\"noopener noreferrer\">Scarica PDF<\/a> (ted., 105 kB)<\/p>\n<p>&nbsp;<\/p>\n<p class=\"style11\">Ricerca rossiniana<\/p>\n<p class=\"style12\"><a href=\"http:\/\/www.rossinigesellschaft.de\/members\/fabbri\/fabbri.html\" target=\"_blank\" rel=\"noopener noreferrer\">Paolo Fabbri<\/a><\/p>\n<p class=\"style12\"><a href=\"http:\/\/www.rossinigesellschaft.de\/members\/gier\/gier.html\" target=\"_blank\" rel=\"noopener noreferrer\">Albert Gier <\/a>(ted.)<\/p>\n<p class=\"style12\"><a href=\"http:\/\/www.rossinigesellschaft.de\/members\/rmueller\/rmueller.html\" target=\"_blank\" rel=\"noopener noreferrer\">Reto M\u00fcller<\/a> (ted.)<\/p>\n<p class=\"style12\"><a href=\"http:\/\/www.rossinigesellschaft.de\/members\/kern\/kern.html\" target=\"_blank\" rel=\"noopener noreferrer\">Bernd-R\u00fcdiger Kern<\/a> (ted.)<\/p>\n<p class=\"style12\"><a href=\"http:\/\/www.rossinigesellschaft.de\/members\/scheier\/cas.html\" target=\"_blank\" rel=\"noopener noreferrer\">Claus-Artur Scheier<\/a> (ted.)<\/p>\n<\/div>\n<p>&nbsp;<\/p>\n","protected":false},"excerpt":{"rendered":"<p>\u201eFacciamo bene i nostri affari\u201c Gioachino Rossini nel 1824 a proposito del suo successo a Londra. \u201cFacciamo bene i nostri affari\u201d \u2013 ecco quanto Rossini, uomo zelante e abile negli affari, scrive in una lettera rivolta al padre. La Societ\u00e0<\/p>\n","protected":false},"author":1,"featured_media":0,"parent":0,"menu_order":0,"comment_status":"closed","ping_status":"closed","template":"page-templates\/gesellschaft.php","meta":{"footnotes":""},"class_list":["post-98","page","type-page","status-publish","hentry"],"yoast_head":"<!-- This site is optimized with the Yoast SEO plugin v27.4 - https:\/\/yoast.com\/product\/yoast-seo-wordpress\/ -->\n<title>Attivit\u00e0 - Italiano<\/title>\n<meta name=\"robots\" content=\"index, follow, max-snippet:-1, max-image-preview:large, max-video-preview:-1\" \/>\n<link rel=\"canonical\" href=\"https:\/\/www.rossinigesellschaft.de\/it\/attivita\/\" \/>\n<meta property=\"og:locale\" content=\"de_DE\" \/>\n<meta property=\"og:type\" content=\"article\" \/>\n<meta property=\"og:title\" content=\"Attivit\u00e0 - Italiano\" \/>\n<meta property=\"og:description\" content=\"\u201eFacciamo bene i nostri affari\u201c Gioachino Rossini nel 1824 a proposito del suo successo a Londra. \u201cFacciamo bene i nostri affari\u201d \u2013 ecco quanto Rossini, uomo zelante e abile negli affari, scrive in una lettera rivolta al padre. La Societ\u00e0\" \/>\n<meta property=\"og:url\" content=\"https:\/\/www.rossinigesellschaft.de\/it\/attivita\/\" \/>\n<meta property=\"og:site_name\" content=\"Italiano\" \/>\n<meta property=\"article:modified_time\" content=\"2023-01-24T09:29:46+00:00\" \/>\n<meta name=\"twitter:card\" content=\"summary_large_image\" \/>\n<meta name=\"twitter:label1\" content=\"Gesch\u00e4tzte Lesezeit\" \/>\n\t<meta name=\"twitter:data1\" content=\"1\u00a0Minute\" \/>\n<script type=\"application\/ld+json\" class=\"yoast-schema-graph\">{\"@context\":\"https:\\\/\\\/schema.org\",\"@graph\":[{\"@type\":\"WebPage\",\"@id\":\"https:\\\/\\\/www.rossinigesellschaft.de\\\/it\\\/attivita\\\/\",\"url\":\"https:\\\/\\\/www.rossinigesellschaft.de\\\/it\\\/attivita\\\/\",\"name\":\"Attivit\u00e0 - Italiano\",\"isPartOf\":{\"@id\":\"https:\\\/\\\/www.rossinigesellschaft.de\\\/it\\\/#website\"},\"datePublished\":\"2018-12-20T08:49:03+00:00\",\"dateModified\":\"2023-01-24T09:29:46+00:00\",\"breadcrumb\":{\"@id\":\"https:\\\/\\\/www.rossinigesellschaft.de\\\/it\\\/attivita\\\/#breadcrumb\"},\"inLanguage\":\"de\",\"potentialAction\":[{\"@type\":\"ReadAction\",\"target\":[\"https:\\\/\\\/www.rossinigesellschaft.de\\\/it\\\/attivita\\\/\"]}]},{\"@type\":\"BreadcrumbList\",\"@id\":\"https:\\\/\\\/www.rossinigesellschaft.de\\\/it\\\/attivita\\\/#breadcrumb\",\"itemListElement\":[{\"@type\":\"ListItem\",\"position\":1,\"name\":\"Startseite\",\"item\":\"https:\\\/\\\/www.rossinigesellschaft.de\\\/it\\\/\"},{\"@type\":\"ListItem\",\"position\":2,\"name\":\"Attivit\u00e0\"}]},{\"@type\":\"WebSite\",\"@id\":\"https:\\\/\\\/www.rossinigesellschaft.de\\\/it\\\/#website\",\"url\":\"https:\\\/\\\/www.rossinigesellschaft.de\\\/it\\\/\",\"name\":\"Italiano\",\"description\":\"\",\"publisher\":{\"@id\":\"https:\\\/\\\/www.rossinigesellschaft.de\\\/it\\\/#organization\"},\"potentialAction\":[{\"@type\":\"SearchAction\",\"target\":{\"@type\":\"EntryPoint\",\"urlTemplate\":\"https:\\\/\\\/www.rossinigesellschaft.de\\\/it\\\/?s={search_term_string}\"},\"query-input\":{\"@type\":\"PropertyValueSpecification\",\"valueRequired\":true,\"valueName\":\"search_term_string\"}}],\"inLanguage\":\"de\"},{\"@type\":\"Organization\",\"@id\":\"https:\\\/\\\/www.rossinigesellschaft.de\\\/it\\\/#organization\",\"name\":\"Italiano\",\"url\":\"https:\\\/\\\/www.rossinigesellschaft.de\\\/it\\\/\",\"logo\":{\"@type\":\"ImageObject\",\"inLanguage\":\"de\",\"@id\":\"https:\\\/\\\/www.rossinigesellschaft.de\\\/it\\\/#\\\/schema\\\/logo\\\/image\\\/\",\"url\":\"https:\\\/\\\/www.rossinigesellschaft.de\\\/it\\\/wp-content\\\/uploads\\\/2019\\\/02\\\/logo-transparent.png\",\"contentUrl\":\"https:\\\/\\\/www.rossinigesellschaft.de\\\/it\\\/wp-content\\\/uploads\\\/2019\\\/02\\\/logo-transparent.png\",\"width\":200,\"height\":86,\"caption\":\"Italiano\"},\"image\":{\"@id\":\"https:\\\/\\\/www.rossinigesellschaft.de\\\/it\\\/#\\\/schema\\\/logo\\\/image\\\/\"}}]}<\/script>\n<!-- \/ Yoast SEO plugin. -->","yoast_head_json":{"title":"Attivit\u00e0 - Italiano","robots":{"index":"index","follow":"follow","max-snippet":"max-snippet:-1","max-image-preview":"max-image-preview:large","max-video-preview":"max-video-preview:-1"},"canonical":"https:\/\/www.rossinigesellschaft.de\/it\/attivita\/","og_locale":"de_DE","og_type":"article","og_title":"Attivit\u00e0 - Italiano","og_description":"\u201eFacciamo bene i nostri affari\u201c Gioachino Rossini nel 1824 a proposito del suo successo a Londra. \u201cFacciamo bene i nostri affari\u201d \u2013 ecco quanto Rossini, uomo zelante e abile negli affari, scrive in una lettera rivolta al padre. La Societ\u00e0","og_url":"https:\/\/www.rossinigesellschaft.de\/it\/attivita\/","og_site_name":"Italiano","article_modified_time":"2023-01-24T09:29:46+00:00","twitter_card":"summary_large_image","twitter_misc":{"Gesch\u00e4tzte Lesezeit":"1\u00a0Minute"},"schema":{"@context":"https:\/\/schema.org","@graph":[{"@type":"WebPage","@id":"https:\/\/www.rossinigesellschaft.de\/it\/attivita\/","url":"https:\/\/www.rossinigesellschaft.de\/it\/attivita\/","name":"Attivit\u00e0 - Italiano","isPartOf":{"@id":"https:\/\/www.rossinigesellschaft.de\/it\/#website"},"datePublished":"2018-12-20T08:49:03+00:00","dateModified":"2023-01-24T09:29:46+00:00","breadcrumb":{"@id":"https:\/\/www.rossinigesellschaft.de\/it\/attivita\/#breadcrumb"},"inLanguage":"de","potentialAction":[{"@type":"ReadAction","target":["https:\/\/www.rossinigesellschaft.de\/it\/attivita\/"]}]},{"@type":"BreadcrumbList","@id":"https:\/\/www.rossinigesellschaft.de\/it\/attivita\/#breadcrumb","itemListElement":[{"@type":"ListItem","position":1,"name":"Startseite","item":"https:\/\/www.rossinigesellschaft.de\/it\/"},{"@type":"ListItem","position":2,"name":"Attivit\u00e0"}]},{"@type":"WebSite","@id":"https:\/\/www.rossinigesellschaft.de\/it\/#website","url":"https:\/\/www.rossinigesellschaft.de\/it\/","name":"Italiano","description":"","publisher":{"@id":"https:\/\/www.rossinigesellschaft.de\/it\/#organization"},"potentialAction":[{"@type":"SearchAction","target":{"@type":"EntryPoint","urlTemplate":"https:\/\/www.rossinigesellschaft.de\/it\/?s={search_term_string}"},"query-input":{"@type":"PropertyValueSpecification","valueRequired":true,"valueName":"search_term_string"}}],"inLanguage":"de"},{"@type":"Organization","@id":"https:\/\/www.rossinigesellschaft.de\/it\/#organization","name":"Italiano","url":"https:\/\/www.rossinigesellschaft.de\/it\/","logo":{"@type":"ImageObject","inLanguage":"de","@id":"https:\/\/www.rossinigesellschaft.de\/it\/#\/schema\/logo\/image\/","url":"https:\/\/www.rossinigesellschaft.de\/it\/wp-content\/uploads\/2019\/02\/logo-transparent.png","contentUrl":"https:\/\/www.rossinigesellschaft.de\/it\/wp-content\/uploads\/2019\/02\/logo-transparent.png","width":200,"height":86,"caption":"Italiano"},"image":{"@id":"https:\/\/www.rossinigesellschaft.de\/it\/#\/schema\/logo\/image\/"}}]}},"_links":{"self":[{"href":"https:\/\/www.rossinigesellschaft.de\/it\/wp-json\/wp\/v2\/pages\/98","targetHints":{"allow":["GET"]}}],"collection":[{"href":"https:\/\/www.rossinigesellschaft.de\/it\/wp-json\/wp\/v2\/pages"}],"about":[{"href":"https:\/\/www.rossinigesellschaft.de\/it\/wp-json\/wp\/v2\/types\/page"}],"author":[{"embeddable":true,"href":"https:\/\/www.rossinigesellschaft.de\/it\/wp-json\/wp\/v2\/users\/1"}],"replies":[{"embeddable":true,"href":"https:\/\/www.rossinigesellschaft.de\/it\/wp-json\/wp\/v2\/comments?post=98"}],"version-history":[{"count":9,"href":"https:\/\/www.rossinigesellschaft.de\/it\/wp-json\/wp\/v2\/pages\/98\/revisions"}],"predecessor-version":[{"id":702,"href":"https:\/\/www.rossinigesellschaft.de\/it\/wp-json\/wp\/v2\/pages\/98\/revisions\/702"}],"wp:attachment":[{"href":"https:\/\/www.rossinigesellschaft.de\/it\/wp-json\/wp\/v2\/media?parent=98"}],"curies":[{"name":"wp","href":"https:\/\/api.w.org\/{rel}","templated":true}]}}