{"id":49,"date":"2018-12-20T09:12:52","date_gmt":"2018-12-20T08:12:52","guid":{"rendered":"http:\/\/neu.rossinigesellschaft.de\/it\/?page_id=49"},"modified":"2019-06-17T22:00:34","modified_gmt":"2019-06-17T20:00:34","slug":"link","status":"publish","type":"page","link":"https:\/\/www.rossinigesellschaft.de\/it\/link\/","title":{"rendered":"Link"},"content":{"rendered":"<blockquote><p>\u201eIo sto lavorando come una bestia\u201c<\/p><\/blockquote>\n<p align=\"left\"><span class=\"style1\"><span class=\"style2\">Gioachino Rossini a proposito della composizione di <em>Torvaldo e Dorliska<\/em>, 1815<em><br \/>\n<\/em><\/span><\/span><\/p>\n<p>&nbsp;<\/p>\n<p>La vena creativa di Rossini \u00e8 abbinata ad un notevole intuito e ad una spiccata intelligenza. Cos\u00ec tutto risulta spontaneo, sebbene in realt\u00e0 sia stato concepito con estrema precisione. Rossini trae spunto dal mondo esterno e ne rielabora tutti gli influssi, per poi trasformarli e riproporli in veste nuova, pi\u00f9 particolare, a volte sorprendente; cos\u00ec facendo, da un giorno all\u2019altro, spazza via un&#8217;intera generazione di compositori. La fama del Cigno di Pesaro cresce in modo esorbitante, rendendolo una stella fissa nel firmamento musicale dell&#8217;Ottocento, che continuer\u00e0 a brillare a lungo anche dopo gli esordi e la gloria.<\/p>\n<p>Durante tutta la carriera teatrale Rossini \u00e8 un uomo del suo tempo, si veste alla moda o \u201cdetta\u201d la moda. Dotato di buonsenso e abile negli affari, egli possiede il senso del fattibile ed \u00e8 in grado di farsi un\u2019ottima pubblicit\u00e0.<\/p>\n<p>Se Rossini fosse vivo oggi, \u00e8 probabile che Internet, con il suo potenziale associativo, i collegamenti sorprendenti e quel misto tra ordine e anarchia, avrebbe esercitato un fascino particolare su di lui.<\/p>\n<p class=\"style5\">Per saperne di pi\u00f9 su Rossini: link scelti per voi<\/p>\n<ul>\n<li><a href=\"http:\/\/www.treccani.it\/enciclopedia\/gioachino-antonio-rossini_%28Dizionario-Biografico%29\/\" target=\"_blank\" rel=\"noopener noreferrer\">Dizionario Biografico degli Italiani<\/a><\/li>\n<li>Informazioni sulla biografia e le opere:\u00a0<a href=\"http:\/\/www.klassika.info\/Komponisten\/Rossini\/\" target=\"_blank\" rel=\"noopener noreferrer\">Klassika<\/a> (ted.)\u00a0<a href=\"http:\/\/it.wikipedia.org\/wiki\/Gioacchino_Rossini\" target=\"_blank\" rel=\"noopener noreferrer\">Wikipedia<\/a><\/li>\n<li>Elenchi delle opere: <a href=\"http:\/\/rick.stanford.edu.\/opera\/Rossini\/main.html\" target=\"_blank\" rel=\"noopener noreferrer\">OperaGlass<\/a> (ingl.)<\/li>\n<li>&#8222;Il Museo Rossini&#8220;: <a href=\"http:\/\/www.muziekcollecties.be\/en\/museo_rosinni\" target=\"_blank\" rel=\"noopener noreferrer\">Biblioteca del Real Conservatorio di Bruxelles<\/a> (engl.)<\/li>\n<\/ul>\n<p><span class=\"style5\">Altre pagine su Rossini<\/span><\/p>\n<ul>\n<li><a href=\"http:\/\/www.fondazionerossini.org\/\" target=\"_blank\" rel=\"noopener noreferrer\">Fondazione G. Rossini, Pesaro<\/a>\u00a0(it.)<\/li>\n<li><a href=\"https:\/\/www.akira-rossiniana.org\/%E5%8D%94%E4%BC%9A%E3%81%AE%E6%B4%BB%E5%8B%95\/\" target=\"_blank\" rel=\"noopener noreferrer\">Japanische Rossini Gesellschaft<\/a>\u00a0(jap.)<\/li>\n<li><a href=\"http:\/\/www.rossiniamerica.org\/\">American Rossini Society<\/a> (engl.)<\/li>\n<\/ul>\n<p>&nbsp;<\/p>\n","protected":false},"excerpt":{"rendered":"<p>\u201eIo sto lavorando come una bestia\u201c Gioachino Rossini a proposito della composizione di Torvaldo e Dorliska, 1815 &nbsp; La vena creativa di Rossini \u00e8 abbinata ad un notevole intuito e ad una spiccata intelligenza. Cos\u00ec tutto risulta spontaneo, sebbene in<\/p>\n","protected":false},"author":1,"featured_media":0,"parent":0,"menu_order":0,"comment_status":"closed","ping_status":"closed","template":"","meta":{"footnotes":""},"class_list":["post-49","page","type-page","status-publish","hentry"],"yoast_head":"<!-- This site is optimized with the Yoast SEO plugin v27.4 - https:\/\/yoast.com\/product\/yoast-seo-wordpress\/ -->\n<title>Link - Italiano<\/title>\n<meta name=\"robots\" content=\"index, follow, max-snippet:-1, max-image-preview:large, max-video-preview:-1\" \/>\n<link rel=\"canonical\" href=\"https:\/\/www.rossinigesellschaft.de\/it\/link\/\" \/>\n<meta property=\"og:locale\" content=\"de_DE\" \/>\n<meta property=\"og:type\" content=\"article\" \/>\n<meta property=\"og:title\" content=\"Link - Italiano\" \/>\n<meta property=\"og:description\" content=\"\u201eIo sto lavorando come una bestia\u201c Gioachino Rossini a proposito della composizione di Torvaldo e Dorliska, 1815 &nbsp; La vena creativa di Rossini \u00e8 abbinata ad un notevole intuito e ad una spiccata intelligenza. Cos\u00ec tutto risulta spontaneo, sebbene in\" \/>\n<meta property=\"og:url\" content=\"https:\/\/www.rossinigesellschaft.de\/it\/link\/\" \/>\n<meta property=\"og:site_name\" content=\"Italiano\" \/>\n<meta property=\"article:modified_time\" content=\"2019-06-17T20:00:34+00:00\" \/>\n<meta name=\"twitter:card\" content=\"summary_large_image\" \/>\n<meta name=\"twitter:label1\" content=\"Gesch\u00e4tzte Lesezeit\" \/>\n\t<meta name=\"twitter:data1\" content=\"1\u00a0Minute\" \/>\n<script type=\"application\/ld+json\" class=\"yoast-schema-graph\">{\"@context\":\"https:\\\/\\\/schema.org\",\"@graph\":[{\"@type\":\"WebPage\",\"@id\":\"https:\\\/\\\/www.rossinigesellschaft.de\\\/it\\\/link\\\/\",\"url\":\"https:\\\/\\\/www.rossinigesellschaft.de\\\/it\\\/link\\\/\",\"name\":\"Link - Italiano\",\"isPartOf\":{\"@id\":\"https:\\\/\\\/www.rossinigesellschaft.de\\\/it\\\/#website\"},\"datePublished\":\"2018-12-20T08:12:52+00:00\",\"dateModified\":\"2019-06-17T20:00:34+00:00\",\"breadcrumb\":{\"@id\":\"https:\\\/\\\/www.rossinigesellschaft.de\\\/it\\\/link\\\/#breadcrumb\"},\"inLanguage\":\"de\",\"potentialAction\":[{\"@type\":\"ReadAction\",\"target\":[\"https:\\\/\\\/www.rossinigesellschaft.de\\\/it\\\/link\\\/\"]}]},{\"@type\":\"BreadcrumbList\",\"@id\":\"https:\\\/\\\/www.rossinigesellschaft.de\\\/it\\\/link\\\/#breadcrumb\",\"itemListElement\":[{\"@type\":\"ListItem\",\"position\":1,\"name\":\"Startseite\",\"item\":\"https:\\\/\\\/www.rossinigesellschaft.de\\\/it\\\/\"},{\"@type\":\"ListItem\",\"position\":2,\"name\":\"Link\"}]},{\"@type\":\"WebSite\",\"@id\":\"https:\\\/\\\/www.rossinigesellschaft.de\\\/it\\\/#website\",\"url\":\"https:\\\/\\\/www.rossinigesellschaft.de\\\/it\\\/\",\"name\":\"Italiano\",\"description\":\"\",\"publisher\":{\"@id\":\"https:\\\/\\\/www.rossinigesellschaft.de\\\/it\\\/#organization\"},\"potentialAction\":[{\"@type\":\"SearchAction\",\"target\":{\"@type\":\"EntryPoint\",\"urlTemplate\":\"https:\\\/\\\/www.rossinigesellschaft.de\\\/it\\\/?s={search_term_string}\"},\"query-input\":{\"@type\":\"PropertyValueSpecification\",\"valueRequired\":true,\"valueName\":\"search_term_string\"}}],\"inLanguage\":\"de\"},{\"@type\":\"Organization\",\"@id\":\"https:\\\/\\\/www.rossinigesellschaft.de\\\/it\\\/#organization\",\"name\":\"Italiano\",\"url\":\"https:\\\/\\\/www.rossinigesellschaft.de\\\/it\\\/\",\"logo\":{\"@type\":\"ImageObject\",\"inLanguage\":\"de\",\"@id\":\"https:\\\/\\\/www.rossinigesellschaft.de\\\/it\\\/#\\\/schema\\\/logo\\\/image\\\/\",\"url\":\"https:\\\/\\\/www.rossinigesellschaft.de\\\/it\\\/wp-content\\\/uploads\\\/2019\\\/02\\\/logo-transparent.png\",\"contentUrl\":\"https:\\\/\\\/www.rossinigesellschaft.de\\\/it\\\/wp-content\\\/uploads\\\/2019\\\/02\\\/logo-transparent.png\",\"width\":200,\"height\":86,\"caption\":\"Italiano\"},\"image\":{\"@id\":\"https:\\\/\\\/www.rossinigesellschaft.de\\\/it\\\/#\\\/schema\\\/logo\\\/image\\\/\"}}]}<\/script>\n<!-- \/ Yoast SEO plugin. -->","yoast_head_json":{"title":"Link - Italiano","robots":{"index":"index","follow":"follow","max-snippet":"max-snippet:-1","max-image-preview":"max-image-preview:large","max-video-preview":"max-video-preview:-1"},"canonical":"https:\/\/www.rossinigesellschaft.de\/it\/link\/","og_locale":"de_DE","og_type":"article","og_title":"Link - Italiano","og_description":"\u201eIo sto lavorando come una bestia\u201c Gioachino Rossini a proposito della composizione di Torvaldo e Dorliska, 1815 &nbsp; La vena creativa di Rossini \u00e8 abbinata ad un notevole intuito e ad una spiccata intelligenza. Cos\u00ec tutto risulta spontaneo, sebbene in","og_url":"https:\/\/www.rossinigesellschaft.de\/it\/link\/","og_site_name":"Italiano","article_modified_time":"2019-06-17T20:00:34+00:00","twitter_card":"summary_large_image","twitter_misc":{"Gesch\u00e4tzte Lesezeit":"1\u00a0Minute"},"schema":{"@context":"https:\/\/schema.org","@graph":[{"@type":"WebPage","@id":"https:\/\/www.rossinigesellschaft.de\/it\/link\/","url":"https:\/\/www.rossinigesellschaft.de\/it\/link\/","name":"Link - Italiano","isPartOf":{"@id":"https:\/\/www.rossinigesellschaft.de\/it\/#website"},"datePublished":"2018-12-20T08:12:52+00:00","dateModified":"2019-06-17T20:00:34+00:00","breadcrumb":{"@id":"https:\/\/www.rossinigesellschaft.de\/it\/link\/#breadcrumb"},"inLanguage":"de","potentialAction":[{"@type":"ReadAction","target":["https:\/\/www.rossinigesellschaft.de\/it\/link\/"]}]},{"@type":"BreadcrumbList","@id":"https:\/\/www.rossinigesellschaft.de\/it\/link\/#breadcrumb","itemListElement":[{"@type":"ListItem","position":1,"name":"Startseite","item":"https:\/\/www.rossinigesellschaft.de\/it\/"},{"@type":"ListItem","position":2,"name":"Link"}]},{"@type":"WebSite","@id":"https:\/\/www.rossinigesellschaft.de\/it\/#website","url":"https:\/\/www.rossinigesellschaft.de\/it\/","name":"Italiano","description":"","publisher":{"@id":"https:\/\/www.rossinigesellschaft.de\/it\/#organization"},"potentialAction":[{"@type":"SearchAction","target":{"@type":"EntryPoint","urlTemplate":"https:\/\/www.rossinigesellschaft.de\/it\/?s={search_term_string}"},"query-input":{"@type":"PropertyValueSpecification","valueRequired":true,"valueName":"search_term_string"}}],"inLanguage":"de"},{"@type":"Organization","@id":"https:\/\/www.rossinigesellschaft.de\/it\/#organization","name":"Italiano","url":"https:\/\/www.rossinigesellschaft.de\/it\/","logo":{"@type":"ImageObject","inLanguage":"de","@id":"https:\/\/www.rossinigesellschaft.de\/it\/#\/schema\/logo\/image\/","url":"https:\/\/www.rossinigesellschaft.de\/it\/wp-content\/uploads\/2019\/02\/logo-transparent.png","contentUrl":"https:\/\/www.rossinigesellschaft.de\/it\/wp-content\/uploads\/2019\/02\/logo-transparent.png","width":200,"height":86,"caption":"Italiano"},"image":{"@id":"https:\/\/www.rossinigesellschaft.de\/it\/#\/schema\/logo\/image\/"}}]}},"_links":{"self":[{"href":"https:\/\/www.rossinigesellschaft.de\/it\/wp-json\/wp\/v2\/pages\/49","targetHints":{"allow":["GET"]}}],"collection":[{"href":"https:\/\/www.rossinigesellschaft.de\/it\/wp-json\/wp\/v2\/pages"}],"about":[{"href":"https:\/\/www.rossinigesellschaft.de\/it\/wp-json\/wp\/v2\/types\/page"}],"author":[{"embeddable":true,"href":"https:\/\/www.rossinigesellschaft.de\/it\/wp-json\/wp\/v2\/users\/1"}],"replies":[{"embeddable":true,"href":"https:\/\/www.rossinigesellschaft.de\/it\/wp-json\/wp\/v2\/comments?post=49"}],"version-history":[{"count":7,"href":"https:\/\/www.rossinigesellschaft.de\/it\/wp-json\/wp\/v2\/pages\/49\/revisions"}],"predecessor-version":[{"id":549,"href":"https:\/\/www.rossinigesellschaft.de\/it\/wp-json\/wp\/v2\/pages\/49\/revisions\/549"}],"wp:attachment":[{"href":"https:\/\/www.rossinigesellschaft.de\/it\/wp-json\/wp\/v2\/media?parent=49"}],"curies":[{"name":"wp","href":"https:\/\/api.w.org\/{rel}","templated":true}]}}