{"id":36,"date":"2018-12-20T09:02:42","date_gmt":"2018-12-20T08:02:42","guid":{"rendered":"http:\/\/neu.rossinigesellschaft.de\/it\/?page_id=36"},"modified":"2019-06-17T21:53:35","modified_gmt":"2019-06-17T19:53:35","slug":"opere","status":"publish","type":"page","link":"https:\/\/www.rossinigesellschaft.de\/it\/opere\/","title":{"rendered":"Opere"},"content":{"rendered":"<blockquote>\n<p align=\"left\">\u201eScrivo musica divina\u201c<\/p>\n<\/blockquote>\n<p class=\"style2\" align=\"left\">Gioachino Rossini a proposito della composizione di <em>Aureliano in Palmira<\/em>, 1813.<\/p>\n<p>&nbsp;<\/p>\n<p align=\"left\">\u00c8 un Rossini molto sicuro di se stesso quello che scrive queste righe alla madre Anna. La sua carriera come compositore d\u2019opera si pu\u00f2 suddividere in tre fasi: dal 1810 al 1814 Rossini \u00e8 attivo nel Nord d&#8217;Italia, nel triangolo Venezia-Bologna-Milano. Si susseguono opere in un atto, poi opere comiche come <em>La pietra del paragone<\/em> e serie come <em>Tancredi<\/em>. Nel 1815 viene chiamato a Napoli dal noto impresario teatrale Barbaja e diventa ben presto direttore musicale. In questa seconda fase, che durer\u00e0 fino al 1822, vedranno la luce le creazioni pi\u00f9 ambiziose del Cigno di Pesaro, tra cui <em>Elisabetta regina d&#8217;Inghilterra<\/em>, <em>Otello<\/em>, <em>Mos\u00e8 in Egitto<\/em>, <em>Ermione<\/em>, <em>Maometto II<\/em> e <em>Zelmira<\/em>, anche se continuer\u00e0 a scrivere opere di stampo pi\u00f9 tradizionale per altre citt\u00e0 italiane, comprese quelle di genere comico quali ad esempio <em>Il barbiere di Siviglia<\/em>. Riuscir\u00e0 a congiungere queste due tendenze nella <em>Semiramide<\/em> del 1823, ultima opera scritta per l&#8217;Italia.<\/p>\n<p align=\"left\">Dopo i trionfi viennesi del 1822, Rossini si reca prima a Londra, poi a Parigi, dove tenta di avviare gradualmente la sua carriera di compositore \u201cfrancese\u201d. Questa terza fase durer\u00e0 dal 1825 fino al 1829. Dopo il <em>Guillaume Tell<\/em>, quinta opera parigina del Maestro, il Rossini compositore d&#8217;opera ammutolir\u00e0 per sempre.<\/p>\n<p align=\"left\">Rossini non \u00e8 un compositore degli estremi. Possiede \u201cquel carattere equilibrato tipico solo dei popoli latini: per bambini e vegliardi, benestanti e disagiati trova sempre la parola giusta senza cambiare mai il suo modo di comportarsi\u201d (Ferdinand Hiller). La profondit\u00e0 di Rossini risiede nella sua ambiguit\u00e0, nulla \u00e8 prevedibile nelle sue composizioni. Scrive Norbert Miller: \u201cLa legge intrinseca della concezione rossiniana dell&#8217;opera buffa, legge che pi\u00f9 avanti minaccer\u00e0 tutta la sua concezione della musica, \u00e8 proprio quell&#8217;ambiguit\u00e0 di ogni gesto drammatico e musicale\u201d.<\/p>\n<p align=\"left\">Questo non vuol dire che la musica di Rossini sia fredda o priva di sentimenti\u2026 tutt\u2019altro! Secondo Alberto Zedda essa riesce a descrivere anche situazioni tragiche, passioni e dolori, pur non facendolo mai in modo realistico e diretto, ma sempre attraverso il filtro della sua virtuosissima arte. Per Zedda questo \u00e8 un tratto tipico di Rossini e al contempo indice di grande modernit\u00e0.<\/p>\n<p align=\"left\">Opere rossiniane: Prime rappresentazioni <a href=\"http:\/\/www.rossinigesellschaft.de\/dat\/pdf\/B02-Premieren.PDF\" target=\"_blank\" rel=\"noopener noreferrer\">Scarica PDF<\/a> (29 kB)<\/p>\n<p align=\"left\">Creatori di ruoli rossiniani <a href=\"http:\/\/www.rossinigesellschaft.de\/dat\/pdf\/B02-Interpreten.PDF\" target=\"_blank\" rel=\"noopener noreferrer\">Scarica PDF<\/a> (165 kB)<\/p>\n<p>&nbsp;<\/p>\n","protected":false},"excerpt":{"rendered":"<p>\u201eScrivo musica divina\u201c Gioachino Rossini a proposito della composizione di Aureliano in Palmira, 1813. &nbsp; \u00c8 un Rossini molto sicuro di se stesso quello che scrive queste righe alla madre Anna. La sua carriera come compositore d\u2019opera si pu\u00f2 suddividere<\/p>\n","protected":false},"author":1,"featured_media":0,"parent":0,"menu_order":0,"comment_status":"closed","ping_status":"closed","template":"","meta":{"footnotes":""},"class_list":["post-36","page","type-page","status-publish","hentry"],"yoast_head":"<!-- This site is optimized with the Yoast SEO plugin v27.4 - https:\/\/yoast.com\/product\/yoast-seo-wordpress\/ -->\n<title>Opere - Italiano<\/title>\n<meta name=\"robots\" content=\"index, follow, max-snippet:-1, max-image-preview:large, max-video-preview:-1\" \/>\n<link rel=\"canonical\" href=\"https:\/\/www.rossinigesellschaft.de\/it\/opere\/\" \/>\n<meta property=\"og:locale\" content=\"de_DE\" \/>\n<meta property=\"og:type\" content=\"article\" \/>\n<meta property=\"og:title\" content=\"Opere - Italiano\" \/>\n<meta property=\"og:description\" content=\"\u201eScrivo musica divina\u201c Gioachino Rossini a proposito della composizione di Aureliano in Palmira, 1813. &nbsp; \u00c8 un Rossini molto sicuro di se stesso quello che scrive queste righe alla madre Anna. La sua carriera come compositore d\u2019opera si pu\u00f2 suddividere\" \/>\n<meta property=\"og:url\" content=\"https:\/\/www.rossinigesellschaft.de\/it\/opere\/\" \/>\n<meta property=\"og:site_name\" content=\"Italiano\" \/>\n<meta property=\"article:modified_time\" content=\"2019-06-17T19:53:35+00:00\" \/>\n<meta name=\"twitter:card\" content=\"summary_large_image\" \/>\n<meta name=\"twitter:label1\" content=\"Gesch\u00e4tzte Lesezeit\" \/>\n\t<meta name=\"twitter:data1\" content=\"2\u00a0Minuten\" \/>\n<script type=\"application\/ld+json\" class=\"yoast-schema-graph\">{\"@context\":\"https:\\\/\\\/schema.org\",\"@graph\":[{\"@type\":\"WebPage\",\"@id\":\"https:\\\/\\\/www.rossinigesellschaft.de\\\/it\\\/opere\\\/\",\"url\":\"https:\\\/\\\/www.rossinigesellschaft.de\\\/it\\\/opere\\\/\",\"name\":\"Opere - Italiano\",\"isPartOf\":{\"@id\":\"https:\\\/\\\/www.rossinigesellschaft.de\\\/it\\\/#website\"},\"datePublished\":\"2018-12-20T08:02:42+00:00\",\"dateModified\":\"2019-06-17T19:53:35+00:00\",\"breadcrumb\":{\"@id\":\"https:\\\/\\\/www.rossinigesellschaft.de\\\/it\\\/opere\\\/#breadcrumb\"},\"inLanguage\":\"de\",\"potentialAction\":[{\"@type\":\"ReadAction\",\"target\":[\"https:\\\/\\\/www.rossinigesellschaft.de\\\/it\\\/opere\\\/\"]}]},{\"@type\":\"BreadcrumbList\",\"@id\":\"https:\\\/\\\/www.rossinigesellschaft.de\\\/it\\\/opere\\\/#breadcrumb\",\"itemListElement\":[{\"@type\":\"ListItem\",\"position\":1,\"name\":\"Startseite\",\"item\":\"https:\\\/\\\/www.rossinigesellschaft.de\\\/it\\\/\"},{\"@type\":\"ListItem\",\"position\":2,\"name\":\"Opere\"}]},{\"@type\":\"WebSite\",\"@id\":\"https:\\\/\\\/www.rossinigesellschaft.de\\\/it\\\/#website\",\"url\":\"https:\\\/\\\/www.rossinigesellschaft.de\\\/it\\\/\",\"name\":\"Italiano\",\"description\":\"\",\"publisher\":{\"@id\":\"https:\\\/\\\/www.rossinigesellschaft.de\\\/it\\\/#organization\"},\"potentialAction\":[{\"@type\":\"SearchAction\",\"target\":{\"@type\":\"EntryPoint\",\"urlTemplate\":\"https:\\\/\\\/www.rossinigesellschaft.de\\\/it\\\/?s={search_term_string}\"},\"query-input\":{\"@type\":\"PropertyValueSpecification\",\"valueRequired\":true,\"valueName\":\"search_term_string\"}}],\"inLanguage\":\"de\"},{\"@type\":\"Organization\",\"@id\":\"https:\\\/\\\/www.rossinigesellschaft.de\\\/it\\\/#organization\",\"name\":\"Italiano\",\"url\":\"https:\\\/\\\/www.rossinigesellschaft.de\\\/it\\\/\",\"logo\":{\"@type\":\"ImageObject\",\"inLanguage\":\"de\",\"@id\":\"https:\\\/\\\/www.rossinigesellschaft.de\\\/it\\\/#\\\/schema\\\/logo\\\/image\\\/\",\"url\":\"https:\\\/\\\/www.rossinigesellschaft.de\\\/it\\\/wp-content\\\/uploads\\\/2019\\\/02\\\/logo-transparent.png\",\"contentUrl\":\"https:\\\/\\\/www.rossinigesellschaft.de\\\/it\\\/wp-content\\\/uploads\\\/2019\\\/02\\\/logo-transparent.png\",\"width\":200,\"height\":86,\"caption\":\"Italiano\"},\"image\":{\"@id\":\"https:\\\/\\\/www.rossinigesellschaft.de\\\/it\\\/#\\\/schema\\\/logo\\\/image\\\/\"}}]}<\/script>\n<!-- \/ Yoast SEO plugin. -->","yoast_head_json":{"title":"Opere - Italiano","robots":{"index":"index","follow":"follow","max-snippet":"max-snippet:-1","max-image-preview":"max-image-preview:large","max-video-preview":"max-video-preview:-1"},"canonical":"https:\/\/www.rossinigesellschaft.de\/it\/opere\/","og_locale":"de_DE","og_type":"article","og_title":"Opere - Italiano","og_description":"\u201eScrivo musica divina\u201c Gioachino Rossini a proposito della composizione di Aureliano in Palmira, 1813. &nbsp; \u00c8 un Rossini molto sicuro di se stesso quello che scrive queste righe alla madre Anna. La sua carriera come compositore d\u2019opera si pu\u00f2 suddividere","og_url":"https:\/\/www.rossinigesellschaft.de\/it\/opere\/","og_site_name":"Italiano","article_modified_time":"2019-06-17T19:53:35+00:00","twitter_card":"summary_large_image","twitter_misc":{"Gesch\u00e4tzte Lesezeit":"2\u00a0Minuten"},"schema":{"@context":"https:\/\/schema.org","@graph":[{"@type":"WebPage","@id":"https:\/\/www.rossinigesellschaft.de\/it\/opere\/","url":"https:\/\/www.rossinigesellschaft.de\/it\/opere\/","name":"Opere - Italiano","isPartOf":{"@id":"https:\/\/www.rossinigesellschaft.de\/it\/#website"},"datePublished":"2018-12-20T08:02:42+00:00","dateModified":"2019-06-17T19:53:35+00:00","breadcrumb":{"@id":"https:\/\/www.rossinigesellschaft.de\/it\/opere\/#breadcrumb"},"inLanguage":"de","potentialAction":[{"@type":"ReadAction","target":["https:\/\/www.rossinigesellschaft.de\/it\/opere\/"]}]},{"@type":"BreadcrumbList","@id":"https:\/\/www.rossinigesellschaft.de\/it\/opere\/#breadcrumb","itemListElement":[{"@type":"ListItem","position":1,"name":"Startseite","item":"https:\/\/www.rossinigesellschaft.de\/it\/"},{"@type":"ListItem","position":2,"name":"Opere"}]},{"@type":"WebSite","@id":"https:\/\/www.rossinigesellschaft.de\/it\/#website","url":"https:\/\/www.rossinigesellschaft.de\/it\/","name":"Italiano","description":"","publisher":{"@id":"https:\/\/www.rossinigesellschaft.de\/it\/#organization"},"potentialAction":[{"@type":"SearchAction","target":{"@type":"EntryPoint","urlTemplate":"https:\/\/www.rossinigesellschaft.de\/it\/?s={search_term_string}"},"query-input":{"@type":"PropertyValueSpecification","valueRequired":true,"valueName":"search_term_string"}}],"inLanguage":"de"},{"@type":"Organization","@id":"https:\/\/www.rossinigesellschaft.de\/it\/#organization","name":"Italiano","url":"https:\/\/www.rossinigesellschaft.de\/it\/","logo":{"@type":"ImageObject","inLanguage":"de","@id":"https:\/\/www.rossinigesellschaft.de\/it\/#\/schema\/logo\/image\/","url":"https:\/\/www.rossinigesellschaft.de\/it\/wp-content\/uploads\/2019\/02\/logo-transparent.png","contentUrl":"https:\/\/www.rossinigesellschaft.de\/it\/wp-content\/uploads\/2019\/02\/logo-transparent.png","width":200,"height":86,"caption":"Italiano"},"image":{"@id":"https:\/\/www.rossinigesellschaft.de\/it\/#\/schema\/logo\/image\/"}}]}},"_links":{"self":[{"href":"https:\/\/www.rossinigesellschaft.de\/it\/wp-json\/wp\/v2\/pages\/36","targetHints":{"allow":["GET"]}}],"collection":[{"href":"https:\/\/www.rossinigesellschaft.de\/it\/wp-json\/wp\/v2\/pages"}],"about":[{"href":"https:\/\/www.rossinigesellschaft.de\/it\/wp-json\/wp\/v2\/types\/page"}],"author":[{"embeddable":true,"href":"https:\/\/www.rossinigesellschaft.de\/it\/wp-json\/wp\/v2\/users\/1"}],"replies":[{"embeddable":true,"href":"https:\/\/www.rossinigesellschaft.de\/it\/wp-json\/wp\/v2\/comments?post=36"}],"version-history":[{"count":5,"href":"https:\/\/www.rossinigesellschaft.de\/it\/wp-json\/wp\/v2\/pages\/36\/revisions"}],"predecessor-version":[{"id":547,"href":"https:\/\/www.rossinigesellschaft.de\/it\/wp-json\/wp\/v2\/pages\/36\/revisions\/547"}],"wp:attachment":[{"href":"https:\/\/www.rossinigesellschaft.de\/it\/wp-json\/wp\/v2\/media?parent=36"}],"curies":[{"name":"wp","href":"https:\/\/api.w.org\/{rel}","templated":true}]}}