{"id":30,"date":"2018-12-20T08:21:10","date_gmt":"2018-12-20T07:21:10","guid":{"rendered":"http:\/\/neu.rossinigesellschaft.de\/it\/?page_id=30"},"modified":"2023-01-24T10:16:38","modified_gmt":"2023-01-24T09:16:38","slug":"vita","status":"publish","type":"page","link":"https:\/\/www.rossinigesellschaft.de\/it\/vita\/","title":{"rendered":"Vita"},"content":{"rendered":"<blockquote><p>\u201eTutti si divertono colla mia musica\u201c<\/p><\/blockquote>\n<p align=\"left\"><span class=\"style1\"><span class=\"style2\">Gioachino Rossini nel 1814 a proposito del <em>Tancredi<\/em> rappresentato a Milano.<\/span><\/span><\/p>\n<p>&nbsp;<\/p>\n<p>\u2026 si rallegra dei primi successi Gioachino Rossini, compositore lirico italiano soprannominato spesso \u201cCigno di Pesaro\u201d. Originario di una famiglia di musicisti \u2013 il padre suona il corno, la madre \u00e8 una cantante lirica \u2013 Rossini riceve sin da piccolo lezioni di canto, di corno e di pianoforte e segue i genitori nelle tourn\u00e9e. <em>La cambiale di matrimonio<\/em>, opera in un atto scritta all&#8217;et\u00e0 di soli diciotto anni, attira l&#8217;attenzione del pubblico veneziano grazie alla sua comicit\u00e0 ed originalit\u00e0. <em>Il barbiere di Siviglia<\/em> del 1816 \u00e8 considerato il culmine dell&#8217;opera buffa italiana.<\/p>\n<p>Negli anni Venti Rossini si afferma come il compositore pi\u00f9 famoso del suo tempo, ma gi\u00e0 nel 1830, proprio a met\u00e0 della sua vita e nel colmo della gloria, si ritira. Ancora oggi si discute dei veri motivi che lo abbiano spinto a prendere questa decisione. Intanto Rossini si allontana sempre di pi\u00f9 dalla moglie Isabella Colbran, una delle cantanti liriche pi\u00f9 celebri di allora. Gli anni successivi saranno caratterizzati da una crisi logorante e lunga causata da una malattia venerea che provocher\u00e0 in Rossini depressioni profonde e che lo porter\u00e0 persino a pensare al suicidio. \u201cHo tutti i mali delle donne: non mi manca che l&#8217;utero\u201d, spiega avvilito agli amici.<\/p>\n<p>Nel 1846, Rossini sposa in seconde nozze la francese Olympe P\u00e9lissier che gli infonder\u00e0 la calma e l\u2019organizzazione necessarie per affrontare la vita quotidiana. Dal 1857 in poi Rossini riprender\u00e0 a comporre regolarmente, tanto che molti brani per pianoforte e vocali testimoniano questa seconda primavera dell&#8217;artista. All&#8217;et\u00e0 di 76 anni Rossini, ormai ricco, muore a Parigi. La sua eredit\u00e0 costituisce tuttora la base finanziaria della Fondazione Rossini istituita a Pesaro, citt\u00e0 natale del Maestro.<\/p>\n<p>Per Alberto Zedda, Presidente Onorario della nostra Societ\u00e0, Rossini \u00e8 stato un uomo molto ironico. Sapeva che le vicissitudini della vita vanno affrontate sempre con un sorriso, con leggerezza. Nelle opere rossiniane, \u00e8 dunque il ritmo a raccontare la vita umana senza eccessi sonori, ma solo con leggerezza, con eleganza. Tutto ci\u00f2, sempre secondo Zedda, non ha comunque niente a che fare con il cinismo, dimostra solo il punto di vista distaccato di Rossini nel raccontare la storia.<\/p>\n<p align=\"left\">Reto M\u00fcller: Omaggio a Rossini <a href=\"http:\/\/www.rossinigesellschaft.de\/dat\/pdf\/B01-Hommage.PDF\" target=\"_blank\" rel=\"noopener noreferrer\">Scarica PDF<\/a> (ted., 20 kB)<\/p>\n<p>Gioachino Rossini \u2013 breve biografia<\/p>\n<p>1792 Nasce a Pesaro il 29 febbraio<br \/>\n1802 \u2013 1804 Soggiorno a Lugo<br \/>\n1804 \u2013 1810 Studi presso il Liceo musicale di Bologna<br \/>\n1810 Debutto a Venezia con <em>La cambiale di matrimonio<\/em><br \/>\n1813 <em>Tancredi<\/em> e <em>L&#8217;italiana in Algeri<\/em>, Venezia<br \/>\n1815 Debutto a Napoli con <em>Elisabetta regina d&#8217;Inghilterra<\/em><br \/>\n1816 <em>Il barbiere di Siviglia<\/em>, Roma<br \/>\n1816 <em>Otello<\/em>, Napoli<br \/>\n1817 <em>La Cenerentola<\/em>, Roma<br \/>\n1817 <em>La gazza ladra<\/em>, Milano<br \/>\n1822 Sposa Isabella Colbran. Tourn\u00e9e a Vienna<br \/>\n1823 <em>Semiramide<\/em>, Venezia<br \/>\n1824\/25 Grandi successi economici a Londra<br \/>\n1825 <em>Il viaggio a Reims<\/em>, Parigi<br \/>\n1829 <em>Guillaume Tell<\/em>, Parigi<br \/>\n1830 \u2013 1835 Soggiorni soprattutto a Parigi<br \/>\n1831 <em>Stabat Mater<\/em> (completato nel 1841)<br \/>\n1835 \u2013 1848 Bologna, dal 1840 direttore del Liceo musicale<br \/>\n1848 \u2013 1855 Firenze<br \/>\n1856 Viaggio termale in Germania<br \/>\n1857 Ricomincia a comporre regolarmente<br \/>\n1863 <em>Petite messe solennelle<\/em> (1867: versione orchestrale)<br \/>\n1868 Muore a Parigi il 13 novembre<\/p>\n<p class=\"style3\">Letteratura:<\/p>\n<p>Stendhal (Henri Beyle): <em>Vita di Rossini<\/em>. Torino, EDT 1992<\/p>\n<p>Damien Colas: <em>Rossini. L&#8217;opera e la maschera<\/em>. Trieste, Electa\/Gallimard 1999<\/p>\n<p>Giovanni Carli Ballola: <em>Rossini. L&#8217;uomo, la musica<\/em><span class=\"style1\">, Milano, Bompiani 2009<\/span><\/p>\n<p>Eduardo Rescigno: <em>Rossini<\/em>, Milano, Mind Edizioni 2018<\/p>\n<p>Andrea Chegai: <em>Rossini<\/em>, Milano, il Saggiatore 2022<\/p>\n<p>Paolo Fabbri: <em>Come un baleno rapido. Arte e vita di Rossini<\/em>, Lucca, LIM 2022<\/p>\n<p>&nbsp;<\/p>\n<p>&nbsp;<\/p>\n","protected":false},"excerpt":{"rendered":"<p>\u201eTutti si divertono colla mia musica\u201c Gioachino Rossini nel 1814 a proposito del Tancredi rappresentato a Milano. &nbsp; \u2026 si rallegra dei primi successi Gioachino Rossini, compositore lirico italiano soprannominato spesso \u201cCigno di Pesaro\u201d. Originario di una famiglia di musicisti<\/p>\n","protected":false},"author":1,"featured_media":0,"parent":0,"menu_order":0,"comment_status":"closed","ping_status":"closed","template":"","meta":{"footnotes":""},"class_list":["post-30","page","type-page","status-publish","hentry"],"yoast_head":"<!-- This site is optimized with the Yoast SEO plugin v27.4 - https:\/\/yoast.com\/product\/yoast-seo-wordpress\/ -->\n<title>Vita - Italiano<\/title>\n<meta name=\"robots\" content=\"index, follow, max-snippet:-1, max-image-preview:large, max-video-preview:-1\" \/>\n<link rel=\"canonical\" href=\"https:\/\/www.rossinigesellschaft.de\/it\/vita\/\" \/>\n<meta property=\"og:locale\" content=\"de_DE\" \/>\n<meta property=\"og:type\" content=\"article\" \/>\n<meta property=\"og:title\" content=\"Vita - Italiano\" \/>\n<meta property=\"og:description\" content=\"\u201eTutti si divertono colla mia musica\u201c Gioachino Rossini nel 1814 a proposito del Tancredi rappresentato a Milano. &nbsp; \u2026 si rallegra dei primi successi Gioachino Rossini, compositore lirico italiano soprannominato spesso \u201cCigno di Pesaro\u201d. Originario di una famiglia di musicisti\" \/>\n<meta property=\"og:url\" content=\"https:\/\/www.rossinigesellschaft.de\/it\/vita\/\" \/>\n<meta property=\"og:site_name\" content=\"Italiano\" \/>\n<meta property=\"article:modified_time\" content=\"2023-01-24T09:16:38+00:00\" \/>\n<meta name=\"twitter:card\" content=\"summary_large_image\" \/>\n<meta name=\"twitter:label1\" content=\"Gesch\u00e4tzte Lesezeit\" \/>\n\t<meta name=\"twitter:data1\" content=\"4\u00a0Minuten\" \/>\n<script type=\"application\/ld+json\" class=\"yoast-schema-graph\">{\"@context\":\"https:\\\/\\\/schema.org\",\"@graph\":[{\"@type\":\"WebPage\",\"@id\":\"https:\\\/\\\/www.rossinigesellschaft.de\\\/it\\\/vita\\\/\",\"url\":\"https:\\\/\\\/www.rossinigesellschaft.de\\\/it\\\/vita\\\/\",\"name\":\"Vita - Italiano\",\"isPartOf\":{\"@id\":\"https:\\\/\\\/www.rossinigesellschaft.de\\\/it\\\/#website\"},\"datePublished\":\"2018-12-20T07:21:10+00:00\",\"dateModified\":\"2023-01-24T09:16:38+00:00\",\"breadcrumb\":{\"@id\":\"https:\\\/\\\/www.rossinigesellschaft.de\\\/it\\\/vita\\\/#breadcrumb\"},\"inLanguage\":\"de\",\"potentialAction\":[{\"@type\":\"ReadAction\",\"target\":[\"https:\\\/\\\/www.rossinigesellschaft.de\\\/it\\\/vita\\\/\"]}]},{\"@type\":\"BreadcrumbList\",\"@id\":\"https:\\\/\\\/www.rossinigesellschaft.de\\\/it\\\/vita\\\/#breadcrumb\",\"itemListElement\":[{\"@type\":\"ListItem\",\"position\":1,\"name\":\"Startseite\",\"item\":\"https:\\\/\\\/www.rossinigesellschaft.de\\\/it\\\/\"},{\"@type\":\"ListItem\",\"position\":2,\"name\":\"Vita\"}]},{\"@type\":\"WebSite\",\"@id\":\"https:\\\/\\\/www.rossinigesellschaft.de\\\/it\\\/#website\",\"url\":\"https:\\\/\\\/www.rossinigesellschaft.de\\\/it\\\/\",\"name\":\"Italiano\",\"description\":\"\",\"publisher\":{\"@id\":\"https:\\\/\\\/www.rossinigesellschaft.de\\\/it\\\/#organization\"},\"potentialAction\":[{\"@type\":\"SearchAction\",\"target\":{\"@type\":\"EntryPoint\",\"urlTemplate\":\"https:\\\/\\\/www.rossinigesellschaft.de\\\/it\\\/?s={search_term_string}\"},\"query-input\":{\"@type\":\"PropertyValueSpecification\",\"valueRequired\":true,\"valueName\":\"search_term_string\"}}],\"inLanguage\":\"de\"},{\"@type\":\"Organization\",\"@id\":\"https:\\\/\\\/www.rossinigesellschaft.de\\\/it\\\/#organization\",\"name\":\"Italiano\",\"url\":\"https:\\\/\\\/www.rossinigesellschaft.de\\\/it\\\/\",\"logo\":{\"@type\":\"ImageObject\",\"inLanguage\":\"de\",\"@id\":\"https:\\\/\\\/www.rossinigesellschaft.de\\\/it\\\/#\\\/schema\\\/logo\\\/image\\\/\",\"url\":\"https:\\\/\\\/www.rossinigesellschaft.de\\\/it\\\/wp-content\\\/uploads\\\/2019\\\/02\\\/logo-transparent.png\",\"contentUrl\":\"https:\\\/\\\/www.rossinigesellschaft.de\\\/it\\\/wp-content\\\/uploads\\\/2019\\\/02\\\/logo-transparent.png\",\"width\":200,\"height\":86,\"caption\":\"Italiano\"},\"image\":{\"@id\":\"https:\\\/\\\/www.rossinigesellschaft.de\\\/it\\\/#\\\/schema\\\/logo\\\/image\\\/\"}}]}<\/script>\n<!-- \/ Yoast SEO plugin. -->","yoast_head_json":{"title":"Vita - Italiano","robots":{"index":"index","follow":"follow","max-snippet":"max-snippet:-1","max-image-preview":"max-image-preview:large","max-video-preview":"max-video-preview:-1"},"canonical":"https:\/\/www.rossinigesellschaft.de\/it\/vita\/","og_locale":"de_DE","og_type":"article","og_title":"Vita - Italiano","og_description":"\u201eTutti si divertono colla mia musica\u201c Gioachino Rossini nel 1814 a proposito del Tancredi rappresentato a Milano. &nbsp; \u2026 si rallegra dei primi successi Gioachino Rossini, compositore lirico italiano soprannominato spesso \u201cCigno di Pesaro\u201d. Originario di una famiglia di musicisti","og_url":"https:\/\/www.rossinigesellschaft.de\/it\/vita\/","og_site_name":"Italiano","article_modified_time":"2023-01-24T09:16:38+00:00","twitter_card":"summary_large_image","twitter_misc":{"Gesch\u00e4tzte Lesezeit":"4\u00a0Minuten"},"schema":{"@context":"https:\/\/schema.org","@graph":[{"@type":"WebPage","@id":"https:\/\/www.rossinigesellschaft.de\/it\/vita\/","url":"https:\/\/www.rossinigesellschaft.de\/it\/vita\/","name":"Vita - Italiano","isPartOf":{"@id":"https:\/\/www.rossinigesellschaft.de\/it\/#website"},"datePublished":"2018-12-20T07:21:10+00:00","dateModified":"2023-01-24T09:16:38+00:00","breadcrumb":{"@id":"https:\/\/www.rossinigesellschaft.de\/it\/vita\/#breadcrumb"},"inLanguage":"de","potentialAction":[{"@type":"ReadAction","target":["https:\/\/www.rossinigesellschaft.de\/it\/vita\/"]}]},{"@type":"BreadcrumbList","@id":"https:\/\/www.rossinigesellschaft.de\/it\/vita\/#breadcrumb","itemListElement":[{"@type":"ListItem","position":1,"name":"Startseite","item":"https:\/\/www.rossinigesellschaft.de\/it\/"},{"@type":"ListItem","position":2,"name":"Vita"}]},{"@type":"WebSite","@id":"https:\/\/www.rossinigesellschaft.de\/it\/#website","url":"https:\/\/www.rossinigesellschaft.de\/it\/","name":"Italiano","description":"","publisher":{"@id":"https:\/\/www.rossinigesellschaft.de\/it\/#organization"},"potentialAction":[{"@type":"SearchAction","target":{"@type":"EntryPoint","urlTemplate":"https:\/\/www.rossinigesellschaft.de\/it\/?s={search_term_string}"},"query-input":{"@type":"PropertyValueSpecification","valueRequired":true,"valueName":"search_term_string"}}],"inLanguage":"de"},{"@type":"Organization","@id":"https:\/\/www.rossinigesellschaft.de\/it\/#organization","name":"Italiano","url":"https:\/\/www.rossinigesellschaft.de\/it\/","logo":{"@type":"ImageObject","inLanguage":"de","@id":"https:\/\/www.rossinigesellschaft.de\/it\/#\/schema\/logo\/image\/","url":"https:\/\/www.rossinigesellschaft.de\/it\/wp-content\/uploads\/2019\/02\/logo-transparent.png","contentUrl":"https:\/\/www.rossinigesellschaft.de\/it\/wp-content\/uploads\/2019\/02\/logo-transparent.png","width":200,"height":86,"caption":"Italiano"},"image":{"@id":"https:\/\/www.rossinigesellschaft.de\/it\/#\/schema\/logo\/image\/"}}]}},"_links":{"self":[{"href":"https:\/\/www.rossinigesellschaft.de\/it\/wp-json\/wp\/v2\/pages\/30","targetHints":{"allow":["GET"]}}],"collection":[{"href":"https:\/\/www.rossinigesellschaft.de\/it\/wp-json\/wp\/v2\/pages"}],"about":[{"href":"https:\/\/www.rossinigesellschaft.de\/it\/wp-json\/wp\/v2\/types\/page"}],"author":[{"embeddable":true,"href":"https:\/\/www.rossinigesellschaft.de\/it\/wp-json\/wp\/v2\/users\/1"}],"replies":[{"embeddable":true,"href":"https:\/\/www.rossinigesellschaft.de\/it\/wp-json\/wp\/v2\/comments?post=30"}],"version-history":[{"count":11,"href":"https:\/\/www.rossinigesellschaft.de\/it\/wp-json\/wp\/v2\/pages\/30\/revisions"}],"predecessor-version":[{"id":697,"href":"https:\/\/www.rossinigesellschaft.de\/it\/wp-json\/wp\/v2\/pages\/30\/revisions\/697"}],"wp:attachment":[{"href":"https:\/\/www.rossinigesellschaft.de\/it\/wp-json\/wp\/v2\/media?parent=30"}],"curies":[{"name":"wp","href":"https:\/\/api.w.org\/{rel}","templated":true}]}}