{"id":28,"date":"2018-12-20T08:14:19","date_gmt":"2018-12-20T07:14:19","guid":{"rendered":"http:\/\/neu.rossinigesellschaft.de\/it\/?page_id=28"},"modified":"2019-06-17T21:47:06","modified_gmt":"2019-06-17T19:47:06","slug":"rossini","status":"publish","type":"page","link":"https:\/\/www.rossinigesellschaft.de\/it\/rossini\/","title":{"rendered":"Rossini"},"content":{"rendered":"<blockquote>\n<p align=\"left\">&#8222;In mezzo a questo mia musca \u00e8 bella assai&#8220;<\/p>\n<\/blockquote>\n<div id=\"Layer1\">\n<div id=\"Layer7\" class=\"style1\">\n<p align=\"left\"><span class=\"style1\"> <span class=\"style2\">Gioachino Rossini a proposito dell\u2019accoglienza tumultuosa del <em>Barbiere di Siviglia<\/em> alla prima assoluta.<\/span><\/span><\/p>\n<p>Rossini non \u00e8 un rivoluzionario, vuole creare qualcosa di nuovo servendosi di mezzi gi\u00e0 sperimentati. Suscitano un fascino particolare in lui i soggetti gi\u00e0 messi in musica da altri compositori.<\/p>\n<p>Gioachino Rossini non crede nella felicit\u00e0 assoluta, eppure sente il bisogno di trasmettere felicit\u00e0, di destare illusioni, di diffondere ottimismo\u2026 cos\u00ec lasciamo il teatro con il morale sollevato. Ma chi raccoglie le rose finir\u00e0 per ritrovarsi davanti ad un abisso sprofondato. Il rond\u00f2 finale de <em>La Cenerentola<\/em> con le sue agilit\u00e0 non \u00e8 da interpretare solo come espressione della felicit\u00e0 assoluta, ma anche della follia, dell&#8217;inconcepibile\u2026 siete d&#8217;accordo? Approfondite gli aspetti importanti della <a href=\"https:\/\/www.rossinigesellschaft.de\/it\/vita\/\">vita<\/a> di Rossini e le sue <a href=\"https:\/\/www.rossinigesellschaft.de\/it\/opere\/\">opere<\/a> guardando anche le <a href=\"https:\/\/www.rossinigesellschaft.de\/it\/immagini\/\">immagini<\/a> scelte per voi! Se vi servono altre informazioni, non esitate a consultare anche la nostra raccolta di <a href=\"https:\/\/www.rossinigesellschaft.de\/it\/link\/\">link<\/a>!<\/p>\n<\/div>\n<\/div>\n<p>&nbsp;<\/p>\n","protected":false},"excerpt":{"rendered":"<p>&#8222;In mezzo a questo mia musca \u00e8 bella assai&#8220; Gioachino Rossini a proposito dell\u2019accoglienza tumultuosa del Barbiere di Siviglia alla prima assoluta. Rossini non \u00e8 un rivoluzionario, vuole creare qualcosa di nuovo servendosi di mezzi gi\u00e0 sperimentati. Suscitano un fascino<\/p>\n","protected":false},"author":1,"featured_media":0,"parent":0,"menu_order":0,"comment_status":"closed","ping_status":"closed","template":"","meta":{"footnotes":""},"class_list":["post-28","page","type-page","status-publish","hentry"],"yoast_head":"<!-- This site is optimized with the Yoast SEO plugin v27.4 - https:\/\/yoast.com\/product\/yoast-seo-wordpress\/ -->\n<title>Rossini - Italiano<\/title>\n<meta name=\"robots\" content=\"index, follow, max-snippet:-1, max-image-preview:large, max-video-preview:-1\" \/>\n<link rel=\"canonical\" href=\"https:\/\/www.rossinigesellschaft.de\/it\/rossini\/\" \/>\n<meta property=\"og:locale\" content=\"de_DE\" \/>\n<meta property=\"og:type\" content=\"article\" \/>\n<meta property=\"og:title\" content=\"Rossini - Italiano\" \/>\n<meta property=\"og:description\" content=\"&#8222;In mezzo a questo mia musca \u00e8 bella assai&#8220; Gioachino Rossini a proposito dell\u2019accoglienza tumultuosa del Barbiere di Siviglia alla prima assoluta. Rossini non \u00e8 un rivoluzionario, vuole creare qualcosa di nuovo servendosi di mezzi gi\u00e0 sperimentati. Suscitano un fascino\" \/>\n<meta property=\"og:url\" content=\"https:\/\/www.rossinigesellschaft.de\/it\/rossini\/\" \/>\n<meta property=\"og:site_name\" content=\"Italiano\" \/>\n<meta property=\"article:modified_time\" content=\"2019-06-17T19:47:06+00:00\" \/>\n<meta name=\"twitter:card\" content=\"summary_large_image\" \/>\n<meta name=\"twitter:label1\" content=\"Gesch\u00e4tzte Lesezeit\" \/>\n\t<meta name=\"twitter:data1\" content=\"1\u00a0Minute\" \/>\n<script type=\"application\/ld+json\" class=\"yoast-schema-graph\">{\"@context\":\"https:\\\/\\\/schema.org\",\"@graph\":[{\"@type\":\"WebPage\",\"@id\":\"https:\\\/\\\/www.rossinigesellschaft.de\\\/it\\\/rossini\\\/\",\"url\":\"https:\\\/\\\/www.rossinigesellschaft.de\\\/it\\\/rossini\\\/\",\"name\":\"Rossini - Italiano\",\"isPartOf\":{\"@id\":\"https:\\\/\\\/www.rossinigesellschaft.de\\\/it\\\/#website\"},\"datePublished\":\"2018-12-20T07:14:19+00:00\",\"dateModified\":\"2019-06-17T19:47:06+00:00\",\"breadcrumb\":{\"@id\":\"https:\\\/\\\/www.rossinigesellschaft.de\\\/it\\\/rossini\\\/#breadcrumb\"},\"inLanguage\":\"de\",\"potentialAction\":[{\"@type\":\"ReadAction\",\"target\":[\"https:\\\/\\\/www.rossinigesellschaft.de\\\/it\\\/rossini\\\/\"]}]},{\"@type\":\"BreadcrumbList\",\"@id\":\"https:\\\/\\\/www.rossinigesellschaft.de\\\/it\\\/rossini\\\/#breadcrumb\",\"itemListElement\":[{\"@type\":\"ListItem\",\"position\":1,\"name\":\"Startseite\",\"item\":\"https:\\\/\\\/www.rossinigesellschaft.de\\\/it\\\/\"},{\"@type\":\"ListItem\",\"position\":2,\"name\":\"Rossini\"}]},{\"@type\":\"WebSite\",\"@id\":\"https:\\\/\\\/www.rossinigesellschaft.de\\\/it\\\/#website\",\"url\":\"https:\\\/\\\/www.rossinigesellschaft.de\\\/it\\\/\",\"name\":\"Italiano\",\"description\":\"\",\"publisher\":{\"@id\":\"https:\\\/\\\/www.rossinigesellschaft.de\\\/it\\\/#organization\"},\"potentialAction\":[{\"@type\":\"SearchAction\",\"target\":{\"@type\":\"EntryPoint\",\"urlTemplate\":\"https:\\\/\\\/www.rossinigesellschaft.de\\\/it\\\/?s={search_term_string}\"},\"query-input\":{\"@type\":\"PropertyValueSpecification\",\"valueRequired\":true,\"valueName\":\"search_term_string\"}}],\"inLanguage\":\"de\"},{\"@type\":\"Organization\",\"@id\":\"https:\\\/\\\/www.rossinigesellschaft.de\\\/it\\\/#organization\",\"name\":\"Italiano\",\"url\":\"https:\\\/\\\/www.rossinigesellschaft.de\\\/it\\\/\",\"logo\":{\"@type\":\"ImageObject\",\"inLanguage\":\"de\",\"@id\":\"https:\\\/\\\/www.rossinigesellschaft.de\\\/it\\\/#\\\/schema\\\/logo\\\/image\\\/\",\"url\":\"https:\\\/\\\/www.rossinigesellschaft.de\\\/it\\\/wp-content\\\/uploads\\\/2019\\\/02\\\/logo-transparent.png\",\"contentUrl\":\"https:\\\/\\\/www.rossinigesellschaft.de\\\/it\\\/wp-content\\\/uploads\\\/2019\\\/02\\\/logo-transparent.png\",\"width\":200,\"height\":86,\"caption\":\"Italiano\"},\"image\":{\"@id\":\"https:\\\/\\\/www.rossinigesellschaft.de\\\/it\\\/#\\\/schema\\\/logo\\\/image\\\/\"}}]}<\/script>\n<!-- \/ Yoast SEO plugin. -->","yoast_head_json":{"title":"Rossini - Italiano","robots":{"index":"index","follow":"follow","max-snippet":"max-snippet:-1","max-image-preview":"max-image-preview:large","max-video-preview":"max-video-preview:-1"},"canonical":"https:\/\/www.rossinigesellschaft.de\/it\/rossini\/","og_locale":"de_DE","og_type":"article","og_title":"Rossini - Italiano","og_description":"&#8222;In mezzo a questo mia musca \u00e8 bella assai&#8220; Gioachino Rossini a proposito dell\u2019accoglienza tumultuosa del Barbiere di Siviglia alla prima assoluta. Rossini non \u00e8 un rivoluzionario, vuole creare qualcosa di nuovo servendosi di mezzi gi\u00e0 sperimentati. Suscitano un fascino","og_url":"https:\/\/www.rossinigesellschaft.de\/it\/rossini\/","og_site_name":"Italiano","article_modified_time":"2019-06-17T19:47:06+00:00","twitter_card":"summary_large_image","twitter_misc":{"Gesch\u00e4tzte Lesezeit":"1\u00a0Minute"},"schema":{"@context":"https:\/\/schema.org","@graph":[{"@type":"WebPage","@id":"https:\/\/www.rossinigesellschaft.de\/it\/rossini\/","url":"https:\/\/www.rossinigesellschaft.de\/it\/rossini\/","name":"Rossini - Italiano","isPartOf":{"@id":"https:\/\/www.rossinigesellschaft.de\/it\/#website"},"datePublished":"2018-12-20T07:14:19+00:00","dateModified":"2019-06-17T19:47:06+00:00","breadcrumb":{"@id":"https:\/\/www.rossinigesellschaft.de\/it\/rossini\/#breadcrumb"},"inLanguage":"de","potentialAction":[{"@type":"ReadAction","target":["https:\/\/www.rossinigesellschaft.de\/it\/rossini\/"]}]},{"@type":"BreadcrumbList","@id":"https:\/\/www.rossinigesellschaft.de\/it\/rossini\/#breadcrumb","itemListElement":[{"@type":"ListItem","position":1,"name":"Startseite","item":"https:\/\/www.rossinigesellschaft.de\/it\/"},{"@type":"ListItem","position":2,"name":"Rossini"}]},{"@type":"WebSite","@id":"https:\/\/www.rossinigesellschaft.de\/it\/#website","url":"https:\/\/www.rossinigesellschaft.de\/it\/","name":"Italiano","description":"","publisher":{"@id":"https:\/\/www.rossinigesellschaft.de\/it\/#organization"},"potentialAction":[{"@type":"SearchAction","target":{"@type":"EntryPoint","urlTemplate":"https:\/\/www.rossinigesellschaft.de\/it\/?s={search_term_string}"},"query-input":{"@type":"PropertyValueSpecification","valueRequired":true,"valueName":"search_term_string"}}],"inLanguage":"de"},{"@type":"Organization","@id":"https:\/\/www.rossinigesellschaft.de\/it\/#organization","name":"Italiano","url":"https:\/\/www.rossinigesellschaft.de\/it\/","logo":{"@type":"ImageObject","inLanguage":"de","@id":"https:\/\/www.rossinigesellschaft.de\/it\/#\/schema\/logo\/image\/","url":"https:\/\/www.rossinigesellschaft.de\/it\/wp-content\/uploads\/2019\/02\/logo-transparent.png","contentUrl":"https:\/\/www.rossinigesellschaft.de\/it\/wp-content\/uploads\/2019\/02\/logo-transparent.png","width":200,"height":86,"caption":"Italiano"},"image":{"@id":"https:\/\/www.rossinigesellschaft.de\/it\/#\/schema\/logo\/image\/"}}]}},"_links":{"self":[{"href":"https:\/\/www.rossinigesellschaft.de\/it\/wp-json\/wp\/v2\/pages\/28","targetHints":{"allow":["GET"]}}],"collection":[{"href":"https:\/\/www.rossinigesellschaft.de\/it\/wp-json\/wp\/v2\/pages"}],"about":[{"href":"https:\/\/www.rossinigesellschaft.de\/it\/wp-json\/wp\/v2\/types\/page"}],"author":[{"embeddable":true,"href":"https:\/\/www.rossinigesellschaft.de\/it\/wp-json\/wp\/v2\/users\/1"}],"replies":[{"embeddable":true,"href":"https:\/\/www.rossinigesellschaft.de\/it\/wp-json\/wp\/v2\/comments?post=28"}],"version-history":[{"count":8,"href":"https:\/\/www.rossinigesellschaft.de\/it\/wp-json\/wp\/v2\/pages\/28\/revisions"}],"predecessor-version":[{"id":545,"href":"https:\/\/www.rossinigesellschaft.de\/it\/wp-json\/wp\/v2\/pages\/28\/revisions\/545"}],"wp:attachment":[{"href":"https:\/\/www.rossinigesellschaft.de\/it\/wp-json\/wp\/v2\/media?parent=28"}],"curies":[{"name":"wp","href":"https:\/\/api.w.org\/{rel}","templated":true}]}}