{"id":14,"date":"2018-11-20T23:21:02","date_gmt":"2018-11-20T22:21:02","guid":{"rendered":"http:\/\/neu.rossinigesellschaft.de\/?page_id=14"},"modified":"2019-05-26T16:35:49","modified_gmt":"2019-05-26T14:35:49","slug":"datenschutz","status":"publish","type":"page","link":"https:\/\/www.rossinigesellschaft.de\/it\/datenschutz\/","title":{"rendered":"Datenschutzerkl\u00e4rung"},"content":{"rendered":"<div>\n<h2>[informativa sulla privacy]<\/h2>\n<h2>Rechtliche Hinweise<\/h2>\n<p>Bitte lesen Sie die nachfolgenden Informationen genau durch. Sie enthalten rechtlich relevante Bestimmungen. Mit dem Zugriff auf die Website und ihre Seiten erkl\u00e4ren Sie, dass Sie die folgenden Anwendungsbedingungen im Zusammenhang mit dieser Website verstanden haben und anerkennen.<\/p>\n<p>Sollten Sie mit den Bedingungen nicht einverstanden sein, unterlassen Sie bitte jeglichen Zugriff auf diese Website.<\/p>\n<h2>Disclaimer<\/h2>\n<p>Alle Texte und Links wurden sorgf\u00e4ltig gepr\u00fcft und werden laufend aktualisiert. Wir sind bem\u00fcht, richtige und vollst\u00e4ndige Informationen auf dieser Website bereitzustellen, \u00fcbernehmen aber keinerlei Verantwortung, Garantien oder Haftung daf\u00fcr, dass die durch diese Website bereitgestellten Informationen, richtig, vollst\u00e4ndig oder aktuell sind. Wir behalten uns das Recht vor, jederzeit und ohne Vorank\u00fcndigung die Informationen auf dieser Website zu \u00e4ndern und verpflichten uns auch nicht, die enthaltenen Informationen zu aktualisieren. Alle Links zu externen Anbietern wurden zum Zeitpunkt ihrer Aufnahme auf ihre Richtigkeit \u00fcberpr\u00fcft, dennoch haften wir nicht f\u00fcr Inhalte und Verf\u00fcgbarkeit von Websites, die mittels Hyperlinks zu erreichen sind. F\u00fcr illegale, fehlerhafte oder unvollst\u00e4ndige Inhalte und insbesondere f\u00fcr Sch\u00e4den, die durch Inhalte verkn\u00fcpfter Seiten entstehen, haftet allein der Anbieter der Seite, auf welche verwiesen wurde. Dabei ist es gleichg\u00fcltig, ob der Schaden direkter, indirekter oder finanzieller Natur ist oder ein sonstiger Schaden vorliegt, der sich aus Datenverlust, Nutzungsausfall oder anderen Gr\u00fcnden aller Art ergeben k\u00f6nnte.<\/p>\n<h2>Urheberrechte<\/h2>\n<p>Die Urheber- und alle anderen Rechte an Inhalten, Bildern, Fotos oder anderen Dateien auf der Website geh\u00f6ren ausschliesslich der Deutschen Rossini Gesellschaft oder den speziell genannten Rechtsinhabern. F\u00fcr die Reproduktion jeglicher Elemente ist die schriftliche Zustimmung der Urheberrechtstr\u00e4ger im Voraus einzuholen.<\/p>\n<h2>Datenschutzerkl\u00e4rung<\/h2>\n<p>Die Deutsche Rossini Gesellschaft nimmt Datenschutz ernst und m\u00f6chte Ihnen anhand dieser Datenschutzerkl\u00e4rung erl\u00e4utern, welche Daten unbedingt ben\u00f6tigt werden, wie wir sie nutzen und wie Sie Ihre Angaben korrigieren oder \u00e4ndern k\u00f6nnen.<\/p>\n<p>F\u00fcr die Sicherheit der Daten\u00fcbertragung im Internet k\u00f6nnen wir keine Gew\u00e4hr \u00fcbernehmen, insbesondere besteht bei der \u00dcbertragung von Daten per E-Mail die Gefahr des Zugriffs durch Dritte.<\/p>\n<p>Sollten einzelne Regelungen oder Formulierungen dieses Haftungsausschlusses unwirksam sein oder werden, bleiben die \u00fcbrigen Regelungen in ihrem Inhalt und ihrer G\u00fcltigkeit hiervon unber\u00fchrt.<\/p>\n<p>Unsere Einstellung ist, dass der Schutz Ihrer Privatsph\u00e4re von h\u00f6chster Bedeutung ist. Deshalb ist das Einhalten der strengen gesetzlichen Bestimmungen zum Datenschutz f\u00fcr uns selbstverst\u00e4ndlich. Nach unserer festen \u00dcberzeugung f\u00e4ngt Datenschutz mit Transparenz an. Daher ist es unser Anliegen, dass Sie jederzeit wissen, wann wir welche Ihrer personenbezogenen Daten speichern, wie wir sie verwenden, aber auch, wie Sie die Verwendung einschr\u00e4nken bzw. verhindern.<\/p>\n<h3>Was sind personenbezogene\u00a0Daten?<\/h3>\n<p>Personenbezogene Daten sind alle Informationen \u00fcber pers\u00f6nliche und sachliche Verh\u00e4ltnisse einer bestimmten oder bestimmbaren Person. Darunter fallen Informationen und Angaben wie Ihr (richtiger) Name, Ihre Adresse oder sonstige Postanschrift und die Telefonnummer. Auch Ihre E-Mailadresse geh\u00f6rt dazu, wenn sie einen solchen Bezug zu Ihrem Namen hat, dass Sie identifizierbar sind. Informationen, mit deren Hilfe Ihre Identit\u00e4t nicht festgestellt werden kann, geh\u00f6ren nicht dazu. Solche Informationen sind zum Beispiel: alle Angaben ohne irgendeinen Bezug zu Ihrem Namen, z. B. nur die Angabe des Geschlechts oder des Alters oder der Ausbildung.<\/p>\n<h3>Nutzung und Weitergabe personenbezogener Daten<\/h3>\n<p>Die Deutsche Rossini Gesellschaft verpflichtet sich, ihre Privatsph\u00e4re zu sch\u00fctzen, nutzt Ihre personenbezogenen Informationen nur innerhalb der Gesellschaft und gibt sie nur an solche Unternehmen weiter, die bei der Erf\u00fcllung der mit Ihnen abgeschlossenen Vertr\u00e4ge oder sonst bei der Leistungserbringung eingeschaltet werden. Ansonsten werden Ihre personenbezogenen Angaben nicht an Dritte weitergegeben, wenn Sie dazu nicht ausdr\u00fccklich Ihr Einverst\u00e4ndnis gegeben haben oder wir zur Herausgabe verpflichtet sind, z. B. aufgrund einer gerichtlichen oder beh\u00f6rdlichen Anordnung.<\/p>\n<h3>Kontaktaufnahme<\/h3>\n<p>Bei der Kontaktaufnahme mit uns (zum Beispiel per E-Mail) werden die Angaben des Nutzers zwecks Bearbeitung der Anfrage sowie f\u00fcr den Fall, dass Anschlussfragen entstehen, gespeichert.<\/p>\n<h3>Verwendung von Cookies<\/h3>\n<p>Wir setzen Cookies ein. Cookies sind kleine Textdateien, die der Web-Server im Browser Ihres Computers an mehreren Stellen ablegt und \u00fcber die Sie bei einem Folgebesuch der Website identifiziert werden k\u00f6nnen. Unsere eingesetzten Cookies richten keinen Schaden auf ihren Rechner an und enthalten keine Viren. W\u00e4hrend der Nutzung unseres Internetangebotes legen wir auf der Festplatte Ihres Computers vor allem so genannte \u201eSession Cookies\u201c ab, die lediglich f\u00fcr Ihren Besuch auf unserer Website von Bedeutung sind. Diese Cookies dienen ausschliesslich der Verbindungssteuerung und Navigation und erm\u00f6glichen Ihnen ein nutzerfreundliches Surfen in unserem Internetangebot. Sie &#8222;merken&#8220; sich z. B. bestimmte Einstellungen w\u00e4hrend der Sitzung und ersparen wiederholte Eingaben. \u201eSession-Cookies\u201c werden wieder gel\u00f6scht, wenn Sie Ihre Browsersitzung beenden. Ebenso setzen wir auch langlebige (persistente) Cookies ein, diese erm\u00f6glichen uns Ihren Browser beim n\u00e4chsten Besuch wieder zu erkennen. In Ihrem Browser wird Ihnen die Option einer Warnmeldung angeboten, wenn ein Webserver auf Ihrem Computer ein Cookie setzen m\u00f6chte. Sie k\u00f6nnen Cookies akzeptieren oder ablehnen. Die meisten Browser sind so eingestellt, dass sie Cookies automatisch akzeptieren. Sie k\u00f6nnen das Speichern von Cookies jedoch deaktivieren oder ihren Browser so einstellen, dass er Sie auf die Sendung von Cookies hinweist. Wenn Sie unsere Website verlassen, k\u00f6nnen Sie Cookies von der Festplatte Ihres Computers nachtr\u00e4glich l\u00f6schen, z. B. wenn durch eine St\u00f6rung in der Internetverbindung die automatische Entfernung nicht mehr erfolgen konnte.<\/p>\n<p>Selbstverst\u00e4ndlich k\u00f6nnen Sie unsere Websites auch ohne Cookies betrachten. Wenn Sie nicht m\u00f6chten, dass wir Ihren Computer wiedererkennen, k\u00f6nnen Sie das Speichern von Cookies auf Ihrer Festplatte verhindern, indem Sie in Ihren Browser-Einstellungen &#8222;keine Cookies akzeptieren&#8220; w\u00e4hlen. Wie das im Einzelnen funktioniert, entnehmen Sie am besten der Anleitung Ihres Browser-Herstellers. Wenn Sie keine Cookies akzeptieren, kann dieses aber zu Funktionseinschr\u00e4nkungen unserer Angebote f\u00fchren.<\/p>\n<p><strong>Cookies deaktivieren<\/strong><br \/>\n<a class=\"link link--external-blank\" title=\"Cookies deaktivieren Chrome\" href=\"https:\/\/support.google.com\/accounts\/answer\/61416?hl=de\" target=\"_blank\" rel=\"noopener noreferrer\">Chrome<\/a><br \/>\n<a class=\"link link--external-blank\" title=\"Cookies deaktivieren Firefox\" href=\"https:\/\/support.mozilla.org\/it\/kb\/Cookies-blockieren\" target=\"_blank\" rel=\"noopener noreferrer\">Firefox<\/a><br \/>\n<a class=\"link link--external-blank\" title=\"Cookies deaktivieren Safari\" href=\"https:\/\/support.apple.com\/kb\/ph21411?locale=de_DE\" target=\"_blank\" rel=\"noopener noreferrer\">Safari<\/a><br \/>\n<a href=\"https:\/\/help.opera.com\/it\/latest\/security-and-privacy\/#clearPrivateData\">Opera<\/a><\/p>\n<p>&nbsp;<\/p>\n<h2>Auskunft, Widerspruchsrecht, Fragen<\/h2>\n<p>Sie k\u00f6nnen zu jeder Zeit unentgeltlich und unverz\u00fcglich Auskunft \u00fcber die zu Ihrer Person oder zu einem Ihnen zugeordneten Benutzernamen gegebenenfalls gespeicherten Daten verlangen. Wir behalten uns vor, diese Auskunft elektronisch zu erteilen. Dar\u00fcber hinaus haben Sie jederzeit das Recht, der weiteren Nutzung Ihrer personenbezogenen Daten f\u00fcr die Zukunft zu widersprechen. Die ge\u00e4nderten oder gel\u00f6schten Informationen werden von uns nicht aufbewahrt. Im Falle eines Auskunftsersuchens oder eines Widerspruchs m\u00fcssen Sie hinreichende Angaben zur Individualisierung machen und einen g\u00fcltigen Nachweis erbringen, dass es sich um Ihre Informationen handelt. Wenden Sie sich in diesen F\u00e4llen oder sonstigen Fragen zu unserem Datenschutz bei uns (Kontaktangaben finden Sie im Impressum).<\/p>\n<h3>\u00c4nderungsvorbehalt<\/h3>\n<p>Wir behalten uns vor, diese Datenschutzerkl\u00e4rung von Zeit zu Zeit unter Beachtung der gesetzlichen Bestimmungen zu \u00e4ndern, z. B. bei der Einf\u00fchrung neuer Services. F\u00fcr Ihren erneuten Besuch gilt dann die neue Datenschutzerkl\u00e4rung.<\/p>\n<\/div>\n<p>&nbsp;<\/p>\n","protected":false},"excerpt":{"rendered":"<p>[informativa sulla privacy] Rechtliche Hinweise Bitte lesen Sie die nachfolgenden Informationen genau durch. Sie enthalten rechtlich relevante Bestimmungen. Mit dem Zugriff auf die Website und ihre Seiten erkl\u00e4ren Sie, dass Sie die folgenden Anwendungsbedingungen im Zusammenhang mit dieser Website verstanden<\/p>\n","protected":false},"author":1,"featured_media":0,"parent":0,"menu_order":0,"comment_status":"closed","ping_status":"closed","template":"","meta":{"footnotes":""},"class_list":["post-14","page","type-page","status-publish","hentry"],"yoast_head":"<!-- This site is optimized with the Yoast SEO plugin v27.4 - https:\/\/yoast.com\/product\/yoast-seo-wordpress\/ -->\n<title>Datenschutzerkl\u00e4rung - Italiano<\/title>\n<meta name=\"robots\" content=\"index, follow, max-snippet:-1, max-image-preview:large, max-video-preview:-1\" \/>\n<link rel=\"canonical\" href=\"https:\/\/www.rossinigesellschaft.de\/it\/datenschutz\/\" \/>\n<meta property=\"og:locale\" content=\"de_DE\" \/>\n<meta property=\"og:type\" content=\"article\" \/>\n<meta property=\"og:title\" content=\"Datenschutzerkl\u00e4rung - Italiano\" \/>\n<meta property=\"og:description\" content=\"[informativa sulla privacy] Rechtliche Hinweise Bitte lesen Sie die nachfolgenden Informationen genau durch. Sie enthalten rechtlich relevante Bestimmungen. Mit dem Zugriff auf die Website und ihre Seiten erkl\u00e4ren Sie, dass Sie die folgenden Anwendungsbedingungen im Zusammenhang mit dieser Website verstanden\" \/>\n<meta property=\"og:url\" content=\"https:\/\/www.rossinigesellschaft.de\/it\/datenschutz\/\" \/>\n<meta property=\"og:site_name\" content=\"Italiano\" \/>\n<meta property=\"article:modified_time\" content=\"2019-05-26T14:35:49+00:00\" \/>\n<meta name=\"twitter:card\" content=\"summary_large_image\" \/>\n<meta name=\"twitter:label1\" content=\"Gesch\u00e4tzte Lesezeit\" \/>\n\t<meta name=\"twitter:data1\" content=\"6\u00a0Minuten\" \/>\n<script type=\"application\/ld+json\" class=\"yoast-schema-graph\">{\"@context\":\"https:\\\/\\\/schema.org\",\"@graph\":[{\"@type\":\"WebPage\",\"@id\":\"https:\\\/\\\/www.rossinigesellschaft.de\\\/it\\\/datenschutz\\\/\",\"url\":\"https:\\\/\\\/www.rossinigesellschaft.de\\\/it\\\/datenschutz\\\/\",\"name\":\"Datenschutzerkl\u00e4rung - Italiano\",\"isPartOf\":{\"@id\":\"https:\\\/\\\/www.rossinigesellschaft.de\\\/it\\\/#website\"},\"datePublished\":\"2018-11-20T22:21:02+00:00\",\"dateModified\":\"2019-05-26T14:35:49+00:00\",\"breadcrumb\":{\"@id\":\"https:\\\/\\\/www.rossinigesellschaft.de\\\/it\\\/datenschutz\\\/#breadcrumb\"},\"inLanguage\":\"de\",\"potentialAction\":[{\"@type\":\"ReadAction\",\"target\":[\"https:\\\/\\\/www.rossinigesellschaft.de\\\/it\\\/datenschutz\\\/\"]}]},{\"@type\":\"BreadcrumbList\",\"@id\":\"https:\\\/\\\/www.rossinigesellschaft.de\\\/it\\\/datenschutz\\\/#breadcrumb\",\"itemListElement\":[{\"@type\":\"ListItem\",\"position\":1,\"name\":\"Startseite\",\"item\":\"https:\\\/\\\/www.rossinigesellschaft.de\\\/it\\\/\"},{\"@type\":\"ListItem\",\"position\":2,\"name\":\"Datenschutzerkl\u00e4rung\"}]},{\"@type\":\"WebSite\",\"@id\":\"https:\\\/\\\/www.rossinigesellschaft.de\\\/it\\\/#website\",\"url\":\"https:\\\/\\\/www.rossinigesellschaft.de\\\/it\\\/\",\"name\":\"Italiano\",\"description\":\"\",\"publisher\":{\"@id\":\"https:\\\/\\\/www.rossinigesellschaft.de\\\/it\\\/#organization\"},\"potentialAction\":[{\"@type\":\"SearchAction\",\"target\":{\"@type\":\"EntryPoint\",\"urlTemplate\":\"https:\\\/\\\/www.rossinigesellschaft.de\\\/it\\\/?s={search_term_string}\"},\"query-input\":{\"@type\":\"PropertyValueSpecification\",\"valueRequired\":true,\"valueName\":\"search_term_string\"}}],\"inLanguage\":\"de\"},{\"@type\":\"Organization\",\"@id\":\"https:\\\/\\\/www.rossinigesellschaft.de\\\/it\\\/#organization\",\"name\":\"Italiano\",\"url\":\"https:\\\/\\\/www.rossinigesellschaft.de\\\/it\\\/\",\"logo\":{\"@type\":\"ImageObject\",\"inLanguage\":\"de\",\"@id\":\"https:\\\/\\\/www.rossinigesellschaft.de\\\/it\\\/#\\\/schema\\\/logo\\\/image\\\/\",\"url\":\"https:\\\/\\\/www.rossinigesellschaft.de\\\/it\\\/wp-content\\\/uploads\\\/2019\\\/02\\\/logo-transparent.png\",\"contentUrl\":\"https:\\\/\\\/www.rossinigesellschaft.de\\\/it\\\/wp-content\\\/uploads\\\/2019\\\/02\\\/logo-transparent.png\",\"width\":200,\"height\":86,\"caption\":\"Italiano\"},\"image\":{\"@id\":\"https:\\\/\\\/www.rossinigesellschaft.de\\\/it\\\/#\\\/schema\\\/logo\\\/image\\\/\"}}]}<\/script>\n<!-- \/ Yoast SEO plugin. -->","yoast_head_json":{"title":"Datenschutzerkl\u00e4rung - Italiano","robots":{"index":"index","follow":"follow","max-snippet":"max-snippet:-1","max-image-preview":"max-image-preview:large","max-video-preview":"max-video-preview:-1"},"canonical":"https:\/\/www.rossinigesellschaft.de\/it\/datenschutz\/","og_locale":"de_DE","og_type":"article","og_title":"Datenschutzerkl\u00e4rung - Italiano","og_description":"[informativa sulla privacy] Rechtliche Hinweise Bitte lesen Sie die nachfolgenden Informationen genau durch. Sie enthalten rechtlich relevante Bestimmungen. Mit dem Zugriff auf die Website und ihre Seiten erkl\u00e4ren Sie, dass Sie die folgenden Anwendungsbedingungen im Zusammenhang mit dieser Website verstanden","og_url":"https:\/\/www.rossinigesellschaft.de\/it\/datenschutz\/","og_site_name":"Italiano","article_modified_time":"2019-05-26T14:35:49+00:00","twitter_card":"summary_large_image","twitter_misc":{"Gesch\u00e4tzte Lesezeit":"6\u00a0Minuten"},"schema":{"@context":"https:\/\/schema.org","@graph":[{"@type":"WebPage","@id":"https:\/\/www.rossinigesellschaft.de\/it\/datenschutz\/","url":"https:\/\/www.rossinigesellschaft.de\/it\/datenschutz\/","name":"Datenschutzerkl\u00e4rung - Italiano","isPartOf":{"@id":"https:\/\/www.rossinigesellschaft.de\/it\/#website"},"datePublished":"2018-11-20T22:21:02+00:00","dateModified":"2019-05-26T14:35:49+00:00","breadcrumb":{"@id":"https:\/\/www.rossinigesellschaft.de\/it\/datenschutz\/#breadcrumb"},"inLanguage":"de","potentialAction":[{"@type":"ReadAction","target":["https:\/\/www.rossinigesellschaft.de\/it\/datenschutz\/"]}]},{"@type":"BreadcrumbList","@id":"https:\/\/www.rossinigesellschaft.de\/it\/datenschutz\/#breadcrumb","itemListElement":[{"@type":"ListItem","position":1,"name":"Startseite","item":"https:\/\/www.rossinigesellschaft.de\/it\/"},{"@type":"ListItem","position":2,"name":"Datenschutzerkl\u00e4rung"}]},{"@type":"WebSite","@id":"https:\/\/www.rossinigesellschaft.de\/it\/#website","url":"https:\/\/www.rossinigesellschaft.de\/it\/","name":"Italiano","description":"","publisher":{"@id":"https:\/\/www.rossinigesellschaft.de\/it\/#organization"},"potentialAction":[{"@type":"SearchAction","target":{"@type":"EntryPoint","urlTemplate":"https:\/\/www.rossinigesellschaft.de\/it\/?s={search_term_string}"},"query-input":{"@type":"PropertyValueSpecification","valueRequired":true,"valueName":"search_term_string"}}],"inLanguage":"de"},{"@type":"Organization","@id":"https:\/\/www.rossinigesellschaft.de\/it\/#organization","name":"Italiano","url":"https:\/\/www.rossinigesellschaft.de\/it\/","logo":{"@type":"ImageObject","inLanguage":"de","@id":"https:\/\/www.rossinigesellschaft.de\/it\/#\/schema\/logo\/image\/","url":"https:\/\/www.rossinigesellschaft.de\/it\/wp-content\/uploads\/2019\/02\/logo-transparent.png","contentUrl":"https:\/\/www.rossinigesellschaft.de\/it\/wp-content\/uploads\/2019\/02\/logo-transparent.png","width":200,"height":86,"caption":"Italiano"},"image":{"@id":"https:\/\/www.rossinigesellschaft.de\/it\/#\/schema\/logo\/image\/"}}]}},"_links":{"self":[{"href":"https:\/\/www.rossinigesellschaft.de\/it\/wp-json\/wp\/v2\/pages\/14","targetHints":{"allow":["GET"]}}],"collection":[{"href":"https:\/\/www.rossinigesellschaft.de\/it\/wp-json\/wp\/v2\/pages"}],"about":[{"href":"https:\/\/www.rossinigesellschaft.de\/it\/wp-json\/wp\/v2\/types\/page"}],"author":[{"embeddable":true,"href":"https:\/\/www.rossinigesellschaft.de\/it\/wp-json\/wp\/v2\/users\/1"}],"replies":[{"embeddable":true,"href":"https:\/\/www.rossinigesellschaft.de\/it\/wp-json\/wp\/v2\/comments?post=14"}],"version-history":[{"count":5,"href":"https:\/\/www.rossinigesellschaft.de\/it\/wp-json\/wp\/v2\/pages\/14\/revisions"}],"predecessor-version":[{"id":535,"href":"https:\/\/www.rossinigesellschaft.de\/it\/wp-json\/wp\/v2\/pages\/14\/revisions\/535"}],"wp:attachment":[{"href":"https:\/\/www.rossinigesellschaft.de\/it\/wp-json\/wp\/v2\/media?parent=14"}],"curies":[{"name":"wp","href":"https:\/\/api.w.org\/{rel}","templated":true}]}}