{"id":114,"date":"2018-12-20T09:59:06","date_gmt":"2018-12-20T08:59:06","guid":{"rendered":"http:\/\/neu.rossinigesellschaft.de\/it\/?page_id=114"},"modified":"2025-12-25T11:21:13","modified_gmt":"2025-12-25T10:21:13","slug":"ricerca","status":"publish","type":"page","link":"https:\/\/www.rossinigesellschaft.de\/it\/ricerca\/","title":{"rendered":"Ricerca"},"content":{"rendered":"<blockquote><p>\u201eRossini \u2013 und kein Ende\u201c<\/p><\/blockquote>\n<p class=\"style1 style5 \" align=\"left\"><span class=\"style11\">\u201cRossini &#8211; senza confini\u201d \u2013 Friedrich Lippmann sulla \u201cRossini Renaissance\u201d moderna<\/span><\/p>\n<p align=\"left\">Gi\u00e0 nel 1981 Friedrich Lippmann descriveva cos\u00ec la situazione della ricerca rossiniana, e sino ad oggi lo studio del fenomeno Rossini \u00e8 un argomento per cos\u00ec dire senza confini\u2026 i ricercatori si dedicano in modo approfondito alle opere, al carteggio e alla lunga vita del compositore. Ogni estate, un gruppo di esperti del Centro di Studi Rossiniani di Pesaro continua a lavorare sull&#8217;edizione critica delle opere pubblicata dalla Fondazione Rossini, e presso l&#8217;editore tedesco B\u00e4renreiter, sotto la guida di Philip Gossett, cresce una propria edizione delle opere di Rossini.<\/p>\n<p>Su alcuni temi neanche gli esperti trovano un punto di accordo: Le agilit\u00e0 rossiniane sono da considerarsi puro canto fiorito o strumento di espressione drammatica? Le opere non napoletane sono da classificarsi come superate? Le sue opere sacre soddisfano i criteri che la musica sacra in generale impone? L\u2019improvviso ammutolire di Rossini come compositore d\u2019opera era un ritiro voluto o un colpo del destino?<\/p>\n<p>L\u2019aiuto fornito da esperti tedeschi e stranieri permette alla Societ\u00e0 tedesca Rossini di accompagnare la ricerca rossiniana con vari seminari e <a href=\"http:\/\/www.rossinigesellschaft.de\/d02_publikationen_i.htm\">pubblicazioni<\/a>. La Societ\u00e0 ha inoltre riscoperto l\u2019opera Eduardo e Cristina e l\u2019ha corredata di una monografia, ha pubblicato un volume illustrato intitolato \u201c<a href=\"http:\/\/www.rossinigesellschaft.de\/b03_bilder_i.htm\">Hommage an Rossini<\/a>\u201d (Omaggio a Rossini), organizzato un simposio sul periodo parigino del Maestro in collaborazione con l\u2019Universit\u00e0 di Lipsia, e infine \u00e8 stato riedito il libro \u201cPlaudereien mit Rossini\u201d (Chiacchierando con Rossini) di Ferdinand Hiller, pubblicato per la prima volta nel 1855.<\/p>\n<p>Qual \u00e8 la posizione che l\u2019italiano pi\u00f9 famoso del suo tempo detiene oggi con Mozart e Wagner nella discussione sull\u2019importanza sociale dell\u2019opera lirica in generale? Partecipate alla <a href=\"http:\/\/www.rossinigesellschaft.de\/e03_debatte_i.htm\">discussione<\/a> sul segno lasciato da Rossini!<\/p>\n<p>&nbsp;<\/p>\n<ul>\n<li>Il Museo Nazionale Rossini a Pesaro: <a href=\"http:\/\/www.rossinigesellschaft.de\/dat\/pdf\/E01_Esposito_Museo nazionale Rossini_2019.pdf\" rel=\"noopener noreferrer\">Impressioni di Francesco Esposito<\/a><\/li>\n<li>Reto M\u00fcller:\u00a0<em>Profilo biografico-cronologico<\/em> (2025): <a href=\"https:\/\/www.rossinigesellschaft.de\/it\/wp-content\/uploads\/2025\/12\/E01_Esposito_Mueller_Cronologia_2025.pdf\">Recensione di Francesco Esposito<\/a><\/li>\n<\/ul>\n<p align=\"left\">\n","protected":false},"excerpt":{"rendered":"<p>\u201eRossini \u2013 und kein Ende\u201c \u201cRossini &#8211; senza confini\u201d \u2013 Friedrich Lippmann sulla \u201cRossini Renaissance\u201d moderna Gi\u00e0 nel 1981 Friedrich Lippmann descriveva cos\u00ec la situazione della ricerca rossiniana, e sino ad oggi lo studio del fenomeno Rossini \u00e8 un argomento<\/p>\n","protected":false},"author":1,"featured_media":0,"parent":0,"menu_order":0,"comment_status":"closed","ping_status":"closed","template":"page-templates\/feuilleton.php","meta":{"footnotes":""},"class_list":["post-114","page","type-page","status-publish","hentry"],"yoast_head":"<!-- This site is optimized with the Yoast SEO plugin v27.4 - https:\/\/yoast.com\/product\/yoast-seo-wordpress\/ -->\n<title>Ricerca - Italiano<\/title>\n<meta name=\"robots\" content=\"index, follow, max-snippet:-1, max-image-preview:large, max-video-preview:-1\" \/>\n<link rel=\"canonical\" href=\"https:\/\/www.rossinigesellschaft.de\/it\/ricerca\/\" \/>\n<meta property=\"og:locale\" content=\"de_DE\" \/>\n<meta property=\"og:type\" content=\"article\" \/>\n<meta property=\"og:title\" content=\"Ricerca - Italiano\" \/>\n<meta property=\"og:description\" content=\"\u201eRossini \u2013 und kein Ende\u201c \u201cRossini &#8211; senza confini\u201d \u2013 Friedrich Lippmann sulla \u201cRossini Renaissance\u201d moderna Gi\u00e0 nel 1981 Friedrich Lippmann descriveva cos\u00ec la situazione della ricerca rossiniana, e sino ad oggi lo studio del fenomeno Rossini \u00e8 un argomento\" \/>\n<meta property=\"og:url\" content=\"https:\/\/www.rossinigesellschaft.de\/it\/ricerca\/\" \/>\n<meta property=\"og:site_name\" content=\"Italiano\" \/>\n<meta property=\"article:modified_time\" content=\"2025-12-25T10:21:13+00:00\" \/>\n<meta name=\"twitter:card\" content=\"summary_large_image\" \/>\n<meta name=\"twitter:label1\" content=\"Gesch\u00e4tzte Lesezeit\" \/>\n\t<meta name=\"twitter:data1\" content=\"2\u00a0Minuten\" \/>\n<script type=\"application\/ld+json\" class=\"yoast-schema-graph\">{\"@context\":\"https:\\\/\\\/schema.org\",\"@graph\":[{\"@type\":\"WebPage\",\"@id\":\"https:\\\/\\\/www.rossinigesellschaft.de\\\/it\\\/ricerca\\\/\",\"url\":\"https:\\\/\\\/www.rossinigesellschaft.de\\\/it\\\/ricerca\\\/\",\"name\":\"Ricerca - Italiano\",\"isPartOf\":{\"@id\":\"https:\\\/\\\/www.rossinigesellschaft.de\\\/it\\\/#website\"},\"datePublished\":\"2018-12-20T08:59:06+00:00\",\"dateModified\":\"2025-12-25T10:21:13+00:00\",\"breadcrumb\":{\"@id\":\"https:\\\/\\\/www.rossinigesellschaft.de\\\/it\\\/ricerca\\\/#breadcrumb\"},\"inLanguage\":\"de\",\"potentialAction\":[{\"@type\":\"ReadAction\",\"target\":[\"https:\\\/\\\/www.rossinigesellschaft.de\\\/it\\\/ricerca\\\/\"]}]},{\"@type\":\"BreadcrumbList\",\"@id\":\"https:\\\/\\\/www.rossinigesellschaft.de\\\/it\\\/ricerca\\\/#breadcrumb\",\"itemListElement\":[{\"@type\":\"ListItem\",\"position\":1,\"name\":\"Startseite\",\"item\":\"https:\\\/\\\/www.rossinigesellschaft.de\\\/it\\\/\"},{\"@type\":\"ListItem\",\"position\":2,\"name\":\"Ricerca\"}]},{\"@type\":\"WebSite\",\"@id\":\"https:\\\/\\\/www.rossinigesellschaft.de\\\/it\\\/#website\",\"url\":\"https:\\\/\\\/www.rossinigesellschaft.de\\\/it\\\/\",\"name\":\"Italiano\",\"description\":\"\",\"publisher\":{\"@id\":\"https:\\\/\\\/www.rossinigesellschaft.de\\\/it\\\/#organization\"},\"potentialAction\":[{\"@type\":\"SearchAction\",\"target\":{\"@type\":\"EntryPoint\",\"urlTemplate\":\"https:\\\/\\\/www.rossinigesellschaft.de\\\/it\\\/?s={search_term_string}\"},\"query-input\":{\"@type\":\"PropertyValueSpecification\",\"valueRequired\":true,\"valueName\":\"search_term_string\"}}],\"inLanguage\":\"de\"},{\"@type\":\"Organization\",\"@id\":\"https:\\\/\\\/www.rossinigesellschaft.de\\\/it\\\/#organization\",\"name\":\"Italiano\",\"url\":\"https:\\\/\\\/www.rossinigesellschaft.de\\\/it\\\/\",\"logo\":{\"@type\":\"ImageObject\",\"inLanguage\":\"de\",\"@id\":\"https:\\\/\\\/www.rossinigesellschaft.de\\\/it\\\/#\\\/schema\\\/logo\\\/image\\\/\",\"url\":\"https:\\\/\\\/www.rossinigesellschaft.de\\\/it\\\/wp-content\\\/uploads\\\/2019\\\/02\\\/logo-transparent.png\",\"contentUrl\":\"https:\\\/\\\/www.rossinigesellschaft.de\\\/it\\\/wp-content\\\/uploads\\\/2019\\\/02\\\/logo-transparent.png\",\"width\":200,\"height\":86,\"caption\":\"Italiano\"},\"image\":{\"@id\":\"https:\\\/\\\/www.rossinigesellschaft.de\\\/it\\\/#\\\/schema\\\/logo\\\/image\\\/\"}}]}<\/script>\n<!-- \/ Yoast SEO plugin. -->","yoast_head_json":{"title":"Ricerca - Italiano","robots":{"index":"index","follow":"follow","max-snippet":"max-snippet:-1","max-image-preview":"max-image-preview:large","max-video-preview":"max-video-preview:-1"},"canonical":"https:\/\/www.rossinigesellschaft.de\/it\/ricerca\/","og_locale":"de_DE","og_type":"article","og_title":"Ricerca - Italiano","og_description":"\u201eRossini \u2013 und kein Ende\u201c \u201cRossini &#8211; senza confini\u201d \u2013 Friedrich Lippmann sulla \u201cRossini Renaissance\u201d moderna Gi\u00e0 nel 1981 Friedrich Lippmann descriveva cos\u00ec la situazione della ricerca rossiniana, e sino ad oggi lo studio del fenomeno Rossini \u00e8 un argomento","og_url":"https:\/\/www.rossinigesellschaft.de\/it\/ricerca\/","og_site_name":"Italiano","article_modified_time":"2025-12-25T10:21:13+00:00","twitter_card":"summary_large_image","twitter_misc":{"Gesch\u00e4tzte Lesezeit":"2\u00a0Minuten"},"schema":{"@context":"https:\/\/schema.org","@graph":[{"@type":"WebPage","@id":"https:\/\/www.rossinigesellschaft.de\/it\/ricerca\/","url":"https:\/\/www.rossinigesellschaft.de\/it\/ricerca\/","name":"Ricerca - Italiano","isPartOf":{"@id":"https:\/\/www.rossinigesellschaft.de\/it\/#website"},"datePublished":"2018-12-20T08:59:06+00:00","dateModified":"2025-12-25T10:21:13+00:00","breadcrumb":{"@id":"https:\/\/www.rossinigesellschaft.de\/it\/ricerca\/#breadcrumb"},"inLanguage":"de","potentialAction":[{"@type":"ReadAction","target":["https:\/\/www.rossinigesellschaft.de\/it\/ricerca\/"]}]},{"@type":"BreadcrumbList","@id":"https:\/\/www.rossinigesellschaft.de\/it\/ricerca\/#breadcrumb","itemListElement":[{"@type":"ListItem","position":1,"name":"Startseite","item":"https:\/\/www.rossinigesellschaft.de\/it\/"},{"@type":"ListItem","position":2,"name":"Ricerca"}]},{"@type":"WebSite","@id":"https:\/\/www.rossinigesellschaft.de\/it\/#website","url":"https:\/\/www.rossinigesellschaft.de\/it\/","name":"Italiano","description":"","publisher":{"@id":"https:\/\/www.rossinigesellschaft.de\/it\/#organization"},"potentialAction":[{"@type":"SearchAction","target":{"@type":"EntryPoint","urlTemplate":"https:\/\/www.rossinigesellschaft.de\/it\/?s={search_term_string}"},"query-input":{"@type":"PropertyValueSpecification","valueRequired":true,"valueName":"search_term_string"}}],"inLanguage":"de"},{"@type":"Organization","@id":"https:\/\/www.rossinigesellschaft.de\/it\/#organization","name":"Italiano","url":"https:\/\/www.rossinigesellschaft.de\/it\/","logo":{"@type":"ImageObject","inLanguage":"de","@id":"https:\/\/www.rossinigesellschaft.de\/it\/#\/schema\/logo\/image\/","url":"https:\/\/www.rossinigesellschaft.de\/it\/wp-content\/uploads\/2019\/02\/logo-transparent.png","contentUrl":"https:\/\/www.rossinigesellschaft.de\/it\/wp-content\/uploads\/2019\/02\/logo-transparent.png","width":200,"height":86,"caption":"Italiano"},"image":{"@id":"https:\/\/www.rossinigesellschaft.de\/it\/#\/schema\/logo\/image\/"}}]}},"_links":{"self":[{"href":"https:\/\/www.rossinigesellschaft.de\/it\/wp-json\/wp\/v2\/pages\/114","targetHints":{"allow":["GET"]}}],"collection":[{"href":"https:\/\/www.rossinigesellschaft.de\/it\/wp-json\/wp\/v2\/pages"}],"about":[{"href":"https:\/\/www.rossinigesellschaft.de\/it\/wp-json\/wp\/v2\/types\/page"}],"author":[{"embeddable":true,"href":"https:\/\/www.rossinigesellschaft.de\/it\/wp-json\/wp\/v2\/users\/1"}],"replies":[{"embeddable":true,"href":"https:\/\/www.rossinigesellschaft.de\/it\/wp-json\/wp\/v2\/comments?post=114"}],"version-history":[{"count":9,"href":"https:\/\/www.rossinigesellschaft.de\/it\/wp-json\/wp\/v2\/pages\/114\/revisions"}],"predecessor-version":[{"id":777,"href":"https:\/\/www.rossinigesellschaft.de\/it\/wp-json\/wp\/v2\/pages\/114\/revisions\/777"}],"wp:attachment":[{"href":"https:\/\/www.rossinigesellschaft.de\/it\/wp-json\/wp\/v2\/media?parent=114"}],"curies":[{"name":"wp","href":"https:\/\/api.w.org\/{rel}","templated":true}]}}