{"id":104,"date":"2018-12-20T09:55:58","date_gmt":"2018-12-20T08:55:58","guid":{"rendered":"http:\/\/neu.rossinigesellschaft.de\/it\/?page_id=104"},"modified":"2023-01-24T10:31:50","modified_gmt":"2023-01-24T09:31:50","slug":"presidenteon","status":"publish","type":"page","link":"https:\/\/www.rossinigesellschaft.de\/it\/presidenteon\/","title":{"rendered":"Presidente Onorario"},"content":{"rendered":"<blockquote><p>\u201eLeidenschaft und Begeisterung teilen\u201c<\/p><\/blockquote>\n<p><span class=\"style10\">Alberto Zedda in occasione della sua nomina a Presidente Onorario della Societ\u00e0 tedesca Rossini.<\/span><\/p>\n<p align=\"center\"><span style=\"color: #0000ff;\">Siamo in lutto per la perdita del nostro Presidente Onorario che ci ha lasciato<br \/>\nil 6 marzo 2017.<\/span><\/p>\n<p style=\"text-align: center;\"><strong>vai al website ufficiale:\u00a0 <a href=\"http:\/\/www.albertozedda.com\/\" target=\"_blank\" rel=\"noopener noreferrer\">www.albertozedda.com<\/a><\/strong><\/p>\n<p>Musicologo, scrittore, insegnante e direttore d&#8217;orchestra, Alberto Zedda riesce ad infondere alla musica rossiniana la giusta cifra vitale, ed \u00e8 questo il suo merito principale. Dal 1980 al 1992, negli anni d&#8217;oro della Rossini Renaissance, Zedda \u00e8 consulente artistico del Rossini Opera Festival di Pesaro, e dal 2001 il suo Direttore artistico. Nell&#8217;atto di dirigere sembra \u201cun cocchiere alla guida di una pariglia di razza, ora tirando, ora allentando le redini in una perfetta corsa, mantenendo l&#8217;equilibrio tra la successione delle diverse tensioni\u201d (Reto M\u00fcller). Ogni volta che sale sul podio d\u00e0 prova di giovanile vigore per la sua capacit\u00e0 di trasmettere entusiasmo agli interpreti e di mandare in visibilio il pubblico. \u201cSe a prima vista Zedda sembra uscito da una commedia di Eduardo de Filippo, quando dirige Rossini con gesti ampi e pieni di pathos, da uomo piccolo e minuto qual \u00e8 si trasforma in un vulcano. Si vede che quello \u00e8 proprio il suo elemento\u201d, scrive Dieter Kranz.<\/p>\n<p>&nbsp;<\/p>\n<div id='gallery-1' class='gallery galleryid-104 gallery-columns-4 gallery-size-medium'><figure class='gallery-item'>\n\t\t\t<div class='gallery-icon landscape'>\n\t\t\t\t<a href='https:\/\/www.rossinigesellschaft.de\/it\/presidenteon\/zedda_01\/'><img loading=\"lazy\" decoding=\"async\" width=\"300\" height=\"197\" src=\"https:\/\/www.rossinigesellschaft.de\/it\/wp-content\/uploads\/2018\/12\/zedda_01-300x197.jpg\" class=\"attachment-medium size-medium\" alt=\"\" srcset=\"https:\/\/www.rossinigesellschaft.de\/it\/wp-content\/uploads\/2018\/12\/zedda_01-300x197.jpg 300w, https:\/\/www.rossinigesellschaft.de\/it\/wp-content\/uploads\/2018\/12\/zedda_01.jpg 449w\" sizes=\"auto, (max-width: 300px) 100vw, 300px\" \/><\/a>\n\t\t\t<\/div><\/figure><figure class='gallery-item'>\n\t\t\t<div class='gallery-icon landscape'>\n\t\t\t\t<a href='https:\/\/www.rossinigesellschaft.de\/it\/presidenteon\/zedda_02\/'><img loading=\"lazy\" decoding=\"async\" width=\"300\" height=\"198\" src=\"https:\/\/www.rossinigesellschaft.de\/it\/wp-content\/uploads\/2018\/12\/zedda_02-300x198.jpg\" class=\"attachment-medium size-medium\" alt=\"\" srcset=\"https:\/\/www.rossinigesellschaft.de\/it\/wp-content\/uploads\/2018\/12\/zedda_02-300x198.jpg 300w, https:\/\/www.rossinigesellschaft.de\/it\/wp-content\/uploads\/2018\/12\/zedda_02.jpg 446w\" sizes=\"auto, (max-width: 300px) 100vw, 300px\" \/><\/a>\n\t\t\t<\/div><\/figure><figure class='gallery-item'>\n\t\t\t<div class='gallery-icon landscape'>\n\t\t\t\t<a href='https:\/\/www.rossinigesellschaft.de\/it\/presidenteon\/zedda_03\/'><img loading=\"lazy\" decoding=\"async\" width=\"300\" height=\"198\" src=\"https:\/\/www.rossinigesellschaft.de\/it\/wp-content\/uploads\/2018\/12\/zedda_03-300x198.jpg\" class=\"attachment-medium size-medium\" alt=\"\" srcset=\"https:\/\/www.rossinigesellschaft.de\/it\/wp-content\/uploads\/2018\/12\/zedda_03-300x198.jpg 300w, https:\/\/www.rossinigesellschaft.de\/it\/wp-content\/uploads\/2018\/12\/zedda_03.jpg 446w\" sizes=\"auto, (max-width: 300px) 100vw, 300px\" \/><\/a>\n\t\t\t<\/div><\/figure><figure class='gallery-item'>\n\t\t\t<div class='gallery-icon landscape'>\n\t\t\t\t<a href='https:\/\/www.rossinigesellschaft.de\/it\/presidenteon\/zedda_04\/'><img loading=\"lazy\" decoding=\"async\" width=\"300\" height=\"199\" src=\"https:\/\/www.rossinigesellschaft.de\/it\/wp-content\/uploads\/2018\/12\/zedda_04-300x199.jpg\" class=\"attachment-medium size-medium\" alt=\"\" srcset=\"https:\/\/www.rossinigesellschaft.de\/it\/wp-content\/uploads\/2018\/12\/zedda_04-300x199.jpg 300w, https:\/\/www.rossinigesellschaft.de\/it\/wp-content\/uploads\/2018\/12\/zedda_04.jpg 445w\" sizes=\"auto, (max-width: 300px) 100vw, 300px\" \/><\/a>\n\t\t\t<\/div><\/figure>\n\t\t<\/div>\n\n<p><em>Alberto Zedda durante le prove di\u00a0 &#8222;Semiramide&#8220; al Deutsche Oper Berlin (Maggio 2003)<\/em><\/p>\n<p>&nbsp;<\/p>\n<p>Nel marzo del 2000 Alberto Zedda viene nominato Presidente Onorario della Societ\u00e0 tedesca Rossini a Liegi.<\/p>\n<ul>\n<li>Nomina a &#8218;Acad\u00e9mico Correspondiente&#8216; della <em>Real Academia Sevillana de Buenas Letras<\/em>, con la presentazione della relazione &#8222;Sevilla, Rossini y la belleza&#8220;, 18 ottobre 2013 a Siviglia<\/li>\n<li>Biglietto di auguri per il compleanno del 2 gen. 2012 <a href=\"http:\/\/www.rossinigesellschaft.de\/members\/azedda\/AZ_85.jpg\" target=\"_blank\" rel=\"noopener noreferrer\" data-lbwps-width=\"5120\" data-lbwps-height=\"3413\" data-lbwps-srcsmall=\"http:\/\/www.rossinigesellschaft.de\/members\/azedda\/AZ_85.jpg\">JPG<\/a> (3698 kb)<\/li>\n<li>&#8222;Premio especial a toda una carrera&#8220; della Fundaci\u00f3n Premio L\u00edricos Teatro Campoamor, dicembre 2012<\/li>\n<li>Alberto Zedda, <em>Divagazioni rossiniane<\/em> <a href=\"http:\/\/www.rossinigesellschaft.de\/dat\/pdf\/D05_Mariotti_Zedda-Divagazioni.pdf\" target=\"_blank\" rel=\"noopener noreferrer\">Presentazione di Gianfranco Mariotti<\/a> (PDF 106 kB); <a href=\"http:\/\/www.rossinigesellschaft.de\/dat\/pdf\/D05_Divagazioni_Recensioni.pdf\" target=\"_blank\" rel=\"noopener noreferrer\">recensioni<\/a> (PDF 912 kB)<\/li>\n<li>Discorso a Gent <a href=\"http:\/\/www.rossinigesellschaft.de\/members\/azedda\/azedda_Gent2011_i.html\" target=\"_blank\" rel=\"noopener noreferrer\">Rossini e la Germania<\/a><\/li>\n<li>Buon compleanno, Maestro!\u00a0\u00a0<a href=\"http:\/\/www.rossinigesellschaft.de\/dat\/pdf\/D05_07LaGazzetta4-6.pdf\" target=\"_blank\" rel=\"noopener noreferrer\">Scarica PDF<\/a> (144 kB)<\/li>\n<li>Laurea honoris causa dell&#8217;Universit\u00e0 di Macerata<\/li>\n<li>Consegna di un busto di Rossini <a href=\"http:\/\/www.rossinigesellschaft.de\/d03b_aktivitaetenPast.htm\" target=\"_blank\" rel=\"noopener noreferrer\">Immagini<\/a><br \/>\nNomina a Presidente Onorario\u00a0\u00a0<a href=\"http:\/\/www.rossinigesellschaft.de\/dat\/pdf\/D05-Zedda_i.PDF\" target=\"_blank\" rel=\"noopener noreferrer\">Scarica PDF<\/a> (72 kB)<\/li>\n<li>Ricordo di Rodolfo Celletti\u00a0\u00a0<a href=\"http:\/\/www.rossinigesellschaft.de\/dat\/pdf\/D05-Zedda_Celletti.pdf\" target=\"_blank\" rel=\"noopener noreferrer\">Scarica PDF<\/a> (108 kB)<\/li>\n<\/ul>\n<ul>\n<li>6. Januar 2018: <em>Rossini Gala, ricordo a Alberto Zedda<\/em>, a <a href=\"https:\/\/operaballet.be\/en\/programme\/2017-2018\/rossini-gala\/team#tab\" target=\"_blank\" rel=\"noopener noreferrer\">Anversa<\/a><\/li>\n<\/ul>\n<p>&nbsp;<\/p>\n<p><a href=\"http:\/\/www.rossinigesellschaft.de\/members\/azedda\/zeddaaktivi.html\" target=\"_blank\" rel=\"noopener noreferrer\">Prospetto delle attivit\u00e0 rossiniane di Alberto Zedda<\/a><\/p>\n<p>&nbsp;<\/p>\n","protected":false},"excerpt":{"rendered":"<p>\u201eLeidenschaft und Begeisterung teilen\u201c Alberto Zedda in occasione della sua nomina a Presidente Onorario della Societ\u00e0 tedesca Rossini. Siamo in lutto per la perdita del nostro Presidente Onorario che ci ha lasciato il 6 marzo 2017. vai al website ufficiale:\u00a0<\/p>\n","protected":false},"author":1,"featured_media":0,"parent":0,"menu_order":0,"comment_status":"closed","ping_status":"closed","template":"page-templates\/gesellschaft.php","meta":{"footnotes":""},"class_list":["post-104","page","type-page","status-publish","hentry"],"yoast_head":"<!-- This site is optimized with the Yoast SEO plugin v27.4 - https:\/\/yoast.com\/product\/yoast-seo-wordpress\/ -->\n<title>Presidente Onorario - Italiano<\/title>\n<meta name=\"robots\" content=\"index, follow, max-snippet:-1, max-image-preview:large, max-video-preview:-1\" \/>\n<link rel=\"canonical\" href=\"https:\/\/www.rossinigesellschaft.de\/it\/presidenteon\/\" \/>\n<meta property=\"og:locale\" content=\"de_DE\" \/>\n<meta property=\"og:type\" content=\"article\" \/>\n<meta property=\"og:title\" content=\"Presidente Onorario - Italiano\" \/>\n<meta property=\"og:description\" content=\"\u201eLeidenschaft und Begeisterung teilen\u201c Alberto Zedda in occasione della sua nomina a Presidente Onorario della Societ\u00e0 tedesca Rossini. Siamo in lutto per la perdita del nostro Presidente Onorario che ci ha lasciato il 6 marzo 2017. vai al website ufficiale:\u00a0\" \/>\n<meta property=\"og:url\" content=\"https:\/\/www.rossinigesellschaft.de\/it\/presidenteon\/\" \/>\n<meta property=\"og:site_name\" content=\"Italiano\" \/>\n<meta property=\"article:modified_time\" content=\"2023-01-24T09:31:50+00:00\" \/>\n<meta property=\"og:image\" content=\"https:\/\/www.rossinigesellschaft.de\/it\/wp-content\/uploads\/2018\/12\/zedda_01-300x197.jpg\" \/>\n<meta name=\"twitter:card\" content=\"summary_large_image\" \/>\n<meta name=\"twitter:label1\" content=\"Gesch\u00e4tzte Lesezeit\" \/>\n\t<meta name=\"twitter:data1\" content=\"3\u00a0Minuten\" \/>\n<script type=\"application\/ld+json\" class=\"yoast-schema-graph\">{\"@context\":\"https:\\\/\\\/schema.org\",\"@graph\":[{\"@type\":\"WebPage\",\"@id\":\"https:\\\/\\\/www.rossinigesellschaft.de\\\/it\\\/presidenteon\\\/\",\"url\":\"https:\\\/\\\/www.rossinigesellschaft.de\\\/it\\\/presidenteon\\\/\",\"name\":\"Presidente Onorario - Italiano\",\"isPartOf\":{\"@id\":\"https:\\\/\\\/www.rossinigesellschaft.de\\\/it\\\/#website\"},\"datePublished\":\"2018-12-20T08:55:58+00:00\",\"dateModified\":\"2023-01-24T09:31:50+00:00\",\"breadcrumb\":{\"@id\":\"https:\\\/\\\/www.rossinigesellschaft.de\\\/it\\\/presidenteon\\\/#breadcrumb\"},\"inLanguage\":\"de\",\"potentialAction\":[{\"@type\":\"ReadAction\",\"target\":[\"https:\\\/\\\/www.rossinigesellschaft.de\\\/it\\\/presidenteon\\\/\"]}]},{\"@type\":\"BreadcrumbList\",\"@id\":\"https:\\\/\\\/www.rossinigesellschaft.de\\\/it\\\/presidenteon\\\/#breadcrumb\",\"itemListElement\":[{\"@type\":\"ListItem\",\"position\":1,\"name\":\"Startseite\",\"item\":\"https:\\\/\\\/www.rossinigesellschaft.de\\\/it\\\/\"},{\"@type\":\"ListItem\",\"position\":2,\"name\":\"Presidente Onorario\"}]},{\"@type\":\"WebSite\",\"@id\":\"https:\\\/\\\/www.rossinigesellschaft.de\\\/it\\\/#website\",\"url\":\"https:\\\/\\\/www.rossinigesellschaft.de\\\/it\\\/\",\"name\":\"Italiano\",\"description\":\"\",\"publisher\":{\"@id\":\"https:\\\/\\\/www.rossinigesellschaft.de\\\/it\\\/#organization\"},\"potentialAction\":[{\"@type\":\"SearchAction\",\"target\":{\"@type\":\"EntryPoint\",\"urlTemplate\":\"https:\\\/\\\/www.rossinigesellschaft.de\\\/it\\\/?s={search_term_string}\"},\"query-input\":{\"@type\":\"PropertyValueSpecification\",\"valueRequired\":true,\"valueName\":\"search_term_string\"}}],\"inLanguage\":\"de\"},{\"@type\":\"Organization\",\"@id\":\"https:\\\/\\\/www.rossinigesellschaft.de\\\/it\\\/#organization\",\"name\":\"Italiano\",\"url\":\"https:\\\/\\\/www.rossinigesellschaft.de\\\/it\\\/\",\"logo\":{\"@type\":\"ImageObject\",\"inLanguage\":\"de\",\"@id\":\"https:\\\/\\\/www.rossinigesellschaft.de\\\/it\\\/#\\\/schema\\\/logo\\\/image\\\/\",\"url\":\"https:\\\/\\\/www.rossinigesellschaft.de\\\/it\\\/wp-content\\\/uploads\\\/2019\\\/02\\\/logo-transparent.png\",\"contentUrl\":\"https:\\\/\\\/www.rossinigesellschaft.de\\\/it\\\/wp-content\\\/uploads\\\/2019\\\/02\\\/logo-transparent.png\",\"width\":200,\"height\":86,\"caption\":\"Italiano\"},\"image\":{\"@id\":\"https:\\\/\\\/www.rossinigesellschaft.de\\\/it\\\/#\\\/schema\\\/logo\\\/image\\\/\"}}]}<\/script>\n<!-- \/ Yoast SEO plugin. -->","yoast_head_json":{"title":"Presidente Onorario - Italiano","robots":{"index":"index","follow":"follow","max-snippet":"max-snippet:-1","max-image-preview":"max-image-preview:large","max-video-preview":"max-video-preview:-1"},"canonical":"https:\/\/www.rossinigesellschaft.de\/it\/presidenteon\/","og_locale":"de_DE","og_type":"article","og_title":"Presidente Onorario - Italiano","og_description":"\u201eLeidenschaft und Begeisterung teilen\u201c Alberto Zedda in occasione della sua nomina a Presidente Onorario della Societ\u00e0 tedesca Rossini. Siamo in lutto per la perdita del nostro Presidente Onorario che ci ha lasciato il 6 marzo 2017. vai al website ufficiale:\u00a0","og_url":"https:\/\/www.rossinigesellschaft.de\/it\/presidenteon\/","og_site_name":"Italiano","article_modified_time":"2023-01-24T09:31:50+00:00","og_image":[{"url":"https:\/\/www.rossinigesellschaft.de\/it\/wp-content\/uploads\/2018\/12\/zedda_01-300x197.jpg","type":"","width":"","height":""}],"twitter_card":"summary_large_image","twitter_misc":{"Gesch\u00e4tzte Lesezeit":"3\u00a0Minuten"},"schema":{"@context":"https:\/\/schema.org","@graph":[{"@type":"WebPage","@id":"https:\/\/www.rossinigesellschaft.de\/it\/presidenteon\/","url":"https:\/\/www.rossinigesellschaft.de\/it\/presidenteon\/","name":"Presidente Onorario - Italiano","isPartOf":{"@id":"https:\/\/www.rossinigesellschaft.de\/it\/#website"},"datePublished":"2018-12-20T08:55:58+00:00","dateModified":"2023-01-24T09:31:50+00:00","breadcrumb":{"@id":"https:\/\/www.rossinigesellschaft.de\/it\/presidenteon\/#breadcrumb"},"inLanguage":"de","potentialAction":[{"@type":"ReadAction","target":["https:\/\/www.rossinigesellschaft.de\/it\/presidenteon\/"]}]},{"@type":"BreadcrumbList","@id":"https:\/\/www.rossinigesellschaft.de\/it\/presidenteon\/#breadcrumb","itemListElement":[{"@type":"ListItem","position":1,"name":"Startseite","item":"https:\/\/www.rossinigesellschaft.de\/it\/"},{"@type":"ListItem","position":2,"name":"Presidente Onorario"}]},{"@type":"WebSite","@id":"https:\/\/www.rossinigesellschaft.de\/it\/#website","url":"https:\/\/www.rossinigesellschaft.de\/it\/","name":"Italiano","description":"","publisher":{"@id":"https:\/\/www.rossinigesellschaft.de\/it\/#organization"},"potentialAction":[{"@type":"SearchAction","target":{"@type":"EntryPoint","urlTemplate":"https:\/\/www.rossinigesellschaft.de\/it\/?s={search_term_string}"},"query-input":{"@type":"PropertyValueSpecification","valueRequired":true,"valueName":"search_term_string"}}],"inLanguage":"de"},{"@type":"Organization","@id":"https:\/\/www.rossinigesellschaft.de\/it\/#organization","name":"Italiano","url":"https:\/\/www.rossinigesellschaft.de\/it\/","logo":{"@type":"ImageObject","inLanguage":"de","@id":"https:\/\/www.rossinigesellschaft.de\/it\/#\/schema\/logo\/image\/","url":"https:\/\/www.rossinigesellschaft.de\/it\/wp-content\/uploads\/2019\/02\/logo-transparent.png","contentUrl":"https:\/\/www.rossinigesellschaft.de\/it\/wp-content\/uploads\/2019\/02\/logo-transparent.png","width":200,"height":86,"caption":"Italiano"},"image":{"@id":"https:\/\/www.rossinigesellschaft.de\/it\/#\/schema\/logo\/image\/"}}]}},"_links":{"self":[{"href":"https:\/\/www.rossinigesellschaft.de\/it\/wp-json\/wp\/v2\/pages\/104","targetHints":{"allow":["GET"]}}],"collection":[{"href":"https:\/\/www.rossinigesellschaft.de\/it\/wp-json\/wp\/v2\/pages"}],"about":[{"href":"https:\/\/www.rossinigesellschaft.de\/it\/wp-json\/wp\/v2\/types\/page"}],"author":[{"embeddable":true,"href":"https:\/\/www.rossinigesellschaft.de\/it\/wp-json\/wp\/v2\/users\/1"}],"replies":[{"embeddable":true,"href":"https:\/\/www.rossinigesellschaft.de\/it\/wp-json\/wp\/v2\/comments?post=104"}],"version-history":[{"count":7,"href":"https:\/\/www.rossinigesellschaft.de\/it\/wp-json\/wp\/v2\/pages\/104\/revisions"}],"predecessor-version":[{"id":703,"href":"https:\/\/www.rossinigesellschaft.de\/it\/wp-json\/wp\/v2\/pages\/104\/revisions\/703"}],"wp:attachment":[{"href":"https:\/\/www.rossinigesellschaft.de\/it\/wp-json\/wp\/v2\/media?parent=104"}],"curies":[{"name":"wp","href":"https:\/\/api.w.org\/{rel}","templated":true}]}}