{"id":665,"date":"2019-09-16T10:54:13","date_gmt":"2019-09-16T08:54:13","guid":{"rendered":"https:\/\/www.rossinigesellschaft.de\/de\/?post_type=product&#038;p=665"},"modified":"2020-08-13T11:11:55","modified_gmt":"2020-08-13T09:11:55","slug":"sr-10-rossini","status":"publish","type":"product","link":"https:\/\/www.rossinigesellschaft.de\/de\/produkt\/sr-10-rossini\/","title":{"rendered":"SR 10 &#8211; Paolo Fabbri: Rossini. K\u00fcnstler, Mensch und Mythos (Biografie)"},"content":{"rendered":"<p><strong>Anfang Oktober 2019<\/strong> ist der 10. Band der Schriftenreihe (im handlichen Format unserer \u201e<a href=\"https:\/\/www.rossinigesellschaft.de\/de\/produkt-kategorie\/operntexte\/\" target=\"_blank\" rel=\"noopener noreferrer\">Operntext<\/a>\u201c-Reihe) erschienen: Eine kurze, auf dem neuesten Stand der Wissenschaft stehende Biografie Rossinis, die auch viele seiner Werke beschreibt und sein Schaffen in stilistischer und \u00e4sthetischer Hinsicht einordnet \u2013 unsere Leseempfehlung f\u00fcr alle, die Rossini in einer \u00fcber\u00adschaubaren Monografie kennenlernen oder neu entdecken m\u00f6chten! Der Text ist 2018 auf Italienisch im Rahmen des Prachtbandes <em>Rossini. L\u2019artista, l\u2019uomo, il mito<\/em> des Turiner Enzyklop\u00e4dieverlags <a href=\"https:\/\/utetgrandiopere.it\/prodotto\/rossini-lartista-luomo-il-mito\/\" target=\"_blank\" rel=\"noopener noreferrer\">UTET<\/a> erschienen, ein 400-seitiger, in Leder gebundener Bildband. Mit der deutschen Fassung in der vom <a href=\"http:\/\/www.seps.it\/en\/links-primari\/mission\" target=\"_blank\" rel=\"noopener noreferrer\">SEPS<\/a> gef\u00f6rderten \u00dcbersetzungn von Marcus K\u00f6hler (Lamacchia: <a href=\"https:\/\/www.rossinigesellschaft.de\/de\/produkt\/sr-07-saverio-lamacchia-der-wahre-figaro-oder-das-falsche-faktotum\/\" target=\"_blank\" rel=\"noopener noreferrer\"><em>Der wahre Figaro<\/em><\/a>; Zedda: <a href=\"https:\/\/www.rossinigesellschaft.de\/soc\/publ\/schriften.html#band08\" target=\"_blank\" rel=\"noopener noreferrer\"><em>Rossini-Streifz\u00fcge<\/em><\/a>) erm\u00f6glichen wir, dass der wertvolle Beitrag unseres wissenschaftlichen Beirats Paolo Fabbri auch dem deutschen Sprachraum zug\u00e4mglich gemacht wird. Mit f\u00fcnf Rossini-Portr\u00e4ts.<\/p>\n<p>Besprechungen:<br \/>\n<a href=\"http:\/\/www.omm.de\/feuilleton\/DRG-fabri-rossini.html\" target=\"_blank\" rel=\"noopener noreferrer\">http:\/\/www.omm.de\/feuilleton\/DRG-fabri-rossini.html<\/a><br \/>\n<a href=\"https:\/\/onlinemerker.com\/rossini-kuenstler-mensch-und-mythos-paolo-fabbri\/\" target=\"_blank\" rel=\"noopener noreferrer\">https:\/\/onlinemerker.com\/rossini-kuenstler-mensch-und-mythos-paolo-fabbri\/<\/a><\/p>\n<p>&nbsp;<\/p>\n","protected":false},"excerpt":{"rendered":"<p><b>Paolo Fabbri: Rossini. K\u00fcnstler, Mensch und Mythos<br \/>\n\u00dcbersetzung von Marcus K\u00f6hler.<br \/>\n<\/b><i>ISBN 978-3-96023-279-7 | <\/i><i>Leipzig 2019, 202 Seiten, 12&#215;19 cm, broschiert<\/i><\/p>\n","protected":false},"featured_media":666,"template":"","meta":[],"product_brand":[],"product_cat":[22],"product_tag":[],"class_list":{"0":"post-665","1":"product","2":"type-product","3":"status-publish","4":"has-post-thumbnail","6":"product_cat-schriftenreihe","7":"product_shipping_class-buch500","9":"first","10":"instock","11":"shipping-taxable","12":"purchasable","13":"product-type-simple"},"yoast_head":"<!-- This site is optimized with the Yoast SEO plugin v27.4 - https:\/\/yoast.com\/product\/yoast-seo-wordpress\/ -->\n<title>SR 10 - Paolo Fabbri: Rossini. K\u00fcnstler, Mensch und Mythos (Biografie) - Deutsche Rossini Gesellschaft<\/title>\n<meta name=\"robots\" content=\"index, follow, max-snippet:-1, max-image-preview:large, max-video-preview:-1\" \/>\n<link rel=\"canonical\" href=\"https:\/\/www.rossinigesellschaft.de\/de\/produkt\/sr-10-rossini\/\" \/>\n<meta property=\"og:locale\" content=\"de_DE\" \/>\n<meta property=\"og:type\" content=\"article\" \/>\n<meta property=\"og:title\" content=\"SR 10 - Paolo Fabbri: Rossini. K\u00fcnstler, Mensch und Mythos (Biografie) - Deutsche Rossini Gesellschaft\" \/>\n<meta property=\"og:description\" content=\"Paolo Fabbri: Rossini. K\u00fcnstler, Mensch und Mythos \u00dcbersetzung von Marcus K\u00f6hler. ISBN 978-3-96023-279-7 | Leipzig 2019, 202 Seiten, 12x19 cm, broschiert\" \/>\n<meta property=\"og:url\" content=\"https:\/\/www.rossinigesellschaft.de\/de\/produkt\/sr-10-rossini\/\" \/>\n<meta property=\"og:site_name\" content=\"Deutsche Rossini Gesellschaft\" \/>\n<meta property=\"article:modified_time\" content=\"2020-08-13T09:11:55+00:00\" \/>\n<meta property=\"og:image\" content=\"https:\/\/www.rossinigesellschaft.de\/de\/wp-content\/uploads\/2019\/09\/SR10_Fabbri-Rossini_Vorderseite.jpg\" \/>\n\t<meta property=\"og:image:width\" content=\"1408\" \/>\n\t<meta property=\"og:image:height\" content=\"2244\" \/>\n\t<meta property=\"og:image:type\" content=\"image\/jpeg\" \/>\n<meta name=\"twitter:card\" content=\"summary_large_image\" \/>\n<meta name=\"twitter:label1\" content=\"Gesch\u00e4tzte Lesezeit\" \/>\n\t<meta name=\"twitter:data1\" content=\"1\u00a0Minute\" \/>\n<script type=\"application\/ld+json\" class=\"yoast-schema-graph\">{\"@context\":\"https:\\\/\\\/schema.org\",\"@graph\":[{\"@type\":\"WebPage\",\"@id\":\"https:\\\/\\\/www.rossinigesellschaft.de\\\/de\\\/produkt\\\/sr-10-rossini\\\/\",\"url\":\"https:\\\/\\\/www.rossinigesellschaft.de\\\/de\\\/produkt\\\/sr-10-rossini\\\/\",\"name\":\"SR 10 - Paolo Fabbri: Rossini. K\u00fcnstler, Mensch und Mythos (Biografie) - Deutsche Rossini Gesellschaft\",\"isPartOf\":{\"@id\":\"https:\\\/\\\/www.rossinigesellschaft.de\\\/de\\\/#website\"},\"primaryImageOfPage\":{\"@id\":\"https:\\\/\\\/www.rossinigesellschaft.de\\\/de\\\/produkt\\\/sr-10-rossini\\\/#primaryimage\"},\"image\":{\"@id\":\"https:\\\/\\\/www.rossinigesellschaft.de\\\/de\\\/produkt\\\/sr-10-rossini\\\/#primaryimage\"},\"thumbnailUrl\":\"https:\\\/\\\/www.rossinigesellschaft.de\\\/de\\\/wp-content\\\/uploads\\\/2019\\\/09\\\/SR10_Fabbri-Rossini_Vorderseite.jpg\",\"datePublished\":\"2019-09-16T08:54:13+00:00\",\"dateModified\":\"2020-08-13T09:11:55+00:00\",\"breadcrumb\":{\"@id\":\"https:\\\/\\\/www.rossinigesellschaft.de\\\/de\\\/produkt\\\/sr-10-rossini\\\/#breadcrumb\"},\"inLanguage\":\"de\",\"potentialAction\":[{\"@type\":\"ReadAction\",\"target\":[\"https:\\\/\\\/www.rossinigesellschaft.de\\\/de\\\/produkt\\\/sr-10-rossini\\\/\"]}]},{\"@type\":\"ImageObject\",\"inLanguage\":\"de\",\"@id\":\"https:\\\/\\\/www.rossinigesellschaft.de\\\/de\\\/produkt\\\/sr-10-rossini\\\/#primaryimage\",\"url\":\"https:\\\/\\\/www.rossinigesellschaft.de\\\/de\\\/wp-content\\\/uploads\\\/2019\\\/09\\\/SR10_Fabbri-Rossini_Vorderseite.jpg\",\"contentUrl\":\"https:\\\/\\\/www.rossinigesellschaft.de\\\/de\\\/wp-content\\\/uploads\\\/2019\\\/09\\\/SR10_Fabbri-Rossini_Vorderseite.jpg\",\"width\":1408,\"height\":2244},{\"@type\":\"BreadcrumbList\",\"@id\":\"https:\\\/\\\/www.rossinigesellschaft.de\\\/de\\\/produkt\\\/sr-10-rossini\\\/#breadcrumb\",\"itemListElement\":[{\"@type\":\"ListItem\",\"position\":1,\"name\":\"Startseite\",\"item\":\"https:\\\/\\\/www.rossinigesellschaft.de\\\/de\\\/\"},{\"@type\":\"ListItem\",\"position\":2,\"name\":\"Alle Produkte\",\"item\":\"https:\\\/\\\/www.rossinigesellschaft.de\\\/de\\\/alle-produkte\\\/\"},{\"@type\":\"ListItem\",\"position\":3,\"name\":\"SR 10 &#8211; Paolo Fabbri: Rossini. K\u00fcnstler, Mensch und Mythos (Biografie)\"}]},{\"@type\":\"WebSite\",\"@id\":\"https:\\\/\\\/www.rossinigesellschaft.de\\\/de\\\/#website\",\"url\":\"https:\\\/\\\/www.rossinigesellschaft.de\\\/de\\\/\",\"name\":\"Deutsche Rossini Gesellschaft\",\"description\":\"\",\"publisher\":{\"@id\":\"https:\\\/\\\/www.rossinigesellschaft.de\\\/de\\\/#organization\"},\"potentialAction\":[{\"@type\":\"SearchAction\",\"target\":{\"@type\":\"EntryPoint\",\"urlTemplate\":\"https:\\\/\\\/www.rossinigesellschaft.de\\\/de\\\/?s={search_term_string}\"},\"query-input\":{\"@type\":\"PropertyValueSpecification\",\"valueRequired\":true,\"valueName\":\"search_term_string\"}}],\"inLanguage\":\"de\"},{\"@type\":\"Organization\",\"@id\":\"https:\\\/\\\/www.rossinigesellschaft.de\\\/de\\\/#organization\",\"name\":\"Deutsche Rossini Gesellschaft\",\"url\":\"https:\\\/\\\/www.rossinigesellschaft.de\\\/de\\\/\",\"logo\":{\"@type\":\"ImageObject\",\"inLanguage\":\"de\",\"@id\":\"https:\\\/\\\/www.rossinigesellschaft.de\\\/de\\\/#\\\/schema\\\/logo\\\/image\\\/\",\"url\":\"https:\\\/\\\/www.rossinigesellschaft.de\\\/de\\\/wp-content\\\/uploads\\\/2019\\\/02\\\/logo-transparent.png\",\"contentUrl\":\"https:\\\/\\\/www.rossinigesellschaft.de\\\/de\\\/wp-content\\\/uploads\\\/2019\\\/02\\\/logo-transparent.png\",\"width\":200,\"height\":86,\"caption\":\"Deutsche Rossini Gesellschaft\"},\"image\":{\"@id\":\"https:\\\/\\\/www.rossinigesellschaft.de\\\/de\\\/#\\\/schema\\\/logo\\\/image\\\/\"}}]}<\/script>\n<!-- \/ Yoast SEO plugin. -->","yoast_head_json":{"title":"SR 10 - Paolo Fabbri: Rossini. K\u00fcnstler, Mensch und Mythos (Biografie) - Deutsche Rossini Gesellschaft","robots":{"index":"index","follow":"follow","max-snippet":"max-snippet:-1","max-image-preview":"max-image-preview:large","max-video-preview":"max-video-preview:-1"},"canonical":"https:\/\/www.rossinigesellschaft.de\/de\/produkt\/sr-10-rossini\/","og_locale":"de_DE","og_type":"article","og_title":"SR 10 - Paolo Fabbri: Rossini. K\u00fcnstler, Mensch und Mythos (Biografie) - Deutsche Rossini Gesellschaft","og_description":"Paolo Fabbri: Rossini. K\u00fcnstler, Mensch und Mythos \u00dcbersetzung von Marcus K\u00f6hler. ISBN 978-3-96023-279-7 | Leipzig 2019, 202 Seiten, 12x19 cm, broschiert","og_url":"https:\/\/www.rossinigesellschaft.de\/de\/produkt\/sr-10-rossini\/","og_site_name":"Deutsche Rossini Gesellschaft","article_modified_time":"2020-08-13T09:11:55+00:00","og_image":[{"width":1408,"height":2244,"url":"https:\/\/www.rossinigesellschaft.de\/de\/wp-content\/uploads\/2019\/09\/SR10_Fabbri-Rossini_Vorderseite.jpg","type":"image\/jpeg"}],"twitter_card":"summary_large_image","twitter_misc":{"Gesch\u00e4tzte Lesezeit":"1\u00a0Minute"},"schema":{"@context":"https:\/\/schema.org","@graph":[{"@type":"WebPage","@id":"https:\/\/www.rossinigesellschaft.de\/de\/produkt\/sr-10-rossini\/","url":"https:\/\/www.rossinigesellschaft.de\/de\/produkt\/sr-10-rossini\/","name":"SR 10 - Paolo Fabbri: Rossini. K\u00fcnstler, Mensch und Mythos (Biografie) - Deutsche Rossini Gesellschaft","isPartOf":{"@id":"https:\/\/www.rossinigesellschaft.de\/de\/#website"},"primaryImageOfPage":{"@id":"https:\/\/www.rossinigesellschaft.de\/de\/produkt\/sr-10-rossini\/#primaryimage"},"image":{"@id":"https:\/\/www.rossinigesellschaft.de\/de\/produkt\/sr-10-rossini\/#primaryimage"},"thumbnailUrl":"https:\/\/www.rossinigesellschaft.de\/de\/wp-content\/uploads\/2019\/09\/SR10_Fabbri-Rossini_Vorderseite.jpg","datePublished":"2019-09-16T08:54:13+00:00","dateModified":"2020-08-13T09:11:55+00:00","breadcrumb":{"@id":"https:\/\/www.rossinigesellschaft.de\/de\/produkt\/sr-10-rossini\/#breadcrumb"},"inLanguage":"de","potentialAction":[{"@type":"ReadAction","target":["https:\/\/www.rossinigesellschaft.de\/de\/produkt\/sr-10-rossini\/"]}]},{"@type":"ImageObject","inLanguage":"de","@id":"https:\/\/www.rossinigesellschaft.de\/de\/produkt\/sr-10-rossini\/#primaryimage","url":"https:\/\/www.rossinigesellschaft.de\/de\/wp-content\/uploads\/2019\/09\/SR10_Fabbri-Rossini_Vorderseite.jpg","contentUrl":"https:\/\/www.rossinigesellschaft.de\/de\/wp-content\/uploads\/2019\/09\/SR10_Fabbri-Rossini_Vorderseite.jpg","width":1408,"height":2244},{"@type":"BreadcrumbList","@id":"https:\/\/www.rossinigesellschaft.de\/de\/produkt\/sr-10-rossini\/#breadcrumb","itemListElement":[{"@type":"ListItem","position":1,"name":"Startseite","item":"https:\/\/www.rossinigesellschaft.de\/de\/"},{"@type":"ListItem","position":2,"name":"Alle Produkte","item":"https:\/\/www.rossinigesellschaft.de\/de\/alle-produkte\/"},{"@type":"ListItem","position":3,"name":"SR 10 &#8211; Paolo Fabbri: Rossini. K\u00fcnstler, Mensch und Mythos (Biografie)"}]},{"@type":"WebSite","@id":"https:\/\/www.rossinigesellschaft.de\/de\/#website","url":"https:\/\/www.rossinigesellschaft.de\/de\/","name":"Deutsche Rossini Gesellschaft","description":"","publisher":{"@id":"https:\/\/www.rossinigesellschaft.de\/de\/#organization"},"potentialAction":[{"@type":"SearchAction","target":{"@type":"EntryPoint","urlTemplate":"https:\/\/www.rossinigesellschaft.de\/de\/?s={search_term_string}"},"query-input":{"@type":"PropertyValueSpecification","valueRequired":true,"valueName":"search_term_string"}}],"inLanguage":"de"},{"@type":"Organization","@id":"https:\/\/www.rossinigesellschaft.de\/de\/#organization","name":"Deutsche Rossini Gesellschaft","url":"https:\/\/www.rossinigesellschaft.de\/de\/","logo":{"@type":"ImageObject","inLanguage":"de","@id":"https:\/\/www.rossinigesellschaft.de\/de\/#\/schema\/logo\/image\/","url":"https:\/\/www.rossinigesellschaft.de\/de\/wp-content\/uploads\/2019\/02\/logo-transparent.png","contentUrl":"https:\/\/www.rossinigesellschaft.de\/de\/wp-content\/uploads\/2019\/02\/logo-transparent.png","width":200,"height":86,"caption":"Deutsche Rossini Gesellschaft"},"image":{"@id":"https:\/\/www.rossinigesellschaft.de\/de\/#\/schema\/logo\/image\/"}}]}},"_links":{"self":[{"href":"https:\/\/www.rossinigesellschaft.de\/de\/wp-json\/wp\/v2\/product\/665","targetHints":{"allow":["GET"]}}],"collection":[{"href":"https:\/\/www.rossinigesellschaft.de\/de\/wp-json\/wp\/v2\/product"}],"about":[{"href":"https:\/\/www.rossinigesellschaft.de\/de\/wp-json\/wp\/v2\/types\/product"}],"wp:featuredmedia":[{"embeddable":true,"href":"https:\/\/www.rossinigesellschaft.de\/de\/wp-json\/wp\/v2\/media\/666"}],"wp:attachment":[{"href":"https:\/\/www.rossinigesellschaft.de\/de\/wp-json\/wp\/v2\/media?parent=665"}],"wp:term":[{"taxonomy":"product_brand","embeddable":true,"href":"https:\/\/www.rossinigesellschaft.de\/de\/wp-json\/wp\/v2\/product_brand?post=665"},{"taxonomy":"product_cat","embeddable":true,"href":"https:\/\/www.rossinigesellschaft.de\/de\/wp-json\/wp\/v2\/product_cat?post=665"},{"taxonomy":"product_tag","embeddable":true,"href":"https:\/\/www.rossinigesellschaft.de\/de\/wp-json\/wp\/v2\/product_tag?post=665"}],"curies":[{"name":"wp","href":"https:\/\/api.w.org\/{rel}","templated":true}]}}