{"id":553,"date":"2019-06-13T22:45:59","date_gmt":"2019-06-13T20:45:59","guid":{"rendered":"http:\/\/neu.rossinigesellschaft.de\/de\/?post_type=product&#038;p=553"},"modified":"2025-02-06T21:20:24","modified_gmt":"2025-02-06T20:20:24","slug":"ot-10-tancredi","status":"publish","type":"product","link":"https:\/\/www.rossinigesellschaft.de\/de\/produkt\/ot-10-tancredi\/","title":{"rendered":"OT 10 &#8211; Tancredi"},"content":{"rendered":"<p align=\"left\">In dem 1005 von den Mauren unter Solamir bedrohten Syrakus verb\u00fcnden sich die bislang verfeindeten Familien. <strong>Argirio<\/strong> verspricht seinem einstigen Gegner <strong>Orbazzano<\/strong> die Hand seiner Tochter <strong>Amenaide<\/strong>, die auch Solamir als Friedenspfand verlangt. Deren Vertraute <strong>Isaura<\/strong> wei\u00df um ihre Liebe zu dem verbannten <strong>Tankred<\/strong>, dessen Rache man f\u00fcrchtet. Ihm und allen Verr\u00e4tern droht die Todesstrafe. Tankred ist mit seinem Vertrauten <strong>Roggiero<\/strong> inzwischen inkognito in Syrakus eingetroffen und sehnt sich nach Amenaide. Ein Brief, in dem sie Tankred zur Herrschaft \u00fcber ihr Herz und die Stadt aufforderte, wird abgefangen und als Botschaft an Solamir missverstanden. Sie nimmt das Todesurteil auf sich, um den ge\u00e4chteten Geliebten nicht zu verraten. Dieser rettet sie in einem Gottesurteil im Duell gegen Orbazzano, obwohl auch er sie f\u00fcr schuldig h\u00e4lt. Erst zuletzt erkennt er ihre Unschuld. Beim gl\u00fccklichen Ende triumphiert die Liebe, w\u00e4hrend in der tragischen Fassung der verwundete Tankred bei der Trauung mit Amenaide sein Leben aushaucht.<\/p>\n<p><em>Tancredi<\/em>, 1813 f\u00fcr das Gran Teatro La Fenice in Venedig komponiert, ist der erste gro\u00dfe Erfolg einer ernsten Oper von Rossini, der sich bereits mit komischen Opern einen Namen gemacht hatte. In der Fassung f\u00fcr Ferrara ersetzte der Komponist das konventionelle gl\u00fcckliche Ende durch eine experimentelle, sehr realistische Sterbeszene. Eine dritte Fassung f\u00fcr Mailand kombinierte neue und bisherige Elemente und stellte das Happy End wieder her. Hierauf basierte der Siegeszug von <em>Tancredi<\/em> und seinem ber\u00fchmten \u201eDi tanti palpiti\u201c, die das Rossini-Fieber alsbald \u00fcberall entfachten. In dieser Ausgabe der Reihe Operntexte ist der vollst\u00e4ndige Wortlaut dieser drei Fassungen abgedruckt und \u00fcbersetzt.<\/p>\n","protected":false},"excerpt":{"rendered":"<p><b>Gioachino Rossini: <em>Tancredi \/ Tankred<\/em><\/b><br \/>\nText von Gaetano Rossi. Libretto Italienisch\/Deutsch, \u00fcbersetzt und herausgegeben von Reto M\u00fcller.<br \/>\n<i>ISBN 978-3-96023-266-7 | Leipzig 2019, 226 Seiten, 12&#215;19 cm, Klebebindung<\/i><\/p>\n","protected":false},"featured_media":554,"template":"","meta":[],"product_brand":[],"product_cat":[20],"product_tag":[],"class_list":{"0":"post-553","1":"product","2":"type-product","3":"status-publish","4":"has-post-thumbnail","6":"product_cat-operntexte","7":"product_shipping_class-brief","9":"first","10":"instock","11":"shipping-taxable","12":"purchasable","13":"product-type-simple"},"yoast_head":"<!-- This site is optimized with the Yoast SEO plugin v27.6 - https:\/\/yoast.com\/product\/yoast-seo-wordpress\/ -->\n<title>OT 10 - Tancredi - Deutsche Rossini Gesellschaft<\/title>\n<meta name=\"robots\" content=\"index, follow, max-snippet:-1, max-image-preview:large, max-video-preview:-1\" \/>\n<link rel=\"canonical\" href=\"https:\/\/www.rossinigesellschaft.de\/de\/produkt\/ot-10-tancredi\/\" \/>\n<meta property=\"og:locale\" content=\"de_DE\" \/>\n<meta property=\"og:type\" content=\"article\" \/>\n<meta property=\"og:title\" content=\"OT 10 - Tancredi - Deutsche Rossini Gesellschaft\" \/>\n<meta property=\"og:description\" content=\"Gioachino Rossini: Tancredi \/ Tankred Text von Gaetano Rossi. Libretto Italienisch\/Deutsch, \u00fcbersetzt und herausgegeben von Reto M\u00fcller. ISBN 978-3-96023-266-7 | Leipzig 2019, 226 Seiten, 12x19 cm, Klebebindung\" \/>\n<meta property=\"og:url\" content=\"https:\/\/www.rossinigesellschaft.de\/de\/produkt\/ot-10-tancredi\/\" \/>\n<meta property=\"og:site_name\" content=\"Deutsche Rossini Gesellschaft\" \/>\n<meta property=\"article:modified_time\" content=\"2025-02-06T20:20:24+00:00\" \/>\n<meta property=\"og:image\" content=\"https:\/\/www.rossinigesellschaft.de\/de\/wp-content\/uploads\/2019\/06\/Trebbi_10_Tancredi-11mm.jpg\" \/>\n\t<meta property=\"og:image:width\" content=\"1419\" \/>\n\t<meta property=\"og:image:height\" content=\"2238\" \/>\n\t<meta property=\"og:image:type\" content=\"image\/jpeg\" \/>\n<meta name=\"twitter:card\" content=\"summary_large_image\" \/>\n<meta name=\"twitter:label1\" content=\"Gesch\u00e4tzte Lesezeit\" \/>\n\t<meta name=\"twitter:data1\" content=\"2\u00a0Minuten\" \/>\n<script type=\"application\/ld+json\" class=\"yoast-schema-graph\">{\"@context\":\"https:\\\/\\\/schema.org\",\"@graph\":[{\"@type\":\"WebPage\",\"@id\":\"https:\\\/\\\/www.rossinigesellschaft.de\\\/de\\\/produkt\\\/ot-10-tancredi\\\/\",\"url\":\"https:\\\/\\\/www.rossinigesellschaft.de\\\/de\\\/produkt\\\/ot-10-tancredi\\\/\",\"name\":\"OT 10 - Tancredi - Deutsche Rossini Gesellschaft\",\"isPartOf\":{\"@id\":\"https:\\\/\\\/www.rossinigesellschaft.de\\\/de\\\/#website\"},\"primaryImageOfPage\":{\"@id\":\"https:\\\/\\\/www.rossinigesellschaft.de\\\/de\\\/produkt\\\/ot-10-tancredi\\\/#primaryimage\"},\"image\":{\"@id\":\"https:\\\/\\\/www.rossinigesellschaft.de\\\/de\\\/produkt\\\/ot-10-tancredi\\\/#primaryimage\"},\"thumbnailUrl\":\"https:\\\/\\\/www.rossinigesellschaft.de\\\/de\\\/wp-content\\\/uploads\\\/2019\\\/06\\\/Trebbi_10_Tancredi-11mm.jpg\",\"datePublished\":\"2019-06-13T20:45:59+00:00\",\"dateModified\":\"2025-02-06T20:20:24+00:00\",\"breadcrumb\":{\"@id\":\"https:\\\/\\\/www.rossinigesellschaft.de\\\/de\\\/produkt\\\/ot-10-tancredi\\\/#breadcrumb\"},\"inLanguage\":\"de\",\"potentialAction\":[{\"@type\":\"ReadAction\",\"target\":[\"https:\\\/\\\/www.rossinigesellschaft.de\\\/de\\\/produkt\\\/ot-10-tancredi\\\/\"]}]},{\"@type\":\"ImageObject\",\"inLanguage\":\"de\",\"@id\":\"https:\\\/\\\/www.rossinigesellschaft.de\\\/de\\\/produkt\\\/ot-10-tancredi\\\/#primaryimage\",\"url\":\"https:\\\/\\\/www.rossinigesellschaft.de\\\/de\\\/wp-content\\\/uploads\\\/2019\\\/06\\\/Trebbi_10_Tancredi-11mm.jpg\",\"contentUrl\":\"https:\\\/\\\/www.rossinigesellschaft.de\\\/de\\\/wp-content\\\/uploads\\\/2019\\\/06\\\/Trebbi_10_Tancredi-11mm.jpg\",\"width\":1419,\"height\":2238},{\"@type\":\"BreadcrumbList\",\"@id\":\"https:\\\/\\\/www.rossinigesellschaft.de\\\/de\\\/produkt\\\/ot-10-tancredi\\\/#breadcrumb\",\"itemListElement\":[{\"@type\":\"ListItem\",\"position\":1,\"name\":\"Startseite\",\"item\":\"https:\\\/\\\/www.rossinigesellschaft.de\\\/de\\\/\"},{\"@type\":\"ListItem\",\"position\":2,\"name\":\"Alle Produkte\",\"item\":\"https:\\\/\\\/www.rossinigesellschaft.de\\\/de\\\/alle-produkte\\\/\"},{\"@type\":\"ListItem\",\"position\":3,\"name\":\"OT 10 &#8211; Tancredi\"}]},{\"@type\":\"WebSite\",\"@id\":\"https:\\\/\\\/www.rossinigesellschaft.de\\\/de\\\/#website\",\"url\":\"https:\\\/\\\/www.rossinigesellschaft.de\\\/de\\\/\",\"name\":\"Deutsche Rossini Gesellschaft\",\"description\":\"\",\"publisher\":{\"@id\":\"https:\\\/\\\/www.rossinigesellschaft.de\\\/de\\\/#organization\"},\"potentialAction\":[{\"@type\":\"SearchAction\",\"target\":{\"@type\":\"EntryPoint\",\"urlTemplate\":\"https:\\\/\\\/www.rossinigesellschaft.de\\\/de\\\/?s={search_term_string}\"},\"query-input\":{\"@type\":\"PropertyValueSpecification\",\"valueRequired\":true,\"valueName\":\"search_term_string\"}}],\"inLanguage\":\"de\"},{\"@type\":\"Organization\",\"@id\":\"https:\\\/\\\/www.rossinigesellschaft.de\\\/de\\\/#organization\",\"name\":\"Deutsche Rossini Gesellschaft\",\"url\":\"https:\\\/\\\/www.rossinigesellschaft.de\\\/de\\\/\",\"logo\":{\"@type\":\"ImageObject\",\"inLanguage\":\"de\",\"@id\":\"https:\\\/\\\/www.rossinigesellschaft.de\\\/de\\\/#\\\/schema\\\/logo\\\/image\\\/\",\"url\":\"https:\\\/\\\/www.rossinigesellschaft.de\\\/de\\\/wp-content\\\/uploads\\\/2019\\\/02\\\/logo-transparent.png\",\"contentUrl\":\"https:\\\/\\\/www.rossinigesellschaft.de\\\/de\\\/wp-content\\\/uploads\\\/2019\\\/02\\\/logo-transparent.png\",\"width\":200,\"height\":86,\"caption\":\"Deutsche Rossini Gesellschaft\"},\"image\":{\"@id\":\"https:\\\/\\\/www.rossinigesellschaft.de\\\/de\\\/#\\\/schema\\\/logo\\\/image\\\/\"}}]}<\/script>\n<!-- \/ Yoast SEO plugin. -->","yoast_head_json":{"title":"OT 10 - Tancredi - Deutsche Rossini Gesellschaft","robots":{"index":"index","follow":"follow","max-snippet":"max-snippet:-1","max-image-preview":"max-image-preview:large","max-video-preview":"max-video-preview:-1"},"canonical":"https:\/\/www.rossinigesellschaft.de\/de\/produkt\/ot-10-tancredi\/","og_locale":"de_DE","og_type":"article","og_title":"OT 10 - Tancredi - Deutsche Rossini Gesellschaft","og_description":"Gioachino Rossini: Tancredi \/ Tankred Text von Gaetano Rossi. Libretto Italienisch\/Deutsch, \u00fcbersetzt und herausgegeben von Reto M\u00fcller. ISBN 978-3-96023-266-7 | Leipzig 2019, 226 Seiten, 12x19 cm, Klebebindung","og_url":"https:\/\/www.rossinigesellschaft.de\/de\/produkt\/ot-10-tancredi\/","og_site_name":"Deutsche Rossini Gesellschaft","article_modified_time":"2025-02-06T20:20:24+00:00","og_image":[{"width":1419,"height":2238,"url":"https:\/\/www.rossinigesellschaft.de\/de\/wp-content\/uploads\/2019\/06\/Trebbi_10_Tancredi-11mm.jpg","type":"image\/jpeg"}],"twitter_card":"summary_large_image","twitter_misc":{"Gesch\u00e4tzte Lesezeit":"2\u00a0Minuten"},"schema":{"@context":"https:\/\/schema.org","@graph":[{"@type":"WebPage","@id":"https:\/\/www.rossinigesellschaft.de\/de\/produkt\/ot-10-tancredi\/","url":"https:\/\/www.rossinigesellschaft.de\/de\/produkt\/ot-10-tancredi\/","name":"OT 10 - Tancredi - Deutsche Rossini Gesellschaft","isPartOf":{"@id":"https:\/\/www.rossinigesellschaft.de\/de\/#website"},"primaryImageOfPage":{"@id":"https:\/\/www.rossinigesellschaft.de\/de\/produkt\/ot-10-tancredi\/#primaryimage"},"image":{"@id":"https:\/\/www.rossinigesellschaft.de\/de\/produkt\/ot-10-tancredi\/#primaryimage"},"thumbnailUrl":"https:\/\/www.rossinigesellschaft.de\/de\/wp-content\/uploads\/2019\/06\/Trebbi_10_Tancredi-11mm.jpg","datePublished":"2019-06-13T20:45:59+00:00","dateModified":"2025-02-06T20:20:24+00:00","breadcrumb":{"@id":"https:\/\/www.rossinigesellschaft.de\/de\/produkt\/ot-10-tancredi\/#breadcrumb"},"inLanguage":"de","potentialAction":[{"@type":"ReadAction","target":["https:\/\/www.rossinigesellschaft.de\/de\/produkt\/ot-10-tancredi\/"]}]},{"@type":"ImageObject","inLanguage":"de","@id":"https:\/\/www.rossinigesellschaft.de\/de\/produkt\/ot-10-tancredi\/#primaryimage","url":"https:\/\/www.rossinigesellschaft.de\/de\/wp-content\/uploads\/2019\/06\/Trebbi_10_Tancredi-11mm.jpg","contentUrl":"https:\/\/www.rossinigesellschaft.de\/de\/wp-content\/uploads\/2019\/06\/Trebbi_10_Tancredi-11mm.jpg","width":1419,"height":2238},{"@type":"BreadcrumbList","@id":"https:\/\/www.rossinigesellschaft.de\/de\/produkt\/ot-10-tancredi\/#breadcrumb","itemListElement":[{"@type":"ListItem","position":1,"name":"Startseite","item":"https:\/\/www.rossinigesellschaft.de\/de\/"},{"@type":"ListItem","position":2,"name":"Alle Produkte","item":"https:\/\/www.rossinigesellschaft.de\/de\/alle-produkte\/"},{"@type":"ListItem","position":3,"name":"OT 10 &#8211; Tancredi"}]},{"@type":"WebSite","@id":"https:\/\/www.rossinigesellschaft.de\/de\/#website","url":"https:\/\/www.rossinigesellschaft.de\/de\/","name":"Deutsche Rossini Gesellschaft","description":"","publisher":{"@id":"https:\/\/www.rossinigesellschaft.de\/de\/#organization"},"potentialAction":[{"@type":"SearchAction","target":{"@type":"EntryPoint","urlTemplate":"https:\/\/www.rossinigesellschaft.de\/de\/?s={search_term_string}"},"query-input":{"@type":"PropertyValueSpecification","valueRequired":true,"valueName":"search_term_string"}}],"inLanguage":"de"},{"@type":"Organization","@id":"https:\/\/www.rossinigesellschaft.de\/de\/#organization","name":"Deutsche Rossini Gesellschaft","url":"https:\/\/www.rossinigesellschaft.de\/de\/","logo":{"@type":"ImageObject","inLanguage":"de","@id":"https:\/\/www.rossinigesellschaft.de\/de\/#\/schema\/logo\/image\/","url":"https:\/\/www.rossinigesellschaft.de\/de\/wp-content\/uploads\/2019\/02\/logo-transparent.png","contentUrl":"https:\/\/www.rossinigesellschaft.de\/de\/wp-content\/uploads\/2019\/02\/logo-transparent.png","width":200,"height":86,"caption":"Deutsche Rossini Gesellschaft"},"image":{"@id":"https:\/\/www.rossinigesellschaft.de\/de\/#\/schema\/logo\/image\/"}}]}},"_links":{"self":[{"href":"https:\/\/www.rossinigesellschaft.de\/de\/wp-json\/wp\/v2\/product\/553","targetHints":{"allow":["GET"]}}],"collection":[{"href":"https:\/\/www.rossinigesellschaft.de\/de\/wp-json\/wp\/v2\/product"}],"about":[{"href":"https:\/\/www.rossinigesellschaft.de\/de\/wp-json\/wp\/v2\/types\/product"}],"wp:featuredmedia":[{"embeddable":true,"href":"https:\/\/www.rossinigesellschaft.de\/de\/wp-json\/wp\/v2\/media\/554"}],"wp:attachment":[{"href":"https:\/\/www.rossinigesellschaft.de\/de\/wp-json\/wp\/v2\/media?parent=553"}],"wp:term":[{"taxonomy":"product_brand","embeddable":true,"href":"https:\/\/www.rossinigesellschaft.de\/de\/wp-json\/wp\/v2\/product_brand?post=553"},{"taxonomy":"product_cat","embeddable":true,"href":"https:\/\/www.rossinigesellschaft.de\/de\/wp-json\/wp\/v2\/product_cat?post=553"},{"taxonomy":"product_tag","embeddable":true,"href":"https:\/\/www.rossinigesellschaft.de\/de\/wp-json\/wp\/v2\/product_tag?post=553"}],"curies":[{"name":"wp","href":"https:\/\/api.w.org\/{rel}","templated":true}]}}