{"id":373,"date":"2019-03-27T23:21:53","date_gmt":"2019-03-27T22:21:53","guid":{"rendered":"http:\/\/neu.rossinigesellschaft.de\/de\/?post_type=product&#038;p=373"},"modified":"2019-08-27T18:12:48","modified_gmt":"2019-08-27T16:12:48","slug":"sr-07-saverio-lamacchia-der-wahre-figaro-oder-das-falsche-faktotum","status":"publish","type":"product","link":"https:\/\/www.rossinigesellschaft.de\/de\/produkt\/sr-07-saverio-lamacchia-der-wahre-figaro-oder-das-falsche-faktotum\/","title":{"rendered":"SR 07 &#8211; Saverio Lamacchia: Der wahre Figaro oder das falsche Faktotum"},"content":{"rendered":"<p align=\"center\"><b>Saverio Lamacchia:<br \/>\nDer wahre Figaro oder das falsche Faktotum<br \/>\nNeubewertung des <em>Barbiere di Siviglia<\/em> von Rossini<br \/>\n<\/b>\u00dcbersetzung von Marcus K\u00f6hler &#8211; Unterst\u00fctzung <a href=\"http:\/\/www.seps.it\" target=\"_blank\" rel=\"noopener noreferrer\">SEPS<\/a><br \/>\n<i>ISBN 978-3-86583-395-2 | <\/i><i> Leipzig 2009, 358 Seiten, 14,8&#215;21,0 cm, broschiert<\/i><\/p>\n<p>Jeder Operng\u00e4nger kennt die Geschichte des Barbiers von Sevilla, der ja wohl nicht von ungef\u00e4hr die Titelfigur einer der meistgespielten Opern \u00fcberhaupt ist. Er freut sich \u00fcber den verschmitzten Barbier, der dem etwas d\u00fcmmlichen Tenor zur Erf\u00fcllung seiner Liebe verhilft und gut daran verdient. Wer es nicht im Geldbeutel hat, muss es im Hirn haben. Jeder Opernf\u00fchrer und jedes Programmheft best\u00e4tigen diese Sicht der Dinge. Aber dem aufmerksamen Opernfreund wird doch auch kaum entgangen sein, dass Figaros famose Vorschl\u00e4ge im ersten Finale v\u00f6llig scheitern. Dass \u00fcberhaupt noch etwas Positives f\u00fcr die Verliebten herauskommt, ist der Geistesgegenwart Almavivas zuzuschreiben. Und die Intrige des zweiten Aktes \u2013 stammt sie \u00fcberhaupt vom Barbier, oder vom Grafen selbst? Zuletzt ist es die Macht des gr\u00e4flichen Titels und Geldes, die zum ersehnten Gl\u00fcck f\u00fchrt. Mit einiger Berechtigung k\u00f6nnte die Oper im Untertitel nicht nur \u201eDie unn\u00fctze Vorsicht\u201c hei\u00dfen, sondern auch noch \u201eDie mangelnde Pfiffigkeit\u201c. Im Haupttitel hei\u00dft sie \u00fcbrigens auch nicht so, wie wir es gew\u00f6hnt sind, sondern \u201eAlmaviva\u201c. Falls dem H\u00f6rer dieses alles einmal beim ungetr\u00fcbten Vergn\u00fcgen an dieser Oper in den Sinn gekommen ist, hat er diesen Gedanken schnell verdr\u00e4ngt und sich auf sein gesichertes Wissen zur\u00fcckgezogen, dass der abfaulende Adel ohne das aufstrebende B\u00fcrgertum doch gar nicht bewegen k\u00f6nne. Lamacchia \u00fcberzeugt uns vom Gegenteil, in einer Monographie, die dem Opernfreund eine am\u00fcsante Lekt\u00fcre bietet und zugleich wissenschaftliche Interessen befriedigt. (Pr\u00e4sentation von Bernd-R\u00fcdiger Kern)<\/p>\n","protected":false},"excerpt":{"rendered":"<p><b>Saverio Lamacchia: Der wahre Figaro oder das falsche Faktotum<br \/>\n<\/b><i>ISBN 978-3-86583-395-2 | <\/i><i> Leipzig 2009, 358 Seiten, 14,8&#215;21,0 cm, broschiert<\/i><\/p>\n","protected":false},"featured_media":376,"template":"","meta":[],"product_brand":[],"product_cat":[22],"product_tag":[],"class_list":{"0":"post-373","1":"product","2":"type-product","3":"status-publish","4":"has-post-thumbnail","6":"product_cat-schriftenreihe","7":"product_shipping_class-buch1000","9":"first","10":"instock","11":"shipping-taxable","12":"purchasable","13":"product-type-simple"},"yoast_head":"<!-- This site is optimized with the Yoast SEO plugin v27.5 - https:\/\/yoast.com\/product\/yoast-seo-wordpress\/ -->\n<title>SR 07 - Saverio Lamacchia: Der wahre Figaro oder das falsche Faktotum - Deutsche Rossini Gesellschaft<\/title>\n<meta name=\"robots\" content=\"index, follow, max-snippet:-1, max-image-preview:large, max-video-preview:-1\" \/>\n<link rel=\"canonical\" href=\"https:\/\/www.rossinigesellschaft.de\/de\/produkt\/sr-07-saverio-lamacchia-der-wahre-figaro-oder-das-falsche-faktotum\/\" \/>\n<meta property=\"og:locale\" content=\"de_DE\" \/>\n<meta property=\"og:type\" content=\"article\" \/>\n<meta property=\"og:title\" content=\"SR 07 - Saverio Lamacchia: Der wahre Figaro oder das falsche Faktotum - Deutsche Rossini Gesellschaft\" \/>\n<meta property=\"og:description\" content=\"Saverio Lamacchia: Der wahre Figaro oder das falsche Faktotum ISBN 978-3-86583-395-2 | Leipzig 2009, 358 Seiten, 14,8x21,0 cm, broschiert\" \/>\n<meta property=\"og:url\" content=\"https:\/\/www.rossinigesellschaft.de\/de\/produkt\/sr-07-saverio-lamacchia-der-wahre-figaro-oder-das-falsche-faktotum\/\" \/>\n<meta property=\"og:site_name\" content=\"Deutsche Rossini Gesellschaft\" \/>\n<meta property=\"article:modified_time\" content=\"2019-08-27T16:12:48+00:00\" \/>\n<meta property=\"og:image\" content=\"https:\/\/www.rossinigesellschaft.de\/de\/wp-content\/uploads\/2019\/03\/SR07_Figaro-1.jpg\" \/>\n\t<meta property=\"og:image:width\" content=\"1721\" \/>\n\t<meta property=\"og:image:height\" content=\"2445\" \/>\n\t<meta property=\"og:image:type\" content=\"image\/jpeg\" \/>\n<meta name=\"twitter:card\" content=\"summary_large_image\" \/>\n<meta name=\"twitter:label1\" content=\"Gesch\u00e4tzte Lesezeit\" \/>\n\t<meta name=\"twitter:data1\" content=\"1\u00a0Minute\" \/>\n<script type=\"application\/ld+json\" class=\"yoast-schema-graph\">{\"@context\":\"https:\\\/\\\/schema.org\",\"@graph\":[{\"@type\":\"WebPage\",\"@id\":\"https:\\\/\\\/www.rossinigesellschaft.de\\\/de\\\/produkt\\\/sr-07-saverio-lamacchia-der-wahre-figaro-oder-das-falsche-faktotum\\\/\",\"url\":\"https:\\\/\\\/www.rossinigesellschaft.de\\\/de\\\/produkt\\\/sr-07-saverio-lamacchia-der-wahre-figaro-oder-das-falsche-faktotum\\\/\",\"name\":\"SR 07 - Saverio Lamacchia: Der wahre Figaro oder das falsche Faktotum - Deutsche Rossini Gesellschaft\",\"isPartOf\":{\"@id\":\"https:\\\/\\\/www.rossinigesellschaft.de\\\/de\\\/#website\"},\"primaryImageOfPage\":{\"@id\":\"https:\\\/\\\/www.rossinigesellschaft.de\\\/de\\\/produkt\\\/sr-07-saverio-lamacchia-der-wahre-figaro-oder-das-falsche-faktotum\\\/#primaryimage\"},\"image\":{\"@id\":\"https:\\\/\\\/www.rossinigesellschaft.de\\\/de\\\/produkt\\\/sr-07-saverio-lamacchia-der-wahre-figaro-oder-das-falsche-faktotum\\\/#primaryimage\"},\"thumbnailUrl\":\"https:\\\/\\\/www.rossinigesellschaft.de\\\/de\\\/wp-content\\\/uploads\\\/2019\\\/03\\\/SR07_Figaro-1.jpg\",\"datePublished\":\"2019-03-27T22:21:53+00:00\",\"dateModified\":\"2019-08-27T16:12:48+00:00\",\"breadcrumb\":{\"@id\":\"https:\\\/\\\/www.rossinigesellschaft.de\\\/de\\\/produkt\\\/sr-07-saverio-lamacchia-der-wahre-figaro-oder-das-falsche-faktotum\\\/#breadcrumb\"},\"inLanguage\":\"de\",\"potentialAction\":[{\"@type\":\"ReadAction\",\"target\":[\"https:\\\/\\\/www.rossinigesellschaft.de\\\/de\\\/produkt\\\/sr-07-saverio-lamacchia-der-wahre-figaro-oder-das-falsche-faktotum\\\/\"]}]},{\"@type\":\"ImageObject\",\"inLanguage\":\"de\",\"@id\":\"https:\\\/\\\/www.rossinigesellschaft.de\\\/de\\\/produkt\\\/sr-07-saverio-lamacchia-der-wahre-figaro-oder-das-falsche-faktotum\\\/#primaryimage\",\"url\":\"https:\\\/\\\/www.rossinigesellschaft.de\\\/de\\\/wp-content\\\/uploads\\\/2019\\\/03\\\/SR07_Figaro-1.jpg\",\"contentUrl\":\"https:\\\/\\\/www.rossinigesellschaft.de\\\/de\\\/wp-content\\\/uploads\\\/2019\\\/03\\\/SR07_Figaro-1.jpg\",\"width\":1721,\"height\":2445},{\"@type\":\"BreadcrumbList\",\"@id\":\"https:\\\/\\\/www.rossinigesellschaft.de\\\/de\\\/produkt\\\/sr-07-saverio-lamacchia-der-wahre-figaro-oder-das-falsche-faktotum\\\/#breadcrumb\",\"itemListElement\":[{\"@type\":\"ListItem\",\"position\":1,\"name\":\"Startseite\",\"item\":\"https:\\\/\\\/www.rossinigesellschaft.de\\\/de\\\/\"},{\"@type\":\"ListItem\",\"position\":2,\"name\":\"Alle Produkte\",\"item\":\"https:\\\/\\\/www.rossinigesellschaft.de\\\/de\\\/alle-produkte\\\/\"},{\"@type\":\"ListItem\",\"position\":3,\"name\":\"SR 07 &#8211; Saverio Lamacchia: Der wahre Figaro oder das falsche Faktotum\"}]},{\"@type\":\"WebSite\",\"@id\":\"https:\\\/\\\/www.rossinigesellschaft.de\\\/de\\\/#website\",\"url\":\"https:\\\/\\\/www.rossinigesellschaft.de\\\/de\\\/\",\"name\":\"Deutsche Rossini Gesellschaft\",\"description\":\"\",\"publisher\":{\"@id\":\"https:\\\/\\\/www.rossinigesellschaft.de\\\/de\\\/#organization\"},\"potentialAction\":[{\"@type\":\"SearchAction\",\"target\":{\"@type\":\"EntryPoint\",\"urlTemplate\":\"https:\\\/\\\/www.rossinigesellschaft.de\\\/de\\\/?s={search_term_string}\"},\"query-input\":{\"@type\":\"PropertyValueSpecification\",\"valueRequired\":true,\"valueName\":\"search_term_string\"}}],\"inLanguage\":\"de\"},{\"@type\":\"Organization\",\"@id\":\"https:\\\/\\\/www.rossinigesellschaft.de\\\/de\\\/#organization\",\"name\":\"Deutsche Rossini Gesellschaft\",\"url\":\"https:\\\/\\\/www.rossinigesellschaft.de\\\/de\\\/\",\"logo\":{\"@type\":\"ImageObject\",\"inLanguage\":\"de\",\"@id\":\"https:\\\/\\\/www.rossinigesellschaft.de\\\/de\\\/#\\\/schema\\\/logo\\\/image\\\/\",\"url\":\"https:\\\/\\\/www.rossinigesellschaft.de\\\/de\\\/wp-content\\\/uploads\\\/2019\\\/02\\\/logo-transparent.png\",\"contentUrl\":\"https:\\\/\\\/www.rossinigesellschaft.de\\\/de\\\/wp-content\\\/uploads\\\/2019\\\/02\\\/logo-transparent.png\",\"width\":200,\"height\":86,\"caption\":\"Deutsche Rossini Gesellschaft\"},\"image\":{\"@id\":\"https:\\\/\\\/www.rossinigesellschaft.de\\\/de\\\/#\\\/schema\\\/logo\\\/image\\\/\"}}]}<\/script>\n<!-- \/ Yoast SEO plugin. -->","yoast_head_json":{"title":"SR 07 - Saverio Lamacchia: Der wahre Figaro oder das falsche Faktotum - Deutsche Rossini Gesellschaft","robots":{"index":"index","follow":"follow","max-snippet":"max-snippet:-1","max-image-preview":"max-image-preview:large","max-video-preview":"max-video-preview:-1"},"canonical":"https:\/\/www.rossinigesellschaft.de\/de\/produkt\/sr-07-saverio-lamacchia-der-wahre-figaro-oder-das-falsche-faktotum\/","og_locale":"de_DE","og_type":"article","og_title":"SR 07 - Saverio Lamacchia: Der wahre Figaro oder das falsche Faktotum - Deutsche Rossini Gesellschaft","og_description":"Saverio Lamacchia: Der wahre Figaro oder das falsche Faktotum ISBN 978-3-86583-395-2 | Leipzig 2009, 358 Seiten, 14,8x21,0 cm, broschiert","og_url":"https:\/\/www.rossinigesellschaft.de\/de\/produkt\/sr-07-saverio-lamacchia-der-wahre-figaro-oder-das-falsche-faktotum\/","og_site_name":"Deutsche Rossini Gesellschaft","article_modified_time":"2019-08-27T16:12:48+00:00","og_image":[{"width":1721,"height":2445,"url":"https:\/\/www.rossinigesellschaft.de\/de\/wp-content\/uploads\/2019\/03\/SR07_Figaro-1.jpg","type":"image\/jpeg"}],"twitter_card":"summary_large_image","twitter_misc":{"Gesch\u00e4tzte Lesezeit":"1\u00a0Minute"},"schema":{"@context":"https:\/\/schema.org","@graph":[{"@type":"WebPage","@id":"https:\/\/www.rossinigesellschaft.de\/de\/produkt\/sr-07-saverio-lamacchia-der-wahre-figaro-oder-das-falsche-faktotum\/","url":"https:\/\/www.rossinigesellschaft.de\/de\/produkt\/sr-07-saverio-lamacchia-der-wahre-figaro-oder-das-falsche-faktotum\/","name":"SR 07 - Saverio Lamacchia: Der wahre Figaro oder das falsche Faktotum - Deutsche Rossini Gesellschaft","isPartOf":{"@id":"https:\/\/www.rossinigesellschaft.de\/de\/#website"},"primaryImageOfPage":{"@id":"https:\/\/www.rossinigesellschaft.de\/de\/produkt\/sr-07-saverio-lamacchia-der-wahre-figaro-oder-das-falsche-faktotum\/#primaryimage"},"image":{"@id":"https:\/\/www.rossinigesellschaft.de\/de\/produkt\/sr-07-saverio-lamacchia-der-wahre-figaro-oder-das-falsche-faktotum\/#primaryimage"},"thumbnailUrl":"https:\/\/www.rossinigesellschaft.de\/de\/wp-content\/uploads\/2019\/03\/SR07_Figaro-1.jpg","datePublished":"2019-03-27T22:21:53+00:00","dateModified":"2019-08-27T16:12:48+00:00","breadcrumb":{"@id":"https:\/\/www.rossinigesellschaft.de\/de\/produkt\/sr-07-saverio-lamacchia-der-wahre-figaro-oder-das-falsche-faktotum\/#breadcrumb"},"inLanguage":"de","potentialAction":[{"@type":"ReadAction","target":["https:\/\/www.rossinigesellschaft.de\/de\/produkt\/sr-07-saverio-lamacchia-der-wahre-figaro-oder-das-falsche-faktotum\/"]}]},{"@type":"ImageObject","inLanguage":"de","@id":"https:\/\/www.rossinigesellschaft.de\/de\/produkt\/sr-07-saverio-lamacchia-der-wahre-figaro-oder-das-falsche-faktotum\/#primaryimage","url":"https:\/\/www.rossinigesellschaft.de\/de\/wp-content\/uploads\/2019\/03\/SR07_Figaro-1.jpg","contentUrl":"https:\/\/www.rossinigesellschaft.de\/de\/wp-content\/uploads\/2019\/03\/SR07_Figaro-1.jpg","width":1721,"height":2445},{"@type":"BreadcrumbList","@id":"https:\/\/www.rossinigesellschaft.de\/de\/produkt\/sr-07-saverio-lamacchia-der-wahre-figaro-oder-das-falsche-faktotum\/#breadcrumb","itemListElement":[{"@type":"ListItem","position":1,"name":"Startseite","item":"https:\/\/www.rossinigesellschaft.de\/de\/"},{"@type":"ListItem","position":2,"name":"Alle Produkte","item":"https:\/\/www.rossinigesellschaft.de\/de\/alle-produkte\/"},{"@type":"ListItem","position":3,"name":"SR 07 &#8211; Saverio Lamacchia: Der wahre Figaro oder das falsche Faktotum"}]},{"@type":"WebSite","@id":"https:\/\/www.rossinigesellschaft.de\/de\/#website","url":"https:\/\/www.rossinigesellschaft.de\/de\/","name":"Deutsche Rossini Gesellschaft","description":"","publisher":{"@id":"https:\/\/www.rossinigesellschaft.de\/de\/#organization"},"potentialAction":[{"@type":"SearchAction","target":{"@type":"EntryPoint","urlTemplate":"https:\/\/www.rossinigesellschaft.de\/de\/?s={search_term_string}"},"query-input":{"@type":"PropertyValueSpecification","valueRequired":true,"valueName":"search_term_string"}}],"inLanguage":"de"},{"@type":"Organization","@id":"https:\/\/www.rossinigesellschaft.de\/de\/#organization","name":"Deutsche Rossini Gesellschaft","url":"https:\/\/www.rossinigesellschaft.de\/de\/","logo":{"@type":"ImageObject","inLanguage":"de","@id":"https:\/\/www.rossinigesellschaft.de\/de\/#\/schema\/logo\/image\/","url":"https:\/\/www.rossinigesellschaft.de\/de\/wp-content\/uploads\/2019\/02\/logo-transparent.png","contentUrl":"https:\/\/www.rossinigesellschaft.de\/de\/wp-content\/uploads\/2019\/02\/logo-transparent.png","width":200,"height":86,"caption":"Deutsche Rossini Gesellschaft"},"image":{"@id":"https:\/\/www.rossinigesellschaft.de\/de\/#\/schema\/logo\/image\/"}}]}},"_links":{"self":[{"href":"https:\/\/www.rossinigesellschaft.de\/de\/wp-json\/wp\/v2\/product\/373","targetHints":{"allow":["GET"]}}],"collection":[{"href":"https:\/\/www.rossinigesellschaft.de\/de\/wp-json\/wp\/v2\/product"}],"about":[{"href":"https:\/\/www.rossinigesellschaft.de\/de\/wp-json\/wp\/v2\/types\/product"}],"wp:featuredmedia":[{"embeddable":true,"href":"https:\/\/www.rossinigesellschaft.de\/de\/wp-json\/wp\/v2\/media\/376"}],"wp:attachment":[{"href":"https:\/\/www.rossinigesellschaft.de\/de\/wp-json\/wp\/v2\/media?parent=373"}],"wp:term":[{"taxonomy":"product_brand","embeddable":true,"href":"https:\/\/www.rossinigesellschaft.de\/de\/wp-json\/wp\/v2\/product_brand?post=373"},{"taxonomy":"product_cat","embeddable":true,"href":"https:\/\/www.rossinigesellschaft.de\/de\/wp-json\/wp\/v2\/product_cat?post=373"},{"taxonomy":"product_tag","embeddable":true,"href":"https:\/\/www.rossinigesellschaft.de\/de\/wp-json\/wp\/v2\/product_tag?post=373"}],"curies":[{"name":"wp","href":"https:\/\/api.w.org\/{rel}","templated":true}]}}