{"id":360,"date":"2019-03-27T22:59:36","date_gmt":"2019-03-27T21:59:36","guid":{"rendered":"http:\/\/neu.rossinigesellschaft.de\/de\/?post_type=product&#038;p=360"},"modified":"2020-09-28T19:38:34","modified_gmt":"2020-09-28T17:38:34","slug":"ot-34-semiramide-semiramis","status":"publish","type":"product","link":"https:\/\/www.rossinigesellschaft.de\/de\/produkt\/ot-34-semiramide-semiramis\/","title":{"rendered":"OT 34 &#8211; Semiramide \/ Semiramis"},"content":{"rendered":"<p align=\"left\"><strong>Semiramis<\/strong>, die an Stelle ihres verstorbenen Gatten Ninos \u00fcber Assyrien regiert, ist aufgefordert, einen neuen K\u00f6nig zu bestimmen. Der junge Feldherr <strong>Arsakes<\/strong> ist nach Babylon zur\u00fcckgekehrt, wo er auf die Hand der Prinzessin <strong>Azema<\/strong> hofft, die von Geburt an dem legitimen Thronfolger Ninias versprochen war. Da dieser aber als tot gilt, wird sie auch von dem indischen F\u00fcrsten <strong>Hidrenus<\/strong> und von dem nach der Krone trachtenden Satrapenf\u00fchrer <strong>Assur<\/strong> begehrt. Der Hohepriester <strong>Oroes<\/strong> wei\u00df, dass Ninos vor f\u00fcnfzehn Jahren vergiftet wurde. Als Semiramis \u00fcberraschend Arsakes zum neuen K\u00f6nig und zu ihrem Gatten bestimmt, erscheint der <strong>Geist des Ninos<\/strong>, der von Arsakes zun\u00e4chst ein S\u00fchneopfer verlangt. Oroes \u00fcbergibt Arsakes das Racheschwert Ninos\u2018 und enth\u00fcllt ihm, kein anderer als dessen Sohn Ninias zu sein; ein Brief, den der sterbende K\u00f6nig hinterlie\u00df, entlarvt Assur und Semiramis als seine M\u00f6rder. Arsakes hofft, dass sein Rivale das Opfer sein werde, und ersehnt Gnade f\u00fcr seine Mutter. An Ninos\u2018 Grab vollzieht sich die Strafe der G\u00f6tter\u2026<\/p>\n<p align=\"left\">Rossinis <em>Semiramide<\/em> ist 1823 in Venedig entstanden und ist seine letzte f\u00fcr Italien geschriebene Oper. Als Quintessenz seines italienischen Belcanto-Stils war sie das Muster f\u00fcr eine ganze Generation nachfolgender Komponisten und entzieht sich einer Einordnung als klassisches oder romantisches Werk. In der Reihe Operntexte ist der vollst\u00e4ndige Wortlaut, wie er von Rossini vertont wurde, abgedruckt und \u00fcbersetzt. Erg\u00e4nzend ist das alternative Finale aus dem Libretto der von Rossini betreuten Pariser Auff\u00fchrung von 1825 in den Text aufgenommen worden.<\/p>\n","protected":false},"excerpt":{"rendered":"<p><b>Gioachino Rossini: <em>Semiramide \/ Semiramis<\/em><\/b><br \/>\nText von Gaetano Rossi. Libretto Italienisch\/Deutsch, \u00fcbersetzt und herausgegeben von Reto M\u00fcller.<br \/>\n<i>ISBN 978-3-86583-701-1 | Leipzig 2012, 150 Seiten, 12&#215;19 cm, Klebebindung<\/i><\/p>\n","protected":false},"featured_media":361,"template":"","meta":[],"product_brand":[],"product_cat":[20],"product_tag":[],"class_list":{"0":"post-360","1":"product","2":"type-product","3":"status-publish","4":"has-post-thumbnail","6":"product_cat-operntexte","7":"product_shipping_class-brief","9":"first","10":"instock","11":"shipping-taxable","12":"purchasable","13":"product-type-simple"},"yoast_head":"<!-- This site is optimized with the Yoast SEO plugin v27.6 - https:\/\/yoast.com\/product\/yoast-seo-wordpress\/ -->\n<title>OT 34 - Semiramide \/ Semiramis - Deutsche Rossini Gesellschaft<\/title>\n<meta name=\"robots\" content=\"index, follow, max-snippet:-1, max-image-preview:large, max-video-preview:-1\" \/>\n<link rel=\"canonical\" href=\"https:\/\/www.rossinigesellschaft.de\/de\/produkt\/ot-34-semiramide-semiramis\/\" \/>\n<meta property=\"og:locale\" content=\"de_DE\" \/>\n<meta property=\"og:type\" content=\"article\" \/>\n<meta property=\"og:title\" content=\"OT 34 - Semiramide \/ Semiramis - Deutsche Rossini Gesellschaft\" \/>\n<meta property=\"og:description\" content=\"Gioachino Rossini: Semiramide \/ Semiramis Text von Gaetano Rossi. Libretto Italienisch\/Deutsch, \u00fcbersetzt und herausgegeben von Reto M\u00fcller. ISBN 978-3-86583-701-1 | Leipzig 2012, 150 Seiten, 12x19 cm, Klebebindung\" \/>\n<meta property=\"og:url\" content=\"https:\/\/www.rossinigesellschaft.de\/de\/produkt\/ot-34-semiramide-semiramis\/\" \/>\n<meta property=\"og:site_name\" content=\"Deutsche Rossini Gesellschaft\" \/>\n<meta property=\"article:modified_time\" content=\"2020-09-28T17:38:34+00:00\" \/>\n<meta property=\"og:image\" content=\"https:\/\/www.rossinigesellschaft.de\/de\/wp-content\/uploads\/2019\/03\/34_Semiramide.jpg\" \/>\n\t<meta property=\"og:image:width\" content=\"482\" \/>\n\t<meta property=\"og:image:height\" content=\"779\" \/>\n\t<meta property=\"og:image:type\" content=\"image\/jpeg\" \/>\n<meta name=\"twitter:card\" content=\"summary_large_image\" \/>\n<meta name=\"twitter:label1\" content=\"Gesch\u00e4tzte Lesezeit\" \/>\n\t<meta name=\"twitter:data1\" content=\"1\u00a0Minute\" \/>\n<script type=\"application\/ld+json\" class=\"yoast-schema-graph\">{\"@context\":\"https:\\\/\\\/schema.org\",\"@graph\":[{\"@type\":\"WebPage\",\"@id\":\"https:\\\/\\\/www.rossinigesellschaft.de\\\/de\\\/produkt\\\/ot-34-semiramide-semiramis\\\/\",\"url\":\"https:\\\/\\\/www.rossinigesellschaft.de\\\/de\\\/produkt\\\/ot-34-semiramide-semiramis\\\/\",\"name\":\"OT 34 - Semiramide \\\/ Semiramis - Deutsche Rossini Gesellschaft\",\"isPartOf\":{\"@id\":\"https:\\\/\\\/www.rossinigesellschaft.de\\\/de\\\/#website\"},\"primaryImageOfPage\":{\"@id\":\"https:\\\/\\\/www.rossinigesellschaft.de\\\/de\\\/produkt\\\/ot-34-semiramide-semiramis\\\/#primaryimage\"},\"image\":{\"@id\":\"https:\\\/\\\/www.rossinigesellschaft.de\\\/de\\\/produkt\\\/ot-34-semiramide-semiramis\\\/#primaryimage\"},\"thumbnailUrl\":\"https:\\\/\\\/www.rossinigesellschaft.de\\\/de\\\/wp-content\\\/uploads\\\/2019\\\/03\\\/34_Semiramide.jpg\",\"datePublished\":\"2019-03-27T21:59:36+00:00\",\"dateModified\":\"2020-09-28T17:38:34+00:00\",\"breadcrumb\":{\"@id\":\"https:\\\/\\\/www.rossinigesellschaft.de\\\/de\\\/produkt\\\/ot-34-semiramide-semiramis\\\/#breadcrumb\"},\"inLanguage\":\"de\",\"potentialAction\":[{\"@type\":\"ReadAction\",\"target\":[\"https:\\\/\\\/www.rossinigesellschaft.de\\\/de\\\/produkt\\\/ot-34-semiramide-semiramis\\\/\"]}]},{\"@type\":\"ImageObject\",\"inLanguage\":\"de\",\"@id\":\"https:\\\/\\\/www.rossinigesellschaft.de\\\/de\\\/produkt\\\/ot-34-semiramide-semiramis\\\/#primaryimage\",\"url\":\"https:\\\/\\\/www.rossinigesellschaft.de\\\/de\\\/wp-content\\\/uploads\\\/2019\\\/03\\\/34_Semiramide.jpg\",\"contentUrl\":\"https:\\\/\\\/www.rossinigesellschaft.de\\\/de\\\/wp-content\\\/uploads\\\/2019\\\/03\\\/34_Semiramide.jpg\",\"width\":482,\"height\":779},{\"@type\":\"BreadcrumbList\",\"@id\":\"https:\\\/\\\/www.rossinigesellschaft.de\\\/de\\\/produkt\\\/ot-34-semiramide-semiramis\\\/#breadcrumb\",\"itemListElement\":[{\"@type\":\"ListItem\",\"position\":1,\"name\":\"Startseite\",\"item\":\"https:\\\/\\\/www.rossinigesellschaft.de\\\/de\\\/\"},{\"@type\":\"ListItem\",\"position\":2,\"name\":\"Alle Produkte\",\"item\":\"https:\\\/\\\/www.rossinigesellschaft.de\\\/de\\\/alle-produkte\\\/\"},{\"@type\":\"ListItem\",\"position\":3,\"name\":\"OT 34 &#8211; Semiramide \\\/ Semiramis\"}]},{\"@type\":\"WebSite\",\"@id\":\"https:\\\/\\\/www.rossinigesellschaft.de\\\/de\\\/#website\",\"url\":\"https:\\\/\\\/www.rossinigesellschaft.de\\\/de\\\/\",\"name\":\"Deutsche Rossini Gesellschaft\",\"description\":\"\",\"publisher\":{\"@id\":\"https:\\\/\\\/www.rossinigesellschaft.de\\\/de\\\/#organization\"},\"potentialAction\":[{\"@type\":\"SearchAction\",\"target\":{\"@type\":\"EntryPoint\",\"urlTemplate\":\"https:\\\/\\\/www.rossinigesellschaft.de\\\/de\\\/?s={search_term_string}\"},\"query-input\":{\"@type\":\"PropertyValueSpecification\",\"valueRequired\":true,\"valueName\":\"search_term_string\"}}],\"inLanguage\":\"de\"},{\"@type\":\"Organization\",\"@id\":\"https:\\\/\\\/www.rossinigesellschaft.de\\\/de\\\/#organization\",\"name\":\"Deutsche Rossini Gesellschaft\",\"url\":\"https:\\\/\\\/www.rossinigesellschaft.de\\\/de\\\/\",\"logo\":{\"@type\":\"ImageObject\",\"inLanguage\":\"de\",\"@id\":\"https:\\\/\\\/www.rossinigesellschaft.de\\\/de\\\/#\\\/schema\\\/logo\\\/image\\\/\",\"url\":\"https:\\\/\\\/www.rossinigesellschaft.de\\\/de\\\/wp-content\\\/uploads\\\/2019\\\/02\\\/logo-transparent.png\",\"contentUrl\":\"https:\\\/\\\/www.rossinigesellschaft.de\\\/de\\\/wp-content\\\/uploads\\\/2019\\\/02\\\/logo-transparent.png\",\"width\":200,\"height\":86,\"caption\":\"Deutsche Rossini Gesellschaft\"},\"image\":{\"@id\":\"https:\\\/\\\/www.rossinigesellschaft.de\\\/de\\\/#\\\/schema\\\/logo\\\/image\\\/\"}}]}<\/script>\n<!-- \/ Yoast SEO plugin. -->","yoast_head_json":{"title":"OT 34 - Semiramide \/ Semiramis - Deutsche Rossini Gesellschaft","robots":{"index":"index","follow":"follow","max-snippet":"max-snippet:-1","max-image-preview":"max-image-preview:large","max-video-preview":"max-video-preview:-1"},"canonical":"https:\/\/www.rossinigesellschaft.de\/de\/produkt\/ot-34-semiramide-semiramis\/","og_locale":"de_DE","og_type":"article","og_title":"OT 34 - Semiramide \/ Semiramis - Deutsche Rossini Gesellschaft","og_description":"Gioachino Rossini: Semiramide \/ Semiramis Text von Gaetano Rossi. Libretto Italienisch\/Deutsch, \u00fcbersetzt und herausgegeben von Reto M\u00fcller. ISBN 978-3-86583-701-1 | Leipzig 2012, 150 Seiten, 12x19 cm, Klebebindung","og_url":"https:\/\/www.rossinigesellschaft.de\/de\/produkt\/ot-34-semiramide-semiramis\/","og_site_name":"Deutsche Rossini Gesellschaft","article_modified_time":"2020-09-28T17:38:34+00:00","og_image":[{"width":482,"height":779,"url":"https:\/\/www.rossinigesellschaft.de\/de\/wp-content\/uploads\/2019\/03\/34_Semiramide.jpg","type":"image\/jpeg"}],"twitter_card":"summary_large_image","twitter_misc":{"Gesch\u00e4tzte Lesezeit":"1\u00a0Minute"},"schema":{"@context":"https:\/\/schema.org","@graph":[{"@type":"WebPage","@id":"https:\/\/www.rossinigesellschaft.de\/de\/produkt\/ot-34-semiramide-semiramis\/","url":"https:\/\/www.rossinigesellschaft.de\/de\/produkt\/ot-34-semiramide-semiramis\/","name":"OT 34 - Semiramide \/ Semiramis - Deutsche Rossini Gesellschaft","isPartOf":{"@id":"https:\/\/www.rossinigesellschaft.de\/de\/#website"},"primaryImageOfPage":{"@id":"https:\/\/www.rossinigesellschaft.de\/de\/produkt\/ot-34-semiramide-semiramis\/#primaryimage"},"image":{"@id":"https:\/\/www.rossinigesellschaft.de\/de\/produkt\/ot-34-semiramide-semiramis\/#primaryimage"},"thumbnailUrl":"https:\/\/www.rossinigesellschaft.de\/de\/wp-content\/uploads\/2019\/03\/34_Semiramide.jpg","datePublished":"2019-03-27T21:59:36+00:00","dateModified":"2020-09-28T17:38:34+00:00","breadcrumb":{"@id":"https:\/\/www.rossinigesellschaft.de\/de\/produkt\/ot-34-semiramide-semiramis\/#breadcrumb"},"inLanguage":"de","potentialAction":[{"@type":"ReadAction","target":["https:\/\/www.rossinigesellschaft.de\/de\/produkt\/ot-34-semiramide-semiramis\/"]}]},{"@type":"ImageObject","inLanguage":"de","@id":"https:\/\/www.rossinigesellschaft.de\/de\/produkt\/ot-34-semiramide-semiramis\/#primaryimage","url":"https:\/\/www.rossinigesellschaft.de\/de\/wp-content\/uploads\/2019\/03\/34_Semiramide.jpg","contentUrl":"https:\/\/www.rossinigesellschaft.de\/de\/wp-content\/uploads\/2019\/03\/34_Semiramide.jpg","width":482,"height":779},{"@type":"BreadcrumbList","@id":"https:\/\/www.rossinigesellschaft.de\/de\/produkt\/ot-34-semiramide-semiramis\/#breadcrumb","itemListElement":[{"@type":"ListItem","position":1,"name":"Startseite","item":"https:\/\/www.rossinigesellschaft.de\/de\/"},{"@type":"ListItem","position":2,"name":"Alle Produkte","item":"https:\/\/www.rossinigesellschaft.de\/de\/alle-produkte\/"},{"@type":"ListItem","position":3,"name":"OT 34 &#8211; Semiramide \/ Semiramis"}]},{"@type":"WebSite","@id":"https:\/\/www.rossinigesellschaft.de\/de\/#website","url":"https:\/\/www.rossinigesellschaft.de\/de\/","name":"Deutsche Rossini Gesellschaft","description":"","publisher":{"@id":"https:\/\/www.rossinigesellschaft.de\/de\/#organization"},"potentialAction":[{"@type":"SearchAction","target":{"@type":"EntryPoint","urlTemplate":"https:\/\/www.rossinigesellschaft.de\/de\/?s={search_term_string}"},"query-input":{"@type":"PropertyValueSpecification","valueRequired":true,"valueName":"search_term_string"}}],"inLanguage":"de"},{"@type":"Organization","@id":"https:\/\/www.rossinigesellschaft.de\/de\/#organization","name":"Deutsche Rossini Gesellschaft","url":"https:\/\/www.rossinigesellschaft.de\/de\/","logo":{"@type":"ImageObject","inLanguage":"de","@id":"https:\/\/www.rossinigesellschaft.de\/de\/#\/schema\/logo\/image\/","url":"https:\/\/www.rossinigesellschaft.de\/de\/wp-content\/uploads\/2019\/02\/logo-transparent.png","contentUrl":"https:\/\/www.rossinigesellschaft.de\/de\/wp-content\/uploads\/2019\/02\/logo-transparent.png","width":200,"height":86,"caption":"Deutsche Rossini Gesellschaft"},"image":{"@id":"https:\/\/www.rossinigesellschaft.de\/de\/#\/schema\/logo\/image\/"}}]}},"_links":{"self":[{"href":"https:\/\/www.rossinigesellschaft.de\/de\/wp-json\/wp\/v2\/product\/360","targetHints":{"allow":["GET"]}}],"collection":[{"href":"https:\/\/www.rossinigesellschaft.de\/de\/wp-json\/wp\/v2\/product"}],"about":[{"href":"https:\/\/www.rossinigesellschaft.de\/de\/wp-json\/wp\/v2\/types\/product"}],"wp:featuredmedia":[{"embeddable":true,"href":"https:\/\/www.rossinigesellschaft.de\/de\/wp-json\/wp\/v2\/media\/361"}],"wp:attachment":[{"href":"https:\/\/www.rossinigesellschaft.de\/de\/wp-json\/wp\/v2\/media?parent=360"}],"wp:term":[{"taxonomy":"product_brand","embeddable":true,"href":"https:\/\/www.rossinigesellschaft.de\/de\/wp-json\/wp\/v2\/product_brand?post=360"},{"taxonomy":"product_cat","embeddable":true,"href":"https:\/\/www.rossinigesellschaft.de\/de\/wp-json\/wp\/v2\/product_cat?post=360"},{"taxonomy":"product_tag","embeddable":true,"href":"https:\/\/www.rossinigesellschaft.de\/de\/wp-json\/wp\/v2\/product_tag?post=360"}],"curies":[{"name":"wp","href":"https:\/\/api.w.org\/{rel}","templated":true}]}}