{"id":347,"date":"2019-03-27T22:46:17","date_gmt":"2019-03-27T21:46:17","guid":{"rendered":"http:\/\/neu.rossinigesellschaft.de\/de\/?post_type=product&#038;p=347"},"modified":"2020-09-28T19:38:38","modified_gmt":"2020-09-28T17:38:38","slug":"ot-23-adelaide-di-borgogna-adelheid-von-burgund","status":"publish","type":"product","link":"https:\/\/www.rossinigesellschaft.de\/de\/produkt\/ot-23-adelaide-di-borgogna-adelheid-von-burgund\/","title":{"rendered":"OT 23 &#8211; Adelaide di Borgogna \/ Adelheid von Burgund"},"content":{"rendered":"<p align=\"left\">Die Oper hat eine Begebenheit aus der italienischen Geschichte des fr\u00fchen Mittelalters zum Gegenstand. <strong>Adelheid von Burgund<\/strong> muss sich auf der Festung Canossa dem Belagerer <strong>Berengar<\/strong>, der des Mordes an ihrem Gatten, K\u00f6nig Lothar, bezichtigt wird, ergeben. <strong>Adalbert<\/strong>, der Sohn Berengars, der sie aus Liebe und vor allem aus politischem Kalk\u00fcl des Vaters heiraten will, um die Regentschaft \u00fcber Italien zu legitimieren, wird von ihr abgewiesen. Sie hat <strong>Otto<\/strong> den Gro\u00dfen um Hilfe gebeten. Otto, der mit seinem Heer in die Lombardei einmarschiert, wird von Berengar und Adalbert nach Canossa gelockt. W\u00e4hrend Otto die Rechte Adelheids bekr\u00e4ftigt, sich in sie verliebt und sie vor den Altar f\u00fchrt, wird er von den Usurpatoren angegriffen, kann aber fliehen. Als er wieder die Oberhand gewinnt und Berengar gefangensetzt, weigert sich Adalbert zun\u00e4chst, seinen Vater gegen Adelheid auszutauschen, worauf seine Mutter Eurice dieser heimlich zur Flucht verhilft und so die R\u00fcckkehr ihres Gatten erm\u00f6glicht. Otto besiegt die Usurpatoren, kann Adelheid heiraten und sein nunmehr um Italien erweitertes Deutsches Reich mit ihr teilen.<\/p>\n<p>Rossinis dreiundzwanzigste Oper, 1818 auf ein Libretto von Giovanni Schmidt f\u00fcr das r\u00f6mische Teatro Argentina entstanden, ist auch heute noch eine seiner am wenigsten gespielten ernsten Werke. In Hinblick auf die szenische Auff\u00fchrung beim Rossini Opera Festival 2011 in Pesaro ist f\u00fcr die Reihe Operntexte der vollst\u00e4ndige Wortlaut, wie er von Rossini vertont wurde, abgedruckt und \u00fcbersetzt worden. Erg\u00e4nzend wurden nicht vertonte Passagen aus dem gedruckten Libretto der Urauff\u00fchrung sowie eine sp\u00e4ter hinzugekommene alternative Musiknummer in den Text aufgenommen.<\/p>\n","protected":false},"excerpt":{"rendered":"<p><b>Gioachino Rossini: <em>Adelaide di Borgogna<\/em><\/b><br \/>\nText von Giovanni Schmidt. Libretto Italienisch\/Deutsch, \u00fcbersetzt und herausgegeben von Reto M\u00fcller.<br \/>\n<i>ISBN 978-3-86583-578-9 | Leipzig 2011, 140 Seiten, 12&#215;19 cm, Klebebindung<\/i><\/p>\n","protected":false},"featured_media":348,"template":"","meta":[],"product_brand":[],"product_cat":[20],"product_tag":[],"class_list":{"0":"post-347","1":"product","2":"type-product","3":"status-publish","4":"has-post-thumbnail","6":"product_cat-operntexte","7":"product_shipping_class-brief","9":"first","10":"instock","11":"shipping-taxable","12":"purchasable","13":"product-type-simple"},"yoast_head":"<!-- This site is optimized with the Yoast SEO plugin v27.6 - https:\/\/yoast.com\/product\/yoast-seo-wordpress\/ -->\n<title>OT 23 - Adelaide di Borgogna \/ Adelheid von Burgund - Deutsche Rossini Gesellschaft<\/title>\n<meta name=\"robots\" content=\"index, follow, max-snippet:-1, max-image-preview:large, max-video-preview:-1\" \/>\n<link rel=\"canonical\" href=\"https:\/\/www.rossinigesellschaft.de\/de\/produkt\/ot-23-adelaide-di-borgogna-adelheid-von-burgund\/\" \/>\n<meta property=\"og:locale\" content=\"de_DE\" \/>\n<meta property=\"og:type\" content=\"article\" \/>\n<meta property=\"og:title\" content=\"OT 23 - Adelaide di Borgogna \/ Adelheid von Burgund - Deutsche Rossini Gesellschaft\" \/>\n<meta property=\"og:description\" content=\"Gioachino Rossini: Adelaide di Borgogna Text von Giovanni Schmidt. Libretto Italienisch\/Deutsch, \u00fcbersetzt und herausgegeben von Reto M\u00fcller. ISBN 978-3-86583-578-9 | Leipzig 2011, 140 Seiten, 12x19 cm, Klebebindung\" \/>\n<meta property=\"og:url\" content=\"https:\/\/www.rossinigesellschaft.de\/de\/produkt\/ot-23-adelaide-di-borgogna-adelheid-von-burgund\/\" \/>\n<meta property=\"og:site_name\" content=\"Deutsche Rossini Gesellschaft\" \/>\n<meta property=\"article:modified_time\" content=\"2020-09-28T17:38:38+00:00\" \/>\n<meta property=\"og:image\" content=\"https:\/\/www.rossinigesellschaft.de\/de\/wp-content\/uploads\/2019\/03\/23_Adelaide.jpg\" \/>\n\t<meta property=\"og:image:width\" content=\"504\" \/>\n\t<meta property=\"og:image:height\" content=\"795\" \/>\n\t<meta property=\"og:image:type\" content=\"image\/jpeg\" \/>\n<meta name=\"twitter:card\" content=\"summary_large_image\" \/>\n<meta name=\"twitter:label1\" content=\"Gesch\u00e4tzte Lesezeit\" \/>\n\t<meta name=\"twitter:data1\" content=\"1\u00a0Minute\" \/>\n<script type=\"application\/ld+json\" class=\"yoast-schema-graph\">{\"@context\":\"https:\\\/\\\/schema.org\",\"@graph\":[{\"@type\":\"WebPage\",\"@id\":\"https:\\\/\\\/www.rossinigesellschaft.de\\\/de\\\/produkt\\\/ot-23-adelaide-di-borgogna-adelheid-von-burgund\\\/\",\"url\":\"https:\\\/\\\/www.rossinigesellschaft.de\\\/de\\\/produkt\\\/ot-23-adelaide-di-borgogna-adelheid-von-burgund\\\/\",\"name\":\"OT 23 - Adelaide di Borgogna \\\/ Adelheid von Burgund - Deutsche Rossini Gesellschaft\",\"isPartOf\":{\"@id\":\"https:\\\/\\\/www.rossinigesellschaft.de\\\/de\\\/#website\"},\"primaryImageOfPage\":{\"@id\":\"https:\\\/\\\/www.rossinigesellschaft.de\\\/de\\\/produkt\\\/ot-23-adelaide-di-borgogna-adelheid-von-burgund\\\/#primaryimage\"},\"image\":{\"@id\":\"https:\\\/\\\/www.rossinigesellschaft.de\\\/de\\\/produkt\\\/ot-23-adelaide-di-borgogna-adelheid-von-burgund\\\/#primaryimage\"},\"thumbnailUrl\":\"https:\\\/\\\/www.rossinigesellschaft.de\\\/de\\\/wp-content\\\/uploads\\\/2019\\\/03\\\/23_Adelaide.jpg\",\"datePublished\":\"2019-03-27T21:46:17+00:00\",\"dateModified\":\"2020-09-28T17:38:38+00:00\",\"breadcrumb\":{\"@id\":\"https:\\\/\\\/www.rossinigesellschaft.de\\\/de\\\/produkt\\\/ot-23-adelaide-di-borgogna-adelheid-von-burgund\\\/#breadcrumb\"},\"inLanguage\":\"de\",\"potentialAction\":[{\"@type\":\"ReadAction\",\"target\":[\"https:\\\/\\\/www.rossinigesellschaft.de\\\/de\\\/produkt\\\/ot-23-adelaide-di-borgogna-adelheid-von-burgund\\\/\"]}]},{\"@type\":\"ImageObject\",\"inLanguage\":\"de\",\"@id\":\"https:\\\/\\\/www.rossinigesellschaft.de\\\/de\\\/produkt\\\/ot-23-adelaide-di-borgogna-adelheid-von-burgund\\\/#primaryimage\",\"url\":\"https:\\\/\\\/www.rossinigesellschaft.de\\\/de\\\/wp-content\\\/uploads\\\/2019\\\/03\\\/23_Adelaide.jpg\",\"contentUrl\":\"https:\\\/\\\/www.rossinigesellschaft.de\\\/de\\\/wp-content\\\/uploads\\\/2019\\\/03\\\/23_Adelaide.jpg\",\"width\":504,\"height\":795},{\"@type\":\"BreadcrumbList\",\"@id\":\"https:\\\/\\\/www.rossinigesellschaft.de\\\/de\\\/produkt\\\/ot-23-adelaide-di-borgogna-adelheid-von-burgund\\\/#breadcrumb\",\"itemListElement\":[{\"@type\":\"ListItem\",\"position\":1,\"name\":\"Startseite\",\"item\":\"https:\\\/\\\/www.rossinigesellschaft.de\\\/de\\\/\"},{\"@type\":\"ListItem\",\"position\":2,\"name\":\"Alle Produkte\",\"item\":\"https:\\\/\\\/www.rossinigesellschaft.de\\\/de\\\/alle-produkte\\\/\"},{\"@type\":\"ListItem\",\"position\":3,\"name\":\"OT 23 &#8211; Adelaide di Borgogna \\\/ Adelheid von Burgund\"}]},{\"@type\":\"WebSite\",\"@id\":\"https:\\\/\\\/www.rossinigesellschaft.de\\\/de\\\/#website\",\"url\":\"https:\\\/\\\/www.rossinigesellschaft.de\\\/de\\\/\",\"name\":\"Deutsche Rossini Gesellschaft\",\"description\":\"\",\"publisher\":{\"@id\":\"https:\\\/\\\/www.rossinigesellschaft.de\\\/de\\\/#organization\"},\"potentialAction\":[{\"@type\":\"SearchAction\",\"target\":{\"@type\":\"EntryPoint\",\"urlTemplate\":\"https:\\\/\\\/www.rossinigesellschaft.de\\\/de\\\/?s={search_term_string}\"},\"query-input\":{\"@type\":\"PropertyValueSpecification\",\"valueRequired\":true,\"valueName\":\"search_term_string\"}}],\"inLanguage\":\"de\"},{\"@type\":\"Organization\",\"@id\":\"https:\\\/\\\/www.rossinigesellschaft.de\\\/de\\\/#organization\",\"name\":\"Deutsche Rossini Gesellschaft\",\"url\":\"https:\\\/\\\/www.rossinigesellschaft.de\\\/de\\\/\",\"logo\":{\"@type\":\"ImageObject\",\"inLanguage\":\"de\",\"@id\":\"https:\\\/\\\/www.rossinigesellschaft.de\\\/de\\\/#\\\/schema\\\/logo\\\/image\\\/\",\"url\":\"https:\\\/\\\/www.rossinigesellschaft.de\\\/de\\\/wp-content\\\/uploads\\\/2019\\\/02\\\/logo-transparent.png\",\"contentUrl\":\"https:\\\/\\\/www.rossinigesellschaft.de\\\/de\\\/wp-content\\\/uploads\\\/2019\\\/02\\\/logo-transparent.png\",\"width\":200,\"height\":86,\"caption\":\"Deutsche Rossini Gesellschaft\"},\"image\":{\"@id\":\"https:\\\/\\\/www.rossinigesellschaft.de\\\/de\\\/#\\\/schema\\\/logo\\\/image\\\/\"}}]}<\/script>\n<!-- \/ Yoast SEO plugin. -->","yoast_head_json":{"title":"OT 23 - Adelaide di Borgogna \/ Adelheid von Burgund - Deutsche Rossini Gesellschaft","robots":{"index":"index","follow":"follow","max-snippet":"max-snippet:-1","max-image-preview":"max-image-preview:large","max-video-preview":"max-video-preview:-1"},"canonical":"https:\/\/www.rossinigesellschaft.de\/de\/produkt\/ot-23-adelaide-di-borgogna-adelheid-von-burgund\/","og_locale":"de_DE","og_type":"article","og_title":"OT 23 - Adelaide di Borgogna \/ Adelheid von Burgund - Deutsche Rossini Gesellschaft","og_description":"Gioachino Rossini: Adelaide di Borgogna Text von Giovanni Schmidt. Libretto Italienisch\/Deutsch, \u00fcbersetzt und herausgegeben von Reto M\u00fcller. ISBN 978-3-86583-578-9 | Leipzig 2011, 140 Seiten, 12x19 cm, Klebebindung","og_url":"https:\/\/www.rossinigesellschaft.de\/de\/produkt\/ot-23-adelaide-di-borgogna-adelheid-von-burgund\/","og_site_name":"Deutsche Rossini Gesellschaft","article_modified_time":"2020-09-28T17:38:38+00:00","og_image":[{"width":504,"height":795,"url":"https:\/\/www.rossinigesellschaft.de\/de\/wp-content\/uploads\/2019\/03\/23_Adelaide.jpg","type":"image\/jpeg"}],"twitter_card":"summary_large_image","twitter_misc":{"Gesch\u00e4tzte Lesezeit":"1\u00a0Minute"},"schema":{"@context":"https:\/\/schema.org","@graph":[{"@type":"WebPage","@id":"https:\/\/www.rossinigesellschaft.de\/de\/produkt\/ot-23-adelaide-di-borgogna-adelheid-von-burgund\/","url":"https:\/\/www.rossinigesellschaft.de\/de\/produkt\/ot-23-adelaide-di-borgogna-adelheid-von-burgund\/","name":"OT 23 - Adelaide di Borgogna \/ Adelheid von Burgund - Deutsche Rossini Gesellschaft","isPartOf":{"@id":"https:\/\/www.rossinigesellschaft.de\/de\/#website"},"primaryImageOfPage":{"@id":"https:\/\/www.rossinigesellschaft.de\/de\/produkt\/ot-23-adelaide-di-borgogna-adelheid-von-burgund\/#primaryimage"},"image":{"@id":"https:\/\/www.rossinigesellschaft.de\/de\/produkt\/ot-23-adelaide-di-borgogna-adelheid-von-burgund\/#primaryimage"},"thumbnailUrl":"https:\/\/www.rossinigesellschaft.de\/de\/wp-content\/uploads\/2019\/03\/23_Adelaide.jpg","datePublished":"2019-03-27T21:46:17+00:00","dateModified":"2020-09-28T17:38:38+00:00","breadcrumb":{"@id":"https:\/\/www.rossinigesellschaft.de\/de\/produkt\/ot-23-adelaide-di-borgogna-adelheid-von-burgund\/#breadcrumb"},"inLanguage":"de","potentialAction":[{"@type":"ReadAction","target":["https:\/\/www.rossinigesellschaft.de\/de\/produkt\/ot-23-adelaide-di-borgogna-adelheid-von-burgund\/"]}]},{"@type":"ImageObject","inLanguage":"de","@id":"https:\/\/www.rossinigesellschaft.de\/de\/produkt\/ot-23-adelaide-di-borgogna-adelheid-von-burgund\/#primaryimage","url":"https:\/\/www.rossinigesellschaft.de\/de\/wp-content\/uploads\/2019\/03\/23_Adelaide.jpg","contentUrl":"https:\/\/www.rossinigesellschaft.de\/de\/wp-content\/uploads\/2019\/03\/23_Adelaide.jpg","width":504,"height":795},{"@type":"BreadcrumbList","@id":"https:\/\/www.rossinigesellschaft.de\/de\/produkt\/ot-23-adelaide-di-borgogna-adelheid-von-burgund\/#breadcrumb","itemListElement":[{"@type":"ListItem","position":1,"name":"Startseite","item":"https:\/\/www.rossinigesellschaft.de\/de\/"},{"@type":"ListItem","position":2,"name":"Alle Produkte","item":"https:\/\/www.rossinigesellschaft.de\/de\/alle-produkte\/"},{"@type":"ListItem","position":3,"name":"OT 23 &#8211; Adelaide di Borgogna \/ Adelheid von Burgund"}]},{"@type":"WebSite","@id":"https:\/\/www.rossinigesellschaft.de\/de\/#website","url":"https:\/\/www.rossinigesellschaft.de\/de\/","name":"Deutsche Rossini Gesellschaft","description":"","publisher":{"@id":"https:\/\/www.rossinigesellschaft.de\/de\/#organization"},"potentialAction":[{"@type":"SearchAction","target":{"@type":"EntryPoint","urlTemplate":"https:\/\/www.rossinigesellschaft.de\/de\/?s={search_term_string}"},"query-input":{"@type":"PropertyValueSpecification","valueRequired":true,"valueName":"search_term_string"}}],"inLanguage":"de"},{"@type":"Organization","@id":"https:\/\/www.rossinigesellschaft.de\/de\/#organization","name":"Deutsche Rossini Gesellschaft","url":"https:\/\/www.rossinigesellschaft.de\/de\/","logo":{"@type":"ImageObject","inLanguage":"de","@id":"https:\/\/www.rossinigesellschaft.de\/de\/#\/schema\/logo\/image\/","url":"https:\/\/www.rossinigesellschaft.de\/de\/wp-content\/uploads\/2019\/02\/logo-transparent.png","contentUrl":"https:\/\/www.rossinigesellschaft.de\/de\/wp-content\/uploads\/2019\/02\/logo-transparent.png","width":200,"height":86,"caption":"Deutsche Rossini Gesellschaft"},"image":{"@id":"https:\/\/www.rossinigesellschaft.de\/de\/#\/schema\/logo\/image\/"}}]}},"_links":{"self":[{"href":"https:\/\/www.rossinigesellschaft.de\/de\/wp-json\/wp\/v2\/product\/347","targetHints":{"allow":["GET"]}}],"collection":[{"href":"https:\/\/www.rossinigesellschaft.de\/de\/wp-json\/wp\/v2\/product"}],"about":[{"href":"https:\/\/www.rossinigesellschaft.de\/de\/wp-json\/wp\/v2\/types\/product"}],"wp:featuredmedia":[{"embeddable":true,"href":"https:\/\/www.rossinigesellschaft.de\/de\/wp-json\/wp\/v2\/media\/348"}],"wp:attachment":[{"href":"https:\/\/www.rossinigesellschaft.de\/de\/wp-json\/wp\/v2\/media?parent=347"}],"wp:term":[{"taxonomy":"product_brand","embeddable":true,"href":"https:\/\/www.rossinigesellschaft.de\/de\/wp-json\/wp\/v2\/product_brand?post=347"},{"taxonomy":"product_cat","embeddable":true,"href":"https:\/\/www.rossinigesellschaft.de\/de\/wp-json\/wp\/v2\/product_cat?post=347"},{"taxonomy":"product_tag","embeddable":true,"href":"https:\/\/www.rossinigesellschaft.de\/de\/wp-json\/wp\/v2\/product_tag?post=347"}],"curies":[{"name":"wp","href":"https:\/\/api.w.org\/{rel}","templated":true}]}}