{"id":338,"date":"2019-03-27T22:26:54","date_gmt":"2019-03-27T21:26:54","guid":{"rendered":"http:\/\/neu.rossinigesellschaft.de\/de\/?post_type=product&#038;p=338"},"modified":"2020-09-28T19:38:44","modified_gmt":"2020-09-28T17:38:44","slug":"ot-08-loccasione-fa-il-ladro-gelegenheit-macht-diebe","status":"publish","type":"product","link":"https:\/\/www.rossinigesellschaft.de\/de\/produkt\/ot-08-loccasione-fa-il-ladro-gelegenheit-macht-diebe\/","title":{"rendered":"OT 08 &#8211; L&#8217;occasione fa il ladro \/ Gelegenheit macht Diebe"},"content":{"rendered":"<p align=\"left\">In einer Gastst\u00e4tte auf dem Weg nach Neapel macht der Lebemann <strong>Don Parmenione<\/strong> die Bekanntschaft eines anderen Reisenden, der unterwegs ist, um eine ihm als Braut versprochene, aber bislang unbekannte Frau zu heiraten. Nach dessen Aufbruch bemerkt Parmeniones Diener <strong>Martino<\/strong>, dass der Fremde versehentlich den falschen Koffer mitgenommen hat. Die beiden finden in dem gewaltsam ge\u00f6ffneten Reisegep\u00e4ck Wertsachen, Papiere und ein Portr\u00e4t der vermeintlichen Braut, von dem Parmenione so hingerissen ist, dass er sie selbst heiraten will: Er wird sich als <strong>Graf Alberto<\/strong> ausgeben! Derweil erwartet die Marchesa <strong>Berenice<\/strong> beklommen ihren Br\u00e4utigam. Sie verlangt von <strong>Ernestina<\/strong>, die von ihrem Onkel <strong>Don Eusebio<\/strong> als Zofe im Haus aufgenommen wurde, dass sie ihre Identit\u00e4ten tauschen, um den Zuk\u00fcnftigen auf die Probe zu stellen. So treffen gleich auf Anhieb die passenden Liebenden aufeinander, aber bevor die beiden ganz unterschiedlichen Paare zu einer Doppelhochzeit zusammenfinden, m\u00fcssen erst alle Verwechslungen ausger\u00e4umt werden.<\/p>\n<p>Der vierte von f\u00fcnf Einaktern, den Rossini 1812 f\u00fcr das Venezianer Kleintheater San Mois\u00e8 schrieb, ist eine der drei Farse, zu der ihn der clevere Impresario Antonio Cera verpflichtet hatte, voraussagend, dass der junge Komponist \u201ein wenigen Jahren der Glanz Italiens sein wird\u201c. Rossini vertonte ein Textbuch seines Freundes Luigi Prividali, der aufgrund von wenigen Anregungen aus einer franz\u00f6sischen Kom\u00f6die eine originelle Burletta dichtete, in der das Quiproquo durch eine Kofferverwechslung ausgel\u00f6st wird. Rossini komponierte die mitrei\u00dfende Musik dazu in nur elf Tagen. In dieser Ausgabe der der Reihe Operntexte wird der vollst\u00e4ndige Wortlaut, wie er von Rossini vertont wurde, abgedruckt und \u00fcbersetzt.<\/p>\n","protected":false},"excerpt":{"rendered":"<p><b>Gioachino Rossini: <em>L&#8217;occasione fa il ladro \/ Gelegenheit macht Diebe<\/em><\/b><br \/>\nText von Luigi Prividali. Libretto Italienisch\/Deutsch, \u00fcbersetzt und herausgegeben von Reto M\u00fcller.<br \/>\n<i>ISBN 978-3-96023-104-2 | Leipzig 2017, 154 Seiten, 12&#215;19 cm, Klebebindung<\/i><\/p>\n","protected":false},"featured_media":339,"template":"","meta":[],"product_brand":[],"product_cat":[20],"product_tag":[],"class_list":{"0":"post-338","1":"product","2":"type-product","3":"status-publish","4":"has-post-thumbnail","6":"product_cat-operntexte","7":"product_shipping_class-brief","9":"first","10":"instock","11":"shipping-taxable","12":"purchasable","13":"product-type-simple"},"yoast_head":"<!-- This site is optimized with the Yoast SEO plugin v27.6 - https:\/\/yoast.com\/product\/yoast-seo-wordpress\/ -->\n<title>OT 08 - L&#039;occasione fa il ladro \/ Gelegenheit macht Diebe - Deutsche Rossini Gesellschaft<\/title>\n<meta name=\"robots\" content=\"index, follow, max-snippet:-1, max-image-preview:large, max-video-preview:-1\" \/>\n<link rel=\"canonical\" href=\"https:\/\/www.rossinigesellschaft.de\/de\/produkt\/ot-08-loccasione-fa-il-ladro-gelegenheit-macht-diebe\/\" \/>\n<meta property=\"og:locale\" content=\"de_DE\" \/>\n<meta property=\"og:type\" content=\"article\" \/>\n<meta property=\"og:title\" content=\"OT 08 - L&#039;occasione fa il ladro \/ Gelegenheit macht Diebe - Deutsche Rossini Gesellschaft\" \/>\n<meta property=\"og:description\" content=\"Gioachino Rossini: L&#039;occasione fa il ladro \/ Gelegenheit macht Diebe Text von Luigi Prividali. Libretto Italienisch\/Deutsch, \u00fcbersetzt und herausgegeben von Reto M\u00fcller. ISBN 978-3-96023-104-2 | Leipzig 2017, 154 Seiten, 12x19 cm, Klebebindung\" \/>\n<meta property=\"og:url\" content=\"https:\/\/www.rossinigesellschaft.de\/de\/produkt\/ot-08-loccasione-fa-il-ladro-gelegenheit-macht-diebe\/\" \/>\n<meta property=\"og:site_name\" content=\"Deutsche Rossini Gesellschaft\" \/>\n<meta property=\"article:modified_time\" content=\"2020-09-28T17:38:44+00:00\" \/>\n<meta property=\"og:image\" content=\"https:\/\/www.rossinigesellschaft.de\/de\/wp-content\/uploads\/2019\/03\/08_Occasione.jpg\" \/>\n\t<meta property=\"og:image:width\" content=\"1422\" \/>\n\t<meta property=\"og:image:height\" content=\"2244\" \/>\n\t<meta property=\"og:image:type\" content=\"image\/jpeg\" \/>\n<meta name=\"twitter:card\" content=\"summary_large_image\" \/>\n<meta name=\"twitter:label1\" content=\"Gesch\u00e4tzte Lesezeit\" \/>\n\t<meta name=\"twitter:data1\" content=\"1\u00a0Minute\" \/>\n<script type=\"application\/ld+json\" class=\"yoast-schema-graph\">{\"@context\":\"https:\\\/\\\/schema.org\",\"@graph\":[{\"@type\":\"WebPage\",\"@id\":\"https:\\\/\\\/www.rossinigesellschaft.de\\\/de\\\/produkt\\\/ot-08-loccasione-fa-il-ladro-gelegenheit-macht-diebe\\\/\",\"url\":\"https:\\\/\\\/www.rossinigesellschaft.de\\\/de\\\/produkt\\\/ot-08-loccasione-fa-il-ladro-gelegenheit-macht-diebe\\\/\",\"name\":\"OT 08 - L'occasione fa il ladro \\\/ Gelegenheit macht Diebe - Deutsche Rossini Gesellschaft\",\"isPartOf\":{\"@id\":\"https:\\\/\\\/www.rossinigesellschaft.de\\\/de\\\/#website\"},\"primaryImageOfPage\":{\"@id\":\"https:\\\/\\\/www.rossinigesellschaft.de\\\/de\\\/produkt\\\/ot-08-loccasione-fa-il-ladro-gelegenheit-macht-diebe\\\/#primaryimage\"},\"image\":{\"@id\":\"https:\\\/\\\/www.rossinigesellschaft.de\\\/de\\\/produkt\\\/ot-08-loccasione-fa-il-ladro-gelegenheit-macht-diebe\\\/#primaryimage\"},\"thumbnailUrl\":\"https:\\\/\\\/www.rossinigesellschaft.de\\\/de\\\/wp-content\\\/uploads\\\/2019\\\/03\\\/08_Occasione.jpg\",\"datePublished\":\"2019-03-27T21:26:54+00:00\",\"dateModified\":\"2020-09-28T17:38:44+00:00\",\"breadcrumb\":{\"@id\":\"https:\\\/\\\/www.rossinigesellschaft.de\\\/de\\\/produkt\\\/ot-08-loccasione-fa-il-ladro-gelegenheit-macht-diebe\\\/#breadcrumb\"},\"inLanguage\":\"de\",\"potentialAction\":[{\"@type\":\"ReadAction\",\"target\":[\"https:\\\/\\\/www.rossinigesellschaft.de\\\/de\\\/produkt\\\/ot-08-loccasione-fa-il-ladro-gelegenheit-macht-diebe\\\/\"]}]},{\"@type\":\"ImageObject\",\"inLanguage\":\"de\",\"@id\":\"https:\\\/\\\/www.rossinigesellschaft.de\\\/de\\\/produkt\\\/ot-08-loccasione-fa-il-ladro-gelegenheit-macht-diebe\\\/#primaryimage\",\"url\":\"https:\\\/\\\/www.rossinigesellschaft.de\\\/de\\\/wp-content\\\/uploads\\\/2019\\\/03\\\/08_Occasione.jpg\",\"contentUrl\":\"https:\\\/\\\/www.rossinigesellschaft.de\\\/de\\\/wp-content\\\/uploads\\\/2019\\\/03\\\/08_Occasione.jpg\",\"width\":1422,\"height\":2244},{\"@type\":\"BreadcrumbList\",\"@id\":\"https:\\\/\\\/www.rossinigesellschaft.de\\\/de\\\/produkt\\\/ot-08-loccasione-fa-il-ladro-gelegenheit-macht-diebe\\\/#breadcrumb\",\"itemListElement\":[{\"@type\":\"ListItem\",\"position\":1,\"name\":\"Startseite\",\"item\":\"https:\\\/\\\/www.rossinigesellschaft.de\\\/de\\\/\"},{\"@type\":\"ListItem\",\"position\":2,\"name\":\"Alle Produkte\",\"item\":\"https:\\\/\\\/www.rossinigesellschaft.de\\\/de\\\/alle-produkte\\\/\"},{\"@type\":\"ListItem\",\"position\":3,\"name\":\"OT 08 &#8211; L&#8217;occasione fa il ladro \\\/ Gelegenheit macht Diebe\"}]},{\"@type\":\"WebSite\",\"@id\":\"https:\\\/\\\/www.rossinigesellschaft.de\\\/de\\\/#website\",\"url\":\"https:\\\/\\\/www.rossinigesellschaft.de\\\/de\\\/\",\"name\":\"Deutsche Rossini Gesellschaft\",\"description\":\"\",\"publisher\":{\"@id\":\"https:\\\/\\\/www.rossinigesellschaft.de\\\/de\\\/#organization\"},\"potentialAction\":[{\"@type\":\"SearchAction\",\"target\":{\"@type\":\"EntryPoint\",\"urlTemplate\":\"https:\\\/\\\/www.rossinigesellschaft.de\\\/de\\\/?s={search_term_string}\"},\"query-input\":{\"@type\":\"PropertyValueSpecification\",\"valueRequired\":true,\"valueName\":\"search_term_string\"}}],\"inLanguage\":\"de\"},{\"@type\":\"Organization\",\"@id\":\"https:\\\/\\\/www.rossinigesellschaft.de\\\/de\\\/#organization\",\"name\":\"Deutsche Rossini Gesellschaft\",\"url\":\"https:\\\/\\\/www.rossinigesellschaft.de\\\/de\\\/\",\"logo\":{\"@type\":\"ImageObject\",\"inLanguage\":\"de\",\"@id\":\"https:\\\/\\\/www.rossinigesellschaft.de\\\/de\\\/#\\\/schema\\\/logo\\\/image\\\/\",\"url\":\"https:\\\/\\\/www.rossinigesellschaft.de\\\/de\\\/wp-content\\\/uploads\\\/2019\\\/02\\\/logo-transparent.png\",\"contentUrl\":\"https:\\\/\\\/www.rossinigesellschaft.de\\\/de\\\/wp-content\\\/uploads\\\/2019\\\/02\\\/logo-transparent.png\",\"width\":200,\"height\":86,\"caption\":\"Deutsche Rossini Gesellschaft\"},\"image\":{\"@id\":\"https:\\\/\\\/www.rossinigesellschaft.de\\\/de\\\/#\\\/schema\\\/logo\\\/image\\\/\"}}]}<\/script>\n<!-- \/ Yoast SEO plugin. -->","yoast_head_json":{"title":"OT 08 - L'occasione fa il ladro \/ Gelegenheit macht Diebe - Deutsche Rossini Gesellschaft","robots":{"index":"index","follow":"follow","max-snippet":"max-snippet:-1","max-image-preview":"max-image-preview:large","max-video-preview":"max-video-preview:-1"},"canonical":"https:\/\/www.rossinigesellschaft.de\/de\/produkt\/ot-08-loccasione-fa-il-ladro-gelegenheit-macht-diebe\/","og_locale":"de_DE","og_type":"article","og_title":"OT 08 - L'occasione fa il ladro \/ Gelegenheit macht Diebe - Deutsche Rossini Gesellschaft","og_description":"Gioachino Rossini: L'occasione fa il ladro \/ Gelegenheit macht Diebe Text von Luigi Prividali. Libretto Italienisch\/Deutsch, \u00fcbersetzt und herausgegeben von Reto M\u00fcller. ISBN 978-3-96023-104-2 | Leipzig 2017, 154 Seiten, 12x19 cm, Klebebindung","og_url":"https:\/\/www.rossinigesellschaft.de\/de\/produkt\/ot-08-loccasione-fa-il-ladro-gelegenheit-macht-diebe\/","og_site_name":"Deutsche Rossini Gesellschaft","article_modified_time":"2020-09-28T17:38:44+00:00","og_image":[{"width":1422,"height":2244,"url":"https:\/\/www.rossinigesellschaft.de\/de\/wp-content\/uploads\/2019\/03\/08_Occasione.jpg","type":"image\/jpeg"}],"twitter_card":"summary_large_image","twitter_misc":{"Gesch\u00e4tzte Lesezeit":"1\u00a0Minute"},"schema":{"@context":"https:\/\/schema.org","@graph":[{"@type":"WebPage","@id":"https:\/\/www.rossinigesellschaft.de\/de\/produkt\/ot-08-loccasione-fa-il-ladro-gelegenheit-macht-diebe\/","url":"https:\/\/www.rossinigesellschaft.de\/de\/produkt\/ot-08-loccasione-fa-il-ladro-gelegenheit-macht-diebe\/","name":"OT 08 - L'occasione fa il ladro \/ Gelegenheit macht Diebe - Deutsche Rossini Gesellschaft","isPartOf":{"@id":"https:\/\/www.rossinigesellschaft.de\/de\/#website"},"primaryImageOfPage":{"@id":"https:\/\/www.rossinigesellschaft.de\/de\/produkt\/ot-08-loccasione-fa-il-ladro-gelegenheit-macht-diebe\/#primaryimage"},"image":{"@id":"https:\/\/www.rossinigesellschaft.de\/de\/produkt\/ot-08-loccasione-fa-il-ladro-gelegenheit-macht-diebe\/#primaryimage"},"thumbnailUrl":"https:\/\/www.rossinigesellschaft.de\/de\/wp-content\/uploads\/2019\/03\/08_Occasione.jpg","datePublished":"2019-03-27T21:26:54+00:00","dateModified":"2020-09-28T17:38:44+00:00","breadcrumb":{"@id":"https:\/\/www.rossinigesellschaft.de\/de\/produkt\/ot-08-loccasione-fa-il-ladro-gelegenheit-macht-diebe\/#breadcrumb"},"inLanguage":"de","potentialAction":[{"@type":"ReadAction","target":["https:\/\/www.rossinigesellschaft.de\/de\/produkt\/ot-08-loccasione-fa-il-ladro-gelegenheit-macht-diebe\/"]}]},{"@type":"ImageObject","inLanguage":"de","@id":"https:\/\/www.rossinigesellschaft.de\/de\/produkt\/ot-08-loccasione-fa-il-ladro-gelegenheit-macht-diebe\/#primaryimage","url":"https:\/\/www.rossinigesellschaft.de\/de\/wp-content\/uploads\/2019\/03\/08_Occasione.jpg","contentUrl":"https:\/\/www.rossinigesellschaft.de\/de\/wp-content\/uploads\/2019\/03\/08_Occasione.jpg","width":1422,"height":2244},{"@type":"BreadcrumbList","@id":"https:\/\/www.rossinigesellschaft.de\/de\/produkt\/ot-08-loccasione-fa-il-ladro-gelegenheit-macht-diebe\/#breadcrumb","itemListElement":[{"@type":"ListItem","position":1,"name":"Startseite","item":"https:\/\/www.rossinigesellschaft.de\/de\/"},{"@type":"ListItem","position":2,"name":"Alle Produkte","item":"https:\/\/www.rossinigesellschaft.de\/de\/alle-produkte\/"},{"@type":"ListItem","position":3,"name":"OT 08 &#8211; L&#8217;occasione fa il ladro \/ Gelegenheit macht Diebe"}]},{"@type":"WebSite","@id":"https:\/\/www.rossinigesellschaft.de\/de\/#website","url":"https:\/\/www.rossinigesellschaft.de\/de\/","name":"Deutsche Rossini Gesellschaft","description":"","publisher":{"@id":"https:\/\/www.rossinigesellschaft.de\/de\/#organization"},"potentialAction":[{"@type":"SearchAction","target":{"@type":"EntryPoint","urlTemplate":"https:\/\/www.rossinigesellschaft.de\/de\/?s={search_term_string}"},"query-input":{"@type":"PropertyValueSpecification","valueRequired":true,"valueName":"search_term_string"}}],"inLanguage":"de"},{"@type":"Organization","@id":"https:\/\/www.rossinigesellschaft.de\/de\/#organization","name":"Deutsche Rossini Gesellschaft","url":"https:\/\/www.rossinigesellschaft.de\/de\/","logo":{"@type":"ImageObject","inLanguage":"de","@id":"https:\/\/www.rossinigesellschaft.de\/de\/#\/schema\/logo\/image\/","url":"https:\/\/www.rossinigesellschaft.de\/de\/wp-content\/uploads\/2019\/02\/logo-transparent.png","contentUrl":"https:\/\/www.rossinigesellschaft.de\/de\/wp-content\/uploads\/2019\/02\/logo-transparent.png","width":200,"height":86,"caption":"Deutsche Rossini Gesellschaft"},"image":{"@id":"https:\/\/www.rossinigesellschaft.de\/de\/#\/schema\/logo\/image\/"}}]}},"_links":{"self":[{"href":"https:\/\/www.rossinigesellschaft.de\/de\/wp-json\/wp\/v2\/product\/338","targetHints":{"allow":["GET"]}}],"collection":[{"href":"https:\/\/www.rossinigesellschaft.de\/de\/wp-json\/wp\/v2\/product"}],"about":[{"href":"https:\/\/www.rossinigesellschaft.de\/de\/wp-json\/wp\/v2\/types\/product"}],"wp:featuredmedia":[{"embeddable":true,"href":"https:\/\/www.rossinigesellschaft.de\/de\/wp-json\/wp\/v2\/media\/339"}],"wp:attachment":[{"href":"https:\/\/www.rossinigesellschaft.de\/de\/wp-json\/wp\/v2\/media?parent=338"}],"wp:term":[{"taxonomy":"product_brand","embeddable":true,"href":"https:\/\/www.rossinigesellschaft.de\/de\/wp-json\/wp\/v2\/product_brand?post=338"},{"taxonomy":"product_cat","embeddable":true,"href":"https:\/\/www.rossinigesellschaft.de\/de\/wp-json\/wp\/v2\/product_cat?post=338"},{"taxonomy":"product_tag","embeddable":true,"href":"https:\/\/www.rossinigesellschaft.de\/de\/wp-json\/wp\/v2\/product_tag?post=338"}],"curies":[{"name":"wp","href":"https:\/\/api.w.org\/{rel}","templated":true}]}}