{"id":336,"date":"2019-03-27T22:15:10","date_gmt":"2019-03-27T21:15:10","guid":{"rendered":"http:\/\/neu.rossinigesellschaft.de\/de\/?post_type=product&#038;p=336"},"modified":"2020-09-28T19:38:53","modified_gmt":"2020-09-28T17:38:53","slug":"ot-03-lequivoco-stravagante","status":"publish","type":"product","link":"https:\/\/www.rossinigesellschaft.de\/de\/produkt\/ot-03-lequivoco-stravagante\/","title":{"rendered":"OT 03 &#8211; L&#8217;equivoco stravagante \/ Die verr\u00fcckte Verwechslung"},"content":{"rendered":"<p align=\"left\">Der arme <strong>Ermanno<\/strong> ist heimlich in <strong>Ernestina<\/strong>, die philosophiebesessene Tochter des neureichen Bauern <strong>Gamberotto<\/strong>, verliebt. Die Diener <strong>Frontino<\/strong> und <strong>Rosalia<\/strong> unterst\u00fctzen den J\u00fcngling und f\u00fchren ihn als Lehrer Ernestinas in das Schloss Gamberottos ein. Dessen d\u00fcmmlicher Schwiegersohn in spe, <strong>Buralicchio<\/strong>, erreicht in seiner Eifersucht die umgehende Entlassung des Hauslehrers. Frontino ersinnt einen Brief, wonach Ernestina ein als M\u00e4dchen verkleideter und vom Milit\u00e4r desertierter Kastrat sei. Buralicchio f\u00e4llt darauf herein, doch anstatt die Verlobte einfach zu verlassen, zeigt er den vermeintlichen Eunuchen beim Milit\u00e4rkommandanten an. Ernestina wird ins Gef\u00e4ngnis geworfen. Ermanno kann seine Liebe beweisen, indem er der Geliebten mit einer Uniform zur Flucht verhilft. Der gelackmeierte Buralicchio verzichtet auf die seiner nicht w\u00fcrdige Braut, und Gamberotto erteilt Ermanno und Ernestina den Segen..<\/p>\n<p>Rossinis dritte Oper, 1811 auf ein etwas anst\u00f6\u00dfiges Libretto von Gaetano Gasbarri in Bologna entstanden und nach nur drei Auff\u00fchrungen von den Beh\u00f6rden abgesetzt, fristet auch heute noch ein Schattendasein, obwohl sie in mancher Hinsicht als Prototyp seiner k\u00fcnftigen zweiaktigen Buffo-Opern gelten darf. In der Reihe Operntexte wird der vollst\u00e4ndige Wortlaut, wie er von Rossini vertont wurde, abgedruckt und \u00fcbersetzt. Erg\u00e4nzend sind alternative Passagen aus dem gedruckten Libretto der Urauff\u00fchrung in den Text aufgenommen.<\/p>\n","protected":false},"excerpt":{"rendered":"<p><b>Gioachino Rossini: <em>L\u2019equivoco stravagante \/ Die verr\u00fcckte Verwechslung<\/em><\/b><br \/>\nText von Gaetano Gasbarri. Libretto Italienisch\/Deutsch, \u00fcbersetzt und herausgegeben von Reto M\u00fcller.<br \/>\n<i>ISBN 978-3-86583-644-1 | Leipzig 2012, 148 Seiten, 12&#215;19 cm, Klebebindung<\/i><\/p>\n","protected":false},"featured_media":337,"template":"","meta":[],"product_brand":[],"product_cat":[20],"product_tag":[],"class_list":{"0":"post-336","1":"product","2":"type-product","3":"status-publish","4":"has-post-thumbnail","6":"product_cat-operntexte","7":"product_shipping_class-brief","9":"first","10":"instock","11":"shipping-taxable","12":"purchasable","13":"product-type-simple"},"yoast_head":"<!-- This site is optimized with the Yoast SEO plugin v27.6 - https:\/\/yoast.com\/product\/yoast-seo-wordpress\/ -->\n<title>OT 03 - L&#039;equivoco stravagante \/ Die verr\u00fcckte Verwechslung - Deutsche Rossini Gesellschaft<\/title>\n<meta name=\"robots\" content=\"index, follow, max-snippet:-1, max-image-preview:large, max-video-preview:-1\" \/>\n<link rel=\"canonical\" href=\"https:\/\/www.rossinigesellschaft.de\/de\/produkt\/ot-03-lequivoco-stravagante\/\" \/>\n<meta property=\"og:locale\" content=\"de_DE\" \/>\n<meta property=\"og:type\" content=\"article\" \/>\n<meta property=\"og:title\" content=\"OT 03 - L&#039;equivoco stravagante \/ Die verr\u00fcckte Verwechslung - Deutsche Rossini Gesellschaft\" \/>\n<meta property=\"og:description\" content=\"Gioachino Rossini: L\u2019equivoco stravagante \/ Die verr\u00fcckte Verwechslung Text von Gaetano Gasbarri. Libretto Italienisch\/Deutsch, \u00fcbersetzt und herausgegeben von Reto M\u00fcller. ISBN 978-3-86583-644-1 | Leipzig 2012, 148 Seiten, 12x19 cm, Klebebindung\" \/>\n<meta property=\"og:url\" content=\"https:\/\/www.rossinigesellschaft.de\/de\/produkt\/ot-03-lequivoco-stravagante\/\" \/>\n<meta property=\"og:site_name\" content=\"Deutsche Rossini Gesellschaft\" \/>\n<meta property=\"article:modified_time\" content=\"2020-09-28T17:38:53+00:00\" \/>\n<meta property=\"og:image\" content=\"https:\/\/www.rossinigesellschaft.de\/de\/wp-content\/uploads\/2019\/03\/03_Equivoco.jpg\" \/>\n\t<meta property=\"og:image:width\" content=\"495\" \/>\n\t<meta property=\"og:image:height\" content=\"789\" \/>\n\t<meta property=\"og:image:type\" content=\"image\/jpeg\" \/>\n<meta name=\"twitter:card\" content=\"summary_large_image\" \/>\n<meta name=\"twitter:label1\" content=\"Gesch\u00e4tzte Lesezeit\" \/>\n\t<meta name=\"twitter:data1\" content=\"1\u00a0Minute\" \/>\n<script type=\"application\/ld+json\" class=\"yoast-schema-graph\">{\"@context\":\"https:\\\/\\\/schema.org\",\"@graph\":[{\"@type\":\"WebPage\",\"@id\":\"https:\\\/\\\/www.rossinigesellschaft.de\\\/de\\\/produkt\\\/ot-03-lequivoco-stravagante\\\/\",\"url\":\"https:\\\/\\\/www.rossinigesellschaft.de\\\/de\\\/produkt\\\/ot-03-lequivoco-stravagante\\\/\",\"name\":\"OT 03 - L'equivoco stravagante \\\/ Die verr\u00fcckte Verwechslung - Deutsche Rossini Gesellschaft\",\"isPartOf\":{\"@id\":\"https:\\\/\\\/www.rossinigesellschaft.de\\\/de\\\/#website\"},\"primaryImageOfPage\":{\"@id\":\"https:\\\/\\\/www.rossinigesellschaft.de\\\/de\\\/produkt\\\/ot-03-lequivoco-stravagante\\\/#primaryimage\"},\"image\":{\"@id\":\"https:\\\/\\\/www.rossinigesellschaft.de\\\/de\\\/produkt\\\/ot-03-lequivoco-stravagante\\\/#primaryimage\"},\"thumbnailUrl\":\"https:\\\/\\\/www.rossinigesellschaft.de\\\/de\\\/wp-content\\\/uploads\\\/2019\\\/03\\\/03_Equivoco.jpg\",\"datePublished\":\"2019-03-27T21:15:10+00:00\",\"dateModified\":\"2020-09-28T17:38:53+00:00\",\"breadcrumb\":{\"@id\":\"https:\\\/\\\/www.rossinigesellschaft.de\\\/de\\\/produkt\\\/ot-03-lequivoco-stravagante\\\/#breadcrumb\"},\"inLanguage\":\"de\",\"potentialAction\":[{\"@type\":\"ReadAction\",\"target\":[\"https:\\\/\\\/www.rossinigesellschaft.de\\\/de\\\/produkt\\\/ot-03-lequivoco-stravagante\\\/\"]}]},{\"@type\":\"ImageObject\",\"inLanguage\":\"de\",\"@id\":\"https:\\\/\\\/www.rossinigesellschaft.de\\\/de\\\/produkt\\\/ot-03-lequivoco-stravagante\\\/#primaryimage\",\"url\":\"https:\\\/\\\/www.rossinigesellschaft.de\\\/de\\\/wp-content\\\/uploads\\\/2019\\\/03\\\/03_Equivoco.jpg\",\"contentUrl\":\"https:\\\/\\\/www.rossinigesellschaft.de\\\/de\\\/wp-content\\\/uploads\\\/2019\\\/03\\\/03_Equivoco.jpg\",\"width\":495,\"height\":789},{\"@type\":\"BreadcrumbList\",\"@id\":\"https:\\\/\\\/www.rossinigesellschaft.de\\\/de\\\/produkt\\\/ot-03-lequivoco-stravagante\\\/#breadcrumb\",\"itemListElement\":[{\"@type\":\"ListItem\",\"position\":1,\"name\":\"Startseite\",\"item\":\"https:\\\/\\\/www.rossinigesellschaft.de\\\/de\\\/\"},{\"@type\":\"ListItem\",\"position\":2,\"name\":\"Alle Produkte\",\"item\":\"https:\\\/\\\/www.rossinigesellschaft.de\\\/de\\\/alle-produkte\\\/\"},{\"@type\":\"ListItem\",\"position\":3,\"name\":\"OT 03 &#8211; L&#8217;equivoco stravagante \\\/ Die verr\u00fcckte Verwechslung\"}]},{\"@type\":\"WebSite\",\"@id\":\"https:\\\/\\\/www.rossinigesellschaft.de\\\/de\\\/#website\",\"url\":\"https:\\\/\\\/www.rossinigesellschaft.de\\\/de\\\/\",\"name\":\"Deutsche Rossini Gesellschaft\",\"description\":\"\",\"publisher\":{\"@id\":\"https:\\\/\\\/www.rossinigesellschaft.de\\\/de\\\/#organization\"},\"potentialAction\":[{\"@type\":\"SearchAction\",\"target\":{\"@type\":\"EntryPoint\",\"urlTemplate\":\"https:\\\/\\\/www.rossinigesellschaft.de\\\/de\\\/?s={search_term_string}\"},\"query-input\":{\"@type\":\"PropertyValueSpecification\",\"valueRequired\":true,\"valueName\":\"search_term_string\"}}],\"inLanguage\":\"de\"},{\"@type\":\"Organization\",\"@id\":\"https:\\\/\\\/www.rossinigesellschaft.de\\\/de\\\/#organization\",\"name\":\"Deutsche Rossini Gesellschaft\",\"url\":\"https:\\\/\\\/www.rossinigesellschaft.de\\\/de\\\/\",\"logo\":{\"@type\":\"ImageObject\",\"inLanguage\":\"de\",\"@id\":\"https:\\\/\\\/www.rossinigesellschaft.de\\\/de\\\/#\\\/schema\\\/logo\\\/image\\\/\",\"url\":\"https:\\\/\\\/www.rossinigesellschaft.de\\\/de\\\/wp-content\\\/uploads\\\/2019\\\/02\\\/logo-transparent.png\",\"contentUrl\":\"https:\\\/\\\/www.rossinigesellschaft.de\\\/de\\\/wp-content\\\/uploads\\\/2019\\\/02\\\/logo-transparent.png\",\"width\":200,\"height\":86,\"caption\":\"Deutsche Rossini Gesellschaft\"},\"image\":{\"@id\":\"https:\\\/\\\/www.rossinigesellschaft.de\\\/de\\\/#\\\/schema\\\/logo\\\/image\\\/\"}}]}<\/script>\n<!-- \/ Yoast SEO plugin. -->","yoast_head_json":{"title":"OT 03 - L'equivoco stravagante \/ Die verr\u00fcckte Verwechslung - Deutsche Rossini Gesellschaft","robots":{"index":"index","follow":"follow","max-snippet":"max-snippet:-1","max-image-preview":"max-image-preview:large","max-video-preview":"max-video-preview:-1"},"canonical":"https:\/\/www.rossinigesellschaft.de\/de\/produkt\/ot-03-lequivoco-stravagante\/","og_locale":"de_DE","og_type":"article","og_title":"OT 03 - L'equivoco stravagante \/ Die verr\u00fcckte Verwechslung - Deutsche Rossini Gesellschaft","og_description":"Gioachino Rossini: L\u2019equivoco stravagante \/ Die verr\u00fcckte Verwechslung Text von Gaetano Gasbarri. Libretto Italienisch\/Deutsch, \u00fcbersetzt und herausgegeben von Reto M\u00fcller. ISBN 978-3-86583-644-1 | Leipzig 2012, 148 Seiten, 12x19 cm, Klebebindung","og_url":"https:\/\/www.rossinigesellschaft.de\/de\/produkt\/ot-03-lequivoco-stravagante\/","og_site_name":"Deutsche Rossini Gesellschaft","article_modified_time":"2020-09-28T17:38:53+00:00","og_image":[{"width":495,"height":789,"url":"https:\/\/www.rossinigesellschaft.de\/de\/wp-content\/uploads\/2019\/03\/03_Equivoco.jpg","type":"image\/jpeg"}],"twitter_card":"summary_large_image","twitter_misc":{"Gesch\u00e4tzte Lesezeit":"1\u00a0Minute"},"schema":{"@context":"https:\/\/schema.org","@graph":[{"@type":"WebPage","@id":"https:\/\/www.rossinigesellschaft.de\/de\/produkt\/ot-03-lequivoco-stravagante\/","url":"https:\/\/www.rossinigesellschaft.de\/de\/produkt\/ot-03-lequivoco-stravagante\/","name":"OT 03 - L'equivoco stravagante \/ Die verr\u00fcckte Verwechslung - Deutsche Rossini Gesellschaft","isPartOf":{"@id":"https:\/\/www.rossinigesellschaft.de\/de\/#website"},"primaryImageOfPage":{"@id":"https:\/\/www.rossinigesellschaft.de\/de\/produkt\/ot-03-lequivoco-stravagante\/#primaryimage"},"image":{"@id":"https:\/\/www.rossinigesellschaft.de\/de\/produkt\/ot-03-lequivoco-stravagante\/#primaryimage"},"thumbnailUrl":"https:\/\/www.rossinigesellschaft.de\/de\/wp-content\/uploads\/2019\/03\/03_Equivoco.jpg","datePublished":"2019-03-27T21:15:10+00:00","dateModified":"2020-09-28T17:38:53+00:00","breadcrumb":{"@id":"https:\/\/www.rossinigesellschaft.de\/de\/produkt\/ot-03-lequivoco-stravagante\/#breadcrumb"},"inLanguage":"de","potentialAction":[{"@type":"ReadAction","target":["https:\/\/www.rossinigesellschaft.de\/de\/produkt\/ot-03-lequivoco-stravagante\/"]}]},{"@type":"ImageObject","inLanguage":"de","@id":"https:\/\/www.rossinigesellschaft.de\/de\/produkt\/ot-03-lequivoco-stravagante\/#primaryimage","url":"https:\/\/www.rossinigesellschaft.de\/de\/wp-content\/uploads\/2019\/03\/03_Equivoco.jpg","contentUrl":"https:\/\/www.rossinigesellschaft.de\/de\/wp-content\/uploads\/2019\/03\/03_Equivoco.jpg","width":495,"height":789},{"@type":"BreadcrumbList","@id":"https:\/\/www.rossinigesellschaft.de\/de\/produkt\/ot-03-lequivoco-stravagante\/#breadcrumb","itemListElement":[{"@type":"ListItem","position":1,"name":"Startseite","item":"https:\/\/www.rossinigesellschaft.de\/de\/"},{"@type":"ListItem","position":2,"name":"Alle Produkte","item":"https:\/\/www.rossinigesellschaft.de\/de\/alle-produkte\/"},{"@type":"ListItem","position":3,"name":"OT 03 &#8211; L&#8217;equivoco stravagante \/ Die verr\u00fcckte Verwechslung"}]},{"@type":"WebSite","@id":"https:\/\/www.rossinigesellschaft.de\/de\/#website","url":"https:\/\/www.rossinigesellschaft.de\/de\/","name":"Deutsche Rossini Gesellschaft","description":"","publisher":{"@id":"https:\/\/www.rossinigesellschaft.de\/de\/#organization"},"potentialAction":[{"@type":"SearchAction","target":{"@type":"EntryPoint","urlTemplate":"https:\/\/www.rossinigesellschaft.de\/de\/?s={search_term_string}"},"query-input":{"@type":"PropertyValueSpecification","valueRequired":true,"valueName":"search_term_string"}}],"inLanguage":"de"},{"@type":"Organization","@id":"https:\/\/www.rossinigesellschaft.de\/de\/#organization","name":"Deutsche Rossini Gesellschaft","url":"https:\/\/www.rossinigesellschaft.de\/de\/","logo":{"@type":"ImageObject","inLanguage":"de","@id":"https:\/\/www.rossinigesellschaft.de\/de\/#\/schema\/logo\/image\/","url":"https:\/\/www.rossinigesellschaft.de\/de\/wp-content\/uploads\/2019\/02\/logo-transparent.png","contentUrl":"https:\/\/www.rossinigesellschaft.de\/de\/wp-content\/uploads\/2019\/02\/logo-transparent.png","width":200,"height":86,"caption":"Deutsche Rossini Gesellschaft"},"image":{"@id":"https:\/\/www.rossinigesellschaft.de\/de\/#\/schema\/logo\/image\/"}}]}},"_links":{"self":[{"href":"https:\/\/www.rossinigesellschaft.de\/de\/wp-json\/wp\/v2\/product\/336","targetHints":{"allow":["GET"]}}],"collection":[{"href":"https:\/\/www.rossinigesellschaft.de\/de\/wp-json\/wp\/v2\/product"}],"about":[{"href":"https:\/\/www.rossinigesellschaft.de\/de\/wp-json\/wp\/v2\/types\/product"}],"wp:featuredmedia":[{"embeddable":true,"href":"https:\/\/www.rossinigesellschaft.de\/de\/wp-json\/wp\/v2\/media\/337"}],"wp:attachment":[{"href":"https:\/\/www.rossinigesellschaft.de\/de\/wp-json\/wp\/v2\/media?parent=336"}],"wp:term":[{"taxonomy":"product_brand","embeddable":true,"href":"https:\/\/www.rossinigesellschaft.de\/de\/wp-json\/wp\/v2\/product_brand?post=336"},{"taxonomy":"product_cat","embeddable":true,"href":"https:\/\/www.rossinigesellschaft.de\/de\/wp-json\/wp\/v2\/product_cat?post=336"},{"taxonomy":"product_tag","embeddable":true,"href":"https:\/\/www.rossinigesellschaft.de\/de\/wp-json\/wp\/v2\/product_tag?post=336"}],"curies":[{"name":"wp","href":"https:\/\/api.w.org\/{rel}","templated":true}]}}