{"id":275,"date":"2019-03-26T22:38:35","date_gmt":"2019-03-26T21:38:35","guid":{"rendered":"http:\/\/neu.rossinigesellschaft.de\/de\/?post_type=product&#038;p=275"},"modified":"2019-10-14T18:36:25","modified_gmt":"2019-10-14T16:36:25","slug":"sr-09-verzierungs-und-variationspraxis","status":"publish","type":"product","link":"https:\/\/www.rossinigesellschaft.de\/de\/produkt\/sr-09-verzierungs-und-variationspraxis\/","title":{"rendered":"SR 09 &#8211; Verzierungs- und Variationspraxis in den italienischen Opern Rossinis"},"content":{"rendered":"<p align=\"justify\">Eine S\u00e4ngerin sang Rossini eine seiner Arien vor, die sie so stark verzierte, dass der Komponist ihr zwar h\u00f6flich Beifall spendete und ihre sch\u00f6ne Stimme lobte, um sie dann aber zu fragen, von wem denn die Musik stamme. Aus dieser Anekdote darf nicht der Schluss gezogen werden, dass Rossini nur die von ihm selbst ausgeschriebenen Koloraturen f\u00fcr angebracht hielt. Vielmehr war es zu seiner Zeit allgemein \u00fcblich, dass die S\u00e4nger eigene Verzierungen anbrachten, und gute Gesangsk\u00fcnstler konnten das auch geschmackvoll ausf\u00fchren. Er legte allerdings Wert darauf, dass seine Musik angemessen verziert wurde. Die Kolorierung musste bestimmten Regeln folgen. Nach der Hochbl\u00fcte des Belcanto verlor sich diese Kunst gr\u00fcndlich. Die durch eineinhalb Jahrhunderte versch\u00fcttete Kenntnis der Gesangsverzierung durch die S\u00e4nger holt Francis Benichou im vorliegenden Buch wieder in das Bewusstsein zur\u00fcck \u2013 eine Anleitung f\u00fcr S\u00e4nger zur Vollendung ihrer Gesangskunst und zum H\u00f6rgenuss des Publikums.<br \/>\n(Pr\u00e4sentation von Bernd-R\u00fcdiger Kern)<\/p>\n<p>Francis Benichou, geb. 1987 in Z\u00fcrich, ist diplomierter Klavierlehrer und hat 2012 ein Gesangsstudium an der Haute \u00c9cole de Musique Lausanne-Fribourg abgeschlossen. Aktuell bildet er sich in Triest am Conservatorio Tartini in Orchesterleitung weiter. Nach einer vierj\u00e4hrigen T\u00e4tigkeit als Klavierlehrer arbeitet er zurzeit als Chorleiter und S\u00e4nger. Er korrepetierte und assistierte u.a. am Opernfestival\u00a0<em>Rossini in Wildbad<\/em>\u00a0und ist Leiter des Ensembles\u00a0<a href=\"http:\/\/www.virtuosirossiniani.com\/\" target=\"_blank\" rel=\"noopener noreferrer\"><em>Virtuosi Rossiniani<\/em><\/a>, das sich mit der historischen Auff\u00fchrungspraxis in der Musik Rossinis befasst.<\/p>\n","protected":false},"excerpt":{"rendered":"<p><b>Francis Benichou: Verzierungs- und Variationspraxis in den italienischen Opern Rossinis<br \/>\nBetrachtung historischer Auff\u00fchrungsmethoden und Rekonstruktion stilistisch angemessener Verzierungen<br \/>\n<\/b><i>ISBN 978-3-86583-852-0 |\u00a0<\/i><i>Leipzig 2014, 392 Seiten, 14,8&#215;21,0 cm, broschiert<\/i><\/p>\n","protected":false},"featured_media":379,"template":"","meta":[],"product_brand":[],"product_cat":[22],"product_tag":[],"class_list":{"0":"post-275","1":"product","2":"type-product","3":"status-publish","4":"has-post-thumbnail","6":"product_cat-schriftenreihe","7":"product_shipping_class-buch1000","9":"first","10":"instock","11":"shipping-taxable","12":"purchasable","13":"product-type-simple"},"yoast_head":"<!-- This site is optimized with the Yoast SEO plugin v27.5 - https:\/\/yoast.com\/product\/yoast-seo-wordpress\/ -->\n<title>SR 09 - Verzierungs- und Variationspraxis in den italienischen Opern Rossinis - Deutsche Rossini Gesellschaft<\/title>\n<meta name=\"robots\" content=\"index, follow, max-snippet:-1, max-image-preview:large, max-video-preview:-1\" \/>\n<link rel=\"canonical\" href=\"https:\/\/www.rossinigesellschaft.de\/de\/produkt\/sr-09-verzierungs-und-variationspraxis\/\" \/>\n<meta property=\"og:locale\" content=\"de_DE\" \/>\n<meta property=\"og:type\" content=\"article\" \/>\n<meta property=\"og:title\" content=\"SR 09 - Verzierungs- und Variationspraxis in den italienischen Opern Rossinis - Deutsche Rossini Gesellschaft\" \/>\n<meta property=\"og:description\" content=\"Francis Benichou: Verzierungs- und Variationspraxis in den italienischen Opern Rossinis Betrachtung historischer Auff\u00fchrungsmethoden und Rekonstruktion stilistisch angemessener Verzierungen ISBN 978-3-86583-852-0 |\u00a0Leipzig 2014, 392 Seiten, 14,8x21,0 cm, broschiert\" \/>\n<meta property=\"og:url\" content=\"https:\/\/www.rossinigesellschaft.de\/de\/produkt\/sr-09-verzierungs-und-variationspraxis\/\" \/>\n<meta property=\"og:site_name\" content=\"Deutsche Rossini Gesellschaft\" \/>\n<meta property=\"article:modified_time\" content=\"2019-10-14T16:36:25+00:00\" \/>\n<meta property=\"og:image\" content=\"https:\/\/www.rossinigesellschaft.de\/de\/wp-content\/uploads\/2019\/03\/SR09_Verzierungen.jpg\" \/>\n\t<meta property=\"og:image:width\" content=\"1725\" \/>\n\t<meta property=\"og:image:height\" content=\"2433\" \/>\n\t<meta property=\"og:image:type\" content=\"image\/jpeg\" \/>\n<meta name=\"twitter:card\" content=\"summary_large_image\" \/>\n<meta name=\"twitter:label1\" content=\"Gesch\u00e4tzte Lesezeit\" \/>\n\t<meta name=\"twitter:data1\" content=\"1\u00a0Minute\" \/>\n<script type=\"application\/ld+json\" class=\"yoast-schema-graph\">{\"@context\":\"https:\\\/\\\/schema.org\",\"@graph\":[{\"@type\":\"WebPage\",\"@id\":\"https:\\\/\\\/www.rossinigesellschaft.de\\\/de\\\/produkt\\\/sr-09-verzierungs-und-variationspraxis\\\/\",\"url\":\"https:\\\/\\\/www.rossinigesellschaft.de\\\/de\\\/produkt\\\/sr-09-verzierungs-und-variationspraxis\\\/\",\"name\":\"SR 09 - Verzierungs- und Variationspraxis in den italienischen Opern Rossinis - Deutsche Rossini Gesellschaft\",\"isPartOf\":{\"@id\":\"https:\\\/\\\/www.rossinigesellschaft.de\\\/de\\\/#website\"},\"primaryImageOfPage\":{\"@id\":\"https:\\\/\\\/www.rossinigesellschaft.de\\\/de\\\/produkt\\\/sr-09-verzierungs-und-variationspraxis\\\/#primaryimage\"},\"image\":{\"@id\":\"https:\\\/\\\/www.rossinigesellschaft.de\\\/de\\\/produkt\\\/sr-09-verzierungs-und-variationspraxis\\\/#primaryimage\"},\"thumbnailUrl\":\"https:\\\/\\\/www.rossinigesellschaft.de\\\/de\\\/wp-content\\\/uploads\\\/2019\\\/03\\\/SR09_Verzierungen.jpg\",\"datePublished\":\"2019-03-26T21:38:35+00:00\",\"dateModified\":\"2019-10-14T16:36:25+00:00\",\"breadcrumb\":{\"@id\":\"https:\\\/\\\/www.rossinigesellschaft.de\\\/de\\\/produkt\\\/sr-09-verzierungs-und-variationspraxis\\\/#breadcrumb\"},\"inLanguage\":\"de\",\"potentialAction\":[{\"@type\":\"ReadAction\",\"target\":[\"https:\\\/\\\/www.rossinigesellschaft.de\\\/de\\\/produkt\\\/sr-09-verzierungs-und-variationspraxis\\\/\"]}]},{\"@type\":\"ImageObject\",\"inLanguage\":\"de\",\"@id\":\"https:\\\/\\\/www.rossinigesellschaft.de\\\/de\\\/produkt\\\/sr-09-verzierungs-und-variationspraxis\\\/#primaryimage\",\"url\":\"https:\\\/\\\/www.rossinigesellschaft.de\\\/de\\\/wp-content\\\/uploads\\\/2019\\\/03\\\/SR09_Verzierungen.jpg\",\"contentUrl\":\"https:\\\/\\\/www.rossinigesellschaft.de\\\/de\\\/wp-content\\\/uploads\\\/2019\\\/03\\\/SR09_Verzierungen.jpg\",\"width\":1725,\"height\":2433},{\"@type\":\"BreadcrumbList\",\"@id\":\"https:\\\/\\\/www.rossinigesellschaft.de\\\/de\\\/produkt\\\/sr-09-verzierungs-und-variationspraxis\\\/#breadcrumb\",\"itemListElement\":[{\"@type\":\"ListItem\",\"position\":1,\"name\":\"Startseite\",\"item\":\"https:\\\/\\\/www.rossinigesellschaft.de\\\/de\\\/\"},{\"@type\":\"ListItem\",\"position\":2,\"name\":\"Alle Produkte\",\"item\":\"https:\\\/\\\/www.rossinigesellschaft.de\\\/de\\\/alle-produkte\\\/\"},{\"@type\":\"ListItem\",\"position\":3,\"name\":\"SR 09 &#8211; Verzierungs- und Variationspraxis in den italienischen Opern Rossinis\"}]},{\"@type\":\"WebSite\",\"@id\":\"https:\\\/\\\/www.rossinigesellschaft.de\\\/de\\\/#website\",\"url\":\"https:\\\/\\\/www.rossinigesellschaft.de\\\/de\\\/\",\"name\":\"Deutsche Rossini Gesellschaft\",\"description\":\"\",\"publisher\":{\"@id\":\"https:\\\/\\\/www.rossinigesellschaft.de\\\/de\\\/#organization\"},\"potentialAction\":[{\"@type\":\"SearchAction\",\"target\":{\"@type\":\"EntryPoint\",\"urlTemplate\":\"https:\\\/\\\/www.rossinigesellschaft.de\\\/de\\\/?s={search_term_string}\"},\"query-input\":{\"@type\":\"PropertyValueSpecification\",\"valueRequired\":true,\"valueName\":\"search_term_string\"}}],\"inLanguage\":\"de\"},{\"@type\":\"Organization\",\"@id\":\"https:\\\/\\\/www.rossinigesellschaft.de\\\/de\\\/#organization\",\"name\":\"Deutsche Rossini Gesellschaft\",\"url\":\"https:\\\/\\\/www.rossinigesellschaft.de\\\/de\\\/\",\"logo\":{\"@type\":\"ImageObject\",\"inLanguage\":\"de\",\"@id\":\"https:\\\/\\\/www.rossinigesellschaft.de\\\/de\\\/#\\\/schema\\\/logo\\\/image\\\/\",\"url\":\"https:\\\/\\\/www.rossinigesellschaft.de\\\/de\\\/wp-content\\\/uploads\\\/2019\\\/02\\\/logo-transparent.png\",\"contentUrl\":\"https:\\\/\\\/www.rossinigesellschaft.de\\\/de\\\/wp-content\\\/uploads\\\/2019\\\/02\\\/logo-transparent.png\",\"width\":200,\"height\":86,\"caption\":\"Deutsche Rossini Gesellschaft\"},\"image\":{\"@id\":\"https:\\\/\\\/www.rossinigesellschaft.de\\\/de\\\/#\\\/schema\\\/logo\\\/image\\\/\"}}]}<\/script>\n<!-- \/ Yoast SEO plugin. -->","yoast_head_json":{"title":"SR 09 - Verzierungs- und Variationspraxis in den italienischen Opern Rossinis - Deutsche Rossini Gesellschaft","robots":{"index":"index","follow":"follow","max-snippet":"max-snippet:-1","max-image-preview":"max-image-preview:large","max-video-preview":"max-video-preview:-1"},"canonical":"https:\/\/www.rossinigesellschaft.de\/de\/produkt\/sr-09-verzierungs-und-variationspraxis\/","og_locale":"de_DE","og_type":"article","og_title":"SR 09 - Verzierungs- und Variationspraxis in den italienischen Opern Rossinis - Deutsche Rossini Gesellschaft","og_description":"Francis Benichou: Verzierungs- und Variationspraxis in den italienischen Opern Rossinis Betrachtung historischer Auff\u00fchrungsmethoden und Rekonstruktion stilistisch angemessener Verzierungen ISBN 978-3-86583-852-0 |\u00a0Leipzig 2014, 392 Seiten, 14,8x21,0 cm, broschiert","og_url":"https:\/\/www.rossinigesellschaft.de\/de\/produkt\/sr-09-verzierungs-und-variationspraxis\/","og_site_name":"Deutsche Rossini Gesellschaft","article_modified_time":"2019-10-14T16:36:25+00:00","og_image":[{"width":1725,"height":2433,"url":"https:\/\/www.rossinigesellschaft.de\/de\/wp-content\/uploads\/2019\/03\/SR09_Verzierungen.jpg","type":"image\/jpeg"}],"twitter_card":"summary_large_image","twitter_misc":{"Gesch\u00e4tzte Lesezeit":"1\u00a0Minute"},"schema":{"@context":"https:\/\/schema.org","@graph":[{"@type":"WebPage","@id":"https:\/\/www.rossinigesellschaft.de\/de\/produkt\/sr-09-verzierungs-und-variationspraxis\/","url":"https:\/\/www.rossinigesellschaft.de\/de\/produkt\/sr-09-verzierungs-und-variationspraxis\/","name":"SR 09 - Verzierungs- und Variationspraxis in den italienischen Opern Rossinis - Deutsche Rossini Gesellschaft","isPartOf":{"@id":"https:\/\/www.rossinigesellschaft.de\/de\/#website"},"primaryImageOfPage":{"@id":"https:\/\/www.rossinigesellschaft.de\/de\/produkt\/sr-09-verzierungs-und-variationspraxis\/#primaryimage"},"image":{"@id":"https:\/\/www.rossinigesellschaft.de\/de\/produkt\/sr-09-verzierungs-und-variationspraxis\/#primaryimage"},"thumbnailUrl":"https:\/\/www.rossinigesellschaft.de\/de\/wp-content\/uploads\/2019\/03\/SR09_Verzierungen.jpg","datePublished":"2019-03-26T21:38:35+00:00","dateModified":"2019-10-14T16:36:25+00:00","breadcrumb":{"@id":"https:\/\/www.rossinigesellschaft.de\/de\/produkt\/sr-09-verzierungs-und-variationspraxis\/#breadcrumb"},"inLanguage":"de","potentialAction":[{"@type":"ReadAction","target":["https:\/\/www.rossinigesellschaft.de\/de\/produkt\/sr-09-verzierungs-und-variationspraxis\/"]}]},{"@type":"ImageObject","inLanguage":"de","@id":"https:\/\/www.rossinigesellschaft.de\/de\/produkt\/sr-09-verzierungs-und-variationspraxis\/#primaryimage","url":"https:\/\/www.rossinigesellschaft.de\/de\/wp-content\/uploads\/2019\/03\/SR09_Verzierungen.jpg","contentUrl":"https:\/\/www.rossinigesellschaft.de\/de\/wp-content\/uploads\/2019\/03\/SR09_Verzierungen.jpg","width":1725,"height":2433},{"@type":"BreadcrumbList","@id":"https:\/\/www.rossinigesellschaft.de\/de\/produkt\/sr-09-verzierungs-und-variationspraxis\/#breadcrumb","itemListElement":[{"@type":"ListItem","position":1,"name":"Startseite","item":"https:\/\/www.rossinigesellschaft.de\/de\/"},{"@type":"ListItem","position":2,"name":"Alle Produkte","item":"https:\/\/www.rossinigesellschaft.de\/de\/alle-produkte\/"},{"@type":"ListItem","position":3,"name":"SR 09 &#8211; Verzierungs- und Variationspraxis in den italienischen Opern Rossinis"}]},{"@type":"WebSite","@id":"https:\/\/www.rossinigesellschaft.de\/de\/#website","url":"https:\/\/www.rossinigesellschaft.de\/de\/","name":"Deutsche Rossini Gesellschaft","description":"","publisher":{"@id":"https:\/\/www.rossinigesellschaft.de\/de\/#organization"},"potentialAction":[{"@type":"SearchAction","target":{"@type":"EntryPoint","urlTemplate":"https:\/\/www.rossinigesellschaft.de\/de\/?s={search_term_string}"},"query-input":{"@type":"PropertyValueSpecification","valueRequired":true,"valueName":"search_term_string"}}],"inLanguage":"de"},{"@type":"Organization","@id":"https:\/\/www.rossinigesellschaft.de\/de\/#organization","name":"Deutsche Rossini Gesellschaft","url":"https:\/\/www.rossinigesellschaft.de\/de\/","logo":{"@type":"ImageObject","inLanguage":"de","@id":"https:\/\/www.rossinigesellschaft.de\/de\/#\/schema\/logo\/image\/","url":"https:\/\/www.rossinigesellschaft.de\/de\/wp-content\/uploads\/2019\/02\/logo-transparent.png","contentUrl":"https:\/\/www.rossinigesellschaft.de\/de\/wp-content\/uploads\/2019\/02\/logo-transparent.png","width":200,"height":86,"caption":"Deutsche Rossini Gesellschaft"},"image":{"@id":"https:\/\/www.rossinigesellschaft.de\/de\/#\/schema\/logo\/image\/"}}]}},"_links":{"self":[{"href":"https:\/\/www.rossinigesellschaft.de\/de\/wp-json\/wp\/v2\/product\/275","targetHints":{"allow":["GET"]}}],"collection":[{"href":"https:\/\/www.rossinigesellschaft.de\/de\/wp-json\/wp\/v2\/product"}],"about":[{"href":"https:\/\/www.rossinigesellschaft.de\/de\/wp-json\/wp\/v2\/types\/product"}],"wp:featuredmedia":[{"embeddable":true,"href":"https:\/\/www.rossinigesellschaft.de\/de\/wp-json\/wp\/v2\/media\/379"}],"wp:attachment":[{"href":"https:\/\/www.rossinigesellschaft.de\/de\/wp-json\/wp\/v2\/media?parent=275"}],"wp:term":[{"taxonomy":"product_brand","embeddable":true,"href":"https:\/\/www.rossinigesellschaft.de\/de\/wp-json\/wp\/v2\/product_brand?post=275"},{"taxonomy":"product_cat","embeddable":true,"href":"https:\/\/www.rossinigesellschaft.de\/de\/wp-json\/wp\/v2\/product_cat?post=275"},{"taxonomy":"product_tag","embeddable":true,"href":"https:\/\/www.rossinigesellschaft.de\/de\/wp-json\/wp\/v2\/product_tag?post=275"}],"curies":[{"name":"wp","href":"https:\/\/api.w.org\/{rel}","templated":true}]}}