{"id":1581,"date":"2025-02-06T21:11:39","date_gmt":"2025-02-06T20:11:39","guid":{"rendered":"https:\/\/www.rossinigesellschaft.de\/de\/?post_type=product&#038;p=1581"},"modified":"2025-05-13T22:32:02","modified_gmt":"2025-05-13T20:32:02","slug":"ot-11-litaliana-in-algeri","status":"publish","type":"product","link":"https:\/\/www.rossinigesellschaft.de\/de\/produkt\/ot-11-litaliana-in-algeri\/","title":{"rendered":"OT 11 &#8211; L&#8217;italiana in Algeri"},"content":{"rendered":"<p align=\"left\"><strong>Mustaf\u00e0<\/strong>, Bey von Algier, ist seiner Gattin <strong>Elvira<\/strong> \u00fcberdr\u00fcssig; ihre Vertraute<strong> Zulma<\/strong> r\u00e4t zur Gleichmut. <strong>Haly<\/strong>, Kapit\u00e4n der algerischen Korsaren, muss binnen sechs Tagen eine unb\u00e4ndige Italienerin f\u00fcr ihn finden. Sein Lieblingssklave <strong>Lindoro<\/strong> soll Elvira heiraten, doch dieser sehnt sich nach seiner Geliebten. Auf der Suche nach ihm wird <strong>Isabella<\/strong> an den Strand gesp\u00fclt und von den Piraten aufgegriffen. Den \u00e4ltlichen Liebhaber <strong>Taddeo<\/strong> gibt sie geistesgegenw\u00e4rtig als ihren Onkel aus. Mustaf\u00e0 erliegt alsbald Isabellas Anmut, muss Elvira behalten und ihr Lindoro zum Sklaven geben. Dieser kann Isabella rasch von seiner Treue \u00fcberzeugen und mit ihr die Flucht planen. Nachdem Taddeo zum \u201eKaimakan\u201c des Beys erhoben wurde, ernennt Isabella Mustaf\u00e0 zum \u201ePappataci\u201c, der sich in einer Zeremonie darin bew\u00e4hren muss, nur zu essen und alles andere um ihn herum zu ignorieren. W\u00e4hrenddessen begeben sich alle italienischen Sklaven auf ein Schiff nach Venedig, und der naive Taddeo erkennt erst jetzt in Lindoro Isabellas wahren Geliebten. Der geprellte Mustaf\u00e0 bittet seine Frau reum\u00fctig um Verzeihung.<\/p>\n<p>F\u00fcr das Teatro San Benedetto in Venedig vertonte Rossini in nur 18 Tagen mit einigen signifikativen \u00c4nderungen das ihm kongeniale Libretto <em>L\u2019italiana in Algeri<\/em>, das Angelo Anelli urspr\u00fcnglich 1808 in Mailand f\u00fcr Luigi Mosca verfasst hatte. Nach dem \u00fcberw\u00e4ltigenden Erfolg im Mai 1813 komponierte Rossini alternative Nummern f\u00fcr Vicenza (Sommer 1813), Mailand (April 1814) und Neapel (Oktober 1815). Neben dem vollst\u00e4ndigen Wortlaut der Partitur und den Alternativarien, die in dieser Ausgabe der Reihe <strong>Operntexte<\/strong> abgedruckt und \u00fcbersetzt sind, widmet sich eine umfassende Einleitung u. a. der Frage nach Anellis literarischen Quellen und den Hintergr\u00fcnden der Urauff\u00fchrung sowie der von Rossini begleiteten Wiederaufnahmen.<\/p>\n","protected":false},"excerpt":{"rendered":"<p><b>Gioachino Rossini: <em>L&#8217;italiana in Algeri \/ Die Italienerin in Algier<\/em><\/b><br \/>\nText von Angelo Anelli. Libretto Italienisch\/Deutsch, \u00fcbersetzt und herausgegeben von Reto M\u00fcller.<br \/>\n<i>ISBN 978-3-96023-637-5 | Leipzig 2025, 212 Seiten, 12&#215;19 cm, Klebebindung<\/i><\/p>\n","protected":false},"featured_media":1582,"template":"","meta":[],"product_brand":[],"product_cat":[20],"product_tag":[],"class_list":{"0":"post-1581","1":"product","2":"type-product","3":"status-publish","4":"has-post-thumbnail","6":"product_cat-operntexte","7":"product_shipping_class-brief","9":"first","10":"instock","11":"shipping-taxable","12":"purchasable","13":"product-type-simple"},"yoast_head":"<!-- This site is optimized with the Yoast SEO plugin v27.4 - https:\/\/yoast.com\/product\/yoast-seo-wordpress\/ -->\n<title>OT 11 - L&#039;italiana in Algeri - Deutsche Rossini Gesellschaft<\/title>\n<meta name=\"robots\" content=\"index, follow, max-snippet:-1, max-image-preview:large, max-video-preview:-1\" \/>\n<link rel=\"canonical\" href=\"https:\/\/www.rossinigesellschaft.de\/de\/produkt\/ot-11-litaliana-in-algeri\/\" \/>\n<meta property=\"og:locale\" content=\"de_DE\" \/>\n<meta property=\"og:type\" content=\"article\" \/>\n<meta property=\"og:title\" content=\"OT 11 - L&#039;italiana in Algeri - Deutsche Rossini Gesellschaft\" \/>\n<meta property=\"og:description\" content=\"Gioachino Rossini: L&#039;italiana in Algeri \/ Die Italienerin in Algier Text von Angelo Anelli. Libretto Italienisch\/Deutsch, \u00fcbersetzt und herausgegeben von Reto M\u00fcller. ISBN 978-3-96023-637-5 | Leipzig 2025, 212 Seiten, 12x19 cm, Klebebindung\" \/>\n<meta property=\"og:url\" content=\"https:\/\/www.rossinigesellschaft.de\/de\/produkt\/ot-11-litaliana-in-algeri\/\" \/>\n<meta property=\"og:site_name\" content=\"Deutsche Rossini Gesellschaft\" \/>\n<meta property=\"article:modified_time\" content=\"2025-05-13T20:32:02+00:00\" \/>\n<meta property=\"og:image\" content=\"https:\/\/www.rossinigesellschaft.de\/de\/wp-content\/uploads\/2025\/02\/11_Italiana.jpg\" \/>\n\t<meta property=\"og:image:width\" content=\"1419\" \/>\n\t<meta property=\"og:image:height\" content=\"2244\" \/>\n\t<meta property=\"og:image:type\" content=\"image\/jpeg\" \/>\n<meta name=\"twitter:card\" content=\"summary_large_image\" \/>\n<meta name=\"twitter:label1\" content=\"Gesch\u00e4tzte Lesezeit\" \/>\n\t<meta name=\"twitter:data1\" content=\"2\u00a0Minuten\" \/>\n<script type=\"application\/ld+json\" class=\"yoast-schema-graph\">{\"@context\":\"https:\\\/\\\/schema.org\",\"@graph\":[{\"@type\":\"WebPage\",\"@id\":\"https:\\\/\\\/www.rossinigesellschaft.de\\\/de\\\/produkt\\\/ot-11-litaliana-in-algeri\\\/\",\"url\":\"https:\\\/\\\/www.rossinigesellschaft.de\\\/de\\\/produkt\\\/ot-11-litaliana-in-algeri\\\/\",\"name\":\"OT 11 - L'italiana in Algeri - Deutsche Rossini Gesellschaft\",\"isPartOf\":{\"@id\":\"https:\\\/\\\/www.rossinigesellschaft.de\\\/de\\\/#website\"},\"primaryImageOfPage\":{\"@id\":\"https:\\\/\\\/www.rossinigesellschaft.de\\\/de\\\/produkt\\\/ot-11-litaliana-in-algeri\\\/#primaryimage\"},\"image\":{\"@id\":\"https:\\\/\\\/www.rossinigesellschaft.de\\\/de\\\/produkt\\\/ot-11-litaliana-in-algeri\\\/#primaryimage\"},\"thumbnailUrl\":\"https:\\\/\\\/www.rossinigesellschaft.de\\\/de\\\/wp-content\\\/uploads\\\/2025\\\/02\\\/11_Italiana.jpg\",\"datePublished\":\"2025-02-06T20:11:39+00:00\",\"dateModified\":\"2025-05-13T20:32:02+00:00\",\"breadcrumb\":{\"@id\":\"https:\\\/\\\/www.rossinigesellschaft.de\\\/de\\\/produkt\\\/ot-11-litaliana-in-algeri\\\/#breadcrumb\"},\"inLanguage\":\"de\",\"potentialAction\":[{\"@type\":\"ReadAction\",\"target\":[\"https:\\\/\\\/www.rossinigesellschaft.de\\\/de\\\/produkt\\\/ot-11-litaliana-in-algeri\\\/\"]}]},{\"@type\":\"ImageObject\",\"inLanguage\":\"de\",\"@id\":\"https:\\\/\\\/www.rossinigesellschaft.de\\\/de\\\/produkt\\\/ot-11-litaliana-in-algeri\\\/#primaryimage\",\"url\":\"https:\\\/\\\/www.rossinigesellschaft.de\\\/de\\\/wp-content\\\/uploads\\\/2025\\\/02\\\/11_Italiana.jpg\",\"contentUrl\":\"https:\\\/\\\/www.rossinigesellschaft.de\\\/de\\\/wp-content\\\/uploads\\\/2025\\\/02\\\/11_Italiana.jpg\",\"width\":1419,\"height\":2244},{\"@type\":\"BreadcrumbList\",\"@id\":\"https:\\\/\\\/www.rossinigesellschaft.de\\\/de\\\/produkt\\\/ot-11-litaliana-in-algeri\\\/#breadcrumb\",\"itemListElement\":[{\"@type\":\"ListItem\",\"position\":1,\"name\":\"Startseite\",\"item\":\"https:\\\/\\\/www.rossinigesellschaft.de\\\/de\\\/\"},{\"@type\":\"ListItem\",\"position\":2,\"name\":\"Alle Produkte\",\"item\":\"https:\\\/\\\/www.rossinigesellschaft.de\\\/de\\\/alle-produkte\\\/\"},{\"@type\":\"ListItem\",\"position\":3,\"name\":\"OT 11 &#8211; L&#8217;italiana in Algeri\"}]},{\"@type\":\"WebSite\",\"@id\":\"https:\\\/\\\/www.rossinigesellschaft.de\\\/de\\\/#website\",\"url\":\"https:\\\/\\\/www.rossinigesellschaft.de\\\/de\\\/\",\"name\":\"Deutsche Rossini Gesellschaft\",\"description\":\"\",\"publisher\":{\"@id\":\"https:\\\/\\\/www.rossinigesellschaft.de\\\/de\\\/#organization\"},\"potentialAction\":[{\"@type\":\"SearchAction\",\"target\":{\"@type\":\"EntryPoint\",\"urlTemplate\":\"https:\\\/\\\/www.rossinigesellschaft.de\\\/de\\\/?s={search_term_string}\"},\"query-input\":{\"@type\":\"PropertyValueSpecification\",\"valueRequired\":true,\"valueName\":\"search_term_string\"}}],\"inLanguage\":\"de\"},{\"@type\":\"Organization\",\"@id\":\"https:\\\/\\\/www.rossinigesellschaft.de\\\/de\\\/#organization\",\"name\":\"Deutsche Rossini Gesellschaft\",\"url\":\"https:\\\/\\\/www.rossinigesellschaft.de\\\/de\\\/\",\"logo\":{\"@type\":\"ImageObject\",\"inLanguage\":\"de\",\"@id\":\"https:\\\/\\\/www.rossinigesellschaft.de\\\/de\\\/#\\\/schema\\\/logo\\\/image\\\/\",\"url\":\"https:\\\/\\\/www.rossinigesellschaft.de\\\/de\\\/wp-content\\\/uploads\\\/2019\\\/02\\\/logo-transparent.png\",\"contentUrl\":\"https:\\\/\\\/www.rossinigesellschaft.de\\\/de\\\/wp-content\\\/uploads\\\/2019\\\/02\\\/logo-transparent.png\",\"width\":200,\"height\":86,\"caption\":\"Deutsche Rossini Gesellschaft\"},\"image\":{\"@id\":\"https:\\\/\\\/www.rossinigesellschaft.de\\\/de\\\/#\\\/schema\\\/logo\\\/image\\\/\"}}]}<\/script>\n<!-- \/ Yoast SEO plugin. -->","yoast_head_json":{"title":"OT 11 - L'italiana in Algeri - Deutsche Rossini Gesellschaft","robots":{"index":"index","follow":"follow","max-snippet":"max-snippet:-1","max-image-preview":"max-image-preview:large","max-video-preview":"max-video-preview:-1"},"canonical":"https:\/\/www.rossinigesellschaft.de\/de\/produkt\/ot-11-litaliana-in-algeri\/","og_locale":"de_DE","og_type":"article","og_title":"OT 11 - L'italiana in Algeri - Deutsche Rossini Gesellschaft","og_description":"Gioachino Rossini: L'italiana in Algeri \/ Die Italienerin in Algier Text von Angelo Anelli. Libretto Italienisch\/Deutsch, \u00fcbersetzt und herausgegeben von Reto M\u00fcller. ISBN 978-3-96023-637-5 | Leipzig 2025, 212 Seiten, 12x19 cm, Klebebindung","og_url":"https:\/\/www.rossinigesellschaft.de\/de\/produkt\/ot-11-litaliana-in-algeri\/","og_site_name":"Deutsche Rossini Gesellschaft","article_modified_time":"2025-05-13T20:32:02+00:00","og_image":[{"width":1419,"height":2244,"url":"https:\/\/www.rossinigesellschaft.de\/de\/wp-content\/uploads\/2025\/02\/11_Italiana.jpg","type":"image\/jpeg"}],"twitter_card":"summary_large_image","twitter_misc":{"Gesch\u00e4tzte Lesezeit":"2\u00a0Minuten"},"schema":{"@context":"https:\/\/schema.org","@graph":[{"@type":"WebPage","@id":"https:\/\/www.rossinigesellschaft.de\/de\/produkt\/ot-11-litaliana-in-algeri\/","url":"https:\/\/www.rossinigesellschaft.de\/de\/produkt\/ot-11-litaliana-in-algeri\/","name":"OT 11 - L'italiana in Algeri - Deutsche Rossini Gesellschaft","isPartOf":{"@id":"https:\/\/www.rossinigesellschaft.de\/de\/#website"},"primaryImageOfPage":{"@id":"https:\/\/www.rossinigesellschaft.de\/de\/produkt\/ot-11-litaliana-in-algeri\/#primaryimage"},"image":{"@id":"https:\/\/www.rossinigesellschaft.de\/de\/produkt\/ot-11-litaliana-in-algeri\/#primaryimage"},"thumbnailUrl":"https:\/\/www.rossinigesellschaft.de\/de\/wp-content\/uploads\/2025\/02\/11_Italiana.jpg","datePublished":"2025-02-06T20:11:39+00:00","dateModified":"2025-05-13T20:32:02+00:00","breadcrumb":{"@id":"https:\/\/www.rossinigesellschaft.de\/de\/produkt\/ot-11-litaliana-in-algeri\/#breadcrumb"},"inLanguage":"de","potentialAction":[{"@type":"ReadAction","target":["https:\/\/www.rossinigesellschaft.de\/de\/produkt\/ot-11-litaliana-in-algeri\/"]}]},{"@type":"ImageObject","inLanguage":"de","@id":"https:\/\/www.rossinigesellschaft.de\/de\/produkt\/ot-11-litaliana-in-algeri\/#primaryimage","url":"https:\/\/www.rossinigesellschaft.de\/de\/wp-content\/uploads\/2025\/02\/11_Italiana.jpg","contentUrl":"https:\/\/www.rossinigesellschaft.de\/de\/wp-content\/uploads\/2025\/02\/11_Italiana.jpg","width":1419,"height":2244},{"@type":"BreadcrumbList","@id":"https:\/\/www.rossinigesellschaft.de\/de\/produkt\/ot-11-litaliana-in-algeri\/#breadcrumb","itemListElement":[{"@type":"ListItem","position":1,"name":"Startseite","item":"https:\/\/www.rossinigesellschaft.de\/de\/"},{"@type":"ListItem","position":2,"name":"Alle Produkte","item":"https:\/\/www.rossinigesellschaft.de\/de\/alle-produkte\/"},{"@type":"ListItem","position":3,"name":"OT 11 &#8211; L&#8217;italiana in Algeri"}]},{"@type":"WebSite","@id":"https:\/\/www.rossinigesellschaft.de\/de\/#website","url":"https:\/\/www.rossinigesellschaft.de\/de\/","name":"Deutsche Rossini Gesellschaft","description":"","publisher":{"@id":"https:\/\/www.rossinigesellschaft.de\/de\/#organization"},"potentialAction":[{"@type":"SearchAction","target":{"@type":"EntryPoint","urlTemplate":"https:\/\/www.rossinigesellschaft.de\/de\/?s={search_term_string}"},"query-input":{"@type":"PropertyValueSpecification","valueRequired":true,"valueName":"search_term_string"}}],"inLanguage":"de"},{"@type":"Organization","@id":"https:\/\/www.rossinigesellschaft.de\/de\/#organization","name":"Deutsche Rossini Gesellschaft","url":"https:\/\/www.rossinigesellschaft.de\/de\/","logo":{"@type":"ImageObject","inLanguage":"de","@id":"https:\/\/www.rossinigesellschaft.de\/de\/#\/schema\/logo\/image\/","url":"https:\/\/www.rossinigesellschaft.de\/de\/wp-content\/uploads\/2019\/02\/logo-transparent.png","contentUrl":"https:\/\/www.rossinigesellschaft.de\/de\/wp-content\/uploads\/2019\/02\/logo-transparent.png","width":200,"height":86,"caption":"Deutsche Rossini Gesellschaft"},"image":{"@id":"https:\/\/www.rossinigesellschaft.de\/de\/#\/schema\/logo\/image\/"}}]}},"_links":{"self":[{"href":"https:\/\/www.rossinigesellschaft.de\/de\/wp-json\/wp\/v2\/product\/1581","targetHints":{"allow":["GET"]}}],"collection":[{"href":"https:\/\/www.rossinigesellschaft.de\/de\/wp-json\/wp\/v2\/product"}],"about":[{"href":"https:\/\/www.rossinigesellschaft.de\/de\/wp-json\/wp\/v2\/types\/product"}],"wp:featuredmedia":[{"embeddable":true,"href":"https:\/\/www.rossinigesellschaft.de\/de\/wp-json\/wp\/v2\/media\/1582"}],"wp:attachment":[{"href":"https:\/\/www.rossinigesellschaft.de\/de\/wp-json\/wp\/v2\/media?parent=1581"}],"wp:term":[{"taxonomy":"product_brand","embeddable":true,"href":"https:\/\/www.rossinigesellschaft.de\/de\/wp-json\/wp\/v2\/product_brand?post=1581"},{"taxonomy":"product_cat","embeddable":true,"href":"https:\/\/www.rossinigesellschaft.de\/de\/wp-json\/wp\/v2\/product_cat?post=1581"},{"taxonomy":"product_tag","embeddable":true,"href":"https:\/\/www.rossinigesellschaft.de\/de\/wp-json\/wp\/v2\/product_tag?post=1581"}],"curies":[{"name":"wp","href":"https:\/\/api.w.org\/{rel}","templated":true}]}}