{"id":1456,"date":"2024-03-05T16:50:34","date_gmt":"2024-03-05T15:50:34","guid":{"rendered":"https:\/\/www.rossinigesellschaft.de\/de\/?post_type=product&#038;p=1456"},"modified":"2024-07-12T15:37:44","modified_gmt":"2024-07-12T13:37:44","slug":"sr-12-rossini-in-wien-pdf","status":"publish","type":"product","link":"https:\/\/www.rossinigesellschaft.de\/de\/produkt\/sr-12-rossini-in-wien-pdf\/","title":{"rendered":"SR 12 &#8211; Rossini in Wien (PDF)"},"content":{"rendered":"<p><strong>Als PDF: &#8222;Rossini in Wien&#8220;, <\/strong>Band 12 der Schriftenreihe.<\/p>\n<p>Dieser Band dokumentiert und erg\u00e4nzt die Internationale Konferenz <em>Rossini in Wien 1822<\/em>, die die Deutsche Rossini Gesellschaft angesto\u00dfen und in Zusammenarbeit mit vier weiteren Institutionen vom 24. bis 26. M\u00e4rz 2022 in Wien durchgef\u00fchrt hat.<\/p>\n<p>Anlass war der fast auf den Tag genaue 200. Jahrestag von Rossinis Ankunft in Wien am 22. M\u00e4rz 1822. Sein viermonatiger Aufenthalt in der Habsburger Metropole glich einem Triumphzug, der als \u201eRossini-Fieber\u201c in die Geschichte einging.<\/p>\n<p>Bei den Vortr\u00e4gen der Konferenz, die hier verschriftlicht vorliegen, wurden alle denkbaren Aspekte des Besuchs angesprochen: die Rossini-Rezeption in den Jahren vor seinem pers\u00f6nlichen Auftreten in Wien, die Folgen seines Weggangs von Neapel f\u00fcr die dortige k\u00f6nigliche Oper, die Wiener Auff\u00fchrungen und Bearbeitungen von Rossinis Opern in italienischer Sprache und in deutschen \u00dcbersetzungen, die Rolle der S\u00e4ngerinnen und S\u00e4nger der italienischen Spielzeit von 1822, die Wahrnehmung des Ehepaars Rossini in Wien, Rossinis Beziehung zu anderen Komponisten wie Salieri, Beethoven, Schubert oder Weber, der publizistische Erfolg insbesondere der Verleger Artaria und Sauer &amp; Leidesdorf, die Rezeption durch Dichter und Denker wie Raimund, Carpani oder Hegel, die moderne R\u00fcckbesinnung auf Rossini im Theater an der Wien.<\/p>\n<p>All dies bildet eine umfangreiche Dokumentation \u00fcber Rossinis ersten Aufenthalt au\u00dferhalb Italiens und erg\u00e4nzt in idealer Weise den <a href=\"https:\/\/www.rossinigesellschaft.de\/de\/produkt\/sr-11-il-tedeschino-pdf\/\" target=\"_blank\" rel=\"noopener\">Band 11<\/a> der DRG-Schriftenreihe <em>Il Tedeschino. Rossini und der deutschsprachige Raum<\/em> von 2021.<\/p>\n","protected":false},"excerpt":{"rendered":"<p><b>Rossini in Wien<br \/>\nTagungsband, hrsg. von Reto M\u00fcller (PDF)<br \/>\n<\/b><i>ISBN 978-3-96023-576-7 | <\/i><i>Leipzig 2024, 520 Seiten, 21\u00d729,7 cm, als PDF<br \/>\n<\/i><\/p>\n","protected":false},"featured_media":1457,"template":"","meta":[],"product_brand":[],"product_cat":[22],"product_tag":[],"class_list":{"0":"post-1456","1":"product","2":"type-product","3":"status-publish","4":"has-post-thumbnail","6":"product_cat-schriftenreihe","7":"product_shipping_class-buch1000","9":"first","10":"instock","11":"downloadable","12":"virtual","13":"purchasable","14":"product-type-simple"},"yoast_head":"<!-- This site is optimized with the Yoast SEO plugin v27.5 - https:\/\/yoast.com\/product\/yoast-seo-wordpress\/ -->\n<title>SR 12 - Rossini in Wien (PDF) - Deutsche Rossini Gesellschaft<\/title>\n<meta name=\"robots\" content=\"index, follow, max-snippet:-1, max-image-preview:large, max-video-preview:-1\" \/>\n<link rel=\"canonical\" href=\"https:\/\/www.rossinigesellschaft.de\/de\/produkt\/sr-12-rossini-in-wien-pdf\/\" \/>\n<meta property=\"og:locale\" content=\"de_DE\" \/>\n<meta property=\"og:type\" content=\"article\" \/>\n<meta property=\"og:title\" content=\"SR 12 - Rossini in Wien (PDF) - Deutsche Rossini Gesellschaft\" \/>\n<meta property=\"og:description\" content=\"Rossini in Wien Tagungsband, hrsg. von Reto M\u00fcller (PDF) ISBN 978-3-96023-576-7 | Leipzig 2024, 520 Seiten, 21\u00d729,7 cm, als PDF\" \/>\n<meta property=\"og:url\" content=\"https:\/\/www.rossinigesellschaft.de\/de\/produkt\/sr-12-rossini-in-wien-pdf\/\" \/>\n<meta property=\"og:site_name\" content=\"Deutsche Rossini Gesellschaft\" \/>\n<meta property=\"article:modified_time\" content=\"2024-07-12T13:37:44+00:00\" \/>\n<meta property=\"og:image\" content=\"https:\/\/www.rossinigesellschaft.de\/de\/wp-content\/uploads\/2024\/03\/cover.jpg\" \/>\n\t<meta property=\"og:image:width\" content=\"1748\" \/>\n\t<meta property=\"og:image:height\" content=\"2480\" \/>\n\t<meta property=\"og:image:type\" content=\"image\/jpeg\" \/>\n<meta name=\"twitter:card\" content=\"summary_large_image\" \/>\n<meta name=\"twitter:label1\" content=\"Gesch\u00e4tzte Lesezeit\" \/>\n\t<meta name=\"twitter:data1\" content=\"2\u00a0Minuten\" \/>\n<script type=\"application\/ld+json\" class=\"yoast-schema-graph\">{\"@context\":\"https:\\\/\\\/schema.org\",\"@graph\":[{\"@type\":\"WebPage\",\"@id\":\"https:\\\/\\\/www.rossinigesellschaft.de\\\/de\\\/produkt\\\/sr-12-rossini-in-wien-pdf\\\/\",\"url\":\"https:\\\/\\\/www.rossinigesellschaft.de\\\/de\\\/produkt\\\/sr-12-rossini-in-wien-pdf\\\/\",\"name\":\"SR 12 - Rossini in Wien (PDF) - Deutsche Rossini Gesellschaft\",\"isPartOf\":{\"@id\":\"https:\\\/\\\/www.rossinigesellschaft.de\\\/de\\\/#website\"},\"primaryImageOfPage\":{\"@id\":\"https:\\\/\\\/www.rossinigesellschaft.de\\\/de\\\/produkt\\\/sr-12-rossini-in-wien-pdf\\\/#primaryimage\"},\"image\":{\"@id\":\"https:\\\/\\\/www.rossinigesellschaft.de\\\/de\\\/produkt\\\/sr-12-rossini-in-wien-pdf\\\/#primaryimage\"},\"thumbnailUrl\":\"https:\\\/\\\/www.rossinigesellschaft.de\\\/de\\\/wp-content\\\/uploads\\\/2024\\\/03\\\/cover.jpg\",\"datePublished\":\"2024-03-05T15:50:34+00:00\",\"dateModified\":\"2024-07-12T13:37:44+00:00\",\"breadcrumb\":{\"@id\":\"https:\\\/\\\/www.rossinigesellschaft.de\\\/de\\\/produkt\\\/sr-12-rossini-in-wien-pdf\\\/#breadcrumb\"},\"inLanguage\":\"de\",\"potentialAction\":[{\"@type\":\"ReadAction\",\"target\":[\"https:\\\/\\\/www.rossinigesellschaft.de\\\/de\\\/produkt\\\/sr-12-rossini-in-wien-pdf\\\/\"]}]},{\"@type\":\"ImageObject\",\"inLanguage\":\"de\",\"@id\":\"https:\\\/\\\/www.rossinigesellschaft.de\\\/de\\\/produkt\\\/sr-12-rossini-in-wien-pdf\\\/#primaryimage\",\"url\":\"https:\\\/\\\/www.rossinigesellschaft.de\\\/de\\\/wp-content\\\/uploads\\\/2024\\\/03\\\/cover.jpg\",\"contentUrl\":\"https:\\\/\\\/www.rossinigesellschaft.de\\\/de\\\/wp-content\\\/uploads\\\/2024\\\/03\\\/cover.jpg\",\"width\":1748,\"height\":2480},{\"@type\":\"BreadcrumbList\",\"@id\":\"https:\\\/\\\/www.rossinigesellschaft.de\\\/de\\\/produkt\\\/sr-12-rossini-in-wien-pdf\\\/#breadcrumb\",\"itemListElement\":[{\"@type\":\"ListItem\",\"position\":1,\"name\":\"Startseite\",\"item\":\"https:\\\/\\\/www.rossinigesellschaft.de\\\/de\\\/\"},{\"@type\":\"ListItem\",\"position\":2,\"name\":\"Alle Produkte\",\"item\":\"https:\\\/\\\/www.rossinigesellschaft.de\\\/de\\\/alle-produkte\\\/\"},{\"@type\":\"ListItem\",\"position\":3,\"name\":\"SR 12 &#8211; Rossini in Wien (PDF)\"}]},{\"@type\":\"WebSite\",\"@id\":\"https:\\\/\\\/www.rossinigesellschaft.de\\\/de\\\/#website\",\"url\":\"https:\\\/\\\/www.rossinigesellschaft.de\\\/de\\\/\",\"name\":\"Deutsche Rossini Gesellschaft\",\"description\":\"\",\"publisher\":{\"@id\":\"https:\\\/\\\/www.rossinigesellschaft.de\\\/de\\\/#organization\"},\"potentialAction\":[{\"@type\":\"SearchAction\",\"target\":{\"@type\":\"EntryPoint\",\"urlTemplate\":\"https:\\\/\\\/www.rossinigesellschaft.de\\\/de\\\/?s={search_term_string}\"},\"query-input\":{\"@type\":\"PropertyValueSpecification\",\"valueRequired\":true,\"valueName\":\"search_term_string\"}}],\"inLanguage\":\"de\"},{\"@type\":\"Organization\",\"@id\":\"https:\\\/\\\/www.rossinigesellschaft.de\\\/de\\\/#organization\",\"name\":\"Deutsche Rossini Gesellschaft\",\"url\":\"https:\\\/\\\/www.rossinigesellschaft.de\\\/de\\\/\",\"logo\":{\"@type\":\"ImageObject\",\"inLanguage\":\"de\",\"@id\":\"https:\\\/\\\/www.rossinigesellschaft.de\\\/de\\\/#\\\/schema\\\/logo\\\/image\\\/\",\"url\":\"https:\\\/\\\/www.rossinigesellschaft.de\\\/de\\\/wp-content\\\/uploads\\\/2019\\\/02\\\/logo-transparent.png\",\"contentUrl\":\"https:\\\/\\\/www.rossinigesellschaft.de\\\/de\\\/wp-content\\\/uploads\\\/2019\\\/02\\\/logo-transparent.png\",\"width\":200,\"height\":86,\"caption\":\"Deutsche Rossini Gesellschaft\"},\"image\":{\"@id\":\"https:\\\/\\\/www.rossinigesellschaft.de\\\/de\\\/#\\\/schema\\\/logo\\\/image\\\/\"}}]}<\/script>\n<!-- \/ Yoast SEO plugin. -->","yoast_head_json":{"title":"SR 12 - Rossini in Wien (PDF) - Deutsche Rossini Gesellschaft","robots":{"index":"index","follow":"follow","max-snippet":"max-snippet:-1","max-image-preview":"max-image-preview:large","max-video-preview":"max-video-preview:-1"},"canonical":"https:\/\/www.rossinigesellschaft.de\/de\/produkt\/sr-12-rossini-in-wien-pdf\/","og_locale":"de_DE","og_type":"article","og_title":"SR 12 - Rossini in Wien (PDF) - Deutsche Rossini Gesellschaft","og_description":"Rossini in Wien Tagungsband, hrsg. von Reto M\u00fcller (PDF) ISBN 978-3-96023-576-7 | Leipzig 2024, 520 Seiten, 21\u00d729,7 cm, als PDF","og_url":"https:\/\/www.rossinigesellschaft.de\/de\/produkt\/sr-12-rossini-in-wien-pdf\/","og_site_name":"Deutsche Rossini Gesellschaft","article_modified_time":"2024-07-12T13:37:44+00:00","og_image":[{"width":1748,"height":2480,"url":"https:\/\/www.rossinigesellschaft.de\/de\/wp-content\/uploads\/2024\/03\/cover.jpg","type":"image\/jpeg"}],"twitter_card":"summary_large_image","twitter_misc":{"Gesch\u00e4tzte Lesezeit":"2\u00a0Minuten"},"schema":{"@context":"https:\/\/schema.org","@graph":[{"@type":"WebPage","@id":"https:\/\/www.rossinigesellschaft.de\/de\/produkt\/sr-12-rossini-in-wien-pdf\/","url":"https:\/\/www.rossinigesellschaft.de\/de\/produkt\/sr-12-rossini-in-wien-pdf\/","name":"SR 12 - Rossini in Wien (PDF) - Deutsche Rossini Gesellschaft","isPartOf":{"@id":"https:\/\/www.rossinigesellschaft.de\/de\/#website"},"primaryImageOfPage":{"@id":"https:\/\/www.rossinigesellschaft.de\/de\/produkt\/sr-12-rossini-in-wien-pdf\/#primaryimage"},"image":{"@id":"https:\/\/www.rossinigesellschaft.de\/de\/produkt\/sr-12-rossini-in-wien-pdf\/#primaryimage"},"thumbnailUrl":"https:\/\/www.rossinigesellschaft.de\/de\/wp-content\/uploads\/2024\/03\/cover.jpg","datePublished":"2024-03-05T15:50:34+00:00","dateModified":"2024-07-12T13:37:44+00:00","breadcrumb":{"@id":"https:\/\/www.rossinigesellschaft.de\/de\/produkt\/sr-12-rossini-in-wien-pdf\/#breadcrumb"},"inLanguage":"de","potentialAction":[{"@type":"ReadAction","target":["https:\/\/www.rossinigesellschaft.de\/de\/produkt\/sr-12-rossini-in-wien-pdf\/"]}]},{"@type":"ImageObject","inLanguage":"de","@id":"https:\/\/www.rossinigesellschaft.de\/de\/produkt\/sr-12-rossini-in-wien-pdf\/#primaryimage","url":"https:\/\/www.rossinigesellschaft.de\/de\/wp-content\/uploads\/2024\/03\/cover.jpg","contentUrl":"https:\/\/www.rossinigesellschaft.de\/de\/wp-content\/uploads\/2024\/03\/cover.jpg","width":1748,"height":2480},{"@type":"BreadcrumbList","@id":"https:\/\/www.rossinigesellschaft.de\/de\/produkt\/sr-12-rossini-in-wien-pdf\/#breadcrumb","itemListElement":[{"@type":"ListItem","position":1,"name":"Startseite","item":"https:\/\/www.rossinigesellschaft.de\/de\/"},{"@type":"ListItem","position":2,"name":"Alle Produkte","item":"https:\/\/www.rossinigesellschaft.de\/de\/alle-produkte\/"},{"@type":"ListItem","position":3,"name":"SR 12 &#8211; Rossini in Wien (PDF)"}]},{"@type":"WebSite","@id":"https:\/\/www.rossinigesellschaft.de\/de\/#website","url":"https:\/\/www.rossinigesellschaft.de\/de\/","name":"Deutsche Rossini Gesellschaft","description":"","publisher":{"@id":"https:\/\/www.rossinigesellschaft.de\/de\/#organization"},"potentialAction":[{"@type":"SearchAction","target":{"@type":"EntryPoint","urlTemplate":"https:\/\/www.rossinigesellschaft.de\/de\/?s={search_term_string}"},"query-input":{"@type":"PropertyValueSpecification","valueRequired":true,"valueName":"search_term_string"}}],"inLanguage":"de"},{"@type":"Organization","@id":"https:\/\/www.rossinigesellschaft.de\/de\/#organization","name":"Deutsche Rossini Gesellschaft","url":"https:\/\/www.rossinigesellschaft.de\/de\/","logo":{"@type":"ImageObject","inLanguage":"de","@id":"https:\/\/www.rossinigesellschaft.de\/de\/#\/schema\/logo\/image\/","url":"https:\/\/www.rossinigesellschaft.de\/de\/wp-content\/uploads\/2019\/02\/logo-transparent.png","contentUrl":"https:\/\/www.rossinigesellschaft.de\/de\/wp-content\/uploads\/2019\/02\/logo-transparent.png","width":200,"height":86,"caption":"Deutsche Rossini Gesellschaft"},"image":{"@id":"https:\/\/www.rossinigesellschaft.de\/de\/#\/schema\/logo\/image\/"}}]}},"_links":{"self":[{"href":"https:\/\/www.rossinigesellschaft.de\/de\/wp-json\/wp\/v2\/product\/1456","targetHints":{"allow":["GET"]}}],"collection":[{"href":"https:\/\/www.rossinigesellschaft.de\/de\/wp-json\/wp\/v2\/product"}],"about":[{"href":"https:\/\/www.rossinigesellschaft.de\/de\/wp-json\/wp\/v2\/types\/product"}],"wp:featuredmedia":[{"embeddable":true,"href":"https:\/\/www.rossinigesellschaft.de\/de\/wp-json\/wp\/v2\/media\/1457"}],"wp:attachment":[{"href":"https:\/\/www.rossinigesellschaft.de\/de\/wp-json\/wp\/v2\/media?parent=1456"}],"wp:term":[{"taxonomy":"product_brand","embeddable":true,"href":"https:\/\/www.rossinigesellschaft.de\/de\/wp-json\/wp\/v2\/product_brand?post=1456"},{"taxonomy":"product_cat","embeddable":true,"href":"https:\/\/www.rossinigesellschaft.de\/de\/wp-json\/wp\/v2\/product_cat?post=1456"},{"taxonomy":"product_tag","embeddable":true,"href":"https:\/\/www.rossinigesellschaft.de\/de\/wp-json\/wp\/v2\/product_tag?post=1456"}],"curies":[{"name":"wp","href":"https:\/\/api.w.org\/{rel}","templated":true}]}}