{"id":1308,"date":"2023-05-03T20:34:45","date_gmt":"2023-05-03T18:34:45","guid":{"rendered":"https:\/\/www.rossinigesellschaft.de\/de\/?post_type=product&#038;p=1308"},"modified":"2023-05-24T14:47:11","modified_gmt":"2023-05-24T12:47:11","slug":"ot-17-il-barbiere-di-siviglia-der-barbier-von-sevilla","status":"publish","type":"product","link":"https:\/\/www.rossinigesellschaft.de\/de\/produkt\/ot-17-il-barbiere-di-siviglia-der-barbier-von-sevilla\/","title":{"rendered":"OT 17 &#8211; Il barbiere di Siviglia \/ Der Barbier von Sevilla"},"content":{"rendered":"<p align=\"left\">Der <strong>Graf von Almaviva<\/strong> hat mit seinem Diener <strong>Fiorello<\/strong> Madrid verlassen, um einer jungen Frau zu folgen, in die er sich unsterblich verliebt hat. Doktor <strong>Bartolo<\/strong>, der sein reiches M\u00fcndel <strong>Rosina<\/strong> selbst heiraten und vor einer Abwerbung durch den Adeligen sch\u00fctzen will, hat sie zu sich nach Sevilla geholt, wo der Graf nun inkognito als Lindoro die Gef\u00fchle Rosinas erkunden m\u00f6chte. Zuf\u00e4llig trifft er auf seinen fr\u00fcheren Bediensteten <strong>Figaro<\/strong>, der inzwischen Barbier in Sevilla ist und Zugang zum Hause Bartolos hat. Gegen reichlich Gold ist er bereit, dem Grafen zu helfen. Er setzt Bartolos Angestellte <strong>Berta<\/strong> und Ambrogio schachmatt und erf\u00e4hrt, dass der mit dem Arzt verb\u00fcndete Musiklehrer Don <strong>Basilio<\/strong> von der Anwesenheit des Grafen in Sevilla wei\u00df und ihn durch Verleumdung vertreiben will. Bartolo macht Rosina glauben, dass Lindoro und Figaro sie in die Arme des ihr unbekannten Grafen treiben wollen. Dieser gibt sich schlie\u00dflich selbst als Almaviva zu erkennen und befreit Rosina durch die gegenseitig herbeigesehnte Heirat von der Tyrannei Bartolos, dem er ihre Mitgift \u00fcberl\u00e4sst.<\/p>\n<p>Konzipiert f\u00fcr den Startenor Manuel Garc\u00eda, vertonte Rossini Beaumarchais\u2019 Kom\u00f6die <em>Der Barbier von Sevilla<\/em> unter dem Titel <em>Almaviva oder Die unn\u00fctze Vorsicht<\/em> in k\u00fcrzester Zeit in Rom. Die Urauff\u00fchrung am 20. Februar 1816 im Teatro Argentina wurde ein Fiasko, das sich schon in der zweiten Auff\u00fchrung zu einem Triumph verwandelte und die Oper unter ihrem eigentlichen Titel zum nie mehr nachlassenden Siegeszug um die Welt f\u00fchrte. Nach einer Einleitung zur Entstehung, zum Erfolg und zur Legendenbildung der Oper ist in dieser Ausgabe der Reihe <strong>Operntexte<\/strong> der vollst\u00e4ndige Wortlaut der Partitur Rossinis, der Textvarianten aus dem Libretto von Cesare Sterbini und einiger bedeutender Alternativarien abgedruckt und \u00fcbersetzt.<\/p>\n","protected":false},"excerpt":{"rendered":"<p><b>Gioachino Rossini: <em>Il barbiere di Siviglia \/ Der Barbier von Sevilla<\/em><\/b><br \/>\nText von Cesare Sterbini. Libretto Italienisch\/Deutsch, \u00fcbersetzt und herausgegeben von Reto M\u00fcller.<br \/>\n<i>ISBN 978-3-96023-531-6 | Leipzig 2023, 296 Seiten, 12&#215;19 cm, Klebebindung<\/i><\/p>\n","protected":false},"featured_media":1309,"template":"","meta":[],"product_brand":[],"product_cat":[20],"product_tag":[],"class_list":{"0":"post-1308","1":"product","2":"type-product","3":"status-publish","4":"has-post-thumbnail","6":"product_cat-operntexte","7":"product_shipping_class-brief","9":"first","10":"instock","11":"shipping-taxable","12":"purchasable","13":"product-type-simple"},"yoast_head":"<!-- This site is optimized with the Yoast SEO plugin v27.6 - https:\/\/yoast.com\/product\/yoast-seo-wordpress\/ -->\n<title>OT 17 - Il barbiere di Siviglia \/ Der Barbier von Sevilla - Deutsche Rossini Gesellschaft<\/title>\n<meta name=\"robots\" content=\"index, follow, max-snippet:-1, max-image-preview:large, max-video-preview:-1\" \/>\n<link rel=\"canonical\" href=\"https:\/\/www.rossinigesellschaft.de\/de\/produkt\/ot-17-il-barbiere-di-siviglia-der-barbier-von-sevilla\/\" \/>\n<meta property=\"og:locale\" content=\"de_DE\" \/>\n<meta property=\"og:type\" content=\"article\" \/>\n<meta property=\"og:title\" content=\"OT 17 - Il barbiere di Siviglia \/ Der Barbier von Sevilla - Deutsche Rossini Gesellschaft\" \/>\n<meta property=\"og:description\" content=\"Gioachino Rossini: Il barbiere di Siviglia \/ Der Barbier von Sevilla Text von Cesare Sterbini. Libretto Italienisch\/Deutsch, \u00fcbersetzt und herausgegeben von Reto M\u00fcller. ISBN 978-3-96023-531-6 | Leipzig 2023, 296 Seiten, 12x19 cm, Klebebindung\" \/>\n<meta property=\"og:url\" content=\"https:\/\/www.rossinigesellschaft.de\/de\/produkt\/ot-17-il-barbiere-di-siviglia-der-barbier-von-sevilla\/\" \/>\n<meta property=\"og:site_name\" content=\"Deutsche Rossini Gesellschaft\" \/>\n<meta property=\"article:modified_time\" content=\"2023-05-24T12:47:11+00:00\" \/>\n<meta property=\"og:image\" content=\"https:\/\/www.rossinigesellschaft.de\/de\/wp-content\/uploads\/2023\/05\/17_Barbiere.jpg\" \/>\n\t<meta property=\"og:image:width\" content=\"1421\" \/>\n\t<meta property=\"og:image:height\" content=\"2247\" \/>\n\t<meta property=\"og:image:type\" content=\"image\/jpeg\" \/>\n<meta name=\"twitter:card\" content=\"summary_large_image\" \/>\n<meta name=\"twitter:label1\" content=\"Gesch\u00e4tzte Lesezeit\" \/>\n\t<meta name=\"twitter:data1\" content=\"2\u00a0Minuten\" \/>\n<script type=\"application\/ld+json\" class=\"yoast-schema-graph\">{\"@context\":\"https:\\\/\\\/schema.org\",\"@graph\":[{\"@type\":\"WebPage\",\"@id\":\"https:\\\/\\\/www.rossinigesellschaft.de\\\/de\\\/produkt\\\/ot-17-il-barbiere-di-siviglia-der-barbier-von-sevilla\\\/\",\"url\":\"https:\\\/\\\/www.rossinigesellschaft.de\\\/de\\\/produkt\\\/ot-17-il-barbiere-di-siviglia-der-barbier-von-sevilla\\\/\",\"name\":\"OT 17 - Il barbiere di Siviglia \\\/ Der Barbier von Sevilla - Deutsche Rossini Gesellschaft\",\"isPartOf\":{\"@id\":\"https:\\\/\\\/www.rossinigesellschaft.de\\\/de\\\/#website\"},\"primaryImageOfPage\":{\"@id\":\"https:\\\/\\\/www.rossinigesellschaft.de\\\/de\\\/produkt\\\/ot-17-il-barbiere-di-siviglia-der-barbier-von-sevilla\\\/#primaryimage\"},\"image\":{\"@id\":\"https:\\\/\\\/www.rossinigesellschaft.de\\\/de\\\/produkt\\\/ot-17-il-barbiere-di-siviglia-der-barbier-von-sevilla\\\/#primaryimage\"},\"thumbnailUrl\":\"https:\\\/\\\/www.rossinigesellschaft.de\\\/de\\\/wp-content\\\/uploads\\\/2023\\\/05\\\/17_Barbiere.jpg\",\"datePublished\":\"2023-05-03T18:34:45+00:00\",\"dateModified\":\"2023-05-24T12:47:11+00:00\",\"breadcrumb\":{\"@id\":\"https:\\\/\\\/www.rossinigesellschaft.de\\\/de\\\/produkt\\\/ot-17-il-barbiere-di-siviglia-der-barbier-von-sevilla\\\/#breadcrumb\"},\"inLanguage\":\"de\",\"potentialAction\":[{\"@type\":\"ReadAction\",\"target\":[\"https:\\\/\\\/www.rossinigesellschaft.de\\\/de\\\/produkt\\\/ot-17-il-barbiere-di-siviglia-der-barbier-von-sevilla\\\/\"]}]},{\"@type\":\"ImageObject\",\"inLanguage\":\"de\",\"@id\":\"https:\\\/\\\/www.rossinigesellschaft.de\\\/de\\\/produkt\\\/ot-17-il-barbiere-di-siviglia-der-barbier-von-sevilla\\\/#primaryimage\",\"url\":\"https:\\\/\\\/www.rossinigesellschaft.de\\\/de\\\/wp-content\\\/uploads\\\/2023\\\/05\\\/17_Barbiere.jpg\",\"contentUrl\":\"https:\\\/\\\/www.rossinigesellschaft.de\\\/de\\\/wp-content\\\/uploads\\\/2023\\\/05\\\/17_Barbiere.jpg\",\"width\":1421,\"height\":2247},{\"@type\":\"BreadcrumbList\",\"@id\":\"https:\\\/\\\/www.rossinigesellschaft.de\\\/de\\\/produkt\\\/ot-17-il-barbiere-di-siviglia-der-barbier-von-sevilla\\\/#breadcrumb\",\"itemListElement\":[{\"@type\":\"ListItem\",\"position\":1,\"name\":\"Startseite\",\"item\":\"https:\\\/\\\/www.rossinigesellschaft.de\\\/de\\\/\"},{\"@type\":\"ListItem\",\"position\":2,\"name\":\"Alle Produkte\",\"item\":\"https:\\\/\\\/www.rossinigesellschaft.de\\\/de\\\/alle-produkte\\\/\"},{\"@type\":\"ListItem\",\"position\":3,\"name\":\"OT 17 &#8211; Il barbiere di Siviglia \\\/ Der Barbier von Sevilla\"}]},{\"@type\":\"WebSite\",\"@id\":\"https:\\\/\\\/www.rossinigesellschaft.de\\\/de\\\/#website\",\"url\":\"https:\\\/\\\/www.rossinigesellschaft.de\\\/de\\\/\",\"name\":\"Deutsche Rossini Gesellschaft\",\"description\":\"\",\"publisher\":{\"@id\":\"https:\\\/\\\/www.rossinigesellschaft.de\\\/de\\\/#organization\"},\"potentialAction\":[{\"@type\":\"SearchAction\",\"target\":{\"@type\":\"EntryPoint\",\"urlTemplate\":\"https:\\\/\\\/www.rossinigesellschaft.de\\\/de\\\/?s={search_term_string}\"},\"query-input\":{\"@type\":\"PropertyValueSpecification\",\"valueRequired\":true,\"valueName\":\"search_term_string\"}}],\"inLanguage\":\"de\"},{\"@type\":\"Organization\",\"@id\":\"https:\\\/\\\/www.rossinigesellschaft.de\\\/de\\\/#organization\",\"name\":\"Deutsche Rossini Gesellschaft\",\"url\":\"https:\\\/\\\/www.rossinigesellschaft.de\\\/de\\\/\",\"logo\":{\"@type\":\"ImageObject\",\"inLanguage\":\"de\",\"@id\":\"https:\\\/\\\/www.rossinigesellschaft.de\\\/de\\\/#\\\/schema\\\/logo\\\/image\\\/\",\"url\":\"https:\\\/\\\/www.rossinigesellschaft.de\\\/de\\\/wp-content\\\/uploads\\\/2019\\\/02\\\/logo-transparent.png\",\"contentUrl\":\"https:\\\/\\\/www.rossinigesellschaft.de\\\/de\\\/wp-content\\\/uploads\\\/2019\\\/02\\\/logo-transparent.png\",\"width\":200,\"height\":86,\"caption\":\"Deutsche Rossini Gesellschaft\"},\"image\":{\"@id\":\"https:\\\/\\\/www.rossinigesellschaft.de\\\/de\\\/#\\\/schema\\\/logo\\\/image\\\/\"}}]}<\/script>\n<!-- \/ Yoast SEO plugin. -->","yoast_head_json":{"title":"OT 17 - Il barbiere di Siviglia \/ Der Barbier von Sevilla - Deutsche Rossini Gesellschaft","robots":{"index":"index","follow":"follow","max-snippet":"max-snippet:-1","max-image-preview":"max-image-preview:large","max-video-preview":"max-video-preview:-1"},"canonical":"https:\/\/www.rossinigesellschaft.de\/de\/produkt\/ot-17-il-barbiere-di-siviglia-der-barbier-von-sevilla\/","og_locale":"de_DE","og_type":"article","og_title":"OT 17 - Il barbiere di Siviglia \/ Der Barbier von Sevilla - Deutsche Rossini Gesellschaft","og_description":"Gioachino Rossini: Il barbiere di Siviglia \/ Der Barbier von Sevilla Text von Cesare Sterbini. Libretto Italienisch\/Deutsch, \u00fcbersetzt und herausgegeben von Reto M\u00fcller. ISBN 978-3-96023-531-6 | Leipzig 2023, 296 Seiten, 12x19 cm, Klebebindung","og_url":"https:\/\/www.rossinigesellschaft.de\/de\/produkt\/ot-17-il-barbiere-di-siviglia-der-barbier-von-sevilla\/","og_site_name":"Deutsche Rossini Gesellschaft","article_modified_time":"2023-05-24T12:47:11+00:00","og_image":[{"width":1421,"height":2247,"url":"https:\/\/www.rossinigesellschaft.de\/de\/wp-content\/uploads\/2023\/05\/17_Barbiere.jpg","type":"image\/jpeg"}],"twitter_card":"summary_large_image","twitter_misc":{"Gesch\u00e4tzte Lesezeit":"2\u00a0Minuten"},"schema":{"@context":"https:\/\/schema.org","@graph":[{"@type":"WebPage","@id":"https:\/\/www.rossinigesellschaft.de\/de\/produkt\/ot-17-il-barbiere-di-siviglia-der-barbier-von-sevilla\/","url":"https:\/\/www.rossinigesellschaft.de\/de\/produkt\/ot-17-il-barbiere-di-siviglia-der-barbier-von-sevilla\/","name":"OT 17 - Il barbiere di Siviglia \/ Der Barbier von Sevilla - Deutsche Rossini Gesellschaft","isPartOf":{"@id":"https:\/\/www.rossinigesellschaft.de\/de\/#website"},"primaryImageOfPage":{"@id":"https:\/\/www.rossinigesellschaft.de\/de\/produkt\/ot-17-il-barbiere-di-siviglia-der-barbier-von-sevilla\/#primaryimage"},"image":{"@id":"https:\/\/www.rossinigesellschaft.de\/de\/produkt\/ot-17-il-barbiere-di-siviglia-der-barbier-von-sevilla\/#primaryimage"},"thumbnailUrl":"https:\/\/www.rossinigesellschaft.de\/de\/wp-content\/uploads\/2023\/05\/17_Barbiere.jpg","datePublished":"2023-05-03T18:34:45+00:00","dateModified":"2023-05-24T12:47:11+00:00","breadcrumb":{"@id":"https:\/\/www.rossinigesellschaft.de\/de\/produkt\/ot-17-il-barbiere-di-siviglia-der-barbier-von-sevilla\/#breadcrumb"},"inLanguage":"de","potentialAction":[{"@type":"ReadAction","target":["https:\/\/www.rossinigesellschaft.de\/de\/produkt\/ot-17-il-barbiere-di-siviglia-der-barbier-von-sevilla\/"]}]},{"@type":"ImageObject","inLanguage":"de","@id":"https:\/\/www.rossinigesellschaft.de\/de\/produkt\/ot-17-il-barbiere-di-siviglia-der-barbier-von-sevilla\/#primaryimage","url":"https:\/\/www.rossinigesellschaft.de\/de\/wp-content\/uploads\/2023\/05\/17_Barbiere.jpg","contentUrl":"https:\/\/www.rossinigesellschaft.de\/de\/wp-content\/uploads\/2023\/05\/17_Barbiere.jpg","width":1421,"height":2247},{"@type":"BreadcrumbList","@id":"https:\/\/www.rossinigesellschaft.de\/de\/produkt\/ot-17-il-barbiere-di-siviglia-der-barbier-von-sevilla\/#breadcrumb","itemListElement":[{"@type":"ListItem","position":1,"name":"Startseite","item":"https:\/\/www.rossinigesellschaft.de\/de\/"},{"@type":"ListItem","position":2,"name":"Alle Produkte","item":"https:\/\/www.rossinigesellschaft.de\/de\/alle-produkte\/"},{"@type":"ListItem","position":3,"name":"OT 17 &#8211; Il barbiere di Siviglia \/ Der Barbier von Sevilla"}]},{"@type":"WebSite","@id":"https:\/\/www.rossinigesellschaft.de\/de\/#website","url":"https:\/\/www.rossinigesellschaft.de\/de\/","name":"Deutsche Rossini Gesellschaft","description":"","publisher":{"@id":"https:\/\/www.rossinigesellschaft.de\/de\/#organization"},"potentialAction":[{"@type":"SearchAction","target":{"@type":"EntryPoint","urlTemplate":"https:\/\/www.rossinigesellschaft.de\/de\/?s={search_term_string}"},"query-input":{"@type":"PropertyValueSpecification","valueRequired":true,"valueName":"search_term_string"}}],"inLanguage":"de"},{"@type":"Organization","@id":"https:\/\/www.rossinigesellschaft.de\/de\/#organization","name":"Deutsche Rossini Gesellschaft","url":"https:\/\/www.rossinigesellschaft.de\/de\/","logo":{"@type":"ImageObject","inLanguage":"de","@id":"https:\/\/www.rossinigesellschaft.de\/de\/#\/schema\/logo\/image\/","url":"https:\/\/www.rossinigesellschaft.de\/de\/wp-content\/uploads\/2019\/02\/logo-transparent.png","contentUrl":"https:\/\/www.rossinigesellschaft.de\/de\/wp-content\/uploads\/2019\/02\/logo-transparent.png","width":200,"height":86,"caption":"Deutsche Rossini Gesellschaft"},"image":{"@id":"https:\/\/www.rossinigesellschaft.de\/de\/#\/schema\/logo\/image\/"}}]}},"_links":{"self":[{"href":"https:\/\/www.rossinigesellschaft.de\/de\/wp-json\/wp\/v2\/product\/1308","targetHints":{"allow":["GET"]}}],"collection":[{"href":"https:\/\/www.rossinigesellschaft.de\/de\/wp-json\/wp\/v2\/product"}],"about":[{"href":"https:\/\/www.rossinigesellschaft.de\/de\/wp-json\/wp\/v2\/types\/product"}],"wp:featuredmedia":[{"embeddable":true,"href":"https:\/\/www.rossinigesellschaft.de\/de\/wp-json\/wp\/v2\/media\/1309"}],"wp:attachment":[{"href":"https:\/\/www.rossinigesellschaft.de\/de\/wp-json\/wp\/v2\/media?parent=1308"}],"wp:term":[{"taxonomy":"product_brand","embeddable":true,"href":"https:\/\/www.rossinigesellschaft.de\/de\/wp-json\/wp\/v2\/product_brand?post=1308"},{"taxonomy":"product_cat","embeddable":true,"href":"https:\/\/www.rossinigesellschaft.de\/de\/wp-json\/wp\/v2\/product_cat?post=1308"},{"taxonomy":"product_tag","embeddable":true,"href":"https:\/\/www.rossinigesellschaft.de\/de\/wp-json\/wp\/v2\/product_tag?post=1308"}],"curies":[{"name":"wp","href":"https:\/\/api.w.org\/{rel}","templated":true}]}}