{"id":1074,"date":"2021-11-09T10:47:03","date_gmt":"2021-11-09T09:47:03","guid":{"rendered":"https:\/\/www.rossinigesellschaft.de\/de\/?post_type=product&#038;p=1074"},"modified":"2024-03-05T17:15:37","modified_gmt":"2024-03-05T16:15:37","slug":"sr-11-il-tedeschino-pdf","status":"publish","type":"product","link":"https:\/\/www.rossinigesellschaft.de\/de\/produkt\/sr-11-il-tedeschino-pdf\/","title":{"rendered":"SR 11 &#8211; Il Tedeschino. Rossini und der deutschsprachige Raum (PDF)"},"content":{"rendered":"<p><strong>Als PDF: &#8222;Il Tedeschino&#8220;, <\/strong>Band 11 der Schriftenreihe.<\/p>\n<p>Mit diesem Band leistet die Deutsche Rossini Gesellschaft einen wichtigen Beitrag zur Rossini-Rezeption im deutschsprachigen Raum. Er dokumentiert und erweitert den Internationalen Studientag <em>Il Tedeschino. Rossini und der deutschsprachige Raum<\/em>, der am 3.-4. Mai 2018 in Rom abgehalten wurde.<\/p>\n<p>\u201eIl Tedeschino\u201c wurde Rossini schon als Student genannt, weil er eine Vorliebe f\u00fcr die Werke Mozarts und noch mehr Haydns zeigte. Um diesen \u2018deutschen\u2019 Einfluss auf seine Musik geht es in dem Sammelband in einem Beitrag von Matteo Giuggioli \u00fcber das Erhabene in Rossinis Opern.<\/p>\n<p>Im Vordergrund steht jedoch die Verbreitung seiner Werke in Deutschland und sein pers\u00f6nlicher Austausch mit dessen Repr\u00e4sentanten. Trotz der teils polemischen Auseinandersetzung der deutschen Musikkritik und der deutschen Kollegen mit den Werken Rossinis beherrschte der Italiener die Spielpl\u00e4ne der Oper und Konzerte f\u00fcr zumindest eineinhalb Jahrzehnte lang. Er blieb dar\u00fcber hinaus im ganzen 19. Jahrhundert eine Referenz in der deutschen Musikwelt. Das bezeugt Reto M\u00fcller in einer umfangreichen Sammlung von Memoiren deutscher Bekannter Rossinis. Die polemische Debatte wird anhand eines \u201eInteressenkonflikts\u201c in der Wahrnehmung von Rossini und Beethoven von Luca Aversano aufgezeigt.<\/p>\n<p>Die Rezeption im engeren Sinn der Verbreitung seiner Opern wurde bislang erstaunlich oberfl\u00e4chlich behandelt. Dieses Forschungsdesiderat wird f\u00fcr die fr\u00fchen Erfolge Rossinis in M\u00fcnchen, Wien und Dresden beseitigt: Richard Erkens l\u00e4sst den f\u00fcr die ersten Rossini-Auff\u00fchrungen n\u00f6rdlich der Alpen mitverantwortlich Impresario Antonio Cera aus dem historischen Dunkel hervortreten; Bernd-R\u00fcdiger Kern besch\u00e4ftigt sich mit der Rossini-Pflege am Dresdner Hoftheater.<\/p>\n","protected":false},"excerpt":{"rendered":"<p><b>Il Tedeschino. Rossini und der deutschsprachige Raum<br \/>\nTagungsband, hrsg. von Reto M\u00fcller (PDF)<br \/>\n<\/b><i>ISBN 978-3-96023-427-2 | <\/i><i>Leipzig 2021, 428 Seiten, 21\u00d729,7 cm, als PDF<br \/>\n<\/i><\/p>\n","protected":false},"featured_media":1088,"template":"","meta":[],"product_brand":[],"product_cat":[22],"product_tag":[],"class_list":{"0":"post-1074","1":"product","2":"type-product","3":"status-publish","4":"has-post-thumbnail","6":"product_cat-schriftenreihe","7":"product_shipping_class-buch1000","9":"first","10":"instock","11":"downloadable","12":"virtual","13":"purchasable","14":"product-type-simple"},"yoast_head":"<!-- This site is optimized with the Yoast SEO plugin v27.4 - https:\/\/yoast.com\/product\/yoast-seo-wordpress\/ -->\n<title>SR 11 - Il Tedeschino. Rossini und der deutschsprachige Raum (PDF) - Deutsche Rossini Gesellschaft<\/title>\n<meta name=\"robots\" content=\"index, follow, max-snippet:-1, max-image-preview:large, max-video-preview:-1\" \/>\n<link rel=\"canonical\" href=\"https:\/\/www.rossinigesellschaft.de\/de\/produkt\/sr-11-il-tedeschino-pdf\/\" \/>\n<meta property=\"og:locale\" content=\"de_DE\" \/>\n<meta property=\"og:type\" content=\"article\" \/>\n<meta property=\"og:title\" content=\"SR 11 - Il Tedeschino. Rossini und der deutschsprachige Raum (PDF) - Deutsche Rossini Gesellschaft\" \/>\n<meta property=\"og:description\" content=\"Il Tedeschino. Rossini und der deutschsprachige Raum Tagungsband, hrsg. von Reto M\u00fcller (PDF) ISBN 978-3-96023-427-2 | Leipzig 2021, 428 Seiten, 21\u00d729,7 cm, als PDF\" \/>\n<meta property=\"og:url\" content=\"https:\/\/www.rossinigesellschaft.de\/de\/produkt\/sr-11-il-tedeschino-pdf\/\" \/>\n<meta property=\"og:site_name\" content=\"Deutsche Rossini Gesellschaft\" \/>\n<meta property=\"article:modified_time\" content=\"2024-03-05T16:15:37+00:00\" \/>\n<meta property=\"og:image\" content=\"https:\/\/www.rossinigesellschaft.de\/de\/wp-content\/uploads\/2021\/11\/fronte.jpg\" \/>\n\t<meta property=\"og:image:width\" content=\"1748\" \/>\n\t<meta property=\"og:image:height\" content=\"2480\" \/>\n\t<meta property=\"og:image:type\" content=\"image\/jpeg\" \/>\n<meta name=\"twitter:card\" content=\"summary_large_image\" \/>\n<meta name=\"twitter:label1\" content=\"Gesch\u00e4tzte Lesezeit\" \/>\n\t<meta name=\"twitter:data1\" content=\"2\u00a0Minuten\" \/>\n<script type=\"application\/ld+json\" class=\"yoast-schema-graph\">{\"@context\":\"https:\\\/\\\/schema.org\",\"@graph\":[{\"@type\":\"WebPage\",\"@id\":\"https:\\\/\\\/www.rossinigesellschaft.de\\\/de\\\/produkt\\\/sr-11-il-tedeschino-pdf\\\/\",\"url\":\"https:\\\/\\\/www.rossinigesellschaft.de\\\/de\\\/produkt\\\/sr-11-il-tedeschino-pdf\\\/\",\"name\":\"SR 11 - Il Tedeschino. Rossini und der deutschsprachige Raum (PDF) - Deutsche Rossini Gesellschaft\",\"isPartOf\":{\"@id\":\"https:\\\/\\\/www.rossinigesellschaft.de\\\/de\\\/#website\"},\"primaryImageOfPage\":{\"@id\":\"https:\\\/\\\/www.rossinigesellschaft.de\\\/de\\\/produkt\\\/sr-11-il-tedeschino-pdf\\\/#primaryimage\"},\"image\":{\"@id\":\"https:\\\/\\\/www.rossinigesellschaft.de\\\/de\\\/produkt\\\/sr-11-il-tedeschino-pdf\\\/#primaryimage\"},\"thumbnailUrl\":\"https:\\\/\\\/www.rossinigesellschaft.de\\\/de\\\/wp-content\\\/uploads\\\/2021\\\/11\\\/fronte.jpg\",\"datePublished\":\"2021-11-09T09:47:03+00:00\",\"dateModified\":\"2024-03-05T16:15:37+00:00\",\"breadcrumb\":{\"@id\":\"https:\\\/\\\/www.rossinigesellschaft.de\\\/de\\\/produkt\\\/sr-11-il-tedeschino-pdf\\\/#breadcrumb\"},\"inLanguage\":\"de\",\"potentialAction\":[{\"@type\":\"ReadAction\",\"target\":[\"https:\\\/\\\/www.rossinigesellschaft.de\\\/de\\\/produkt\\\/sr-11-il-tedeschino-pdf\\\/\"]}]},{\"@type\":\"ImageObject\",\"inLanguage\":\"de\",\"@id\":\"https:\\\/\\\/www.rossinigesellschaft.de\\\/de\\\/produkt\\\/sr-11-il-tedeschino-pdf\\\/#primaryimage\",\"url\":\"https:\\\/\\\/www.rossinigesellschaft.de\\\/de\\\/wp-content\\\/uploads\\\/2021\\\/11\\\/fronte.jpg\",\"contentUrl\":\"https:\\\/\\\/www.rossinigesellschaft.de\\\/de\\\/wp-content\\\/uploads\\\/2021\\\/11\\\/fronte.jpg\",\"width\":1748,\"height\":2480},{\"@type\":\"BreadcrumbList\",\"@id\":\"https:\\\/\\\/www.rossinigesellschaft.de\\\/de\\\/produkt\\\/sr-11-il-tedeschino-pdf\\\/#breadcrumb\",\"itemListElement\":[{\"@type\":\"ListItem\",\"position\":1,\"name\":\"Startseite\",\"item\":\"https:\\\/\\\/www.rossinigesellschaft.de\\\/de\\\/\"},{\"@type\":\"ListItem\",\"position\":2,\"name\":\"Alle Produkte\",\"item\":\"https:\\\/\\\/www.rossinigesellschaft.de\\\/de\\\/alle-produkte\\\/\"},{\"@type\":\"ListItem\",\"position\":3,\"name\":\"SR 11 &#8211; Il Tedeschino. Rossini und der deutschsprachige Raum (PDF)\"}]},{\"@type\":\"WebSite\",\"@id\":\"https:\\\/\\\/www.rossinigesellschaft.de\\\/de\\\/#website\",\"url\":\"https:\\\/\\\/www.rossinigesellschaft.de\\\/de\\\/\",\"name\":\"Deutsche Rossini Gesellschaft\",\"description\":\"\",\"publisher\":{\"@id\":\"https:\\\/\\\/www.rossinigesellschaft.de\\\/de\\\/#organization\"},\"potentialAction\":[{\"@type\":\"SearchAction\",\"target\":{\"@type\":\"EntryPoint\",\"urlTemplate\":\"https:\\\/\\\/www.rossinigesellschaft.de\\\/de\\\/?s={search_term_string}\"},\"query-input\":{\"@type\":\"PropertyValueSpecification\",\"valueRequired\":true,\"valueName\":\"search_term_string\"}}],\"inLanguage\":\"de\"},{\"@type\":\"Organization\",\"@id\":\"https:\\\/\\\/www.rossinigesellschaft.de\\\/de\\\/#organization\",\"name\":\"Deutsche Rossini Gesellschaft\",\"url\":\"https:\\\/\\\/www.rossinigesellschaft.de\\\/de\\\/\",\"logo\":{\"@type\":\"ImageObject\",\"inLanguage\":\"de\",\"@id\":\"https:\\\/\\\/www.rossinigesellschaft.de\\\/de\\\/#\\\/schema\\\/logo\\\/image\\\/\",\"url\":\"https:\\\/\\\/www.rossinigesellschaft.de\\\/de\\\/wp-content\\\/uploads\\\/2019\\\/02\\\/logo-transparent.png\",\"contentUrl\":\"https:\\\/\\\/www.rossinigesellschaft.de\\\/de\\\/wp-content\\\/uploads\\\/2019\\\/02\\\/logo-transparent.png\",\"width\":200,\"height\":86,\"caption\":\"Deutsche Rossini Gesellschaft\"},\"image\":{\"@id\":\"https:\\\/\\\/www.rossinigesellschaft.de\\\/de\\\/#\\\/schema\\\/logo\\\/image\\\/\"}}]}<\/script>\n<!-- \/ Yoast SEO plugin. -->","yoast_head_json":{"title":"SR 11 - Il Tedeschino. Rossini und der deutschsprachige Raum (PDF) - Deutsche Rossini Gesellschaft","robots":{"index":"index","follow":"follow","max-snippet":"max-snippet:-1","max-image-preview":"max-image-preview:large","max-video-preview":"max-video-preview:-1"},"canonical":"https:\/\/www.rossinigesellschaft.de\/de\/produkt\/sr-11-il-tedeschino-pdf\/","og_locale":"de_DE","og_type":"article","og_title":"SR 11 - Il Tedeschino. Rossini und der deutschsprachige Raum (PDF) - Deutsche Rossini Gesellschaft","og_description":"Il Tedeschino. Rossini und der deutschsprachige Raum Tagungsband, hrsg. von Reto M\u00fcller (PDF) ISBN 978-3-96023-427-2 | Leipzig 2021, 428 Seiten, 21\u00d729,7 cm, als PDF","og_url":"https:\/\/www.rossinigesellschaft.de\/de\/produkt\/sr-11-il-tedeschino-pdf\/","og_site_name":"Deutsche Rossini Gesellschaft","article_modified_time":"2024-03-05T16:15:37+00:00","og_image":[{"width":1748,"height":2480,"url":"https:\/\/www.rossinigesellschaft.de\/de\/wp-content\/uploads\/2021\/11\/fronte.jpg","type":"image\/jpeg"}],"twitter_card":"summary_large_image","twitter_misc":{"Gesch\u00e4tzte Lesezeit":"2\u00a0Minuten"},"schema":{"@context":"https:\/\/schema.org","@graph":[{"@type":"WebPage","@id":"https:\/\/www.rossinigesellschaft.de\/de\/produkt\/sr-11-il-tedeschino-pdf\/","url":"https:\/\/www.rossinigesellschaft.de\/de\/produkt\/sr-11-il-tedeschino-pdf\/","name":"SR 11 - Il Tedeschino. Rossini und der deutschsprachige Raum (PDF) - Deutsche Rossini Gesellschaft","isPartOf":{"@id":"https:\/\/www.rossinigesellschaft.de\/de\/#website"},"primaryImageOfPage":{"@id":"https:\/\/www.rossinigesellschaft.de\/de\/produkt\/sr-11-il-tedeschino-pdf\/#primaryimage"},"image":{"@id":"https:\/\/www.rossinigesellschaft.de\/de\/produkt\/sr-11-il-tedeschino-pdf\/#primaryimage"},"thumbnailUrl":"https:\/\/www.rossinigesellschaft.de\/de\/wp-content\/uploads\/2021\/11\/fronte.jpg","datePublished":"2021-11-09T09:47:03+00:00","dateModified":"2024-03-05T16:15:37+00:00","breadcrumb":{"@id":"https:\/\/www.rossinigesellschaft.de\/de\/produkt\/sr-11-il-tedeschino-pdf\/#breadcrumb"},"inLanguage":"de","potentialAction":[{"@type":"ReadAction","target":["https:\/\/www.rossinigesellschaft.de\/de\/produkt\/sr-11-il-tedeschino-pdf\/"]}]},{"@type":"ImageObject","inLanguage":"de","@id":"https:\/\/www.rossinigesellschaft.de\/de\/produkt\/sr-11-il-tedeschino-pdf\/#primaryimage","url":"https:\/\/www.rossinigesellschaft.de\/de\/wp-content\/uploads\/2021\/11\/fronte.jpg","contentUrl":"https:\/\/www.rossinigesellschaft.de\/de\/wp-content\/uploads\/2021\/11\/fronte.jpg","width":1748,"height":2480},{"@type":"BreadcrumbList","@id":"https:\/\/www.rossinigesellschaft.de\/de\/produkt\/sr-11-il-tedeschino-pdf\/#breadcrumb","itemListElement":[{"@type":"ListItem","position":1,"name":"Startseite","item":"https:\/\/www.rossinigesellschaft.de\/de\/"},{"@type":"ListItem","position":2,"name":"Alle Produkte","item":"https:\/\/www.rossinigesellschaft.de\/de\/alle-produkte\/"},{"@type":"ListItem","position":3,"name":"SR 11 &#8211; Il Tedeschino. Rossini und der deutschsprachige Raum (PDF)"}]},{"@type":"WebSite","@id":"https:\/\/www.rossinigesellschaft.de\/de\/#website","url":"https:\/\/www.rossinigesellschaft.de\/de\/","name":"Deutsche Rossini Gesellschaft","description":"","publisher":{"@id":"https:\/\/www.rossinigesellschaft.de\/de\/#organization"},"potentialAction":[{"@type":"SearchAction","target":{"@type":"EntryPoint","urlTemplate":"https:\/\/www.rossinigesellschaft.de\/de\/?s={search_term_string}"},"query-input":{"@type":"PropertyValueSpecification","valueRequired":true,"valueName":"search_term_string"}}],"inLanguage":"de"},{"@type":"Organization","@id":"https:\/\/www.rossinigesellschaft.de\/de\/#organization","name":"Deutsche Rossini Gesellschaft","url":"https:\/\/www.rossinigesellschaft.de\/de\/","logo":{"@type":"ImageObject","inLanguage":"de","@id":"https:\/\/www.rossinigesellschaft.de\/de\/#\/schema\/logo\/image\/","url":"https:\/\/www.rossinigesellschaft.de\/de\/wp-content\/uploads\/2019\/02\/logo-transparent.png","contentUrl":"https:\/\/www.rossinigesellschaft.de\/de\/wp-content\/uploads\/2019\/02\/logo-transparent.png","width":200,"height":86,"caption":"Deutsche Rossini Gesellschaft"},"image":{"@id":"https:\/\/www.rossinigesellschaft.de\/de\/#\/schema\/logo\/image\/"}}]}},"_links":{"self":[{"href":"https:\/\/www.rossinigesellschaft.de\/de\/wp-json\/wp\/v2\/product\/1074","targetHints":{"allow":["GET"]}}],"collection":[{"href":"https:\/\/www.rossinigesellschaft.de\/de\/wp-json\/wp\/v2\/product"}],"about":[{"href":"https:\/\/www.rossinigesellschaft.de\/de\/wp-json\/wp\/v2\/types\/product"}],"wp:featuredmedia":[{"embeddable":true,"href":"https:\/\/www.rossinigesellschaft.de\/de\/wp-json\/wp\/v2\/media\/1088"}],"wp:attachment":[{"href":"https:\/\/www.rossinigesellschaft.de\/de\/wp-json\/wp\/v2\/media?parent=1074"}],"wp:term":[{"taxonomy":"product_brand","embeddable":true,"href":"https:\/\/www.rossinigesellschaft.de\/de\/wp-json\/wp\/v2\/product_brand?post=1074"},{"taxonomy":"product_cat","embeddable":true,"href":"https:\/\/www.rossinigesellschaft.de\/de\/wp-json\/wp\/v2\/product_cat?post=1074"},{"taxonomy":"product_tag","embeddable":true,"href":"https:\/\/www.rossinigesellschaft.de\/de\/wp-json\/wp\/v2\/product_tag?post=1074"}],"curies":[{"name":"wp","href":"https:\/\/api.w.org\/{rel}","templated":true}]}}