{"id":98,"date":"2018-12-20T09:49:03","date_gmt":"2018-12-20T08:49:03","guid":{"rendered":"http:\/\/neu.rossinigesellschaft.de\/de\/?page_id=98"},"modified":"2026-04-15T08:52:53","modified_gmt":"2026-04-15T06:52:53","slug":"aktivitaeten","status":"publish","type":"page","link":"https:\/\/www.rossinigesellschaft.de\/de\/aktivitaeten\/","title":{"rendered":"Aktivit\u00e4ten"},"content":{"rendered":"<blockquote><p>\u201eFacciamo bene i nostri affari\u201c<\/p><\/blockquote>\n<p class=\"style1 style5 \" align=\"left\"><span class=\"style10\">Gioachino Rossini \u00fcber den Erfolg in London<\/span><\/p>\n<p>\u201eWir sind gut im Gesch\u00e4ft\u201c, schreibt der umtriebige und gesch\u00e4ftst\u00fcchtige Rossini 1824 an seinen Vater. Bei den vielf\u00e4ltigen Aktivit\u00e4ten der Deutschen Rossini Gesellschaft geht es uns neben der Forschung, den j\u00e4hrlichen Mitgliederversammlungen, gemeinsamen Theaterbesuchen und Ausfl\u00fcgen und der Organisation von Rossini-Seminaren auch um die tatkr\u00e4ftige Zusammenarbeit mit Opernb\u00fchnen. Wir pflegen Kontakte zu namhaften Rossini-Experten in der ganzen Welt und m\u00f6chten dazu beitragen, die Werke von Gioachino Rossini in m\u00f6glichst authentischer Form zu verbreiten.<\/p>\n<p>&nbsp;<\/p>\n<p><strong>6.-8. M\u00e4rz 2026<\/strong>: Mitgliedertreffen in Bielefeld<br \/>\n. 7.3.26, 19.30 Uhr: <em>La gazza ladra<\/em>\u00a0im <a href=\"https:\/\/www.buo-bielefeld.de\/theater\/veranstaltung\/die-diebische-elster-la-gazza-ladra\" target=\"_blank\" rel=\"noopener\">Theater Bielefeld<\/a><br \/>\n. 8.3.26, 18.30 Uhr: <a href=\"https:\/\/www.buo-bielefeld.de\/rudolf-oetker-halle\/veranstaltung\/rossini-meyerbeer\" target=\"_blank\" rel=\"noopener\">&#8222;Gioachino und Giacomo \u2013 eine Komponistenbeziehung in Paris&#8220;<\/a><br \/>\nin Paris&#8220; in der Robert-Oetker-Halle <a href=\"https:\/\/www.rossinigesellschaft.de\/de\/wp-content\/uploads\/2025\/12\/D03_Rossini-Meyerbeer-Bielefeld-2026.pdf\" target=\"_blank\" rel=\"noopener\">Projektbeschrieb<\/a> (pdf, 120 kB); <a href=\"https:\/\/www.rossinigesellschaft.de\/de\/wp-content\/uploads\/2026\/04\/D03_Flyer_Bielefeld_2026.pdf\" target=\"_blank\" rel=\"noopener\">Flyer<\/a> (pdf, 843 kB) und <a href=\"https:\/\/www.rossinigesellschaft.de\/de\/wp-content\/uploads\/2026\/04\/D03_Programm_Bielefeld-2026.pdf\" target=\"_blank\" rel=\"noopener\">Programm<\/a> (pdf, 3200 kB)<\/p>\n<p>&nbsp;<\/p>\n<p>&#8222;Rossini in Wien 1822&#8220;, Internationale Tagung 24.-26. M\u00e4rz 2022 <a href=\"https:\/\/musikwissenschaft.univie.ac.at\/forschung\/tagungen\/rossini\/\" target=\"_blank\" rel=\"noopener\">R\u00fcckblick<\/a><\/p>\n<p>Rossini und das Libretto, Tagung in Bamberg vom 4.-7. Oktober 2007\u00a0<a href=\"http:\/\/www.rossinigesellschaft.de\/soc\/a2007\/d03b_aktivitaetenBamberg.htm\">R\u00fcckblick<\/a><\/p>\n<p>Wiederer\u00f6ffnung Kurtheater in Bad Wildbad (1. Juli 2005),\u00a0<a href=\"http:\/\/www.rossinigesellschaft.de\/d03b_aktivitaetenPast.htm\">R\u00fcckblick<\/a><\/p>\n<p>15 Jahre Deutsche Rossini Gesellschaft (10. Juli 2004)\u00a0\u00a0<a href=\"http:\/\/www.rossinigesellschaft.de\/dat\/pdf\/D03_Maier.PDF\" target=\"_blank\" rel=\"noopener noreferrer\">Download PDF<\/a>\u00a0(105 kB)<\/p>\n<p>&nbsp;<\/p>\n<p class=\"style11\"><strong>Forschungen<\/strong><\/p>\n<ul>\n<li><a href=\"http:\/\/www.rossinigesellschaft.de\/members\/fabbri\/fabbri.html\" target=\"_blank\" rel=\"noopener noreferrer\">Paolo Fabbri<\/a><\/li>\n<li><a href=\"http:\/\/www.rossinigesellschaft.de\/members\/gier\/gier.html\" target=\"_blank\" rel=\"noopener noreferrer\">Albert Gier<\/a><\/li>\n<li><a href=\"http:\/\/www.rossinigesellschaft.de\/members\/rmueller\/rmueller.html\" target=\"_blank\" rel=\"noopener noreferrer\">Reto M\u00fcller<\/a><\/li>\n<li><a href=\"http:\/\/www.rossinigesellschaft.de\/members\/kern\/kern.html\" target=\"_blank\" rel=\"noopener noreferrer\">Bernd-R\u00fcdiger Kern<\/a><\/li>\n<li><a href=\"http:\/\/www.rossinigesellschaft.de\/members\/scheier\/cas.html\" target=\"_blank\" rel=\"noopener noreferrer\">Claus-Artur Scheier<\/a><\/li>\n<\/ul>\n","protected":false},"excerpt":{"rendered":"<p>\u201eFacciamo bene i nostri affari\u201c Gioachino Rossini \u00fcber den Erfolg in London \u201eWir sind gut im Gesch\u00e4ft\u201c, schreibt der umtriebige und gesch\u00e4ftst\u00fcchtige Rossini 1824 an seinen Vater. Bei den vielf\u00e4ltigen Aktivit\u00e4ten der Deutschen Rossini Gesellschaft geht es uns neben der<\/p>\n","protected":false},"author":1,"featured_media":0,"parent":0,"menu_order":0,"comment_status":"closed","ping_status":"closed","template":"page-templates\/gesellschaft.php","meta":{"footnotes":""},"class_list":["post-98","page","type-page","status-publish","hentry"],"yoast_head":"<!-- This site is optimized with the Yoast SEO plugin v27.4 - https:\/\/yoast.com\/product\/yoast-seo-wordpress\/ -->\n<title>Aktivit\u00e4ten - Deutsche Rossini Gesellschaft<\/title>\n<meta name=\"robots\" content=\"index, follow, max-snippet:-1, max-image-preview:large, max-video-preview:-1\" \/>\n<link rel=\"canonical\" href=\"https:\/\/www.rossinigesellschaft.de\/de\/aktivitaeten\/\" \/>\n<meta property=\"og:locale\" content=\"de_DE\" \/>\n<meta property=\"og:type\" content=\"article\" \/>\n<meta property=\"og:title\" content=\"Aktivit\u00e4ten - Deutsche Rossini Gesellschaft\" \/>\n<meta property=\"og:description\" content=\"\u201eFacciamo bene i nostri affari\u201c Gioachino Rossini \u00fcber den Erfolg in London \u201eWir sind gut im Gesch\u00e4ft\u201c, schreibt der umtriebige und gesch\u00e4ftst\u00fcchtige Rossini 1824 an seinen Vater. Bei den vielf\u00e4ltigen Aktivit\u00e4ten der Deutschen Rossini Gesellschaft geht es uns neben der\" \/>\n<meta property=\"og:url\" content=\"https:\/\/www.rossinigesellschaft.de\/de\/aktivitaeten\/\" \/>\n<meta property=\"og:site_name\" content=\"Deutsche Rossini Gesellschaft\" \/>\n<meta property=\"article:modified_time\" content=\"2026-04-15T06:52:53+00:00\" \/>\n<meta name=\"twitter:card\" content=\"summary_large_image\" \/>\n<meta name=\"twitter:label1\" content=\"Gesch\u00e4tzte Lesezeit\" \/>\n\t<meta name=\"twitter:data1\" content=\"1\u00a0Minute\" \/>\n<script type=\"application\/ld+json\" class=\"yoast-schema-graph\">{\"@context\":\"https:\\\/\\\/schema.org\",\"@graph\":[{\"@type\":\"WebPage\",\"@id\":\"https:\\\/\\\/www.rossinigesellschaft.de\\\/de\\\/aktivitaeten\\\/\",\"url\":\"https:\\\/\\\/www.rossinigesellschaft.de\\\/de\\\/aktivitaeten\\\/\",\"name\":\"Aktivit\u00e4ten - Deutsche Rossini Gesellschaft\",\"isPartOf\":{\"@id\":\"https:\\\/\\\/www.rossinigesellschaft.de\\\/de\\\/#website\"},\"datePublished\":\"2018-12-20T08:49:03+00:00\",\"dateModified\":\"2026-04-15T06:52:53+00:00\",\"breadcrumb\":{\"@id\":\"https:\\\/\\\/www.rossinigesellschaft.de\\\/de\\\/aktivitaeten\\\/#breadcrumb\"},\"inLanguage\":\"de\",\"potentialAction\":[{\"@type\":\"ReadAction\",\"target\":[\"https:\\\/\\\/www.rossinigesellschaft.de\\\/de\\\/aktivitaeten\\\/\"]}]},{\"@type\":\"BreadcrumbList\",\"@id\":\"https:\\\/\\\/www.rossinigesellschaft.de\\\/de\\\/aktivitaeten\\\/#breadcrumb\",\"itemListElement\":[{\"@type\":\"ListItem\",\"position\":1,\"name\":\"Startseite\",\"item\":\"https:\\\/\\\/www.rossinigesellschaft.de\\\/de\\\/\"},{\"@type\":\"ListItem\",\"position\":2,\"name\":\"Aktivit\u00e4ten\"}]},{\"@type\":\"WebSite\",\"@id\":\"https:\\\/\\\/www.rossinigesellschaft.de\\\/de\\\/#website\",\"url\":\"https:\\\/\\\/www.rossinigesellschaft.de\\\/de\\\/\",\"name\":\"Deutsche Rossini Gesellschaft\",\"description\":\"\",\"publisher\":{\"@id\":\"https:\\\/\\\/www.rossinigesellschaft.de\\\/de\\\/#organization\"},\"potentialAction\":[{\"@type\":\"SearchAction\",\"target\":{\"@type\":\"EntryPoint\",\"urlTemplate\":\"https:\\\/\\\/www.rossinigesellschaft.de\\\/de\\\/?s={search_term_string}\"},\"query-input\":{\"@type\":\"PropertyValueSpecification\",\"valueRequired\":true,\"valueName\":\"search_term_string\"}}],\"inLanguage\":\"de\"},{\"@type\":\"Organization\",\"@id\":\"https:\\\/\\\/www.rossinigesellschaft.de\\\/de\\\/#organization\",\"name\":\"Deutsche Rossini Gesellschaft\",\"url\":\"https:\\\/\\\/www.rossinigesellschaft.de\\\/de\\\/\",\"logo\":{\"@type\":\"ImageObject\",\"inLanguage\":\"de\",\"@id\":\"https:\\\/\\\/www.rossinigesellschaft.de\\\/de\\\/#\\\/schema\\\/logo\\\/image\\\/\",\"url\":\"https:\\\/\\\/www.rossinigesellschaft.de\\\/de\\\/wp-content\\\/uploads\\\/2019\\\/02\\\/logo-transparent.png\",\"contentUrl\":\"https:\\\/\\\/www.rossinigesellschaft.de\\\/de\\\/wp-content\\\/uploads\\\/2019\\\/02\\\/logo-transparent.png\",\"width\":200,\"height\":86,\"caption\":\"Deutsche Rossini Gesellschaft\"},\"image\":{\"@id\":\"https:\\\/\\\/www.rossinigesellschaft.de\\\/de\\\/#\\\/schema\\\/logo\\\/image\\\/\"}}]}<\/script>\n<!-- \/ Yoast SEO plugin. -->","yoast_head_json":{"title":"Aktivit\u00e4ten - Deutsche Rossini Gesellschaft","robots":{"index":"index","follow":"follow","max-snippet":"max-snippet:-1","max-image-preview":"max-image-preview:large","max-video-preview":"max-video-preview:-1"},"canonical":"https:\/\/www.rossinigesellschaft.de\/de\/aktivitaeten\/","og_locale":"de_DE","og_type":"article","og_title":"Aktivit\u00e4ten - Deutsche Rossini Gesellschaft","og_description":"\u201eFacciamo bene i nostri affari\u201c Gioachino Rossini \u00fcber den Erfolg in London \u201eWir sind gut im Gesch\u00e4ft\u201c, schreibt der umtriebige und gesch\u00e4ftst\u00fcchtige Rossini 1824 an seinen Vater. Bei den vielf\u00e4ltigen Aktivit\u00e4ten der Deutschen Rossini Gesellschaft geht es uns neben der","og_url":"https:\/\/www.rossinigesellschaft.de\/de\/aktivitaeten\/","og_site_name":"Deutsche Rossini Gesellschaft","article_modified_time":"2026-04-15T06:52:53+00:00","twitter_card":"summary_large_image","twitter_misc":{"Gesch\u00e4tzte Lesezeit":"1\u00a0Minute"},"schema":{"@context":"https:\/\/schema.org","@graph":[{"@type":"WebPage","@id":"https:\/\/www.rossinigesellschaft.de\/de\/aktivitaeten\/","url":"https:\/\/www.rossinigesellschaft.de\/de\/aktivitaeten\/","name":"Aktivit\u00e4ten - Deutsche Rossini Gesellschaft","isPartOf":{"@id":"https:\/\/www.rossinigesellschaft.de\/de\/#website"},"datePublished":"2018-12-20T08:49:03+00:00","dateModified":"2026-04-15T06:52:53+00:00","breadcrumb":{"@id":"https:\/\/www.rossinigesellschaft.de\/de\/aktivitaeten\/#breadcrumb"},"inLanguage":"de","potentialAction":[{"@type":"ReadAction","target":["https:\/\/www.rossinigesellschaft.de\/de\/aktivitaeten\/"]}]},{"@type":"BreadcrumbList","@id":"https:\/\/www.rossinigesellschaft.de\/de\/aktivitaeten\/#breadcrumb","itemListElement":[{"@type":"ListItem","position":1,"name":"Startseite","item":"https:\/\/www.rossinigesellschaft.de\/de\/"},{"@type":"ListItem","position":2,"name":"Aktivit\u00e4ten"}]},{"@type":"WebSite","@id":"https:\/\/www.rossinigesellschaft.de\/de\/#website","url":"https:\/\/www.rossinigesellschaft.de\/de\/","name":"Deutsche Rossini Gesellschaft","description":"","publisher":{"@id":"https:\/\/www.rossinigesellschaft.de\/de\/#organization"},"potentialAction":[{"@type":"SearchAction","target":{"@type":"EntryPoint","urlTemplate":"https:\/\/www.rossinigesellschaft.de\/de\/?s={search_term_string}"},"query-input":{"@type":"PropertyValueSpecification","valueRequired":true,"valueName":"search_term_string"}}],"inLanguage":"de"},{"@type":"Organization","@id":"https:\/\/www.rossinigesellschaft.de\/de\/#organization","name":"Deutsche Rossini Gesellschaft","url":"https:\/\/www.rossinigesellschaft.de\/de\/","logo":{"@type":"ImageObject","inLanguage":"de","@id":"https:\/\/www.rossinigesellschaft.de\/de\/#\/schema\/logo\/image\/","url":"https:\/\/www.rossinigesellschaft.de\/de\/wp-content\/uploads\/2019\/02\/logo-transparent.png","contentUrl":"https:\/\/www.rossinigesellschaft.de\/de\/wp-content\/uploads\/2019\/02\/logo-transparent.png","width":200,"height":86,"caption":"Deutsche Rossini Gesellschaft"},"image":{"@id":"https:\/\/www.rossinigesellschaft.de\/de\/#\/schema\/logo\/image\/"}}]}},"_links":{"self":[{"href":"https:\/\/www.rossinigesellschaft.de\/de\/wp-json\/wp\/v2\/pages\/98","targetHints":{"allow":["GET"]}}],"collection":[{"href":"https:\/\/www.rossinigesellschaft.de\/de\/wp-json\/wp\/v2\/pages"}],"about":[{"href":"https:\/\/www.rossinigesellschaft.de\/de\/wp-json\/wp\/v2\/types\/page"}],"author":[{"embeddable":true,"href":"https:\/\/www.rossinigesellschaft.de\/de\/wp-json\/wp\/v2\/users\/1"}],"replies":[{"embeddable":true,"href":"https:\/\/www.rossinigesellschaft.de\/de\/wp-json\/wp\/v2\/comments?post=98"}],"version-history":[{"count":12,"href":"https:\/\/www.rossinigesellschaft.de\/de\/wp-json\/wp\/v2\/pages\/98\/revisions"}],"predecessor-version":[{"id":1744,"href":"https:\/\/www.rossinigesellschaft.de\/de\/wp-json\/wp\/v2\/pages\/98\/revisions\/1744"}],"wp:attachment":[{"href":"https:\/\/www.rossinigesellschaft.de\/de\/wp-json\/wp\/v2\/media?parent=98"}],"curies":[{"name":"wp","href":"https:\/\/api.w.org\/{rel}","templated":true}]}}