{"id":83,"date":"2018-12-20T09:42:12","date_gmt":"2018-12-20T08:42:12","guid":{"rendered":"http:\/\/neu.rossinigesellschaft.de\/de\/?page_id=83"},"modified":"2019-10-08T23:08:22","modified_gmt":"2019-10-08T21:08:22","slug":"media","status":"publish","type":"page","link":"https:\/\/www.rossinigesellschaft.de\/de\/media\/","title":{"rendered":"Media"},"content":{"rendered":"<div id=\"pl-83\"  class=\"panel-layout\" ><div id=\"pg-83-0\"  class=\"panel-grid panel-no-style\" ><div id=\"pgc-83-0-0\"  class=\"panel-grid-cell\" ><div id=\"panel-83-0-0-0\" class=\"so-panel widget widget_sow-editor panel-first-child panel-last-child\" data-index=\"0\" ><div\n\t\t\t\n\t\t\tclass=\"so-widget-sow-editor so-widget-sow-editor-base\"\n\t\t\t\n\t\t>\n<div class=\"siteorigin-widget-tinymce textwidget\">\n\t<blockquote>\n<p>\u201eQui si stampano pezzi dell\u2019opera di Roma\u201c<\/p>\n<\/blockquote>\n<p class=\"style1 style5 \" align=\"left\"><span class=\"style8\">Gioachino Rossini 1812 \u00fcber ersten Notenausgaben von\u00a0<em>Demetrio e Polibio<\/em><\/span><\/p>\n<p>\u201eHier werden St\u00fccke aus meiner Oper von Rom gedruckt\u201c, freut sich Rossini in einem Brief aus Mailand an seine Mutter, als der Kopist und Musikverleger Giovanni Ricordi Ausz\u00fcge aus Rossinis in Rom erstaufgef\u00fchrten\u00a0<em>Demetrio e Polibio<\/em>\u00a0herausbringt. Der Grundstein f\u00fcr eine Verbreitung seiner Werke \u2013 und damit seines Rufes als Komponist \u2013 ist gelegt. Viele gedruckte Klavierausz\u00fcge und Transkriptionen f\u00fcr jedes erdenkliche Instrument folgen in rascher Folge. Notenausgaben sind heute immer noch gefragt, aber f\u00fcr den Hausgebrauch sind CDs, Videos und DVDs bequemer.<\/p>\n<p>Hier eine Auswahl an Diskographischem, B\u00fcchern und Noten und Aufs\u00e4tzen!<\/p>\n<p><strong>Diskographisches:<\/strong><\/p>\n<p><a href=\"https:\/\/www.capriccio-kulturforum.de\/index.php?thread\/8446-rossini-in-wildbad-reihe-bei-naxos\/&amp;pageNo=1\" target=\"_blank\" rel=\"noopener\">\"Rossini in Wildbad\" Reihe bei NAXOS<\/a> Capriccio-Kulturforum<\/p>\n<p><a href=\"http:\/\/www.opera-rara.com\/rossini.html\" target=\"_blank\" rel=\"noopener\">Opera Rara<\/a>\u00a0(engl.)<br \/>\n<em><a href=\"http:\/\/www.forumopera.com\/v1\/critiques\/bruschino.htm\" target=\"_blank\" rel=\"noopener\">Il signor Bruschino<\/a><\/em>\u00a0ArteNova, CD-Rezension (fr.)<br \/>\n<em><a href=\"http:\/\/www.forumopera.com\/v1\/critiques\/tancredi_gelmetti.htm\" target=\"_blank\" rel=\"noopener\">Tancredi<\/a><\/em>\u00a0ROF, CD-Rezension (fr.)<br \/>\n<em><a href=\"http:\/\/www.forumopera.com\/v1\/critiques\/rossini_elisabetta_dvd.htm\" target=\"_blank\" rel=\"noopener\">Elisabetta regina d'Inghilterra<\/a><\/em>\u00a0DVD-Rezension (fr.)<br \/>\n<em><a href=\"http:\/\/www.forumopera.com\/v1\/critiques\/rossini_cenerentola_dvd.htm\" target=\"_blank\" rel=\"noopener\">La Cenerentola<\/a><\/em>\u00a0Decca, DVD-Rezension (fr.)<br \/>\n<em><a href=\"http:\/\/www.forumopera.com\/v1\/critiques\/bianca-parry.htm\" target=\"_blank\" rel=\"noopener\">Bianca e Falliero<\/a><\/em>\u00a0OperaRara, CD-Rezension (fr.)<br \/>\n<em><a href=\"http:\/\/www.forumopera.com\/v1\/critiques\/maometto_cohen_naxos.htm\" target=\"_blank\" rel=\"noopener\">Maometto II<\/a><\/em>\u00a0Naxos, CD-Rezension (fr.)<br \/>\n<em><a href=\"http:\/\/www.forumopera.com\/v1\/critiques\/semiramide_dvd.htm\" target=\"_blank\" rel=\"noopener\">Semiramide<\/a><\/em>\u00a0DVD-Rezension (fr.)<br \/>\n<em><a href=\"http:\/\/www.forumopera.com\/v1\/critiques\/rossini_stabat_spering.htm\" target=\"_blank\" rel=\"noopener\">Stabat Mater<\/a><\/em>\u00a0opus 111, CD-Rezension (fr.)<br \/>\n<em><a href=\"http:\/\/www.forumopera.com\/v1\/critiques\/rossini-gala.htm\" target=\"_blank\" rel=\"noopener\">Rossini Gala<\/a><\/em>\u00a0Virgin \/ CD-Rezension (fr.)<\/p>\n<p><strong>B\u00fccher und Noten:<\/strong><\/p>\n<p><em><a href=\"http:\/\/www.dlib.indiana.edu\/variations\/scores\/bhr1214\/large\/index.html\" target=\"_blank\" rel=\"noopener\">Il barbiere di Siviglia<\/a><\/em>\u00a0online-Klavierauszug<br \/>\n<a href=\"http:\/\/www.luigiverdi.it\/rossini_a_bologna.htm\" target=\"_blank\" rel=\"noopener\">Rossini a Bologna<\/a>\u00a0(a cura di Luigi Verdi, it.)<\/p>\n<p><strong>Aufs\u00e4tze und Essays:<\/strong><\/p>\n<p><a href=\"http:\/\/gutenberg.spiegel.de\/hauff\/othello\/othell01.htm\" target=\"_blank\" rel=\"noopener\">Othello<\/a>\u00a0(Novelle von\u00a0<a href=\"http:\/\/gutenberg.spiegel.de\/autoren\/hauff.htm\" target=\"_blank\" rel=\"noopener\">Wilhelm Hauff<\/a>)<br \/>\n<a href=\"http:\/\/www.mclink.it\/mclink\/classica\/ROSSINI\/rossini-ren.htm\" target=\"_blank\" rel=\"noopener\">Rossini Renaissance<\/a>\u00a0(Arrigo Quattrocchi, it.)<\/p>\n<p><strong>Kritische Gesamtausgabe:<\/strong><\/p>\n<p><a href=\"http:\/\/www.fondazionerossini.com\/\" target=\"_blank\" rel=\"noopener\">Fondazione Rossini<\/a>\u00a0(it.)<br \/>\nB\u00e4renreiter-Verlag:\u00a0Werke von Gioachino Rossini (WGR)<br \/>\n<a href=\"http:\/\/humanities.uchicago.edu\/orgs\/ciao\" target=\"_blank\" rel=\"noopener\">CIAO - Center for Italian Opera Studies\u00a0<\/a>(engl.)<\/p>\n<\/div>\n<\/div><\/div><\/div><div id=\"pgc-83-0-1\"  class=\"panel-grid-cell\" ><div id=\"panel-83-0-1-0\" class=\"so-panel widget widget_sow-image panel-first-child panel-last-child\" data-index=\"1\" ><div\n\t\t\t\n\t\t\tclass=\"so-widget-sow-image so-widget-sow-image-default-e4c2d9f6c920-83\"\n\t\t\t\n\t\t>\n<div class=\"sow-image-container\">\n\t\t<img \n\tsrc=\"https:\/\/www.rossinigesellschaft.de\/de\/wp-content\/uploads\/2019\/02\/c04_sidepic.jpg\" width=\"135\" height=\"279\" sizes=\"(max-width: 135px) 100vw, 135px\" alt=\"\" \t\tclass=\"so-widget-image\"\/>\n\t<\/div>\n\n<\/div><\/div><\/div><\/div><\/div>","protected":false},"excerpt":{"rendered":"<p>\u201eQui si stampano pezzi dell\u2019opera di Roma\u201c Gioachino Rossini 1812 \u00fcber ersten Notenausgaben von\u00a0Demetrio e Polibio \u201eHier werden St\u00fccke aus meiner Oper von Rom gedruckt\u201c, freut sich Rossini in einem Brief aus Mailand an seine Mutter, als der Kopist und<\/p>\n","protected":false},"author":1,"featured_media":0,"parent":0,"menu_order":0,"comment_status":"closed","ping_status":"closed","template":"page-templates\/musik.php","meta":{"footnotes":""},"class_list":["post-83","page","type-page","status-publish","hentry"],"yoast_head":"<!-- This site is optimized with the Yoast SEO plugin v27.4 - https:\/\/yoast.com\/product\/yoast-seo-wordpress\/ -->\n<title>Media - Deutsche Rossini Gesellschaft<\/title>\n<meta name=\"robots\" content=\"index, follow, max-snippet:-1, max-image-preview:large, max-video-preview:-1\" \/>\n<link rel=\"canonical\" href=\"https:\/\/www.rossinigesellschaft.de\/de\/media\/\" \/>\n<meta property=\"og:locale\" content=\"de_DE\" \/>\n<meta property=\"og:type\" content=\"article\" \/>\n<meta property=\"og:title\" content=\"Media - Deutsche Rossini Gesellschaft\" \/>\n<meta property=\"og:description\" content=\"\u201eQui si stampano pezzi dell\u2019opera di Roma\u201c Gioachino Rossini 1812 \u00fcber ersten Notenausgaben von\u00a0Demetrio e Polibio \u201eHier werden St\u00fccke aus meiner Oper von Rom gedruckt\u201c, freut sich Rossini in einem Brief aus Mailand an seine Mutter, als der Kopist und\" \/>\n<meta property=\"og:url\" content=\"https:\/\/www.rossinigesellschaft.de\/de\/media\/\" \/>\n<meta property=\"og:site_name\" content=\"Deutsche Rossini Gesellschaft\" \/>\n<meta property=\"article:modified_time\" content=\"2019-10-08T21:08:22+00:00\" \/>\n<meta name=\"twitter:card\" content=\"summary_large_image\" \/>\n<meta name=\"twitter:label1\" content=\"Gesch\u00e4tzte Lesezeit\" \/>\n\t<meta name=\"twitter:data1\" content=\"1\u00a0Minute\" \/>\n<script type=\"application\/ld+json\" class=\"yoast-schema-graph\">{\"@context\":\"https:\\\/\\\/schema.org\",\"@graph\":[{\"@type\":\"WebPage\",\"@id\":\"https:\\\/\\\/www.rossinigesellschaft.de\\\/de\\\/media\\\/\",\"url\":\"https:\\\/\\\/www.rossinigesellschaft.de\\\/de\\\/media\\\/\",\"name\":\"Media - Deutsche Rossini Gesellschaft\",\"isPartOf\":{\"@id\":\"https:\\\/\\\/www.rossinigesellschaft.de\\\/de\\\/#website\"},\"datePublished\":\"2018-12-20T08:42:12+00:00\",\"dateModified\":\"2019-10-08T21:08:22+00:00\",\"breadcrumb\":{\"@id\":\"https:\\\/\\\/www.rossinigesellschaft.de\\\/de\\\/media\\\/#breadcrumb\"},\"inLanguage\":\"de\",\"potentialAction\":[{\"@type\":\"ReadAction\",\"target\":[\"https:\\\/\\\/www.rossinigesellschaft.de\\\/de\\\/media\\\/\"]}]},{\"@type\":\"BreadcrumbList\",\"@id\":\"https:\\\/\\\/www.rossinigesellschaft.de\\\/de\\\/media\\\/#breadcrumb\",\"itemListElement\":[{\"@type\":\"ListItem\",\"position\":1,\"name\":\"Startseite\",\"item\":\"https:\\\/\\\/www.rossinigesellschaft.de\\\/de\\\/\"},{\"@type\":\"ListItem\",\"position\":2,\"name\":\"Media\"}]},{\"@type\":\"WebSite\",\"@id\":\"https:\\\/\\\/www.rossinigesellschaft.de\\\/de\\\/#website\",\"url\":\"https:\\\/\\\/www.rossinigesellschaft.de\\\/de\\\/\",\"name\":\"Deutsche Rossini Gesellschaft\",\"description\":\"\",\"publisher\":{\"@id\":\"https:\\\/\\\/www.rossinigesellschaft.de\\\/de\\\/#organization\"},\"potentialAction\":[{\"@type\":\"SearchAction\",\"target\":{\"@type\":\"EntryPoint\",\"urlTemplate\":\"https:\\\/\\\/www.rossinigesellschaft.de\\\/de\\\/?s={search_term_string}\"},\"query-input\":{\"@type\":\"PropertyValueSpecification\",\"valueRequired\":true,\"valueName\":\"search_term_string\"}}],\"inLanguage\":\"de\"},{\"@type\":\"Organization\",\"@id\":\"https:\\\/\\\/www.rossinigesellschaft.de\\\/de\\\/#organization\",\"name\":\"Deutsche Rossini Gesellschaft\",\"url\":\"https:\\\/\\\/www.rossinigesellschaft.de\\\/de\\\/\",\"logo\":{\"@type\":\"ImageObject\",\"inLanguage\":\"de\",\"@id\":\"https:\\\/\\\/www.rossinigesellschaft.de\\\/de\\\/#\\\/schema\\\/logo\\\/image\\\/\",\"url\":\"https:\\\/\\\/www.rossinigesellschaft.de\\\/de\\\/wp-content\\\/uploads\\\/2019\\\/02\\\/logo-transparent.png\",\"contentUrl\":\"https:\\\/\\\/www.rossinigesellschaft.de\\\/de\\\/wp-content\\\/uploads\\\/2019\\\/02\\\/logo-transparent.png\",\"width\":200,\"height\":86,\"caption\":\"Deutsche Rossini Gesellschaft\"},\"image\":{\"@id\":\"https:\\\/\\\/www.rossinigesellschaft.de\\\/de\\\/#\\\/schema\\\/logo\\\/image\\\/\"}}]}<\/script>\n<!-- \/ Yoast SEO plugin. -->","yoast_head_json":{"title":"Media - Deutsche Rossini Gesellschaft","robots":{"index":"index","follow":"follow","max-snippet":"max-snippet:-1","max-image-preview":"max-image-preview:large","max-video-preview":"max-video-preview:-1"},"canonical":"https:\/\/www.rossinigesellschaft.de\/de\/media\/","og_locale":"de_DE","og_type":"article","og_title":"Media - Deutsche Rossini Gesellschaft","og_description":"\u201eQui si stampano pezzi dell\u2019opera di Roma\u201c Gioachino Rossini 1812 \u00fcber ersten Notenausgaben von\u00a0Demetrio e Polibio \u201eHier werden St\u00fccke aus meiner Oper von Rom gedruckt\u201c, freut sich Rossini in einem Brief aus Mailand an seine Mutter, als der Kopist und","og_url":"https:\/\/www.rossinigesellschaft.de\/de\/media\/","og_site_name":"Deutsche Rossini Gesellschaft","article_modified_time":"2019-10-08T21:08:22+00:00","twitter_card":"summary_large_image","twitter_misc":{"Gesch\u00e4tzte Lesezeit":"1\u00a0Minute"},"schema":{"@context":"https:\/\/schema.org","@graph":[{"@type":"WebPage","@id":"https:\/\/www.rossinigesellschaft.de\/de\/media\/","url":"https:\/\/www.rossinigesellschaft.de\/de\/media\/","name":"Media - Deutsche Rossini Gesellschaft","isPartOf":{"@id":"https:\/\/www.rossinigesellschaft.de\/de\/#website"},"datePublished":"2018-12-20T08:42:12+00:00","dateModified":"2019-10-08T21:08:22+00:00","breadcrumb":{"@id":"https:\/\/www.rossinigesellschaft.de\/de\/media\/#breadcrumb"},"inLanguage":"de","potentialAction":[{"@type":"ReadAction","target":["https:\/\/www.rossinigesellschaft.de\/de\/media\/"]}]},{"@type":"BreadcrumbList","@id":"https:\/\/www.rossinigesellschaft.de\/de\/media\/#breadcrumb","itemListElement":[{"@type":"ListItem","position":1,"name":"Startseite","item":"https:\/\/www.rossinigesellschaft.de\/de\/"},{"@type":"ListItem","position":2,"name":"Media"}]},{"@type":"WebSite","@id":"https:\/\/www.rossinigesellschaft.de\/de\/#website","url":"https:\/\/www.rossinigesellschaft.de\/de\/","name":"Deutsche Rossini Gesellschaft","description":"","publisher":{"@id":"https:\/\/www.rossinigesellschaft.de\/de\/#organization"},"potentialAction":[{"@type":"SearchAction","target":{"@type":"EntryPoint","urlTemplate":"https:\/\/www.rossinigesellschaft.de\/de\/?s={search_term_string}"},"query-input":{"@type":"PropertyValueSpecification","valueRequired":true,"valueName":"search_term_string"}}],"inLanguage":"de"},{"@type":"Organization","@id":"https:\/\/www.rossinigesellschaft.de\/de\/#organization","name":"Deutsche Rossini Gesellschaft","url":"https:\/\/www.rossinigesellschaft.de\/de\/","logo":{"@type":"ImageObject","inLanguage":"de","@id":"https:\/\/www.rossinigesellschaft.de\/de\/#\/schema\/logo\/image\/","url":"https:\/\/www.rossinigesellschaft.de\/de\/wp-content\/uploads\/2019\/02\/logo-transparent.png","contentUrl":"https:\/\/www.rossinigesellschaft.de\/de\/wp-content\/uploads\/2019\/02\/logo-transparent.png","width":200,"height":86,"caption":"Deutsche Rossini Gesellschaft"},"image":{"@id":"https:\/\/www.rossinigesellschaft.de\/de\/#\/schema\/logo\/image\/"}}]}},"_links":{"self":[{"href":"https:\/\/www.rossinigesellschaft.de\/de\/wp-json\/wp\/v2\/pages\/83","targetHints":{"allow":["GET"]}}],"collection":[{"href":"https:\/\/www.rossinigesellschaft.de\/de\/wp-json\/wp\/v2\/pages"}],"about":[{"href":"https:\/\/www.rossinigesellschaft.de\/de\/wp-json\/wp\/v2\/types\/page"}],"author":[{"embeddable":true,"href":"https:\/\/www.rossinigesellschaft.de\/de\/wp-json\/wp\/v2\/users\/1"}],"replies":[{"embeddable":true,"href":"https:\/\/www.rossinigesellschaft.de\/de\/wp-json\/wp\/v2\/comments?post=83"}],"version-history":[{"count":14,"href":"https:\/\/www.rossinigesellschaft.de\/de\/wp-json\/wp\/v2\/pages\/83\/revisions"}],"predecessor-version":[{"id":689,"href":"https:\/\/www.rossinigesellschaft.de\/de\/wp-json\/wp\/v2\/pages\/83\/revisions\/689"}],"wp:attachment":[{"href":"https:\/\/www.rossinigesellschaft.de\/de\/wp-json\/wp\/v2\/media?parent=83"}],"curies":[{"name":"wp","href":"https:\/\/api.w.org\/{rel}","templated":true}]}}