{"id":80,"date":"2018-12-20T09:40:42","date_gmt":"2018-12-20T08:40:42","guid":{"rendered":"http:\/\/neu.rossinigesellschaft.de\/de\/?page_id=80"},"modified":"2021-09-12T13:44:28","modified_gmt":"2021-09-12T11:44:28","slug":"interpreten","status":"publish","type":"page","link":"https:\/\/www.rossinigesellschaft.de\/de\/interpreten\/","title":{"rendered":"Interpreten"},"content":{"rendered":"<div id=\"pl-80\"  class=\"panel-layout\" ><div id=\"pg-80-0\"  class=\"panel-grid panel-no-style\" ><div id=\"pgc-80-0-0\"  class=\"panel-grid-cell\" ><div id=\"panel-80-0-0-0\" class=\"so-panel widget widget_sow-editor panel-first-child panel-last-child\" data-index=\"0\" ><div\n\t\t\t\n\t\t\tclass=\"so-widget-sow-editor so-widget-sow-editor-base\"\n\t\t\t\n\t\t>\n<div class=\"siteorigin-widget-tinymce textwidget\">\n\t<blockquote>\n<p>\u201eTe la raccomando caldamente\u201c<\/p>\n<\/blockquote>\n<p class=\"style1 style5 \" align=\"left\"><span class=\"style8\">Gioachino Rossini in einem Empfehungsschreiben<br \/>\n<\/span><\/p>\n<p>\u201cIch empfehle sie dir w\u00e4rmstens\u201d \u2013 mit solchen oder \u00e4hnlichen Worten setzt sich Rossini f\u00fcr talentierte K\u00fcnstler bei seinen Freunden ein. Rossini, der selber zum S\u00e4nger ausgebildet wurde und mit seiner hohe Baritonstimme auch gerne die Kavatine seines Figaro zum Besten gibt, wei\u00df um die Sitten und Unsitten seiner Interpreten. Ein guter S\u00e4nger muss ein t\u00fcchtiger Interpret der Konzepte des Komponisten sein, denn nur dieser und der Dichter sind die wahren Sch\u00f6pfer der Oper. Als ihm die junge Adelina Patti die Arie der Rosina \u00fcberladen von Verzierungen vortr\u00e4gt, fragt Rossini nach vielen Komplimenten spitz: \u201eVon wem stammt den die Arie, die Sie uns vorgesungen haben?\u201c. Andererseits ist zu Tr\u00e4nen ger\u00fchrt, als die Schwestern Marchisio 1860<em>\u00a0Semiramide<\/em>\u00a0nach allen Regeln der alten Belcantokunst aufgef\u00fchrt haben: \u201eIhr habt einen Toten wieder zum Leben erweckt\u201c.<\/p>\n<p>Die \u201eRossini-Renaissance\u201c hat nach Ausnahmetalenten wie Maria Callas, Joan Sutherland, Marilyn Horne, sp\u00e4ter dann Cecilia Gasdia, Chris Merritt, Rockwell Blake oder Samuel Ramey, heute eine neue Generation junger S\u00e4nger hervorgebracht, die wieder mit dem kunst- und gef\u00fchlvollen Stil des Rossinigesangs umzugehen wissen.<\/p>\n<p>Und die Dirigenten? Von denen verlangt Rossini nicht die mechanische Ausf\u00fchrung von starren Metronomangaben, sondern sich bei der Tempo- und Farbgebung auf das eigene musikalisches Gesp\u00fcr zu verlassen.<\/p>\n<p>Als gro\u00dfe Rossini-Dirigenten unserer Zeit haben sich vor allem Claudio Abbado, Riccardo Chailly, Gianluigi Gelmetti und Alberto Zedda einen Namen gemacht.<\/p>\n<p>&nbsp;<\/p>\n<p><strong>Heutige Rossini-Interpreten mit eigener Homepage:<\/strong><\/p>\n<ul>\n<li><a href=\"http:\/\/annabonitatibus.com\/\" target=\"_blank\" rel=\"noopener\">Anna Bonitatibus<\/a> (engl.)<\/li>\n<li><a href=\"http:\/\/ceciliabartolionline.com\/\" target=\"_blank\" rel=\"noopener\">Cecilia Bartoli<\/a> (engl.)<\/li>\n<li><a href=\"https:\/\/www.lawrencebrownlee.com\/\" target=\"_blank\" rel=\"noopener\">Lawrence Brownlee<\/a> (engl.)<\/li>\n<li><a href=\"http:\/\/www.joycedidonato.com\/\" target=\"_blank\" rel=\"noopener\">Joyce DiDonato<\/a>\u00a0(engl.)<\/li>\n<li><a href=\"http:\/\/www.juandiegoflorez.com\/\" target=\"_blank\" rel=\"noopener\">Juan Diego Fl\u00f3rez<\/a>\u00a0(engl.)<\/li>\n<li><a href=\"http:\/\/www.antoninofogliani.it\/\" target=\"_blank\" rel=\"noopener\">Antonino Fogliani<\/a>\u00a0(engl.)<\/li>\n<li><a href=\"http:\/\/www.vivicagenaux.com\/\" target=\"_blank\" rel=\"noopener\">Vivica Genaux<\/a>\u00a0(engl.)<\/li>\n<li><a href=\"http:\/\/www.kasarova.com\/\" target=\"_blank\" rel=\"noopener\">Vesselina Kasarova<\/a><\/li>\n<li><a href=\"http:\/\/www.gregorykunde.com\/\" target=\"_blank\" rel=\"noopener\">Gregory Kunde<\/a>\u00a0(engl.)<\/li>\n<li><a href=\"http:\/\/www.mariotticonductor.com\/\" target=\"_blank\" rel=\"noopener\">Michele Mariotti<\/a> (engl.)<\/li>\n<li><a href=\"https:\/\/www.maximmironov.com\/\" target=\"_blank\" rel=\"noopener\">Maxim Mironov<\/a> (engl.)<\/li>\n<li><a href=\"http:\/\/www.olgaperetyatko.com\/\" target=\"_blank\" rel=\"noopener\">Olga Peretyatko<\/a> (engl.)<\/li>\n<li><a href=\"http:\/\/www.jessicapratt.org\/\" target=\"_blank\" rel=\"noopener\">Jessica Pratt<\/a>\u00a0(engl.)<\/li>\n<li><a href=\"http:\/\/www.michaelspyres.com\/\" target=\"_blank\" rel=\"noopener\">Michael Spyres<\/a>\u00a0(engl.)<\/li>\n<\/ul>\n<\/div>\n<\/div><\/div><\/div><div id=\"pgc-80-0-1\"  class=\"panel-grid-cell\" ><div id=\"panel-80-0-1-0\" class=\"so-panel widget widget_sow-image panel-first-child panel-last-child\" data-index=\"1\" ><div\n\t\t\t\n\t\t\tclass=\"so-widget-sow-image so-widget-sow-image-default-e4c2d9f6c920-80\"\n\t\t\t\n\t\t>\n<div class=\"sow-image-container\">\n\t\t<img \n\tsrc=\"https:\/\/www.rossinigesellschaft.de\/de\/wp-content\/uploads\/2019\/02\/c03_sidepic.jpg\" width=\"135\" height=\"185\" sizes=\"(max-width: 135px) 100vw, 135px\" alt=\"\" \t\tclass=\"so-widget-image\"\/>\n\t<\/div>\n\n<\/div><\/div><\/div><\/div><\/div>","protected":false},"excerpt":{"rendered":"<p>\u201eTe la raccomando caldamente\u201c Gioachino Rossini in einem Empfehungsschreiben \u201cIch empfehle sie dir w\u00e4rmstens\u201d \u2013 mit solchen oder \u00e4hnlichen Worten setzt sich Rossini f\u00fcr talentierte K\u00fcnstler bei seinen Freunden ein. Rossini, der selber zum S\u00e4nger ausgebildet wurde und mit seiner<\/p>\n","protected":false},"author":1,"featured_media":0,"parent":0,"menu_order":0,"comment_status":"closed","ping_status":"closed","template":"page-templates\/musik.php","meta":{"footnotes":""},"class_list":["post-80","page","type-page","status-publish","hentry"],"yoast_head":"<!-- This site is optimized with the Yoast SEO plugin v27.4 - https:\/\/yoast.com\/product\/yoast-seo-wordpress\/ -->\n<title>Interpreten - Deutsche Rossini Gesellschaft<\/title>\n<meta name=\"robots\" content=\"index, follow, max-snippet:-1, max-image-preview:large, max-video-preview:-1\" \/>\n<link rel=\"canonical\" href=\"https:\/\/www.rossinigesellschaft.de\/de\/interpreten\/\" \/>\n<meta property=\"og:locale\" content=\"de_DE\" \/>\n<meta property=\"og:type\" content=\"article\" \/>\n<meta property=\"og:title\" content=\"Interpreten - Deutsche Rossini Gesellschaft\" \/>\n<meta property=\"og:description\" content=\"\u201eTe la raccomando caldamente\u201c Gioachino Rossini in einem Empfehungsschreiben \u201cIch empfehle sie dir w\u00e4rmstens\u201d \u2013 mit solchen oder \u00e4hnlichen Worten setzt sich Rossini f\u00fcr talentierte K\u00fcnstler bei seinen Freunden ein. Rossini, der selber zum S\u00e4nger ausgebildet wurde und mit seiner\" \/>\n<meta property=\"og:url\" content=\"https:\/\/www.rossinigesellschaft.de\/de\/interpreten\/\" \/>\n<meta property=\"og:site_name\" content=\"Deutsche Rossini Gesellschaft\" \/>\n<meta property=\"article:modified_time\" content=\"2021-09-12T11:44:28+00:00\" \/>\n<meta name=\"twitter:card\" content=\"summary_large_image\" \/>\n<meta name=\"twitter:label1\" content=\"Gesch\u00e4tzte Lesezeit\" \/>\n\t<meta name=\"twitter:data1\" content=\"2\u00a0Minuten\" \/>\n<script type=\"application\/ld+json\" class=\"yoast-schema-graph\">{\"@context\":\"https:\\\/\\\/schema.org\",\"@graph\":[{\"@type\":\"WebPage\",\"@id\":\"https:\\\/\\\/www.rossinigesellschaft.de\\\/de\\\/interpreten\\\/\",\"url\":\"https:\\\/\\\/www.rossinigesellschaft.de\\\/de\\\/interpreten\\\/\",\"name\":\"Interpreten - Deutsche Rossini Gesellschaft\",\"isPartOf\":{\"@id\":\"https:\\\/\\\/www.rossinigesellschaft.de\\\/de\\\/#website\"},\"datePublished\":\"2018-12-20T08:40:42+00:00\",\"dateModified\":\"2021-09-12T11:44:28+00:00\",\"breadcrumb\":{\"@id\":\"https:\\\/\\\/www.rossinigesellschaft.de\\\/de\\\/interpreten\\\/#breadcrumb\"},\"inLanguage\":\"de\",\"potentialAction\":[{\"@type\":\"ReadAction\",\"target\":[\"https:\\\/\\\/www.rossinigesellschaft.de\\\/de\\\/interpreten\\\/\"]}]},{\"@type\":\"BreadcrumbList\",\"@id\":\"https:\\\/\\\/www.rossinigesellschaft.de\\\/de\\\/interpreten\\\/#breadcrumb\",\"itemListElement\":[{\"@type\":\"ListItem\",\"position\":1,\"name\":\"Startseite\",\"item\":\"https:\\\/\\\/www.rossinigesellschaft.de\\\/de\\\/\"},{\"@type\":\"ListItem\",\"position\":2,\"name\":\"Interpreten\"}]},{\"@type\":\"WebSite\",\"@id\":\"https:\\\/\\\/www.rossinigesellschaft.de\\\/de\\\/#website\",\"url\":\"https:\\\/\\\/www.rossinigesellschaft.de\\\/de\\\/\",\"name\":\"Deutsche Rossini Gesellschaft\",\"description\":\"\",\"publisher\":{\"@id\":\"https:\\\/\\\/www.rossinigesellschaft.de\\\/de\\\/#organization\"},\"potentialAction\":[{\"@type\":\"SearchAction\",\"target\":{\"@type\":\"EntryPoint\",\"urlTemplate\":\"https:\\\/\\\/www.rossinigesellschaft.de\\\/de\\\/?s={search_term_string}\"},\"query-input\":{\"@type\":\"PropertyValueSpecification\",\"valueRequired\":true,\"valueName\":\"search_term_string\"}}],\"inLanguage\":\"de\"},{\"@type\":\"Organization\",\"@id\":\"https:\\\/\\\/www.rossinigesellschaft.de\\\/de\\\/#organization\",\"name\":\"Deutsche Rossini Gesellschaft\",\"url\":\"https:\\\/\\\/www.rossinigesellschaft.de\\\/de\\\/\",\"logo\":{\"@type\":\"ImageObject\",\"inLanguage\":\"de\",\"@id\":\"https:\\\/\\\/www.rossinigesellschaft.de\\\/de\\\/#\\\/schema\\\/logo\\\/image\\\/\",\"url\":\"https:\\\/\\\/www.rossinigesellschaft.de\\\/de\\\/wp-content\\\/uploads\\\/2019\\\/02\\\/logo-transparent.png\",\"contentUrl\":\"https:\\\/\\\/www.rossinigesellschaft.de\\\/de\\\/wp-content\\\/uploads\\\/2019\\\/02\\\/logo-transparent.png\",\"width\":200,\"height\":86,\"caption\":\"Deutsche Rossini Gesellschaft\"},\"image\":{\"@id\":\"https:\\\/\\\/www.rossinigesellschaft.de\\\/de\\\/#\\\/schema\\\/logo\\\/image\\\/\"}}]}<\/script>\n<!-- \/ Yoast SEO plugin. -->","yoast_head_json":{"title":"Interpreten - Deutsche Rossini Gesellschaft","robots":{"index":"index","follow":"follow","max-snippet":"max-snippet:-1","max-image-preview":"max-image-preview:large","max-video-preview":"max-video-preview:-1"},"canonical":"https:\/\/www.rossinigesellschaft.de\/de\/interpreten\/","og_locale":"de_DE","og_type":"article","og_title":"Interpreten - Deutsche Rossini Gesellschaft","og_description":"\u201eTe la raccomando caldamente\u201c Gioachino Rossini in einem Empfehungsschreiben \u201cIch empfehle sie dir w\u00e4rmstens\u201d \u2013 mit solchen oder \u00e4hnlichen Worten setzt sich Rossini f\u00fcr talentierte K\u00fcnstler bei seinen Freunden ein. Rossini, der selber zum S\u00e4nger ausgebildet wurde und mit seiner","og_url":"https:\/\/www.rossinigesellschaft.de\/de\/interpreten\/","og_site_name":"Deutsche Rossini Gesellschaft","article_modified_time":"2021-09-12T11:44:28+00:00","twitter_card":"summary_large_image","twitter_misc":{"Gesch\u00e4tzte Lesezeit":"2\u00a0Minuten"},"schema":{"@context":"https:\/\/schema.org","@graph":[{"@type":"WebPage","@id":"https:\/\/www.rossinigesellschaft.de\/de\/interpreten\/","url":"https:\/\/www.rossinigesellschaft.de\/de\/interpreten\/","name":"Interpreten - Deutsche Rossini Gesellschaft","isPartOf":{"@id":"https:\/\/www.rossinigesellschaft.de\/de\/#website"},"datePublished":"2018-12-20T08:40:42+00:00","dateModified":"2021-09-12T11:44:28+00:00","breadcrumb":{"@id":"https:\/\/www.rossinigesellschaft.de\/de\/interpreten\/#breadcrumb"},"inLanguage":"de","potentialAction":[{"@type":"ReadAction","target":["https:\/\/www.rossinigesellschaft.de\/de\/interpreten\/"]}]},{"@type":"BreadcrumbList","@id":"https:\/\/www.rossinigesellschaft.de\/de\/interpreten\/#breadcrumb","itemListElement":[{"@type":"ListItem","position":1,"name":"Startseite","item":"https:\/\/www.rossinigesellschaft.de\/de\/"},{"@type":"ListItem","position":2,"name":"Interpreten"}]},{"@type":"WebSite","@id":"https:\/\/www.rossinigesellschaft.de\/de\/#website","url":"https:\/\/www.rossinigesellschaft.de\/de\/","name":"Deutsche Rossini Gesellschaft","description":"","publisher":{"@id":"https:\/\/www.rossinigesellschaft.de\/de\/#organization"},"potentialAction":[{"@type":"SearchAction","target":{"@type":"EntryPoint","urlTemplate":"https:\/\/www.rossinigesellschaft.de\/de\/?s={search_term_string}"},"query-input":{"@type":"PropertyValueSpecification","valueRequired":true,"valueName":"search_term_string"}}],"inLanguage":"de"},{"@type":"Organization","@id":"https:\/\/www.rossinigesellschaft.de\/de\/#organization","name":"Deutsche Rossini Gesellschaft","url":"https:\/\/www.rossinigesellschaft.de\/de\/","logo":{"@type":"ImageObject","inLanguage":"de","@id":"https:\/\/www.rossinigesellschaft.de\/de\/#\/schema\/logo\/image\/","url":"https:\/\/www.rossinigesellschaft.de\/de\/wp-content\/uploads\/2019\/02\/logo-transparent.png","contentUrl":"https:\/\/www.rossinigesellschaft.de\/de\/wp-content\/uploads\/2019\/02\/logo-transparent.png","width":200,"height":86,"caption":"Deutsche Rossini Gesellschaft"},"image":{"@id":"https:\/\/www.rossinigesellschaft.de\/de\/#\/schema\/logo\/image\/"}}]}},"_links":{"self":[{"href":"https:\/\/www.rossinigesellschaft.de\/de\/wp-json\/wp\/v2\/pages\/80","targetHints":{"allow":["GET"]}}],"collection":[{"href":"https:\/\/www.rossinigesellschaft.de\/de\/wp-json\/wp\/v2\/pages"}],"about":[{"href":"https:\/\/www.rossinigesellschaft.de\/de\/wp-json\/wp\/v2\/types\/page"}],"author":[{"embeddable":true,"href":"https:\/\/www.rossinigesellschaft.de\/de\/wp-json\/wp\/v2\/users\/1"}],"replies":[{"embeddable":true,"href":"https:\/\/www.rossinigesellschaft.de\/de\/wp-json\/wp\/v2\/comments?post=80"}],"version-history":[{"count":18,"href":"https:\/\/www.rossinigesellschaft.de\/de\/wp-json\/wp\/v2\/pages\/80\/revisions"}],"predecessor-version":[{"id":1047,"href":"https:\/\/www.rossinigesellschaft.de\/de\/wp-json\/wp\/v2\/pages\/80\/revisions\/1047"}],"wp:attachment":[{"href":"https:\/\/www.rossinigesellschaft.de\/de\/wp-json\/wp\/v2\/media?parent=80"}],"curies":[{"name":"wp","href":"https:\/\/api.w.org\/{rel}","templated":true}]}}