{"id":72,"date":"2018-12-20T09:37:42","date_gmt":"2018-12-20T08:37:42","guid":{"rendered":"http:\/\/neu.rossinigesellschaft.de\/de\/?page_id=72"},"modified":"2026-04-16T19:26:21","modified_gmt":"2026-04-16T17:26:21","slug":"auffuehrungen","status":"publish","type":"page","link":"https:\/\/www.rossinigesellschaft.de\/de\/auffuehrungen\/","title":{"rendered":"Auff\u00fchrungen"},"content":{"rendered":"<div id=\"pl-72\"  class=\"panel-layout\" ><div id=\"pg-72-0\"  class=\"panel-grid panel-no-style\" ><div id=\"pgc-72-0-0\"  class=\"panel-grid-cell\" ><div id=\"panel-72-0-0-0\" class=\"so-panel widget widget_sow-editor panel-first-child panel-last-child\" data-index=\"0\" ><div\n\t\t\t\n\t\t\tclass=\"so-widget-sow-editor so-widget-sow-editor-base\"\n\t\t\t\n\t\t>\n<div class=\"siteorigin-widget-tinymce textwidget\">\n\t<blockquote>\n<p>\u201eL\u2019esito della mia opera fu il pi\u00f9 brillante\u201c<\/p>\n<\/blockquote>\n<p class=\"style1 style5 \" align=\"left\"><span class=\"style8\">Gioachino Rossini 1818 \u00fcber den Erfolg von\u00a0<em>Ricciardo e Zoraide<\/em><\/span><\/p>\n<p>Im Teatro San Mois\u00e8 in Venedig wird im November 1810 Rossinis komische Oper\u00a0<em>La cambiale di matrimonio<\/em>\u00a0mit respektablem Erfolg uraufgef\u00fchrt \u2014 damit ist der Grundstein f\u00fcr ein inniges Verh\u00e4ltnis zwischen dem \u201eSchwan von Pesaro\u201d und dem venezianischen Publikum gelegt. Auch am Teatro alla Scala in Mailand wird Rossini begeistert aufgenommen.<\/p>\n<p>\u201eDer Ausgang meiner Oper war absolut glanzvoll\u201d, euphorisiert Rossini seiner Mutter Anna 1818 \u00fcber seinen Erfolg in Neapel. Zu recht. Rossini wird bald in allen bedeutenden Musikst\u00e4dten gespielt: Neapel, Paris, Wien und London \u2014 sein Ruhm kennt keine anderen Grenzen als die der zivilisierten Welt (Stendhal)! Die \u201eRossini-Renaissance\u201d seit den 1980er Jahren hat Rossini wieder weltweit auf viele B\u00fchnen gef\u00fchrt.<\/p>\n<p>Besonders gepflegt wird das Werk Rossinis in seiner Heimatstadt Pesaro. Seit 1980 findet hier jedes Jahr im August das\u00a0<em>Rossini Opera Festival<\/em>\u00a0statt. Die Rekonstruktion von\u00a0<em>Il viaggio a Reims<\/em>, einer legend\u00e4ren, verschwundenen Partitur von Rossini hat entscheidend zum internationalen Ruhm des Festivals beigetragen. Drei szenische Auff\u00fchrungen im historischen Logentheater Teatro Rossini und in der gro\u00dfen, modernen Vitrifrigo Arena werden mit zahlreichen Konzerten und weiteren Veranstaltungen erg\u00e4nzt.<\/p>\n<p>\u201eRossini in Wildbad\u201c ist seit 1989 ein Markenzeichen f\u00fcr eine kleine aber feine Sommerveranstaltung in der Reihe der bekannten internationalen Belcantofestivals. Hier steht Rossinis unbekanntes Schaffen aller Sparten im Zentrum des Geschehens. Junge vielversprechende Talente und renommierte Dirigenten sorgen f\u00fcr k\u00fcnstlerisch gediegene szenische und konzertante Auff\u00fchrungen. Die Deutschen Rossini Gesellschaft erfreut sich einer sehr fruchtbaren Zusammenarbeit mit dem Festival in Wildbad, die auch zahlreiche Rossini-Wiederauff\u00fchrungen mitgestaltet hat.<\/p>\n<p class=\"style10\"><strong>Ausgew\u00e4hlte Inszenierungen von Rossini Opern:<\/strong><\/p>\n<ul>\n<li>Februar-Mai 2026:\u00a0<em>Il viaggio a<\/em> Reims in <a href=\"https:\/\/theaterbremen.de\/de_DE\/programm\/die-reise-nach-reims.1379015#events\" target=\"_blank\" rel=\"noopener\">Bremen<\/a><\/li>\n<li>M\u00e4rz-April 2026:\u00a0<em>L'italiana in Algeri<\/em> in <a href=\"https:\/\/deutscheoperberlin.de\/de_DE\/calendar\/l-italiana-in-algeri.17824980\" target=\"_blank\" rel=\"noopener\">Berlin<\/a><\/li>\n<li>April 2026:\u00a0<em>L'occasione fa il ladro<\/em> in <a href=\"https:\/\/jungeskollektivmusiktheater.de\/gelegenheit-macht-liebe\/\" target=\"_blank\" rel=\"noopener\">Karlsruhe<\/a><\/li>\n<li>April 2026:\u00a0<em>Mos\u00e8 in Egitto<\/em> in <a href=\"https:\/\/www.operasouthwest.org\/mose-in-egitto\" target=\"_blank\" rel=\"noopener\">Albuquerque<\/a><\/li>\n<li>April-Juli 2026:\u00a0<em>Il viaggio a Reims<\/em> in <a href=\"https:\/\/www.landestheater-detmold.de\/de\/programm\/die-reise-nach-reims\/41131105\" target=\"_blank\" rel=\"noopener\">Detmold und Paderborn<\/a><\/li>\n<li>Mai 2026:\u00a0<em>Tancredi<\/em> in <a href=\"https:\/\/www.operaroma.it\/spettacoli\/tancredi\/\" target=\"_blank\" rel=\"noopener\">Rom<\/a><\/li>\n<li>Juni 2026:\u00a0<em>Tancredi<\/em> in <a href=\"https:\/\/oper-frankfurt.de\/de\/spielplan\/tancredi\/\" target=\"_blank\" rel=\"noopener\">Frankfurt<\/a><\/li>\n<li>Juni 2026:\u00a0<em>Tancredi<\/em> in <a href=\"https:\/\/www.oper.koeln\/de\/produktionen\/tancredi\/1178\" target=\"_blank\" rel=\"noopener\">K\u00f6ln<\/a><\/li>\n<li>Juli 2026:\u00a0<em>L'occasione fa il ladro\u00a0<\/em>in <a href=\"https:\/\/rossini-in-wildbad.de\/loccasione-fa-il-ladro\/\" target=\"_blank\" rel=\"noopener\">Bad Wildbad<\/a><\/li>\n<li>Juli 2026:\u00a0<em>La gazza ladra<\/em> in <a href=\"https:\/\/rossini-in-wildbad.de\/la-gazza-ladra\/\" target=\"_blank\" rel=\"noopener\">Bad Wildbad<\/a><\/li>\n<li>August 2026:\u00a0<em>Il viaggio a<\/em> Reims in <a href=\"https:\/\/www.salzburgerfestspiele.at\/p\/sommer-il-viaggio-a-reims-2026\" target=\"_blank\" rel=\"noopener\">Salzburg<\/a><\/li>\n<li>August 2026: <em>La scala di seta<\/em> in <a href=\"https:\/\/www.rossinioperafestival.it\/archivio\/stagione-2026\/la-scala-di-seta\/\" target=\"_blank\" rel=\"noopener\">Pesaro<\/a><\/li>\n<li>August 2026:\u00a0<em>L'occasione fa il ladro<\/em> in <a href=\"https:\/\/www.rossinioperafestival.it\/archivio\/stagione-2026\/loccasione-fa-il-ladro\/\" target=\"_blank\" rel=\"noopener\">Pesaro<\/a><\/li>\n<li>August 2026: <em>Le si\u00e8ge de Corinthe<\/em> in <a href=\"https:\/\/www.rossinioperafestival.it\/archivio\/stagione-2026\/le-siege-de-corinthe\/\" target=\"_blank\" rel=\"noopener\">Pesaro<\/a><\/li>\n<li>August 2026: <em>Il viaggio a Reims<\/em> in <a href=\"https:\/\/www.rossinioperafestival.it\/archivio\/stagione-2026\/il-viaggio-a-reims\/\" target=\"_blank\" rel=\"noopener\">Pesaro<\/a><\/li>\n<li>Oktober 2026:\u00a0<em>L'equivoco stravagante<\/em> in <a href=\"https:\/\/www.wexfordopera.com\/our-story\/news\/75th-anniversary-programme-announcement\" target=\"_blank\" rel=\"noopener\">Wexford<\/a><\/li>\n<li>Oktober-Dezember 2026: <em>Il viaggio a Reims<\/em> in <a href=\"https:\/\/www.gaertnerplatztheater.de\/de\/produktionen\/die-reise-nach-reims.html\" target=\"_blank\" rel=\"noopener\">M\u00fcnchen<\/a><\/li>\n<li>Januar-M\u00e4rz 2027:\u00a0<em>Guillaume Tell<\/em> in <a href=\"https:\/\/www.die-hamburgische-staatsoper.de\/de\/programm\/oper\/1940-guillaume-tell\" target=\"_blank\" rel=\"noopener\">Hamburg<\/a><\/li>\n<\/ul>\n<p>&nbsp;<\/p>\n<p><strong><span class=\"style10\">Konzerte und sonstige Veranstaltungen<\/span><\/strong><\/p>\n<ul>\n<li>3. Mai 2026: Fagottkonzerte (Mozart, Weber, Rossini) in <a href=\"https:\/\/bsof.de\/termin\/fagottkonzerte-klassik-am-sonntag-extra\/\" target=\"_blank\" rel=\"noopener\">Frankfurt an der Oder<\/a><\/li>\n<li>13. Mai 2026:\u00a0<em>Semiramide<\/em> in <a href=\"https:\/\/www.liceubarcelona.cat\/en\/semiramide\" target=\"_blank\" rel=\"noopener\">Barcelona<\/a><\/li>\n<li>29. Mai 2026:\u00a0<em>Petite messe solennelle<\/em> (Orchesterfassung) in <a href=\"https:\/\/www.bochumer-symphoniker.de\/programm\/detail\/heilige-verfluchte-musik\" target=\"_blank\" rel=\"noopener\">Bochum<\/a><\/li>\n<li>23. Juli 2026: Waldkonzert in <a href=\"https:\/\/rossini-in-wildbad.de\/waldkonzert-2026\/\" target=\"_blank\" rel=\"noopener\">Bad Wildbad<\/a><\/li>\n<li>26. Juli 2026:\u00a0<em>S\u00e9miramis<\/em> (Rossini\/Carafa) in <a href=\"http:\/\/rossini-in-wildbad.de\/semiramis\/\" target=\"_blank\" rel=\"noopener\">Bad Wildbad<\/a><\/li>\n<li>30. Juli 2026:\u00a0<em>\u00a1Rossini ol\u00e9! <\/em>in <a href=\"https:\/\/rossini-in-wildbad.de\/rossini-ole\/\" target=\"_blank\" rel=\"noopener\">Bad Wildbad<\/a><\/li>\n<li>23. August 2026:\u00a0<em>Stabat mater<\/em> in <a href=\"https:\/\/www.rossinioperafestival.it\/archivio\/stagione-2026\/stabat-mater\/\" target=\"_blank\" rel=\"noopener\">Pesaro<\/a><\/li>\n<li>19. November 2026:\u00a0<em>Ermione<\/em> in <a href=\"https:\/\/www.theater-wien.at\/de\/spielplan\/saison2026-27\/1628\/Ermione\" target=\"_blank\" rel=\"noopener\">Wien<\/a><\/li>\n<\/ul>\n<p>&nbsp;<\/p>\n<p><strong><span class=\"style10\">Rundfunk, Fernsehen, Webstreaming<\/span>\u00a0<\/strong><\/p>\n<ul>\n<li><em>L'italiana in Algeri<\/em> aus Reggio Emilia auf <a href=\"https:\/\/www.youtube.com\/watch?v=0E93zHOgRJE\" target=\"_blank\" rel=\"noopener\">Opera Streaming<\/a><\/li>\n<li><em>Il turco in Italia<\/em>\u00a0aus Genua (2009) auf\u00a0<a href=\"http:\/\/www.rai.tv\/dl\/RaiTV\/programmi\/media\/ContentItem-ae419de6-291a-46f2-bfea-7c96760b348c.html\" target=\"_blank\" rel=\"noopener noreferrer\">RAI5<\/a><\/li>\n<li><em>Il turco in Italia<\/em> aus Rimini (2024) auf <a href=\"https:\/\/operastreaming.com\/spettacolo-il-turco-in-italia-2024\/\" target=\"_blank\" rel=\"noopener\">operastreaming<\/a><\/li>\n<li><em>La Cenerentola<\/em> aus Bad Wildbad (2025) auf <a href=\"https:\/\/operavision.eu\/performance\/la-cenerentola-0\" target=\"_blank\" rel=\"noopener\">operavision<\/a> (vom 5.10.2025 bis 05.04.2026)<\/li>\n<li><em>Adelaide di Borgogna<\/em> aus Pesaro (2023) auf <a href=\"https:\/\/www.mezzo.tv\/en\/Opera\/%27Adelaide-di-Borgogna%27-at-the-Rossini-Opera-Festival-in-Pesaro-11654\" target=\"_blank\" rel=\"noopener\">mezzo.tv<\/a> (bestimmte Zeiten)<\/li>\n<li><em>Mos\u00e8 in Egitto<\/em> aus Modena (2024) auf <a href=\"https:\/\/operastreaming.com\/spettacolo-mose-in-egitto-2024\/\" target=\"_blank\" rel=\"noopener\">operastreaming<\/a><\/li>\n<li><em>Guillaume Tell<\/em> aus Lausanne (2024) auf <a href=\"https:\/\/www.arte.tv\/de\/videos\/121347-000-A\/gioachino-rossini-wilhelm-tell\/\" target=\"_blank\" rel=\"noopener\">arte<\/a> (verf\u00fcgbar bis 28.01.2026)<\/li>\n<li><em>Guillaume Tell<\/em> aus Tokyo (2025) auf <a href=\"https:\/\/operavision.eu\/de\/performance\/guillaume-tell-1\" target=\"_blank\" rel=\"noopener\">operastreaming<\/a><\/li>\n<\/ul>\n<p>&nbsp;<\/p>\n<p>&nbsp;<\/p>\n<\/div>\n<\/div><\/div><\/div><div id=\"pgc-72-0-1\"  class=\"panel-grid-cell\" ><div id=\"panel-72-0-1-0\" class=\"so-panel widget widget_sow-image panel-first-child panel-last-child\" data-index=\"1\" ><div\n\t\t\t\n\t\t\tclass=\"so-widget-sow-image so-widget-sow-image-default-e4c2d9f6c920-72\"\n\t\t\t\n\t\t>\n<div class=\"sow-image-container\">\n\t\t<img \n\tsrc=\"https:\/\/www.rossinigesellschaft.de\/de\/wp-content\/uploads\/2019\/02\/c01_sidepic.jpg\" width=\"135\" height=\"258\" sizes=\"(max-width: 135px) 100vw, 135px\" alt=\"\" \t\tclass=\"so-widget-image\"\/>\n\t<\/div>\n\n<\/div><\/div><\/div><\/div><\/div>","protected":false},"excerpt":{"rendered":"<p>\u201eL\u2019esito della mia opera fu il pi\u00f9 brillante\u201c Gioachino Rossini 1818 \u00fcber den Erfolg von\u00a0Ricciardo e Zoraide Im Teatro San Mois\u00e8 in Venedig wird im November 1810 Rossinis komische Oper\u00a0La cambiale di matrimonio\u00a0mit respektablem Erfolg uraufgef\u00fchrt \u2014 damit ist der<\/p>\n","protected":false},"author":1,"featured_media":0,"parent":0,"menu_order":0,"comment_status":"closed","ping_status":"closed","template":"page-templates\/musik.php","meta":{"footnotes":""},"class_list":["post-72","page","type-page","status-publish","hentry"],"yoast_head":"<!-- This site is optimized with the Yoast SEO plugin v27.4 - https:\/\/yoast.com\/product\/yoast-seo-wordpress\/ -->\n<title>Auff\u00fchrungen - Deutsche Rossini Gesellschaft<\/title>\n<meta name=\"robots\" content=\"index, follow, max-snippet:-1, max-image-preview:large, max-video-preview:-1\" \/>\n<link rel=\"canonical\" href=\"https:\/\/www.rossinigesellschaft.de\/de\/auffuehrungen\/\" \/>\n<meta property=\"og:locale\" content=\"de_DE\" \/>\n<meta property=\"og:type\" content=\"article\" \/>\n<meta property=\"og:title\" content=\"Auff\u00fchrungen - Deutsche Rossini Gesellschaft\" \/>\n<meta property=\"og:description\" content=\"\u201eL\u2019esito della mia opera fu il pi\u00f9 brillante\u201c Gioachino Rossini 1818 \u00fcber den Erfolg von\u00a0Ricciardo e Zoraide Im Teatro San Mois\u00e8 in Venedig wird im November 1810 Rossinis komische Oper\u00a0La cambiale di matrimonio\u00a0mit respektablem Erfolg uraufgef\u00fchrt \u2014 damit ist der\" \/>\n<meta property=\"og:url\" content=\"https:\/\/www.rossinigesellschaft.de\/de\/auffuehrungen\/\" \/>\n<meta property=\"og:site_name\" content=\"Deutsche Rossini Gesellschaft\" \/>\n<meta property=\"article:modified_time\" content=\"2026-04-16T17:26:21+00:00\" \/>\n<meta name=\"twitter:card\" content=\"summary_large_image\" \/>\n<meta name=\"twitter:label1\" content=\"Gesch\u00e4tzte Lesezeit\" \/>\n\t<meta name=\"twitter:data1\" content=\"4\u00a0Minuten\" \/>\n<script type=\"application\/ld+json\" class=\"yoast-schema-graph\">{\"@context\":\"https:\\\/\\\/schema.org\",\"@graph\":[{\"@type\":\"WebPage\",\"@id\":\"https:\\\/\\\/www.rossinigesellschaft.de\\\/de\\\/auffuehrungen\\\/\",\"url\":\"https:\\\/\\\/www.rossinigesellschaft.de\\\/de\\\/auffuehrungen\\\/\",\"name\":\"Auff\u00fchrungen - Deutsche Rossini Gesellschaft\",\"isPartOf\":{\"@id\":\"https:\\\/\\\/www.rossinigesellschaft.de\\\/de\\\/#website\"},\"datePublished\":\"2018-12-20T08:37:42+00:00\",\"dateModified\":\"2026-04-16T17:26:21+00:00\",\"breadcrumb\":{\"@id\":\"https:\\\/\\\/www.rossinigesellschaft.de\\\/de\\\/auffuehrungen\\\/#breadcrumb\"},\"inLanguage\":\"de\",\"potentialAction\":[{\"@type\":\"ReadAction\",\"target\":[\"https:\\\/\\\/www.rossinigesellschaft.de\\\/de\\\/auffuehrungen\\\/\"]}]},{\"@type\":\"BreadcrumbList\",\"@id\":\"https:\\\/\\\/www.rossinigesellschaft.de\\\/de\\\/auffuehrungen\\\/#breadcrumb\",\"itemListElement\":[{\"@type\":\"ListItem\",\"position\":1,\"name\":\"Startseite\",\"item\":\"https:\\\/\\\/www.rossinigesellschaft.de\\\/de\\\/\"},{\"@type\":\"ListItem\",\"position\":2,\"name\":\"Auff\u00fchrungen\"}]},{\"@type\":\"WebSite\",\"@id\":\"https:\\\/\\\/www.rossinigesellschaft.de\\\/de\\\/#website\",\"url\":\"https:\\\/\\\/www.rossinigesellschaft.de\\\/de\\\/\",\"name\":\"Deutsche Rossini Gesellschaft\",\"description\":\"\",\"publisher\":{\"@id\":\"https:\\\/\\\/www.rossinigesellschaft.de\\\/de\\\/#organization\"},\"potentialAction\":[{\"@type\":\"SearchAction\",\"target\":{\"@type\":\"EntryPoint\",\"urlTemplate\":\"https:\\\/\\\/www.rossinigesellschaft.de\\\/de\\\/?s={search_term_string}\"},\"query-input\":{\"@type\":\"PropertyValueSpecification\",\"valueRequired\":true,\"valueName\":\"search_term_string\"}}],\"inLanguage\":\"de\"},{\"@type\":\"Organization\",\"@id\":\"https:\\\/\\\/www.rossinigesellschaft.de\\\/de\\\/#organization\",\"name\":\"Deutsche Rossini Gesellschaft\",\"url\":\"https:\\\/\\\/www.rossinigesellschaft.de\\\/de\\\/\",\"logo\":{\"@type\":\"ImageObject\",\"inLanguage\":\"de\",\"@id\":\"https:\\\/\\\/www.rossinigesellschaft.de\\\/de\\\/#\\\/schema\\\/logo\\\/image\\\/\",\"url\":\"https:\\\/\\\/www.rossinigesellschaft.de\\\/de\\\/wp-content\\\/uploads\\\/2019\\\/02\\\/logo-transparent.png\",\"contentUrl\":\"https:\\\/\\\/www.rossinigesellschaft.de\\\/de\\\/wp-content\\\/uploads\\\/2019\\\/02\\\/logo-transparent.png\",\"width\":200,\"height\":86,\"caption\":\"Deutsche Rossini Gesellschaft\"},\"image\":{\"@id\":\"https:\\\/\\\/www.rossinigesellschaft.de\\\/de\\\/#\\\/schema\\\/logo\\\/image\\\/\"}}]}<\/script>\n<!-- \/ Yoast SEO plugin. -->","yoast_head_json":{"title":"Auff\u00fchrungen - Deutsche Rossini Gesellschaft","robots":{"index":"index","follow":"follow","max-snippet":"max-snippet:-1","max-image-preview":"max-image-preview:large","max-video-preview":"max-video-preview:-1"},"canonical":"https:\/\/www.rossinigesellschaft.de\/de\/auffuehrungen\/","og_locale":"de_DE","og_type":"article","og_title":"Auff\u00fchrungen - Deutsche Rossini Gesellschaft","og_description":"\u201eL\u2019esito della mia opera fu il pi\u00f9 brillante\u201c Gioachino Rossini 1818 \u00fcber den Erfolg von\u00a0Ricciardo e Zoraide Im Teatro San Mois\u00e8 in Venedig wird im November 1810 Rossinis komische Oper\u00a0La cambiale di matrimonio\u00a0mit respektablem Erfolg uraufgef\u00fchrt \u2014 damit ist der","og_url":"https:\/\/www.rossinigesellschaft.de\/de\/auffuehrungen\/","og_site_name":"Deutsche Rossini Gesellschaft","article_modified_time":"2026-04-16T17:26:21+00:00","twitter_card":"summary_large_image","twitter_misc":{"Gesch\u00e4tzte Lesezeit":"4\u00a0Minuten"},"schema":{"@context":"https:\/\/schema.org","@graph":[{"@type":"WebPage","@id":"https:\/\/www.rossinigesellschaft.de\/de\/auffuehrungen\/","url":"https:\/\/www.rossinigesellschaft.de\/de\/auffuehrungen\/","name":"Auff\u00fchrungen - Deutsche Rossini Gesellschaft","isPartOf":{"@id":"https:\/\/www.rossinigesellschaft.de\/de\/#website"},"datePublished":"2018-12-20T08:37:42+00:00","dateModified":"2026-04-16T17:26:21+00:00","breadcrumb":{"@id":"https:\/\/www.rossinigesellschaft.de\/de\/auffuehrungen\/#breadcrumb"},"inLanguage":"de","potentialAction":[{"@type":"ReadAction","target":["https:\/\/www.rossinigesellschaft.de\/de\/auffuehrungen\/"]}]},{"@type":"BreadcrumbList","@id":"https:\/\/www.rossinigesellschaft.de\/de\/auffuehrungen\/#breadcrumb","itemListElement":[{"@type":"ListItem","position":1,"name":"Startseite","item":"https:\/\/www.rossinigesellschaft.de\/de\/"},{"@type":"ListItem","position":2,"name":"Auff\u00fchrungen"}]},{"@type":"WebSite","@id":"https:\/\/www.rossinigesellschaft.de\/de\/#website","url":"https:\/\/www.rossinigesellschaft.de\/de\/","name":"Deutsche Rossini Gesellschaft","description":"","publisher":{"@id":"https:\/\/www.rossinigesellschaft.de\/de\/#organization"},"potentialAction":[{"@type":"SearchAction","target":{"@type":"EntryPoint","urlTemplate":"https:\/\/www.rossinigesellschaft.de\/de\/?s={search_term_string}"},"query-input":{"@type":"PropertyValueSpecification","valueRequired":true,"valueName":"search_term_string"}}],"inLanguage":"de"},{"@type":"Organization","@id":"https:\/\/www.rossinigesellschaft.de\/de\/#organization","name":"Deutsche Rossini Gesellschaft","url":"https:\/\/www.rossinigesellschaft.de\/de\/","logo":{"@type":"ImageObject","inLanguage":"de","@id":"https:\/\/www.rossinigesellschaft.de\/de\/#\/schema\/logo\/image\/","url":"https:\/\/www.rossinigesellschaft.de\/de\/wp-content\/uploads\/2019\/02\/logo-transparent.png","contentUrl":"https:\/\/www.rossinigesellschaft.de\/de\/wp-content\/uploads\/2019\/02\/logo-transparent.png","width":200,"height":86,"caption":"Deutsche Rossini Gesellschaft"},"image":{"@id":"https:\/\/www.rossinigesellschaft.de\/de\/#\/schema\/logo\/image\/"}}]}},"_links":{"self":[{"href":"https:\/\/www.rossinigesellschaft.de\/de\/wp-json\/wp\/v2\/pages\/72","targetHints":{"allow":["GET"]}}],"collection":[{"href":"https:\/\/www.rossinigesellschaft.de\/de\/wp-json\/wp\/v2\/pages"}],"about":[{"href":"https:\/\/www.rossinigesellschaft.de\/de\/wp-json\/wp\/v2\/types\/page"}],"author":[{"embeddable":true,"href":"https:\/\/www.rossinigesellschaft.de\/de\/wp-json\/wp\/v2\/users\/1"}],"replies":[{"embeddable":true,"href":"https:\/\/www.rossinigesellschaft.de\/de\/wp-json\/wp\/v2\/comments?post=72"}],"version-history":[{"count":275,"href":"https:\/\/www.rossinigesellschaft.de\/de\/wp-json\/wp\/v2\/pages\/72\/revisions"}],"predecessor-version":[{"id":1746,"href":"https:\/\/www.rossinigesellschaft.de\/de\/wp-json\/wp\/v2\/pages\/72\/revisions\/1746"}],"wp:attachment":[{"href":"https:\/\/www.rossinigesellschaft.de\/de\/wp-json\/wp\/v2\/media?parent=72"}],"curies":[{"name":"wp","href":"https:\/\/api.w.org\/{rel}","templated":true}]}}