{"id":7,"date":"2018-11-20T23:16:48","date_gmt":"2018-11-20T22:16:48","guid":{"rendered":"http:\/\/neu.rossinigesellschaft.de\/?page_id=7"},"modified":"2025-11-14T21:26:31","modified_gmt":"2025-11-14T20:26:31","slug":"home","status":"publish","type":"page","link":"https:\/\/www.rossinigesellschaft.de\/de\/","title":{"rendered":"Rossini!"},"content":{"rendered":"<blockquote><p>\u201eLa mia musica fa furore\u201c<\/p><\/blockquote>\n<p>\u201eMeine Musik macht Furore\u201c schreibt Gioachino Rossini in einer Selbst\u00e4u\u00dferung.<br \/>\nSeine Musik ist packend, mitrei\u00dfend, brilliant und voller Tempo. Mehr \u00fcber Rossini, sein Leben und Werk erfahren Sie auf diesen Seiten der Deutschen Rossini Gesellschaft!<\/p>\n<h2><strong>Rossini-<\/strong><strong>Neuheiten<\/strong><\/h2>\n<p><img loading=\"lazy\" decoding=\"async\" class=\"alignnone wp-image-1457 \" src=\"https:\/\/www.rossinigesellschaft.de\/de\/wp-content\/uploads\/2024\/03\/cover-211x300.jpg\" alt=\"\" width=\"138\" height=\"196\" srcset=\"https:\/\/www.rossinigesellschaft.de\/de\/wp-content\/uploads\/2024\/03\/cover-211x300.jpg 211w, https:\/\/www.rossinigesellschaft.de\/de\/wp-content\/uploads\/2024\/03\/cover-1353x1920.jpg 1353w, https:\/\/www.rossinigesellschaft.de\/de\/wp-content\/uploads\/2024\/03\/cover-768x1090.jpg 768w, https:\/\/www.rossinigesellschaft.de\/de\/wp-content\/uploads\/2024\/03\/cover-1083x1536.jpg 1083w, https:\/\/www.rossinigesellschaft.de\/de\/wp-content\/uploads\/2024\/03\/cover-1444x2048.jpg 1444w, https:\/\/www.rossinigesellschaft.de\/de\/wp-content\/uploads\/2024\/03\/cover-300x426.jpg 300w, https:\/\/www.rossinigesellschaft.de\/de\/wp-content\/uploads\/2024\/03\/cover-600x851.jpg 600w, https:\/\/www.rossinigesellschaft.de\/de\/wp-content\/uploads\/2024\/03\/cover.jpg 1748w\" sizes=\"auto, (max-width: 138px) 100vw, 138px\" \/><\/p>\n<p>&#8222;Rossini in Wien&#8220; &#8211; der gro\u00dfe Tagungsband<br \/>\nrund um Rossinis Besuch in Wien 1822. <a href=\"https:\/\/www.rossinigesellschaft.de\/de\/produkt\/sr-12-rossini-in-wien-pdf\/\">Mehr&#8230;<\/a><\/p>\n<p>&nbsp;<\/p>\n<p><img loading=\"lazy\" decoding=\"async\" class=\"alignnone wp-image-666\" src=\"https:\/\/www.rossinigesellschaft.de\/de\/wp-content\/uploads\/2019\/09\/SR10_Fabbri-Rossini_Vorderseite-188x300.jpg\" alt=\"\" width=\"136\" height=\"217\" srcset=\"https:\/\/www.rossinigesellschaft.de\/de\/wp-content\/uploads\/2019\/09\/SR10_Fabbri-Rossini_Vorderseite-188x300.jpg 188w, https:\/\/www.rossinigesellschaft.de\/de\/wp-content\/uploads\/2019\/09\/SR10_Fabbri-Rossini_Vorderseite-768x1224.jpg 768w, https:\/\/www.rossinigesellschaft.de\/de\/wp-content\/uploads\/2019\/09\/SR10_Fabbri-Rossini_Vorderseite-1205x1920.jpg 1205w, https:\/\/www.rossinigesellschaft.de\/de\/wp-content\/uploads\/2019\/09\/SR10_Fabbri-Rossini_Vorderseite-300x478.jpg 300w, https:\/\/www.rossinigesellschaft.de\/de\/wp-content\/uploads\/2019\/09\/SR10_Fabbri-Rossini_Vorderseite-600x956.jpg 600w, https:\/\/www.rossinigesellschaft.de\/de\/wp-content\/uploads\/2019\/09\/SR10_Fabbri-Rossini_Vorderseite.jpg 1408w\" sizes=\"auto, (max-width: 136px) 100vw, 136px\" \/><\/p>\n<p>Endlich: eine aktuelle, kurze Rossini-Biografie! <a href=\"https:\/\/www.rossinigesellschaft.de\/de\/produkt\/sr-10-rossini\/\">mehr&#8230;<\/a><\/p>\n<p>&nbsp;<\/p>\n<p><em>Ross<\/em><em>ini-Streifz\u00fcge<\/em>\u00a0von Alberto Zedda, Pr\u00e4sentation auf\u00a0<a href=\"http:\/\/www.radio-opera.de\/index.php?id=43\" target=\"_blank\" rel=\"noopener noreferrer\">RadioOpera<\/a><\/p>\n<p>Gianfranco Mariotti \u00fcber Alberto Zeddas Buch\u00a0<a href=\"http:\/\/www.rossinigesellschaft.de\/dat\/pdf\/D05_Mariotti_Zedda-Exkurse.pdf\" target=\"_blank\" rel=\"noopener noreferrer\">mehr&#8230;<\/a><\/p>\n<p>Aktivit\u00e4ten der Deutschen Rossini Gesellschaft \u00a0<a href=\"http:\/\/www.rossinigesellschaft.de\/d03_aktivitaeten.htm\">mehr&#8230;<\/a><\/p>\n<p>Alberto Zedda \u00fcber\u00a0<em><a href=\"http:\/\/www.rossinigesellschaft.de\/members\/azedda\/azedda_Gent2011_d.html\">Rossini und Deutschland&#8230;<\/a><\/em><\/p>\n<p><span style=\"color: #0000ff;\">Die neusten Publikationen<\/span><span style=\"color: #0000ff;\">:<br \/>\n&#8211; Operntexte\u00a0<a href=\"https:\/\/www.rossinigesellschaft.de\/de\/publikationen\/\">mehr&#8230;<\/a><br \/>\n<\/span><span style=\"color: #000000;\">&#8211; \u00abLa Gazzetta\u00bb <a href=\"https:\/\/www.rossinigesellschaft.de\/de\/produkt-kategorie\/la-gazzetta\/\" rel=\"noopener noreferrer\">mehr&#8230;<\/a><\/span><\/p>\n<p>Mitgliederblogs unter Feuilleton -&gt;\u00a0<a href=\"http:\/\/www.rossinigesellschaft.de\/e03_debatte.htm\">Debatte&#8230;<\/a><\/p>\n<p>&nbsp;<\/p>\n<p>Alle unsere Seiten sind auch in italienischer Sprache verf\u00fcgbar!<br \/>\n<a href=\"\/it\">&gt;&gt; Zur italienischen Startseite<\/a><br \/>\nTutte le pagine sono disponibili anche in lingua italiana!<br \/>\n<a href=\"\/it\">&gt;&gt; Vai al sito italiano<\/a><\/p>\n","protected":false},"excerpt":{"rendered":"<p>\u201eLa mia musica fa furore\u201c \u201eMeine Musik macht Furore\u201c schreibt Gioachino Rossini in einer Selbst\u00e4u\u00dferung. Seine Musik ist packend, mitrei\u00dfend, brilliant und voller Tempo. Mehr \u00fcber Rossini, sein Leben und Werk erfahren Sie auf diesen Seiten der Deutschen Rossini Gesellschaft!<\/p>\n","protected":false},"author":1,"featured_media":0,"parent":0,"menu_order":0,"comment_status":"closed","ping_status":"closed","template":"page-templates\/rossini.php","meta":{"footnotes":""},"class_list":["post-7","page","type-page","status-publish","hentry"],"yoast_head":"<!-- This site is optimized with the Yoast SEO plugin v27.5 - https:\/\/yoast.com\/product\/yoast-seo-wordpress\/ -->\n<title>Rossini! - Deutsche Rossini Gesellschaft<\/title>\n<meta name=\"robots\" content=\"index, follow, max-snippet:-1, max-image-preview:large, max-video-preview:-1\" \/>\n<link rel=\"canonical\" href=\"https:\/\/www.rossinigesellschaft.de\/de\/\" \/>\n<meta property=\"og:locale\" content=\"de_DE\" \/>\n<meta property=\"og:type\" content=\"article\" \/>\n<meta property=\"og:title\" content=\"Rossini! - Deutsche Rossini Gesellschaft\" \/>\n<meta property=\"og:description\" content=\"\u201eLa mia musica fa furore\u201c \u201eMeine Musik macht Furore\u201c schreibt Gioachino Rossini in einer Selbst\u00e4u\u00dferung. Seine Musik ist packend, mitrei\u00dfend, brilliant und voller Tempo. Mehr \u00fcber Rossini, sein Leben und Werk erfahren Sie auf diesen Seiten der Deutschen Rossini Gesellschaft!\" \/>\n<meta property=\"og:url\" content=\"https:\/\/www.rossinigesellschaft.de\/de\/\" \/>\n<meta property=\"og:site_name\" content=\"Deutsche Rossini Gesellschaft\" \/>\n<meta property=\"article:modified_time\" content=\"2025-11-14T20:26:31+00:00\" \/>\n<meta property=\"og:image\" content=\"https:\/\/www.rossinigesellschaft.de\/de\/wp-content\/uploads\/2024\/03\/cover.jpg\" \/>\n\t<meta property=\"og:image:width\" content=\"1748\" \/>\n\t<meta property=\"og:image:height\" content=\"2480\" \/>\n\t<meta property=\"og:image:type\" content=\"image\/jpeg\" \/>\n<meta name=\"twitter:card\" content=\"summary_large_image\" \/>\n<meta name=\"twitter:label1\" content=\"Gesch\u00e4tzte Lesezeit\" \/>\n\t<meta name=\"twitter:data1\" content=\"2\u00a0Minuten\" \/>\n<script type=\"application\/ld+json\" class=\"yoast-schema-graph\">{\"@context\":\"https:\\\/\\\/schema.org\",\"@graph\":[{\"@type\":\"WebPage\",\"@id\":\"https:\\\/\\\/www.rossinigesellschaft.de\\\/de\\\/\",\"url\":\"https:\\\/\\\/www.rossinigesellschaft.de\\\/de\\\/\",\"name\":\"Rossini! - Deutsche Rossini Gesellschaft\",\"isPartOf\":{\"@id\":\"https:\\\/\\\/www.rossinigesellschaft.de\\\/de\\\/#website\"},\"primaryImageOfPage\":{\"@id\":\"https:\\\/\\\/www.rossinigesellschaft.de\\\/de\\\/#primaryimage\"},\"image\":{\"@id\":\"https:\\\/\\\/www.rossinigesellschaft.de\\\/de\\\/#primaryimage\"},\"thumbnailUrl\":\"https:\\\/\\\/www.rossinigesellschaft.de\\\/de\\\/wp-content\\\/uploads\\\/2024\\\/03\\\/cover-211x300.jpg\",\"datePublished\":\"2018-11-20T22:16:48+00:00\",\"dateModified\":\"2025-11-14T20:26:31+00:00\",\"breadcrumb\":{\"@id\":\"https:\\\/\\\/www.rossinigesellschaft.de\\\/de\\\/#breadcrumb\"},\"inLanguage\":\"de\",\"potentialAction\":[{\"@type\":\"ReadAction\",\"target\":[\"https:\\\/\\\/www.rossinigesellschaft.de\\\/de\\\/\"]}]},{\"@type\":\"ImageObject\",\"inLanguage\":\"de\",\"@id\":\"https:\\\/\\\/www.rossinigesellschaft.de\\\/de\\\/#primaryimage\",\"url\":\"https:\\\/\\\/www.rossinigesellschaft.de\\\/de\\\/wp-content\\\/uploads\\\/2024\\\/03\\\/cover.jpg\",\"contentUrl\":\"https:\\\/\\\/www.rossinigesellschaft.de\\\/de\\\/wp-content\\\/uploads\\\/2024\\\/03\\\/cover.jpg\",\"width\":1748,\"height\":2480},{\"@type\":\"BreadcrumbList\",\"@id\":\"https:\\\/\\\/www.rossinigesellschaft.de\\\/de\\\/#breadcrumb\",\"itemListElement\":[{\"@type\":\"ListItem\",\"position\":1,\"name\":\"Startseite\",\"item\":\"https:\\\/\\\/www.rossinigesellschaft.de\\\/de\\\/\"},{\"@type\":\"ListItem\",\"position\":2,\"name\":\"Rossini!\"}]},{\"@type\":\"WebSite\",\"@id\":\"https:\\\/\\\/www.rossinigesellschaft.de\\\/de\\\/#website\",\"url\":\"https:\\\/\\\/www.rossinigesellschaft.de\\\/de\\\/\",\"name\":\"Deutsche Rossini Gesellschaft\",\"description\":\"\",\"publisher\":{\"@id\":\"https:\\\/\\\/www.rossinigesellschaft.de\\\/de\\\/#organization\"},\"potentialAction\":[{\"@type\":\"SearchAction\",\"target\":{\"@type\":\"EntryPoint\",\"urlTemplate\":\"https:\\\/\\\/www.rossinigesellschaft.de\\\/de\\\/?s={search_term_string}\"},\"query-input\":{\"@type\":\"PropertyValueSpecification\",\"valueRequired\":true,\"valueName\":\"search_term_string\"}}],\"inLanguage\":\"de\"},{\"@type\":\"Organization\",\"@id\":\"https:\\\/\\\/www.rossinigesellschaft.de\\\/de\\\/#organization\",\"name\":\"Deutsche Rossini Gesellschaft\",\"url\":\"https:\\\/\\\/www.rossinigesellschaft.de\\\/de\\\/\",\"logo\":{\"@type\":\"ImageObject\",\"inLanguage\":\"de\",\"@id\":\"https:\\\/\\\/www.rossinigesellschaft.de\\\/de\\\/#\\\/schema\\\/logo\\\/image\\\/\",\"url\":\"https:\\\/\\\/www.rossinigesellschaft.de\\\/de\\\/wp-content\\\/uploads\\\/2019\\\/02\\\/logo-transparent.png\",\"contentUrl\":\"https:\\\/\\\/www.rossinigesellschaft.de\\\/de\\\/wp-content\\\/uploads\\\/2019\\\/02\\\/logo-transparent.png\",\"width\":200,\"height\":86,\"caption\":\"Deutsche Rossini Gesellschaft\"},\"image\":{\"@id\":\"https:\\\/\\\/www.rossinigesellschaft.de\\\/de\\\/#\\\/schema\\\/logo\\\/image\\\/\"}}]}<\/script>\n<!-- \/ Yoast SEO plugin. -->","yoast_head_json":{"title":"Rossini! - Deutsche Rossini Gesellschaft","robots":{"index":"index","follow":"follow","max-snippet":"max-snippet:-1","max-image-preview":"max-image-preview:large","max-video-preview":"max-video-preview:-1"},"canonical":"https:\/\/www.rossinigesellschaft.de\/de\/","og_locale":"de_DE","og_type":"article","og_title":"Rossini! - Deutsche Rossini Gesellschaft","og_description":"\u201eLa mia musica fa furore\u201c \u201eMeine Musik macht Furore\u201c schreibt Gioachino Rossini in einer Selbst\u00e4u\u00dferung. Seine Musik ist packend, mitrei\u00dfend, brilliant und voller Tempo. Mehr \u00fcber Rossini, sein Leben und Werk erfahren Sie auf diesen Seiten der Deutschen Rossini Gesellschaft!","og_url":"https:\/\/www.rossinigesellschaft.de\/de\/","og_site_name":"Deutsche Rossini Gesellschaft","article_modified_time":"2025-11-14T20:26:31+00:00","og_image":[{"width":1748,"height":2480,"url":"https:\/\/www.rossinigesellschaft.de\/de\/wp-content\/uploads\/2024\/03\/cover.jpg","type":"image\/jpeg"}],"twitter_card":"summary_large_image","twitter_misc":{"Gesch\u00e4tzte Lesezeit":"2\u00a0Minuten"},"schema":{"@context":"https:\/\/schema.org","@graph":[{"@type":"WebPage","@id":"https:\/\/www.rossinigesellschaft.de\/de\/","url":"https:\/\/www.rossinigesellschaft.de\/de\/","name":"Rossini! - Deutsche Rossini Gesellschaft","isPartOf":{"@id":"https:\/\/www.rossinigesellschaft.de\/de\/#website"},"primaryImageOfPage":{"@id":"https:\/\/www.rossinigesellschaft.de\/de\/#primaryimage"},"image":{"@id":"https:\/\/www.rossinigesellschaft.de\/de\/#primaryimage"},"thumbnailUrl":"https:\/\/www.rossinigesellschaft.de\/de\/wp-content\/uploads\/2024\/03\/cover-211x300.jpg","datePublished":"2018-11-20T22:16:48+00:00","dateModified":"2025-11-14T20:26:31+00:00","breadcrumb":{"@id":"https:\/\/www.rossinigesellschaft.de\/de\/#breadcrumb"},"inLanguage":"de","potentialAction":[{"@type":"ReadAction","target":["https:\/\/www.rossinigesellschaft.de\/de\/"]}]},{"@type":"ImageObject","inLanguage":"de","@id":"https:\/\/www.rossinigesellschaft.de\/de\/#primaryimage","url":"https:\/\/www.rossinigesellschaft.de\/de\/wp-content\/uploads\/2024\/03\/cover.jpg","contentUrl":"https:\/\/www.rossinigesellschaft.de\/de\/wp-content\/uploads\/2024\/03\/cover.jpg","width":1748,"height":2480},{"@type":"BreadcrumbList","@id":"https:\/\/www.rossinigesellschaft.de\/de\/#breadcrumb","itemListElement":[{"@type":"ListItem","position":1,"name":"Startseite","item":"https:\/\/www.rossinigesellschaft.de\/de\/"},{"@type":"ListItem","position":2,"name":"Rossini!"}]},{"@type":"WebSite","@id":"https:\/\/www.rossinigesellschaft.de\/de\/#website","url":"https:\/\/www.rossinigesellschaft.de\/de\/","name":"Deutsche Rossini Gesellschaft","description":"","publisher":{"@id":"https:\/\/www.rossinigesellschaft.de\/de\/#organization"},"potentialAction":[{"@type":"SearchAction","target":{"@type":"EntryPoint","urlTemplate":"https:\/\/www.rossinigesellschaft.de\/de\/?s={search_term_string}"},"query-input":{"@type":"PropertyValueSpecification","valueRequired":true,"valueName":"search_term_string"}}],"inLanguage":"de"},{"@type":"Organization","@id":"https:\/\/www.rossinigesellschaft.de\/de\/#organization","name":"Deutsche Rossini Gesellschaft","url":"https:\/\/www.rossinigesellschaft.de\/de\/","logo":{"@type":"ImageObject","inLanguage":"de","@id":"https:\/\/www.rossinigesellschaft.de\/de\/#\/schema\/logo\/image\/","url":"https:\/\/www.rossinigesellschaft.de\/de\/wp-content\/uploads\/2019\/02\/logo-transparent.png","contentUrl":"https:\/\/www.rossinigesellschaft.de\/de\/wp-content\/uploads\/2019\/02\/logo-transparent.png","width":200,"height":86,"caption":"Deutsche Rossini Gesellschaft"},"image":{"@id":"https:\/\/www.rossinigesellschaft.de\/de\/#\/schema\/logo\/image\/"}}]}},"_links":{"self":[{"href":"https:\/\/www.rossinigesellschaft.de\/de\/wp-json\/wp\/v2\/pages\/7","targetHints":{"allow":["GET"]}}],"collection":[{"href":"https:\/\/www.rossinigesellschaft.de\/de\/wp-json\/wp\/v2\/pages"}],"about":[{"href":"https:\/\/www.rossinigesellschaft.de\/de\/wp-json\/wp\/v2\/types\/page"}],"author":[{"embeddable":true,"href":"https:\/\/www.rossinigesellschaft.de\/de\/wp-json\/wp\/v2\/users\/1"}],"replies":[{"embeddable":true,"href":"https:\/\/www.rossinigesellschaft.de\/de\/wp-json\/wp\/v2\/comments?post=7"}],"version-history":[{"count":29,"href":"https:\/\/www.rossinigesellschaft.de\/de\/wp-json\/wp\/v2\/pages\/7\/revisions"}],"predecessor-version":[{"id":1685,"href":"https:\/\/www.rossinigesellschaft.de\/de\/wp-json\/wp\/v2\/pages\/7\/revisions\/1685"}],"wp:attachment":[{"href":"https:\/\/www.rossinigesellschaft.de\/de\/wp-json\/wp\/v2\/media?parent=7"}],"curies":[{"name":"wp","href":"https:\/\/api.w.org\/{rel}","templated":true}]}}