{"id":68,"date":"2018-12-20T09:34:37","date_gmt":"2018-12-20T08:34:37","guid":{"rendered":"http:\/\/neu.rossinigesellschaft.de\/de\/?page_id=68"},"modified":"2019-02-19T10:32:01","modified_gmt":"2019-02-19T09:32:01","slug":"musik","status":"publish","type":"page","link":"https:\/\/www.rossinigesellschaft.de\/de\/musik\/","title":{"rendered":"Musik"},"content":{"rendered":"<blockquote><p>\u201eFurore in Grande!\u201c<\/p><\/blockquote>\n<p class=\"style1 style5 style7\" align=\"left\"><span class=\"style3 style6 style8\">Rossini 1812 nach dem Premierenerfolg von\u00a0<em>La scala di seta<\/em>\u00a0<\/span><\/p>\n<p>Crescendowalzen rei\u00dfen den H\u00f6rer mit, der sich der \u201ejoie physique\u201c (Stendhal) der Musik nicht entziehen kann \u2013 das ist Gioachino Rossini!<\/p>\n<p class=\"style7\">Seine Musik setzt wie durch ein Wunder sogar die \u201eper\u00fcckengeschm\u00fcckten H\u00e4upter in Bewegung\u201c (\u201eLa Pandore\u201c, 1824).\u00a0<em>La pietra del paragone<\/em>\u00a0(<em>Die Liebesprobe<\/em>) macht Rossini 1812 an der Mail\u00e4nder Scala \u00fcber Nacht bekannt, w\u00e4hrend\u00a0<em>Tancredi<\/em>\u00a0im folgenden Jahr seinen Ruf auch als Komponist ernster Opern festigt. In den 1820er-Jahren ist er der ber\u00fchmteste Komponist der Zeit. \u00dcberall werden seine Opern gespielt. Ab 1830 verschwinden die meisten seiner Werke relativ rasch von der B\u00fchne. Doch erfreut sich Rossinis Musik heute wieder eines begeisterten Publikumsinteresses. Daf\u00fcr stehen die nicht nur\u00a0<a href=\"http:\/\/www.rossinigesellschaft.de\/c02_festivals.htm\">Festivals<\/a>\u00a0in Pesaro und Wildbad. Erfahren Sie mehr \u00fcber aktuelle<a href=\"http:\/\/www.rossinigesellschaft.de\/c01_auffuehrungen.htm\">Auff\u00fchrungen<\/a>, \u00fcber die wichtigsten\u00a0<a href=\"http:\/\/www.rossinigesellschaft.de\/c03_interpreten.htm\">Interpreten<\/a>\u00a0und empfehlenswerte<a href=\"http:\/\/www.rossinigesellschaft.de\/c04_media.htm\">\u00a0Aufnahmen!<\/a><\/p>\n<p class=\"style5 style7\" align=\"left\">\nRossinipflege n\u00f6rdlich der Alpen\u00a0<a href=\"https:\/\/www.rossinigesellschaft.de\/de\/wp-content\/uploads\/2018\/12\/C00-Zibaldone.pdf\">PDF-Download<\/a>\u00a0 (19 kB)<\/p>\n","protected":false},"excerpt":{"rendered":"<p>\u201eFurore in Grande!\u201c Rossini 1812 nach dem Premierenerfolg von\u00a0La scala di seta\u00a0 Crescendowalzen rei\u00dfen den H\u00f6rer mit, der sich der \u201ejoie physique\u201c (Stendhal) der Musik nicht entziehen kann \u2013 das ist Gioachino Rossini! Seine Musik setzt wie durch ein Wunder<\/p>\n","protected":false},"author":1,"featured_media":0,"parent":0,"menu_order":0,"comment_status":"closed","ping_status":"closed","template":"page-templates\/musik.php","meta":{"footnotes":""},"class_list":["post-68","page","type-page","status-publish","hentry"],"yoast_head":"<!-- This site is optimized with the Yoast SEO plugin v27.4 - https:\/\/yoast.com\/product\/yoast-seo-wordpress\/ -->\n<title>Musik - Deutsche Rossini Gesellschaft<\/title>\n<meta name=\"robots\" content=\"index, follow, max-snippet:-1, max-image-preview:large, max-video-preview:-1\" \/>\n<link rel=\"canonical\" href=\"https:\/\/www.rossinigesellschaft.de\/de\/musik\/\" \/>\n<meta property=\"og:locale\" content=\"de_DE\" \/>\n<meta property=\"og:type\" content=\"article\" \/>\n<meta property=\"og:title\" content=\"Musik - Deutsche Rossini Gesellschaft\" \/>\n<meta property=\"og:description\" content=\"\u201eFurore in Grande!\u201c Rossini 1812 nach dem Premierenerfolg von\u00a0La scala di seta\u00a0 Crescendowalzen rei\u00dfen den H\u00f6rer mit, der sich der \u201ejoie physique\u201c (Stendhal) der Musik nicht entziehen kann \u2013 das ist Gioachino Rossini! Seine Musik setzt wie durch ein Wunder\" \/>\n<meta property=\"og:url\" content=\"https:\/\/www.rossinigesellschaft.de\/de\/musik\/\" \/>\n<meta property=\"og:site_name\" content=\"Deutsche Rossini Gesellschaft\" \/>\n<meta property=\"article:modified_time\" content=\"2019-02-19T09:32:01+00:00\" \/>\n<meta name=\"twitter:card\" content=\"summary_large_image\" \/>\n<meta name=\"twitter:label1\" content=\"Gesch\u00e4tzte Lesezeit\" \/>\n\t<meta name=\"twitter:data1\" content=\"1\u00a0Minute\" \/>\n<script type=\"application\/ld+json\" class=\"yoast-schema-graph\">{\"@context\":\"https:\\\/\\\/schema.org\",\"@graph\":[{\"@type\":\"WebPage\",\"@id\":\"https:\\\/\\\/www.rossinigesellschaft.de\\\/de\\\/musik\\\/\",\"url\":\"https:\\\/\\\/www.rossinigesellschaft.de\\\/de\\\/musik\\\/\",\"name\":\"Musik - Deutsche Rossini Gesellschaft\",\"isPartOf\":{\"@id\":\"https:\\\/\\\/www.rossinigesellschaft.de\\\/de\\\/#website\"},\"datePublished\":\"2018-12-20T08:34:37+00:00\",\"dateModified\":\"2019-02-19T09:32:01+00:00\",\"breadcrumb\":{\"@id\":\"https:\\\/\\\/www.rossinigesellschaft.de\\\/de\\\/musik\\\/#breadcrumb\"},\"inLanguage\":\"de\",\"potentialAction\":[{\"@type\":\"ReadAction\",\"target\":[\"https:\\\/\\\/www.rossinigesellschaft.de\\\/de\\\/musik\\\/\"]}]},{\"@type\":\"BreadcrumbList\",\"@id\":\"https:\\\/\\\/www.rossinigesellschaft.de\\\/de\\\/musik\\\/#breadcrumb\",\"itemListElement\":[{\"@type\":\"ListItem\",\"position\":1,\"name\":\"Startseite\",\"item\":\"https:\\\/\\\/www.rossinigesellschaft.de\\\/de\\\/\"},{\"@type\":\"ListItem\",\"position\":2,\"name\":\"Musik\"}]},{\"@type\":\"WebSite\",\"@id\":\"https:\\\/\\\/www.rossinigesellschaft.de\\\/de\\\/#website\",\"url\":\"https:\\\/\\\/www.rossinigesellschaft.de\\\/de\\\/\",\"name\":\"Deutsche Rossini Gesellschaft\",\"description\":\"\",\"publisher\":{\"@id\":\"https:\\\/\\\/www.rossinigesellschaft.de\\\/de\\\/#organization\"},\"potentialAction\":[{\"@type\":\"SearchAction\",\"target\":{\"@type\":\"EntryPoint\",\"urlTemplate\":\"https:\\\/\\\/www.rossinigesellschaft.de\\\/de\\\/?s={search_term_string}\"},\"query-input\":{\"@type\":\"PropertyValueSpecification\",\"valueRequired\":true,\"valueName\":\"search_term_string\"}}],\"inLanguage\":\"de\"},{\"@type\":\"Organization\",\"@id\":\"https:\\\/\\\/www.rossinigesellschaft.de\\\/de\\\/#organization\",\"name\":\"Deutsche Rossini Gesellschaft\",\"url\":\"https:\\\/\\\/www.rossinigesellschaft.de\\\/de\\\/\",\"logo\":{\"@type\":\"ImageObject\",\"inLanguage\":\"de\",\"@id\":\"https:\\\/\\\/www.rossinigesellschaft.de\\\/de\\\/#\\\/schema\\\/logo\\\/image\\\/\",\"url\":\"https:\\\/\\\/www.rossinigesellschaft.de\\\/de\\\/wp-content\\\/uploads\\\/2019\\\/02\\\/logo-transparent.png\",\"contentUrl\":\"https:\\\/\\\/www.rossinigesellschaft.de\\\/de\\\/wp-content\\\/uploads\\\/2019\\\/02\\\/logo-transparent.png\",\"width\":200,\"height\":86,\"caption\":\"Deutsche Rossini Gesellschaft\"},\"image\":{\"@id\":\"https:\\\/\\\/www.rossinigesellschaft.de\\\/de\\\/#\\\/schema\\\/logo\\\/image\\\/\"}}]}<\/script>\n<!-- \/ Yoast SEO plugin. -->","yoast_head_json":{"title":"Musik - Deutsche Rossini Gesellschaft","robots":{"index":"index","follow":"follow","max-snippet":"max-snippet:-1","max-image-preview":"max-image-preview:large","max-video-preview":"max-video-preview:-1"},"canonical":"https:\/\/www.rossinigesellschaft.de\/de\/musik\/","og_locale":"de_DE","og_type":"article","og_title":"Musik - Deutsche Rossini Gesellschaft","og_description":"\u201eFurore in Grande!\u201c Rossini 1812 nach dem Premierenerfolg von\u00a0La scala di seta\u00a0 Crescendowalzen rei\u00dfen den H\u00f6rer mit, der sich der \u201ejoie physique\u201c (Stendhal) der Musik nicht entziehen kann \u2013 das ist Gioachino Rossini! Seine Musik setzt wie durch ein Wunder","og_url":"https:\/\/www.rossinigesellschaft.de\/de\/musik\/","og_site_name":"Deutsche Rossini Gesellschaft","article_modified_time":"2019-02-19T09:32:01+00:00","twitter_card":"summary_large_image","twitter_misc":{"Gesch\u00e4tzte Lesezeit":"1\u00a0Minute"},"schema":{"@context":"https:\/\/schema.org","@graph":[{"@type":"WebPage","@id":"https:\/\/www.rossinigesellschaft.de\/de\/musik\/","url":"https:\/\/www.rossinigesellschaft.de\/de\/musik\/","name":"Musik - Deutsche Rossini Gesellschaft","isPartOf":{"@id":"https:\/\/www.rossinigesellschaft.de\/de\/#website"},"datePublished":"2018-12-20T08:34:37+00:00","dateModified":"2019-02-19T09:32:01+00:00","breadcrumb":{"@id":"https:\/\/www.rossinigesellschaft.de\/de\/musik\/#breadcrumb"},"inLanguage":"de","potentialAction":[{"@type":"ReadAction","target":["https:\/\/www.rossinigesellschaft.de\/de\/musik\/"]}]},{"@type":"BreadcrumbList","@id":"https:\/\/www.rossinigesellschaft.de\/de\/musik\/#breadcrumb","itemListElement":[{"@type":"ListItem","position":1,"name":"Startseite","item":"https:\/\/www.rossinigesellschaft.de\/de\/"},{"@type":"ListItem","position":2,"name":"Musik"}]},{"@type":"WebSite","@id":"https:\/\/www.rossinigesellschaft.de\/de\/#website","url":"https:\/\/www.rossinigesellschaft.de\/de\/","name":"Deutsche Rossini Gesellschaft","description":"","publisher":{"@id":"https:\/\/www.rossinigesellschaft.de\/de\/#organization"},"potentialAction":[{"@type":"SearchAction","target":{"@type":"EntryPoint","urlTemplate":"https:\/\/www.rossinigesellschaft.de\/de\/?s={search_term_string}"},"query-input":{"@type":"PropertyValueSpecification","valueRequired":true,"valueName":"search_term_string"}}],"inLanguage":"de"},{"@type":"Organization","@id":"https:\/\/www.rossinigesellschaft.de\/de\/#organization","name":"Deutsche Rossini Gesellschaft","url":"https:\/\/www.rossinigesellschaft.de\/de\/","logo":{"@type":"ImageObject","inLanguage":"de","@id":"https:\/\/www.rossinigesellschaft.de\/de\/#\/schema\/logo\/image\/","url":"https:\/\/www.rossinigesellschaft.de\/de\/wp-content\/uploads\/2019\/02\/logo-transparent.png","contentUrl":"https:\/\/www.rossinigesellschaft.de\/de\/wp-content\/uploads\/2019\/02\/logo-transparent.png","width":200,"height":86,"caption":"Deutsche Rossini Gesellschaft"},"image":{"@id":"https:\/\/www.rossinigesellschaft.de\/de\/#\/schema\/logo\/image\/"}}]}},"_links":{"self":[{"href":"https:\/\/www.rossinigesellschaft.de\/de\/wp-json\/wp\/v2\/pages\/68","targetHints":{"allow":["GET"]}}],"collection":[{"href":"https:\/\/www.rossinigesellschaft.de\/de\/wp-json\/wp\/v2\/pages"}],"about":[{"href":"https:\/\/www.rossinigesellschaft.de\/de\/wp-json\/wp\/v2\/types\/page"}],"author":[{"embeddable":true,"href":"https:\/\/www.rossinigesellschaft.de\/de\/wp-json\/wp\/v2\/users\/1"}],"replies":[{"embeddable":true,"href":"https:\/\/www.rossinigesellschaft.de\/de\/wp-json\/wp\/v2\/comments?post=68"}],"version-history":[{"count":1,"href":"https:\/\/www.rossinigesellschaft.de\/de\/wp-json\/wp\/v2\/pages\/68\/revisions"}],"predecessor-version":[{"id":71,"href":"https:\/\/www.rossinigesellschaft.de\/de\/wp-json\/wp\/v2\/pages\/68\/revisions\/71"}],"wp:attachment":[{"href":"https:\/\/www.rossinigesellschaft.de\/de\/wp-json\/wp\/v2\/media?parent=68"}],"curies":[{"name":"wp","href":"https:\/\/api.w.org\/{rel}","templated":true}]}}