{"id":49,"date":"2018-12-20T09:12:52","date_gmt":"2018-12-20T08:12:52","guid":{"rendered":"http:\/\/neu.rossinigesellschaft.de\/de\/?page_id=49"},"modified":"2021-07-30T08:55:23","modified_gmt":"2021-07-30T06:55:23","slug":"links","status":"publish","type":"page","link":"https:\/\/www.rossinigesellschaft.de\/de\/links\/","title":{"rendered":"Links"},"content":{"rendered":"<blockquote><p>\u201eIo sto lavorando come una bestia\u201c<\/p><\/blockquote>\n<p align=\"left\"><span class=\"style1\"><span class=\"style2\">Gioachino Rossini 1815 \u00fcber die Komposition von\u00a0<em>Torvaldo e Dorliska<\/em><\/span><\/span><\/p>\n<p>&nbsp;<\/p>\n<p>\u201eIch arbeite wie ein Tier\u201c, schreibt Gioachino Rossini. Sein Schaffensdrang verbindet sich mit Intuition und hoher Intelligenz. Deshalb ist alles bei ihm spontan und doch wohl\u00fcberlegt. Alle \u00e4u\u00dferen Einfl\u00fcsse werden aufgenommen, verarbeitet und in neuer, eigener, oft \u00fcberraschender Form wieder ausgegeben. \u00dcber Nacht fegt er eine ganzen Komponistengeneration weg. Sein Aufstieg ist kometenhaft, er leuchtet lange \u00fcber sein eigentliches Erscheinen hinaus am musikalischen Firmament des 19. Jahrhunderts.<\/p>\n<p>Rossini ist w\u00e4hrend seiner Theaterkarriere ein Mensch seiner Zeit, er kleidet sich modisch oder \u201emacht\u201c die Mode. Er ist Pragmatiker und Gesch\u00e4ftsmann, besitzt einen Sinn f\u00fcr das Machbare. Er wei\u00df sich auch selbst gut zu vermarkten.<\/p>\n<p>Vermutlich h\u00e4tten die merkantilen M\u00f6glichkeiten des Internets, aber auch dessen assoziative Kr\u00e4fte und \u00fcberraschenden Verbindungen, die Dialektik von Anarchie und Ordnung, Rossini heute sehr gereizt!<\/p>\n<p class=\"style5\"><strong>Mehr \u00fcber Rossini \u2013 ausgew\u00e4hlte Links<\/strong><\/p>\n<ul>\n<li>Biographisches und Werke: <a href=\"https:\/\/soclassiq.com\/de\/Meisterwerke\/Gioacchino_Rossini\/ID\/4513\/\">soclassic<\/a> | <a href=\"http:\/\/www.klassika.info\/Komponisten\/Rossini\/\" target=\"_blank\" rel=\"noopener noreferrer\">Klassika<\/a> | <a href=\"http:\/\/de.wikipedia.org\/wiki\/Gioacchino_Rossini\" target=\"_blank\" rel=\"noopener noreferrer\">Wikipedia<\/a><\/li>\n<li>Opernverzeichnisse:\u00a0<a href=\"http:\/\/rick.stanford.edu.\/opera\/Rossini\/main.html\" target=\"_blank\" rel=\"noopener noreferrer\">OperaGlass<\/a>\u00a0(engl.)<\/li>\n<li>Rossini-Orte: <a href=\"https:\/\/www.gorossini.info\/rossini\/rossini-orte\/\">GoRossini<\/a><\/li>\n<li>&#8222;Il Museo Rossini&#8220;: <a href=\"http:\/\/www.muziekcollecties.be\/en\/museo_rosinni\" target=\"_blank\" rel=\"noopener noreferrer\">Bibliothek des K\u00f6nigl. Konservatoriums in Br\u00fcssel<\/a> (engl.)<\/li>\n<\/ul>\n<p><strong><span class=\"style5\">Andere Rossini-Homepages<\/span><\/strong><\/p>\n<ul>\n<li><a href=\"http:\/\/www.fondazionerossini.org\/\" target=\"_blank\" rel=\"noopener noreferrer\">Fondazione G. Rossini, Pesaro<\/a>\u00a0(it.)<\/li>\n<li><a href=\"https:\/\/www.akira-rossiniana.org\/%E5%8D%94%E4%BC%9A%E3%81%AE%E6%B4%BB%E5%8B%95\/\" target=\"_blank\" rel=\"noopener noreferrer\">Japanische Rossini Gesellschaft<\/a>\u00a0(jap.)<\/li>\n<li><a href=\"http:\/\/www.rossiniamerica.org\/\">American Rossini Society<\/a> (engl.)<\/li>\n<\/ul>\n<p>&nbsp;<\/p>\n","protected":false},"excerpt":{"rendered":"<p>\u201eIo sto lavorando come una bestia\u201c Gioachino Rossini 1815 \u00fcber die Komposition von\u00a0Torvaldo e Dorliska &nbsp; \u201eIch arbeite wie ein Tier\u201c, schreibt Gioachino Rossini. Sein Schaffensdrang verbindet sich mit Intuition und hoher Intelligenz. Deshalb ist alles bei ihm spontan und<\/p>\n","protected":false},"author":1,"featured_media":0,"parent":0,"menu_order":0,"comment_status":"closed","ping_status":"closed","template":"page-templates\/rossini.php","meta":{"footnotes":""},"class_list":["post-49","page","type-page","status-publish","hentry"],"yoast_head":"<!-- This site is optimized with the Yoast SEO plugin v27.4 - https:\/\/yoast.com\/product\/yoast-seo-wordpress\/ -->\n<title>Links - Deutsche Rossini Gesellschaft<\/title>\n<meta name=\"robots\" content=\"index, follow, max-snippet:-1, max-image-preview:large, max-video-preview:-1\" \/>\n<link rel=\"canonical\" href=\"https:\/\/www.rossinigesellschaft.de\/de\/links\/\" \/>\n<meta property=\"og:locale\" content=\"de_DE\" \/>\n<meta property=\"og:type\" content=\"article\" \/>\n<meta property=\"og:title\" content=\"Links - Deutsche Rossini Gesellschaft\" \/>\n<meta property=\"og:description\" content=\"\u201eIo sto lavorando come una bestia\u201c Gioachino Rossini 1815 \u00fcber die Komposition von\u00a0Torvaldo e Dorliska &nbsp; \u201eIch arbeite wie ein Tier\u201c, schreibt Gioachino Rossini. Sein Schaffensdrang verbindet sich mit Intuition und hoher Intelligenz. Deshalb ist alles bei ihm spontan und\" \/>\n<meta property=\"og:url\" content=\"https:\/\/www.rossinigesellschaft.de\/de\/links\/\" \/>\n<meta property=\"og:site_name\" content=\"Deutsche Rossini Gesellschaft\" \/>\n<meta property=\"article:modified_time\" content=\"2021-07-30T06:55:23+00:00\" \/>\n<meta name=\"twitter:card\" content=\"summary_large_image\" \/>\n<meta name=\"twitter:label1\" content=\"Gesch\u00e4tzte Lesezeit\" \/>\n\t<meta name=\"twitter:data1\" content=\"1\u00a0Minute\" \/>\n<script type=\"application\/ld+json\" class=\"yoast-schema-graph\">{\"@context\":\"https:\\\/\\\/schema.org\",\"@graph\":[{\"@type\":\"WebPage\",\"@id\":\"https:\\\/\\\/www.rossinigesellschaft.de\\\/de\\\/links\\\/\",\"url\":\"https:\\\/\\\/www.rossinigesellschaft.de\\\/de\\\/links\\\/\",\"name\":\"Links - Deutsche Rossini Gesellschaft\",\"isPartOf\":{\"@id\":\"https:\\\/\\\/www.rossinigesellschaft.de\\\/de\\\/#website\"},\"datePublished\":\"2018-12-20T08:12:52+00:00\",\"dateModified\":\"2021-07-30T06:55:23+00:00\",\"breadcrumb\":{\"@id\":\"https:\\\/\\\/www.rossinigesellschaft.de\\\/de\\\/links\\\/#breadcrumb\"},\"inLanguage\":\"de\",\"potentialAction\":[{\"@type\":\"ReadAction\",\"target\":[\"https:\\\/\\\/www.rossinigesellschaft.de\\\/de\\\/links\\\/\"]}]},{\"@type\":\"BreadcrumbList\",\"@id\":\"https:\\\/\\\/www.rossinigesellschaft.de\\\/de\\\/links\\\/#breadcrumb\",\"itemListElement\":[{\"@type\":\"ListItem\",\"position\":1,\"name\":\"Startseite\",\"item\":\"https:\\\/\\\/www.rossinigesellschaft.de\\\/de\\\/\"},{\"@type\":\"ListItem\",\"position\":2,\"name\":\"Links\"}]},{\"@type\":\"WebSite\",\"@id\":\"https:\\\/\\\/www.rossinigesellschaft.de\\\/de\\\/#website\",\"url\":\"https:\\\/\\\/www.rossinigesellschaft.de\\\/de\\\/\",\"name\":\"Deutsche Rossini Gesellschaft\",\"description\":\"\",\"publisher\":{\"@id\":\"https:\\\/\\\/www.rossinigesellschaft.de\\\/de\\\/#organization\"},\"potentialAction\":[{\"@type\":\"SearchAction\",\"target\":{\"@type\":\"EntryPoint\",\"urlTemplate\":\"https:\\\/\\\/www.rossinigesellschaft.de\\\/de\\\/?s={search_term_string}\"},\"query-input\":{\"@type\":\"PropertyValueSpecification\",\"valueRequired\":true,\"valueName\":\"search_term_string\"}}],\"inLanguage\":\"de\"},{\"@type\":\"Organization\",\"@id\":\"https:\\\/\\\/www.rossinigesellschaft.de\\\/de\\\/#organization\",\"name\":\"Deutsche Rossini Gesellschaft\",\"url\":\"https:\\\/\\\/www.rossinigesellschaft.de\\\/de\\\/\",\"logo\":{\"@type\":\"ImageObject\",\"inLanguage\":\"de\",\"@id\":\"https:\\\/\\\/www.rossinigesellschaft.de\\\/de\\\/#\\\/schema\\\/logo\\\/image\\\/\",\"url\":\"https:\\\/\\\/www.rossinigesellschaft.de\\\/de\\\/wp-content\\\/uploads\\\/2019\\\/02\\\/logo-transparent.png\",\"contentUrl\":\"https:\\\/\\\/www.rossinigesellschaft.de\\\/de\\\/wp-content\\\/uploads\\\/2019\\\/02\\\/logo-transparent.png\",\"width\":200,\"height\":86,\"caption\":\"Deutsche Rossini Gesellschaft\"},\"image\":{\"@id\":\"https:\\\/\\\/www.rossinigesellschaft.de\\\/de\\\/#\\\/schema\\\/logo\\\/image\\\/\"}}]}<\/script>\n<!-- \/ Yoast SEO plugin. -->","yoast_head_json":{"title":"Links - Deutsche Rossini Gesellschaft","robots":{"index":"index","follow":"follow","max-snippet":"max-snippet:-1","max-image-preview":"max-image-preview:large","max-video-preview":"max-video-preview:-1"},"canonical":"https:\/\/www.rossinigesellschaft.de\/de\/links\/","og_locale":"de_DE","og_type":"article","og_title":"Links - Deutsche Rossini Gesellschaft","og_description":"\u201eIo sto lavorando come una bestia\u201c Gioachino Rossini 1815 \u00fcber die Komposition von\u00a0Torvaldo e Dorliska &nbsp; \u201eIch arbeite wie ein Tier\u201c, schreibt Gioachino Rossini. Sein Schaffensdrang verbindet sich mit Intuition und hoher Intelligenz. Deshalb ist alles bei ihm spontan und","og_url":"https:\/\/www.rossinigesellschaft.de\/de\/links\/","og_site_name":"Deutsche Rossini Gesellschaft","article_modified_time":"2021-07-30T06:55:23+00:00","twitter_card":"summary_large_image","twitter_misc":{"Gesch\u00e4tzte Lesezeit":"1\u00a0Minute"},"schema":{"@context":"https:\/\/schema.org","@graph":[{"@type":"WebPage","@id":"https:\/\/www.rossinigesellschaft.de\/de\/links\/","url":"https:\/\/www.rossinigesellschaft.de\/de\/links\/","name":"Links - Deutsche Rossini Gesellschaft","isPartOf":{"@id":"https:\/\/www.rossinigesellschaft.de\/de\/#website"},"datePublished":"2018-12-20T08:12:52+00:00","dateModified":"2021-07-30T06:55:23+00:00","breadcrumb":{"@id":"https:\/\/www.rossinigesellschaft.de\/de\/links\/#breadcrumb"},"inLanguage":"de","potentialAction":[{"@type":"ReadAction","target":["https:\/\/www.rossinigesellschaft.de\/de\/links\/"]}]},{"@type":"BreadcrumbList","@id":"https:\/\/www.rossinigesellschaft.de\/de\/links\/#breadcrumb","itemListElement":[{"@type":"ListItem","position":1,"name":"Startseite","item":"https:\/\/www.rossinigesellschaft.de\/de\/"},{"@type":"ListItem","position":2,"name":"Links"}]},{"@type":"WebSite","@id":"https:\/\/www.rossinigesellschaft.de\/de\/#website","url":"https:\/\/www.rossinigesellschaft.de\/de\/","name":"Deutsche Rossini Gesellschaft","description":"","publisher":{"@id":"https:\/\/www.rossinigesellschaft.de\/de\/#organization"},"potentialAction":[{"@type":"SearchAction","target":{"@type":"EntryPoint","urlTemplate":"https:\/\/www.rossinigesellschaft.de\/de\/?s={search_term_string}"},"query-input":{"@type":"PropertyValueSpecification","valueRequired":true,"valueName":"search_term_string"}}],"inLanguage":"de"},{"@type":"Organization","@id":"https:\/\/www.rossinigesellschaft.de\/de\/#organization","name":"Deutsche Rossini Gesellschaft","url":"https:\/\/www.rossinigesellschaft.de\/de\/","logo":{"@type":"ImageObject","inLanguage":"de","@id":"https:\/\/www.rossinigesellschaft.de\/de\/#\/schema\/logo\/image\/","url":"https:\/\/www.rossinigesellschaft.de\/de\/wp-content\/uploads\/2019\/02\/logo-transparent.png","contentUrl":"https:\/\/www.rossinigesellschaft.de\/de\/wp-content\/uploads\/2019\/02\/logo-transparent.png","width":200,"height":86,"caption":"Deutsche Rossini Gesellschaft"},"image":{"@id":"https:\/\/www.rossinigesellschaft.de\/de\/#\/schema\/logo\/image\/"}}]}},"_links":{"self":[{"href":"https:\/\/www.rossinigesellschaft.de\/de\/wp-json\/wp\/v2\/pages\/49","targetHints":{"allow":["GET"]}}],"collection":[{"href":"https:\/\/www.rossinigesellschaft.de\/de\/wp-json\/wp\/v2\/pages"}],"about":[{"href":"https:\/\/www.rossinigesellschaft.de\/de\/wp-json\/wp\/v2\/types\/page"}],"author":[{"embeddable":true,"href":"https:\/\/www.rossinigesellschaft.de\/de\/wp-json\/wp\/v2\/users\/1"}],"replies":[{"embeddable":true,"href":"https:\/\/www.rossinigesellschaft.de\/de\/wp-json\/wp\/v2\/comments?post=49"}],"version-history":[{"count":5,"href":"https:\/\/www.rossinigesellschaft.de\/de\/wp-json\/wp\/v2\/pages\/49\/revisions"}],"predecessor-version":[{"id":1036,"href":"https:\/\/www.rossinigesellschaft.de\/de\/wp-json\/wp\/v2\/pages\/49\/revisions\/1036"}],"wp:attachment":[{"href":"https:\/\/www.rossinigesellschaft.de\/de\/wp-json\/wp\/v2\/media?parent=49"}],"curies":[{"name":"wp","href":"https:\/\/api.w.org\/{rel}","templated":true}]}}