{"id":36,"date":"2018-12-20T09:02:42","date_gmt":"2018-12-20T08:02:42","guid":{"rendered":"http:\/\/neu.rossinigesellschaft.de\/de\/?page_id=36"},"modified":"2019-06-14T06:12:11","modified_gmt":"2019-06-14T04:12:11","slug":"werk","status":"publish","type":"page","link":"https:\/\/www.rossinigesellschaft.de\/de\/werk\/","title":{"rendered":"Werk"},"content":{"rendered":"<blockquote>\n<p align=\"left\">\u201eScrivo musica divina\u201c<\/p>\n<\/blockquote>\n<p class=\"style2\" align=\"left\">Gioachino Rossini 1813 zur Komposition von\u00a0<em>Aureliano in Palmira<\/em><\/p>\n<p>&nbsp;<\/p>\n<p align=\"left\">\u201eIch schreibe g\u00f6ttliche Musik\u201c, so selbstbewusst schreibt Rossini auf seinem fr\u00fchen H\u00f6hepunkt an seine Mutter Anna. Seine Karriere als Opernkomponist l\u00e4sst sich in drei Phasen aufteilen: von 1810 bis 1814 komponiert er im Norden Italiens, im Dreieck Venedig-Bologna-Mailand. In rascher Abfolge liefert er Einakter, komische und ernste Opern wie\u00a0<em>La pietra del paragone<\/em>\u00a0(<em>Die Liebesprobe<\/em>) und\u00a0<em>Tancredi<\/em>. 1815 holt ihn der m\u00e4chtige Theaterimpresario Barbaja nach Neapel, wo er rasch Musikdirektor wird; bis 1822 dauert diese zweite Phase, w\u00e4hrend der Rossinis ambiti\u00f6sesten Sch\u00f6pfungen entstehen, darunter\u00a0<em>Elisabetta<\/em>\u00a0<em>K\u00f6nigin<\/em>\u00a0<em>von<\/em>\u00a0<em>England<\/em>,\u00a0<em>Otello<\/em>,\u00a0<em>Moses in \u00c4gypten<\/em>,\u00a0<em>Ermione<\/em>,\u00a0<em>Maometto<\/em>\u00a0<em>II<\/em>\u00a0und\u00a0<em>Zelmira.\u00a0<\/em>Gleichzeitig f\u00e4hrt er fort, f\u00fcr andere italienische St\u00e4dte in einem konventionelleren Stil zu schreiben, darunter auch komische Werke wie den<em>\u00a0Barbier<\/em>\u00a0<em>von<\/em>\u00a0<em>Seviglia<\/em>. Diese beiden Linien f\u00fchrt er mit seiner letzten f\u00fcr Italien geschriebenen Oper\u00a0<em>Semiramis<\/em>\u00a01823 zusammen.<\/p>\n<p align=\"left\">Nachdem er bereits 1822 in Wien Triumphe gefeiert hat, geht er nun nach London und l\u00e4sst sich sodann in Paris nieder, wo er behutsam seine Karriere als franz\u00f6sischer Komponist angeht; diese dritte Phase dauert von 1825 bis 1829. Nach seinem f\u00fcnften dort entstandenen Werk\u00a0<em>Guillaume Tell<\/em>\u00a0verstummt er als Opernkomponist.<\/p>\n<p align=\"left\">Rossini ist kein Komponist der Extreme. Er hat \u201ejenes gleichm\u00e4\u00dfige Wesen, das man nur bei S\u00fcdl\u00e4ndern trifft: f\u00fcr Kinder und Greise, Vornehme und Geringe findet er stets das rechte Wort, ohne sich dabei in Art und Weise seines Benehmens zu ver\u00e4ndern.\u201c (Ferdinand Hiller). Rossinis Tiefe besteht in der Mehrdeutigkeit \u2013 nichts l\u00e4sst sich bei ihm festnageln. Norbert Miller schreibt: \u201eDas innere Gesetz von Rossinis Auffassung der Opera buffa, ein Gesetz, das sp\u00e4ter seine Musikauffassung insgesamt bedrohen sollte, ist die Mehrdeutigkeit jeder dramaturgischen und musikalischen Geste.\u201c<\/p>\n<p align=\"left\">Dabei ist seine Musik alles andere als kalt und gef\u00fchllos. \u201eSie kann auch tragische Situationen beschreiben, Leidenschaften und Schmerzen, aber niemals realistisch direkt, sondern stets durch den Filter seiner hochvirtuosen Kunst. Und das finde ich typisch und sehr modern\u201d sagt Alberto Zedda.<\/p>\n<p align=\"left\">Rossini-Opern: Die Premieren\u00a0 <a href=\"https:\/\/www.rossinigesellschaft.de\/de\/wp-content\/uploads\/2018\/12\/B02-Premieren.pdf\">PDF-Download<\/a>\u00a0\u00a0(29 kB)<\/p>\n<p align=\"left\">Urauff\u00fchrungs-Interpreten von Rossini Rollen\u00a0<a href=\"https:\/\/www.rossinigesellschaft.de\/de\/wp-content\/uploads\/2018\/12\/B02-Interpreten.pdf\">PDF-Download<\/a>\u00a0 \u00a0<a href=\"http:\/\/www.rossinigesellschaft.de\/dat\/pdf\/B02-Interpreten.PDF\" target=\"_blank\" rel=\"noopener noreferrer\">PDF-Download<\/a>\u00a0(165 kB)<\/p>\n","protected":false},"excerpt":{"rendered":"<p>\u201eScrivo musica divina\u201c Gioachino Rossini 1813 zur Komposition von\u00a0Aureliano in Palmira &nbsp; \u201eIch schreibe g\u00f6ttliche Musik\u201c, so selbstbewusst schreibt Rossini auf seinem fr\u00fchen H\u00f6hepunkt an seine Mutter Anna. Seine Karriere als Opernkomponist l\u00e4sst sich in drei Phasen aufteilen: von 1810<\/p>\n","protected":false},"author":1,"featured_media":0,"parent":0,"menu_order":0,"comment_status":"closed","ping_status":"closed","template":"page-templates\/rossini.php","meta":{"footnotes":""},"class_list":["post-36","page","type-page","status-publish","hentry"],"yoast_head":"<!-- This site is optimized with the Yoast SEO plugin v27.4 - https:\/\/yoast.com\/product\/yoast-seo-wordpress\/ -->\n<title>Werk - Deutsche Rossini Gesellschaft<\/title>\n<meta name=\"robots\" content=\"index, follow, max-snippet:-1, max-image-preview:large, max-video-preview:-1\" \/>\n<link rel=\"canonical\" href=\"https:\/\/www.rossinigesellschaft.de\/de\/werk\/\" \/>\n<meta property=\"og:locale\" content=\"de_DE\" \/>\n<meta property=\"og:type\" content=\"article\" \/>\n<meta property=\"og:title\" content=\"Werk - Deutsche Rossini Gesellschaft\" \/>\n<meta property=\"og:description\" content=\"\u201eScrivo musica divina\u201c Gioachino Rossini 1813 zur Komposition von\u00a0Aureliano in Palmira &nbsp; \u201eIch schreibe g\u00f6ttliche Musik\u201c, so selbstbewusst schreibt Rossini auf seinem fr\u00fchen H\u00f6hepunkt an seine Mutter Anna. Seine Karriere als Opernkomponist l\u00e4sst sich in drei Phasen aufteilen: von 1810\" \/>\n<meta property=\"og:url\" content=\"https:\/\/www.rossinigesellschaft.de\/de\/werk\/\" \/>\n<meta property=\"og:site_name\" content=\"Deutsche Rossini Gesellschaft\" \/>\n<meta property=\"article:modified_time\" content=\"2019-06-14T04:12:11+00:00\" \/>\n<meta name=\"twitter:card\" content=\"summary_large_image\" \/>\n<meta name=\"twitter:label1\" content=\"Gesch\u00e4tzte Lesezeit\" \/>\n\t<meta name=\"twitter:data1\" content=\"2\u00a0Minuten\" \/>\n<script type=\"application\/ld+json\" class=\"yoast-schema-graph\">{\"@context\":\"https:\\\/\\\/schema.org\",\"@graph\":[{\"@type\":\"WebPage\",\"@id\":\"https:\\\/\\\/www.rossinigesellschaft.de\\\/de\\\/werk\\\/\",\"url\":\"https:\\\/\\\/www.rossinigesellschaft.de\\\/de\\\/werk\\\/\",\"name\":\"Werk - Deutsche Rossini Gesellschaft\",\"isPartOf\":{\"@id\":\"https:\\\/\\\/www.rossinigesellschaft.de\\\/de\\\/#website\"},\"datePublished\":\"2018-12-20T08:02:42+00:00\",\"dateModified\":\"2019-06-14T04:12:11+00:00\",\"breadcrumb\":{\"@id\":\"https:\\\/\\\/www.rossinigesellschaft.de\\\/de\\\/werk\\\/#breadcrumb\"},\"inLanguage\":\"de\",\"potentialAction\":[{\"@type\":\"ReadAction\",\"target\":[\"https:\\\/\\\/www.rossinigesellschaft.de\\\/de\\\/werk\\\/\"]}]},{\"@type\":\"BreadcrumbList\",\"@id\":\"https:\\\/\\\/www.rossinigesellschaft.de\\\/de\\\/werk\\\/#breadcrumb\",\"itemListElement\":[{\"@type\":\"ListItem\",\"position\":1,\"name\":\"Startseite\",\"item\":\"https:\\\/\\\/www.rossinigesellschaft.de\\\/de\\\/\"},{\"@type\":\"ListItem\",\"position\":2,\"name\":\"Werk\"}]},{\"@type\":\"WebSite\",\"@id\":\"https:\\\/\\\/www.rossinigesellschaft.de\\\/de\\\/#website\",\"url\":\"https:\\\/\\\/www.rossinigesellschaft.de\\\/de\\\/\",\"name\":\"Deutsche Rossini Gesellschaft\",\"description\":\"\",\"publisher\":{\"@id\":\"https:\\\/\\\/www.rossinigesellschaft.de\\\/de\\\/#organization\"},\"potentialAction\":[{\"@type\":\"SearchAction\",\"target\":{\"@type\":\"EntryPoint\",\"urlTemplate\":\"https:\\\/\\\/www.rossinigesellschaft.de\\\/de\\\/?s={search_term_string}\"},\"query-input\":{\"@type\":\"PropertyValueSpecification\",\"valueRequired\":true,\"valueName\":\"search_term_string\"}}],\"inLanguage\":\"de\"},{\"@type\":\"Organization\",\"@id\":\"https:\\\/\\\/www.rossinigesellschaft.de\\\/de\\\/#organization\",\"name\":\"Deutsche Rossini Gesellschaft\",\"url\":\"https:\\\/\\\/www.rossinigesellschaft.de\\\/de\\\/\",\"logo\":{\"@type\":\"ImageObject\",\"inLanguage\":\"de\",\"@id\":\"https:\\\/\\\/www.rossinigesellschaft.de\\\/de\\\/#\\\/schema\\\/logo\\\/image\\\/\",\"url\":\"https:\\\/\\\/www.rossinigesellschaft.de\\\/de\\\/wp-content\\\/uploads\\\/2019\\\/02\\\/logo-transparent.png\",\"contentUrl\":\"https:\\\/\\\/www.rossinigesellschaft.de\\\/de\\\/wp-content\\\/uploads\\\/2019\\\/02\\\/logo-transparent.png\",\"width\":200,\"height\":86,\"caption\":\"Deutsche Rossini Gesellschaft\"},\"image\":{\"@id\":\"https:\\\/\\\/www.rossinigesellschaft.de\\\/de\\\/#\\\/schema\\\/logo\\\/image\\\/\"}}]}<\/script>\n<!-- \/ Yoast SEO plugin. -->","yoast_head_json":{"title":"Werk - Deutsche Rossini Gesellschaft","robots":{"index":"index","follow":"follow","max-snippet":"max-snippet:-1","max-image-preview":"max-image-preview:large","max-video-preview":"max-video-preview:-1"},"canonical":"https:\/\/www.rossinigesellschaft.de\/de\/werk\/","og_locale":"de_DE","og_type":"article","og_title":"Werk - Deutsche Rossini Gesellschaft","og_description":"\u201eScrivo musica divina\u201c Gioachino Rossini 1813 zur Komposition von\u00a0Aureliano in Palmira &nbsp; \u201eIch schreibe g\u00f6ttliche Musik\u201c, so selbstbewusst schreibt Rossini auf seinem fr\u00fchen H\u00f6hepunkt an seine Mutter Anna. Seine Karriere als Opernkomponist l\u00e4sst sich in drei Phasen aufteilen: von 1810","og_url":"https:\/\/www.rossinigesellschaft.de\/de\/werk\/","og_site_name":"Deutsche Rossini Gesellschaft","article_modified_time":"2019-06-14T04:12:11+00:00","twitter_card":"summary_large_image","twitter_misc":{"Gesch\u00e4tzte Lesezeit":"2\u00a0Minuten"},"schema":{"@context":"https:\/\/schema.org","@graph":[{"@type":"WebPage","@id":"https:\/\/www.rossinigesellschaft.de\/de\/werk\/","url":"https:\/\/www.rossinigesellschaft.de\/de\/werk\/","name":"Werk - Deutsche Rossini Gesellschaft","isPartOf":{"@id":"https:\/\/www.rossinigesellschaft.de\/de\/#website"},"datePublished":"2018-12-20T08:02:42+00:00","dateModified":"2019-06-14T04:12:11+00:00","breadcrumb":{"@id":"https:\/\/www.rossinigesellschaft.de\/de\/werk\/#breadcrumb"},"inLanguage":"de","potentialAction":[{"@type":"ReadAction","target":["https:\/\/www.rossinigesellschaft.de\/de\/werk\/"]}]},{"@type":"BreadcrumbList","@id":"https:\/\/www.rossinigesellschaft.de\/de\/werk\/#breadcrumb","itemListElement":[{"@type":"ListItem","position":1,"name":"Startseite","item":"https:\/\/www.rossinigesellschaft.de\/de\/"},{"@type":"ListItem","position":2,"name":"Werk"}]},{"@type":"WebSite","@id":"https:\/\/www.rossinigesellschaft.de\/de\/#website","url":"https:\/\/www.rossinigesellschaft.de\/de\/","name":"Deutsche Rossini Gesellschaft","description":"","publisher":{"@id":"https:\/\/www.rossinigesellschaft.de\/de\/#organization"},"potentialAction":[{"@type":"SearchAction","target":{"@type":"EntryPoint","urlTemplate":"https:\/\/www.rossinigesellschaft.de\/de\/?s={search_term_string}"},"query-input":{"@type":"PropertyValueSpecification","valueRequired":true,"valueName":"search_term_string"}}],"inLanguage":"de"},{"@type":"Organization","@id":"https:\/\/www.rossinigesellschaft.de\/de\/#organization","name":"Deutsche Rossini Gesellschaft","url":"https:\/\/www.rossinigesellschaft.de\/de\/","logo":{"@type":"ImageObject","inLanguage":"de","@id":"https:\/\/www.rossinigesellschaft.de\/de\/#\/schema\/logo\/image\/","url":"https:\/\/www.rossinigesellschaft.de\/de\/wp-content\/uploads\/2019\/02\/logo-transparent.png","contentUrl":"https:\/\/www.rossinigesellschaft.de\/de\/wp-content\/uploads\/2019\/02\/logo-transparent.png","width":200,"height":86,"caption":"Deutsche Rossini Gesellschaft"},"image":{"@id":"https:\/\/www.rossinigesellschaft.de\/de\/#\/schema\/logo\/image\/"}}]}},"_links":{"self":[{"href":"https:\/\/www.rossinigesellschaft.de\/de\/wp-json\/wp\/v2\/pages\/36","targetHints":{"allow":["GET"]}}],"collection":[{"href":"https:\/\/www.rossinigesellschaft.de\/de\/wp-json\/wp\/v2\/pages"}],"about":[{"href":"https:\/\/www.rossinigesellschaft.de\/de\/wp-json\/wp\/v2\/types\/page"}],"author":[{"embeddable":true,"href":"https:\/\/www.rossinigesellschaft.de\/de\/wp-json\/wp\/v2\/users\/1"}],"replies":[{"embeddable":true,"href":"https:\/\/www.rossinigesellschaft.de\/de\/wp-json\/wp\/v2\/comments?post=36"}],"version-history":[{"count":3,"href":"https:\/\/www.rossinigesellschaft.de\/de\/wp-json\/wp\/v2\/pages\/36\/revisions"}],"predecessor-version":[{"id":564,"href":"https:\/\/www.rossinigesellschaft.de\/de\/wp-json\/wp\/v2\/pages\/36\/revisions\/564"}],"wp:attachment":[{"href":"https:\/\/www.rossinigesellschaft.de\/de\/wp-json\/wp\/v2\/media?parent=36"}],"curies":[{"name":"wp","href":"https:\/\/api.w.org\/{rel}","templated":true}]}}