{"id":30,"date":"2018-12-20T08:21:10","date_gmt":"2018-12-20T07:21:10","guid":{"rendered":"http:\/\/neu.rossinigesellschaft.de\/de\/?page_id=30"},"modified":"2019-09-16T11:59:06","modified_gmt":"2019-09-16T09:59:06","slug":"leben","status":"publish","type":"page","link":"https:\/\/www.rossinigesellschaft.de\/de\/leben\/","title":{"rendered":"Leben"},"content":{"rendered":"<blockquote><p>\u201eTutti si divertono colla mia musica\u201c<\/p><\/blockquote>\n<p align=\"left\"><span class=\"style1\"><span class=\"style2\">Gioachino Rossini 1814 \u00fcber die Inszenierung von\u00a0<em>Tancredi<\/em>\u00a0in Mailand<\/span><\/span><\/p>\n<p>&nbsp;<\/p>\n<p>\u201eAlle haben Spa\u00df an meiner Musik\u201c freut sich Gioachino Rossini (1792 \u2013 1868), der italienische Opernkomponist und \u201eSchwan von Pesaro\u201c \u00fcber seine fr\u00fchen Erfolge. Seine Eltern sind beide Berufsmusiker, der Vater Hornist, die Mutter S\u00e4ngerin. Der kleine Gioachino erh\u00e4lt schon fr\u00fch Unterricht im Gesang sowie im Horn- und Klavierspiel. Er reist mit den Eltern von Theater zu Theater. Die einaktige Oper\u00a0<em>La cambiale di matrimonio<\/em>, die er mit 18 Jahren komponiert, erregt durch ihren Witz und ihre Originalit\u00e4t beim venezianischen Publikum Aufmerksamkeit.\u00a0<em>Il barbiere di Siviglia\u00a0<\/em>von 1816 gilt als H\u00f6hepunkt der italienischen komischen Oper.<\/p>\n<p>In den 1820er-Jahren ist Rossini der ber\u00fchmteste Komponist der Zeit. Auf dem H\u00f6hepunkt seiner Ruhms aber zieht er sich 1830, genau in der Mitte seines Lebens, zur\u00fcck. \u00dcber den wahren Grund wird noch heute spekuliert. Von seiner Frau Isabella Colbran, eine der ber\u00fchmtesten S\u00e4ngerinnen seiner Zeit, entfremdet er sich zusehends. Die folgenden Jahre sind gepr\u00e4gt von einer langen und zerm\u00fcrbenden Krise, verursacht durch eine venerische Krankheit, die sich in tiefen Depressionen bis hin zu Selbstmordgedanken \u00e4u\u00dfert. Gallig erkl\u00e4rt er seinen Freunden: \u201eIch habe alle Frauenleiden. Alles, was mir fehlt, ist die Geb\u00e4rmutter\u201c.<\/p>\n<p>In zweiter Ehe heiratet Rossini 1846 die Franz\u00f6sin Olympe P\u00e9lissier, die ihm die n\u00f6tige Ruhe und straffe Organisation des Alltags verleiht. Ab 1857 beginnt Rossini wieder regelm\u00e4\u00dfig zu komponieren, viele Klavier- und Vokalst\u00fccken zeugen von diesem zweiten Fr\u00fchling. Im Alter von 76 Jahren stirbt Rossini in Paris \u2013 als reicher Mann; sein Nachlass bildet noch heute die Basis der Rossini-Stiftung in seiner Geburtsstadt Pesaro.<\/p>\n<p>Alberto Zedda, Ehrenpr\u00e4sident der Deutschen Rossini Gesellschaft sagt \u00fcber Rossini: \u201eEr war ein gro\u00dfer Ironiker. Er wusste, dass man den Gegebenheiten des Lebens mit einem L\u00e4cheln begegnen sollte, mit Leichtigkeit. Auf seine Weise erz\u00e4hlt der Rhythmus bei Rossini vom menschlichen Leben. Auch ganz ernste Geschichten werden nicht mit viel Klangaufwand dargestellt, sondern immer mit Leichtigkeit, wenn man will mit Eleganz. Das hat nichts mit Zynismus zu tun. Es zeigt nur den Blickwinkel an, aus dem die Geschichte betrachtet wird, n\u00e4mlich von einem \u00fcberlegenen Standpunkt aus.\u201c<\/p>\n<p align=\"left\"><a href=\"https:\/\/www.rossinigesellschaft.de\/de\/produkt\/sr-03-hommage-an-rossini\/\" target=\"_blank\" rel=\"noopener noreferrer\"><span class=\"style1\">Reto M\u00fcller: Hommage an Rossini \u00a0\u00a0(pdf-Datei, 20 kB)<\/span><\/a><\/p>\n<p>Gioachino Rossini \u2013 kurze Biografie<\/p>\n<p>1792 geboren in Pesaro am 29. Februar<br \/>\n1802 \u2013 1804: Aufenthalt in Lugo<br \/>\n1804 \u2013 1810: Bologna, Studium am Liceo musicale<br \/>\n1810 Operndeb\u00fct mit\u00a0<em>La cambiale di matrimonio<\/em>\u00a0in Venedig<br \/>\n1813\u00a0<em>Tancredi\u00a0<\/em>und\u00a0<em>L\u00b4italiana in Algeri<\/em>, Venedig<br \/>\n1815 Deb\u00fct in Neapel mit\u00a0<em>Elisabetta<br \/>\n<\/em>1816\u00a0<em>Il barbiere di Siviglia<\/em>, Rom<br \/>\n1816\u00a0<em>Otello<\/em>, Neapel<br \/>\n1817\u00a0<em>La Cenerentola<\/em>, Rom<br \/>\n1817\u00a0<em>La gazza ladra (Die diebische Elster)<\/em>, Mailand<br \/>\n1822 Heirat mit Isabella Colbran. Gastspiel in Wien<br \/>\n1823\u00a0<em>Semiramide<\/em>, Venedig<br \/>\n1824\/25 Gro\u00dfe \u00f6konomische Erfolge in London<br \/>\n1825\u00a0<em>Il viaggio a Reims<\/em>, Paris<br \/>\n1829\u00a0<em>Guillaume Tell<\/em>, Paris<br \/>\n1830 \u2013 1835 Aufenthalt vorwiegend in Paris<br \/>\n1831\u00a0<em>Stabat Mater<\/em>\u00a0(vollendet 1841)<br \/>\n1835 \u2013 1848 Bologna, ab 1840 Leiter des Liceo musicale<br \/>\n1848 \u2013 1855 Florenz<br \/>\n1856 B\u00e4derreise durch Deutschland<br \/>\n1857 Wiederaufnahme regelm\u00e4ssiger Kompositionst\u00e4tigkeit<br \/>\n1863\u00a0<em>Petite Messe solennelle<\/em>\u00a0(1867: Orchesterfassung)<br \/>\n1868 gestorben in Paris am 13. November<\/p>\n<p class=\"style3\"><strong>Literatur:<\/strong><\/p>\n<p>Arnold Jacobshagen: Gioachino Rossini und seine Zeit, Laaber 2018<\/p>\n<p>Stendhal, (Henri Beyle): Rossini. Frankfurt, Athen\u00e4um 1988<\/p>\n<div class=\"woocommerce-product-details__short-description\">\n<p><strong>Paolo Fabbri: Rossini. K\u00fcnstler, Mensch und Mythos<\/strong><br \/>\n<strong>\u00dcbersetzung von Marcus K\u00f6hler.<\/strong><b><br \/>\n<\/b>Leipzig 2019, 202 Seiten, 14,8\u00d721,0 cm, broschiert<i>, \u20ac 12.&#8211;<br \/>\n<\/i>SCHRIFTENREIHE der Deutschen Rossini Gesellschaft e.V.<i><br \/>\n<\/i>Band 10 \u00a0\u00a0 <a href=\"https:\/\/www.rossinigesellschaft.de\/de\/produkt\/sr-10-rossini\/\" target=\"_blank\" rel=\"noopener noreferrer\">Bestellen<\/a><i><br \/>\n<\/i><\/p>\n<\/div>\n<p><strong>Ferdinand Hiller: Plaudereien mit Rossini.<\/strong> Nach der ersten Buchausgabe herausgegeben, kommentiert, mit einem editorischen Bericht und einem Index versehen von Guido Johannes Joerg, Nachwort von Reto M\u00fcller.<br \/>\nStuttgart 1993, 104 Seiten, 9,4&#215;14,7 cm, broschiert, \u20ac 6.&#8211;<br \/>\nSCHRIFTENREIHE der Deutschen Rossini Gesellschaft e.V.<br \/>\nBand 1 \u00a0\u00a0\u00a0<a href=\"https:\/\/www.rossinigesellschaft.de\/de\/produkt\/sr-01-ferdinand-hiller-plaudereien-mit-rossini\/\" target=\"_blank\" rel=\"noopener noreferrer\">Bestellen<\/a><\/p>\n","protected":false},"excerpt":{"rendered":"<p>\u201eTutti si divertono colla mia musica\u201c Gioachino Rossini 1814 \u00fcber die Inszenierung von\u00a0Tancredi\u00a0in Mailand &nbsp; \u201eAlle haben Spa\u00df an meiner Musik\u201c freut sich Gioachino Rossini (1792 \u2013 1868), der italienische Opernkomponist und \u201eSchwan von Pesaro\u201c \u00fcber seine fr\u00fchen Erfolge. Seine<\/p>\n","protected":false},"author":1,"featured_media":0,"parent":0,"menu_order":0,"comment_status":"closed","ping_status":"closed","template":"page-templates\/rossini.php","meta":{"footnotes":""},"class_list":["post-30","page","type-page","status-publish","hentry"],"yoast_head":"<!-- This site is optimized with the Yoast SEO plugin v27.4 - https:\/\/yoast.com\/product\/yoast-seo-wordpress\/ -->\n<title>Leben - Deutsche Rossini Gesellschaft<\/title>\n<meta name=\"robots\" content=\"index, follow, max-snippet:-1, max-image-preview:large, max-video-preview:-1\" \/>\n<link rel=\"canonical\" href=\"https:\/\/www.rossinigesellschaft.de\/de\/leben\/\" \/>\n<meta property=\"og:locale\" content=\"de_DE\" \/>\n<meta property=\"og:type\" content=\"article\" \/>\n<meta property=\"og:title\" content=\"Leben - Deutsche Rossini Gesellschaft\" \/>\n<meta property=\"og:description\" content=\"\u201eTutti si divertono colla mia musica\u201c Gioachino Rossini 1814 \u00fcber die Inszenierung von\u00a0Tancredi\u00a0in Mailand &nbsp; \u201eAlle haben Spa\u00df an meiner Musik\u201c freut sich Gioachino Rossini (1792 \u2013 1868), der italienische Opernkomponist und \u201eSchwan von Pesaro\u201c \u00fcber seine fr\u00fchen Erfolge. Seine\" \/>\n<meta property=\"og:url\" content=\"https:\/\/www.rossinigesellschaft.de\/de\/leben\/\" \/>\n<meta property=\"og:site_name\" content=\"Deutsche Rossini Gesellschaft\" \/>\n<meta property=\"article:modified_time\" content=\"2019-09-16T09:59:06+00:00\" \/>\n<meta name=\"twitter:card\" content=\"summary_large_image\" \/>\n<meta name=\"twitter:label1\" content=\"Gesch\u00e4tzte Lesezeit\" \/>\n\t<meta name=\"twitter:data1\" content=\"3\u00a0Minuten\" \/>\n<script type=\"application\/ld+json\" class=\"yoast-schema-graph\">{\"@context\":\"https:\\\/\\\/schema.org\",\"@graph\":[{\"@type\":\"WebPage\",\"@id\":\"https:\\\/\\\/www.rossinigesellschaft.de\\\/de\\\/leben\\\/\",\"url\":\"https:\\\/\\\/www.rossinigesellschaft.de\\\/de\\\/leben\\\/\",\"name\":\"Leben - Deutsche Rossini Gesellschaft\",\"isPartOf\":{\"@id\":\"https:\\\/\\\/www.rossinigesellschaft.de\\\/de\\\/#website\"},\"datePublished\":\"2018-12-20T07:21:10+00:00\",\"dateModified\":\"2019-09-16T09:59:06+00:00\",\"breadcrumb\":{\"@id\":\"https:\\\/\\\/www.rossinigesellschaft.de\\\/de\\\/leben\\\/#breadcrumb\"},\"inLanguage\":\"de\",\"potentialAction\":[{\"@type\":\"ReadAction\",\"target\":[\"https:\\\/\\\/www.rossinigesellschaft.de\\\/de\\\/leben\\\/\"]}]},{\"@type\":\"BreadcrumbList\",\"@id\":\"https:\\\/\\\/www.rossinigesellschaft.de\\\/de\\\/leben\\\/#breadcrumb\",\"itemListElement\":[{\"@type\":\"ListItem\",\"position\":1,\"name\":\"Startseite\",\"item\":\"https:\\\/\\\/www.rossinigesellschaft.de\\\/de\\\/\"},{\"@type\":\"ListItem\",\"position\":2,\"name\":\"Leben\"}]},{\"@type\":\"WebSite\",\"@id\":\"https:\\\/\\\/www.rossinigesellschaft.de\\\/de\\\/#website\",\"url\":\"https:\\\/\\\/www.rossinigesellschaft.de\\\/de\\\/\",\"name\":\"Deutsche Rossini Gesellschaft\",\"description\":\"\",\"publisher\":{\"@id\":\"https:\\\/\\\/www.rossinigesellschaft.de\\\/de\\\/#organization\"},\"potentialAction\":[{\"@type\":\"SearchAction\",\"target\":{\"@type\":\"EntryPoint\",\"urlTemplate\":\"https:\\\/\\\/www.rossinigesellschaft.de\\\/de\\\/?s={search_term_string}\"},\"query-input\":{\"@type\":\"PropertyValueSpecification\",\"valueRequired\":true,\"valueName\":\"search_term_string\"}}],\"inLanguage\":\"de\"},{\"@type\":\"Organization\",\"@id\":\"https:\\\/\\\/www.rossinigesellschaft.de\\\/de\\\/#organization\",\"name\":\"Deutsche Rossini Gesellschaft\",\"url\":\"https:\\\/\\\/www.rossinigesellschaft.de\\\/de\\\/\",\"logo\":{\"@type\":\"ImageObject\",\"inLanguage\":\"de\",\"@id\":\"https:\\\/\\\/www.rossinigesellschaft.de\\\/de\\\/#\\\/schema\\\/logo\\\/image\\\/\",\"url\":\"https:\\\/\\\/www.rossinigesellschaft.de\\\/de\\\/wp-content\\\/uploads\\\/2019\\\/02\\\/logo-transparent.png\",\"contentUrl\":\"https:\\\/\\\/www.rossinigesellschaft.de\\\/de\\\/wp-content\\\/uploads\\\/2019\\\/02\\\/logo-transparent.png\",\"width\":200,\"height\":86,\"caption\":\"Deutsche Rossini Gesellschaft\"},\"image\":{\"@id\":\"https:\\\/\\\/www.rossinigesellschaft.de\\\/de\\\/#\\\/schema\\\/logo\\\/image\\\/\"}}]}<\/script>\n<!-- \/ Yoast SEO plugin. -->","yoast_head_json":{"title":"Leben - Deutsche Rossini Gesellschaft","robots":{"index":"index","follow":"follow","max-snippet":"max-snippet:-1","max-image-preview":"max-image-preview:large","max-video-preview":"max-video-preview:-1"},"canonical":"https:\/\/www.rossinigesellschaft.de\/de\/leben\/","og_locale":"de_DE","og_type":"article","og_title":"Leben - Deutsche Rossini Gesellschaft","og_description":"\u201eTutti si divertono colla mia musica\u201c Gioachino Rossini 1814 \u00fcber die Inszenierung von\u00a0Tancredi\u00a0in Mailand &nbsp; \u201eAlle haben Spa\u00df an meiner Musik\u201c freut sich Gioachino Rossini (1792 \u2013 1868), der italienische Opernkomponist und \u201eSchwan von Pesaro\u201c \u00fcber seine fr\u00fchen Erfolge. Seine","og_url":"https:\/\/www.rossinigesellschaft.de\/de\/leben\/","og_site_name":"Deutsche Rossini Gesellschaft","article_modified_time":"2019-09-16T09:59:06+00:00","twitter_card":"summary_large_image","twitter_misc":{"Gesch\u00e4tzte Lesezeit":"3\u00a0Minuten"},"schema":{"@context":"https:\/\/schema.org","@graph":[{"@type":"WebPage","@id":"https:\/\/www.rossinigesellschaft.de\/de\/leben\/","url":"https:\/\/www.rossinigesellschaft.de\/de\/leben\/","name":"Leben - Deutsche Rossini Gesellschaft","isPartOf":{"@id":"https:\/\/www.rossinigesellschaft.de\/de\/#website"},"datePublished":"2018-12-20T07:21:10+00:00","dateModified":"2019-09-16T09:59:06+00:00","breadcrumb":{"@id":"https:\/\/www.rossinigesellschaft.de\/de\/leben\/#breadcrumb"},"inLanguage":"de","potentialAction":[{"@type":"ReadAction","target":["https:\/\/www.rossinigesellschaft.de\/de\/leben\/"]}]},{"@type":"BreadcrumbList","@id":"https:\/\/www.rossinigesellschaft.de\/de\/leben\/#breadcrumb","itemListElement":[{"@type":"ListItem","position":1,"name":"Startseite","item":"https:\/\/www.rossinigesellschaft.de\/de\/"},{"@type":"ListItem","position":2,"name":"Leben"}]},{"@type":"WebSite","@id":"https:\/\/www.rossinigesellschaft.de\/de\/#website","url":"https:\/\/www.rossinigesellschaft.de\/de\/","name":"Deutsche Rossini Gesellschaft","description":"","publisher":{"@id":"https:\/\/www.rossinigesellschaft.de\/de\/#organization"},"potentialAction":[{"@type":"SearchAction","target":{"@type":"EntryPoint","urlTemplate":"https:\/\/www.rossinigesellschaft.de\/de\/?s={search_term_string}"},"query-input":{"@type":"PropertyValueSpecification","valueRequired":true,"valueName":"search_term_string"}}],"inLanguage":"de"},{"@type":"Organization","@id":"https:\/\/www.rossinigesellschaft.de\/de\/#organization","name":"Deutsche Rossini Gesellschaft","url":"https:\/\/www.rossinigesellschaft.de\/de\/","logo":{"@type":"ImageObject","inLanguage":"de","@id":"https:\/\/www.rossinigesellschaft.de\/de\/#\/schema\/logo\/image\/","url":"https:\/\/www.rossinigesellschaft.de\/de\/wp-content\/uploads\/2019\/02\/logo-transparent.png","contentUrl":"https:\/\/www.rossinigesellschaft.de\/de\/wp-content\/uploads\/2019\/02\/logo-transparent.png","width":200,"height":86,"caption":"Deutsche Rossini Gesellschaft"},"image":{"@id":"https:\/\/www.rossinigesellschaft.de\/de\/#\/schema\/logo\/image\/"}}]}},"_links":{"self":[{"href":"https:\/\/www.rossinigesellschaft.de\/de\/wp-json\/wp\/v2\/pages\/30","targetHints":{"allow":["GET"]}}],"collection":[{"href":"https:\/\/www.rossinigesellschaft.de\/de\/wp-json\/wp\/v2\/pages"}],"about":[{"href":"https:\/\/www.rossinigesellschaft.de\/de\/wp-json\/wp\/v2\/types\/page"}],"author":[{"embeddable":true,"href":"https:\/\/www.rossinigesellschaft.de\/de\/wp-json\/wp\/v2\/users\/1"}],"replies":[{"embeddable":true,"href":"https:\/\/www.rossinigesellschaft.de\/de\/wp-json\/wp\/v2\/comments?post=30"}],"version-history":[{"count":8,"href":"https:\/\/www.rossinigesellschaft.de\/de\/wp-json\/wp\/v2\/pages\/30\/revisions"}],"predecessor-version":[{"id":674,"href":"https:\/\/www.rossinigesellschaft.de\/de\/wp-json\/wp\/v2\/pages\/30\/revisions\/674"}],"wp:attachment":[{"href":"https:\/\/www.rossinigesellschaft.de\/de\/wp-json\/wp\/v2\/media?parent=30"}],"curies":[{"name":"wp","href":"https:\/\/api.w.org\/{rel}","templated":true}]}}