{"id":290,"date":"2019-03-26T23:06:15","date_gmt":"2019-03-26T22:06:15","guid":{"rendered":"http:\/\/neu.rossinigesellschaft.de\/de\/?page_id=290"},"modified":"2019-06-14T06:20:17","modified_gmt":"2019-06-14T04:20:17","slug":"agb","status":"publish","type":"page","link":"https:\/\/www.rossinigesellschaft.de\/de\/agb\/","title":{"rendered":"AGB"},"content":{"rendered":"<div class=\"musterbox\">\n<p><strong>Allgemeine Gesch\u00e4ftsbedingungen (AGB)<\/strong><\/p>\n<p>&nbsp;<\/p>\n<\/div>\n<div class=\"musterbox\">\n<p><strong>\u00a7 1 Verwender<\/strong><br \/>\nAls Verwender dieser AGB gilt: Deutsche Rossini Gesellschaft e.V.<br \/>\nJ\u00fcrgen Kaziur, Schatzmeister<br \/>\nSchillerstr. 30<br \/>\n61440 Oberursel<br \/>\nVereinsregisternummer: VR 5969<br \/>\nAmtsgericht: Stuttgart<\/p>\n<\/div>\n<div class=\"musterbox\">\n<p><strong>\u00a7 2 Geltungsbereich<br \/>\n<\/strong>Diese Allgemeinen Gesch\u00e4ftsbedingungen gelten f\u00fcr alle Rechtsgesch\u00e4fte zwischen dem Verwender und einem Verbraucher (Gem\u00e4\u00df \u00a7 13 BGB einer \u201enat\u00fcrlichen Person, die ein Rechtsgesch\u00e4ft zu Zwecken abschlie\u00dft, die \u00fcberwiegend weder ihrer gewerblichen noch ihrer selbst\u00e4ndigen beruflichen T\u00e4tigkeit zugerechnet werden k\u00f6nnen\u201c).<\/p>\n<\/div>\n<div class=\"musterbox\">\n<p><strong>\u00a7 3 Vertragsschluss und Speicherung des Vertragstextes<br \/>\n<\/strong>Die Bestimmungen dieser AGB gelten f\u00fcr Bestellungen, welche Verbraucher \u00fcber die Website www.rossinigesellschaft.de des Onlineshops der Deutschen Rossini Gesellschaft abschlie\u00dfen. Der Vertrag kommt mit dem Verwender (siehe \u00a7 1) zustande. Die Vorstellung und Beschreibung der Waren auf der Internetseite www.rossinigesellschaft.de des Onlineshops der Deutschen Rossini Gesellschaft stellt kein Vertragsangebot dar. Mit der Bestellung einer Ware durch einen Klick auf den Button \u201eWeiter zur Kasse\u201c gibt ein Verbraucher ein verbindliches Angebot auf einen Kaufvertragsabschluss ab. Erst mit dem Versand einer Auftragsbest\u00e4tigung per E-Mail durch den Verwender kommt der Vertragsschluss zustande.<\/p>\n<p><strong><br \/>\n\u00a7 4 Zahlung<\/strong><br \/>\nDie gesetzliche Umsatzsteuer sowie weitere Preisbestandteile sind in den angegebenen Preisen inbegriffen. Versandkosten k\u00f6nnen ggf. zus\u00e4tzlich anfallen.<br \/>\nVerbrauchern stehen folgende Zahlungsoptionen zur Verf\u00fcgung:<\/p>\n<ul>\n<li>Paypal<\/li>\n<li>\u00dcberweisung<\/li>\n<\/ul>\n<p><strong><br \/>\n\u00a7 5 Lieferung, Lieferungsbeschr\u00e4nkungen<\/strong><br \/>\nDie Lieferung erfolgt \u2013 sofern die Beschreibung eines gew\u00e4hlten Produkts nicht explizit Abweichendes festlegt \u2013 innerhalb von 7 Werktagen.<br \/>\nDiese Frist beginnt nach dem Zahlungseingang zu laufen.<\/p>\n<p><strong>\u00a7 6 Gefahren\u00fcbergang<\/strong><br \/>\nDas Risiko einer zuf\u00e4lligen Verschlechterung oder einem zuf\u00e4lligen Verlust der Ware liegt bis zur \u00dcbergabe der Ware beim Verwender und geht es mit der \u00dcbergabe auf den Verbraucher \u00fcber.<\/p>\n<p><strong>\u00a7 7 Eigentumsvorbehalt<\/strong><br \/>\nBis zum vollst\u00e4ndigen Empfang des Kaufpreises beh\u00e4lt sich der Verwender das Eigentum an der Ware vor.<\/p>\n<p><strong>\u00a7 8 Gew\u00e4hrleistung<\/strong><br \/>\nDie gesetzlichen Gew\u00e4hrleistungsregelungen gelten.<\/p>\n<\/div>\n","protected":false},"excerpt":{"rendered":"<p>Allgemeine Gesch\u00e4ftsbedingungen (AGB) &nbsp; \u00a7 1 Verwender Als Verwender dieser AGB gilt: Deutsche Rossini Gesellschaft e.V. J\u00fcrgen Kaziur, Schatzmeister Schillerstr. 30 61440 Oberursel Vereinsregisternummer: VR 5969 Amtsgericht: Stuttgart \u00a7 2 Geltungsbereich Diese Allgemeinen Gesch\u00e4ftsbedingungen gelten f\u00fcr alle Rechtsgesch\u00e4fte zwischen dem<\/p>\n","protected":false},"author":1,"featured_media":0,"parent":0,"menu_order":0,"comment_status":"closed","ping_status":"closed","template":"page-templates\/rossini.php","meta":{"footnotes":""},"class_list":["post-290","page","type-page","status-publish","hentry"],"yoast_head":"<!-- This site is optimized with the Yoast SEO plugin v27.4 - https:\/\/yoast.com\/product\/yoast-seo-wordpress\/ -->\n<title>AGB - Deutsche Rossini Gesellschaft<\/title>\n<meta name=\"robots\" content=\"index, follow, max-snippet:-1, max-image-preview:large, max-video-preview:-1\" \/>\n<link rel=\"canonical\" href=\"https:\/\/www.rossinigesellschaft.de\/de\/agb\/\" \/>\n<meta property=\"og:locale\" content=\"de_DE\" \/>\n<meta property=\"og:type\" content=\"article\" \/>\n<meta property=\"og:title\" content=\"AGB - Deutsche Rossini Gesellschaft\" \/>\n<meta property=\"og:description\" content=\"Allgemeine Gesch\u00e4ftsbedingungen (AGB) &nbsp; \u00a7 1 Verwender Als Verwender dieser AGB gilt: Deutsche Rossini Gesellschaft e.V. J\u00fcrgen Kaziur, Schatzmeister Schillerstr. 30 61440 Oberursel Vereinsregisternummer: VR 5969 Amtsgericht: Stuttgart \u00a7 2 Geltungsbereich Diese Allgemeinen Gesch\u00e4ftsbedingungen gelten f\u00fcr alle Rechtsgesch\u00e4fte zwischen dem\" \/>\n<meta property=\"og:url\" content=\"https:\/\/www.rossinigesellschaft.de\/de\/agb\/\" \/>\n<meta property=\"og:site_name\" content=\"Deutsche Rossini Gesellschaft\" \/>\n<meta property=\"article:modified_time\" content=\"2019-06-14T04:20:17+00:00\" \/>\n<meta name=\"twitter:card\" content=\"summary_large_image\" \/>\n<meta name=\"twitter:label1\" content=\"Gesch\u00e4tzte Lesezeit\" \/>\n\t<meta name=\"twitter:data1\" content=\"1\u00a0Minute\" \/>\n<script type=\"application\/ld+json\" class=\"yoast-schema-graph\">{\"@context\":\"https:\\\/\\\/schema.org\",\"@graph\":[{\"@type\":\"WebPage\",\"@id\":\"https:\\\/\\\/www.rossinigesellschaft.de\\\/de\\\/agb\\\/\",\"url\":\"https:\\\/\\\/www.rossinigesellschaft.de\\\/de\\\/agb\\\/\",\"name\":\"AGB - Deutsche Rossini Gesellschaft\",\"isPartOf\":{\"@id\":\"https:\\\/\\\/www.rossinigesellschaft.de\\\/de\\\/#website\"},\"datePublished\":\"2019-03-26T22:06:15+00:00\",\"dateModified\":\"2019-06-14T04:20:17+00:00\",\"breadcrumb\":{\"@id\":\"https:\\\/\\\/www.rossinigesellschaft.de\\\/de\\\/agb\\\/#breadcrumb\"},\"inLanguage\":\"de\",\"potentialAction\":[{\"@type\":\"ReadAction\",\"target\":[\"https:\\\/\\\/www.rossinigesellschaft.de\\\/de\\\/agb\\\/\"]}]},{\"@type\":\"BreadcrumbList\",\"@id\":\"https:\\\/\\\/www.rossinigesellschaft.de\\\/de\\\/agb\\\/#breadcrumb\",\"itemListElement\":[{\"@type\":\"ListItem\",\"position\":1,\"name\":\"Startseite\",\"item\":\"https:\\\/\\\/www.rossinigesellschaft.de\\\/de\\\/\"},{\"@type\":\"ListItem\",\"position\":2,\"name\":\"AGB\"}]},{\"@type\":\"WebSite\",\"@id\":\"https:\\\/\\\/www.rossinigesellschaft.de\\\/de\\\/#website\",\"url\":\"https:\\\/\\\/www.rossinigesellschaft.de\\\/de\\\/\",\"name\":\"Deutsche Rossini Gesellschaft\",\"description\":\"\",\"publisher\":{\"@id\":\"https:\\\/\\\/www.rossinigesellschaft.de\\\/de\\\/#organization\"},\"potentialAction\":[{\"@type\":\"SearchAction\",\"target\":{\"@type\":\"EntryPoint\",\"urlTemplate\":\"https:\\\/\\\/www.rossinigesellschaft.de\\\/de\\\/?s={search_term_string}\"},\"query-input\":{\"@type\":\"PropertyValueSpecification\",\"valueRequired\":true,\"valueName\":\"search_term_string\"}}],\"inLanguage\":\"de\"},{\"@type\":\"Organization\",\"@id\":\"https:\\\/\\\/www.rossinigesellschaft.de\\\/de\\\/#organization\",\"name\":\"Deutsche Rossini Gesellschaft\",\"url\":\"https:\\\/\\\/www.rossinigesellschaft.de\\\/de\\\/\",\"logo\":{\"@type\":\"ImageObject\",\"inLanguage\":\"de\",\"@id\":\"https:\\\/\\\/www.rossinigesellschaft.de\\\/de\\\/#\\\/schema\\\/logo\\\/image\\\/\",\"url\":\"https:\\\/\\\/www.rossinigesellschaft.de\\\/de\\\/wp-content\\\/uploads\\\/2019\\\/02\\\/logo-transparent.png\",\"contentUrl\":\"https:\\\/\\\/www.rossinigesellschaft.de\\\/de\\\/wp-content\\\/uploads\\\/2019\\\/02\\\/logo-transparent.png\",\"width\":200,\"height\":86,\"caption\":\"Deutsche Rossini Gesellschaft\"},\"image\":{\"@id\":\"https:\\\/\\\/www.rossinigesellschaft.de\\\/de\\\/#\\\/schema\\\/logo\\\/image\\\/\"}}]}<\/script>\n<!-- \/ Yoast SEO plugin. -->","yoast_head_json":{"title":"AGB - Deutsche Rossini Gesellschaft","robots":{"index":"index","follow":"follow","max-snippet":"max-snippet:-1","max-image-preview":"max-image-preview:large","max-video-preview":"max-video-preview:-1"},"canonical":"https:\/\/www.rossinigesellschaft.de\/de\/agb\/","og_locale":"de_DE","og_type":"article","og_title":"AGB - Deutsche Rossini Gesellschaft","og_description":"Allgemeine Gesch\u00e4ftsbedingungen (AGB) &nbsp; \u00a7 1 Verwender Als Verwender dieser AGB gilt: Deutsche Rossini Gesellschaft e.V. J\u00fcrgen Kaziur, Schatzmeister Schillerstr. 30 61440 Oberursel Vereinsregisternummer: VR 5969 Amtsgericht: Stuttgart \u00a7 2 Geltungsbereich Diese Allgemeinen Gesch\u00e4ftsbedingungen gelten f\u00fcr alle Rechtsgesch\u00e4fte zwischen dem","og_url":"https:\/\/www.rossinigesellschaft.de\/de\/agb\/","og_site_name":"Deutsche Rossini Gesellschaft","article_modified_time":"2019-06-14T04:20:17+00:00","twitter_card":"summary_large_image","twitter_misc":{"Gesch\u00e4tzte Lesezeit":"1\u00a0Minute"},"schema":{"@context":"https:\/\/schema.org","@graph":[{"@type":"WebPage","@id":"https:\/\/www.rossinigesellschaft.de\/de\/agb\/","url":"https:\/\/www.rossinigesellschaft.de\/de\/agb\/","name":"AGB - Deutsche Rossini Gesellschaft","isPartOf":{"@id":"https:\/\/www.rossinigesellschaft.de\/de\/#website"},"datePublished":"2019-03-26T22:06:15+00:00","dateModified":"2019-06-14T04:20:17+00:00","breadcrumb":{"@id":"https:\/\/www.rossinigesellschaft.de\/de\/agb\/#breadcrumb"},"inLanguage":"de","potentialAction":[{"@type":"ReadAction","target":["https:\/\/www.rossinigesellschaft.de\/de\/agb\/"]}]},{"@type":"BreadcrumbList","@id":"https:\/\/www.rossinigesellschaft.de\/de\/agb\/#breadcrumb","itemListElement":[{"@type":"ListItem","position":1,"name":"Startseite","item":"https:\/\/www.rossinigesellschaft.de\/de\/"},{"@type":"ListItem","position":2,"name":"AGB"}]},{"@type":"WebSite","@id":"https:\/\/www.rossinigesellschaft.de\/de\/#website","url":"https:\/\/www.rossinigesellschaft.de\/de\/","name":"Deutsche Rossini Gesellschaft","description":"","publisher":{"@id":"https:\/\/www.rossinigesellschaft.de\/de\/#organization"},"potentialAction":[{"@type":"SearchAction","target":{"@type":"EntryPoint","urlTemplate":"https:\/\/www.rossinigesellschaft.de\/de\/?s={search_term_string}"},"query-input":{"@type":"PropertyValueSpecification","valueRequired":true,"valueName":"search_term_string"}}],"inLanguage":"de"},{"@type":"Organization","@id":"https:\/\/www.rossinigesellschaft.de\/de\/#organization","name":"Deutsche Rossini Gesellschaft","url":"https:\/\/www.rossinigesellschaft.de\/de\/","logo":{"@type":"ImageObject","inLanguage":"de","@id":"https:\/\/www.rossinigesellschaft.de\/de\/#\/schema\/logo\/image\/","url":"https:\/\/www.rossinigesellschaft.de\/de\/wp-content\/uploads\/2019\/02\/logo-transparent.png","contentUrl":"https:\/\/www.rossinigesellschaft.de\/de\/wp-content\/uploads\/2019\/02\/logo-transparent.png","width":200,"height":86,"caption":"Deutsche Rossini Gesellschaft"},"image":{"@id":"https:\/\/www.rossinigesellschaft.de\/de\/#\/schema\/logo\/image\/"}}]}},"_links":{"self":[{"href":"https:\/\/www.rossinigesellschaft.de\/de\/wp-json\/wp\/v2\/pages\/290","targetHints":{"allow":["GET"]}}],"collection":[{"href":"https:\/\/www.rossinigesellschaft.de\/de\/wp-json\/wp\/v2\/pages"}],"about":[{"href":"https:\/\/www.rossinigesellschaft.de\/de\/wp-json\/wp\/v2\/types\/page"}],"author":[{"embeddable":true,"href":"https:\/\/www.rossinigesellschaft.de\/de\/wp-json\/wp\/v2\/users\/1"}],"replies":[{"embeddable":true,"href":"https:\/\/www.rossinigesellschaft.de\/de\/wp-json\/wp\/v2\/comments?post=290"}],"version-history":[{"count":14,"href":"https:\/\/www.rossinigesellschaft.de\/de\/wp-json\/wp\/v2\/pages\/290\/revisions"}],"predecessor-version":[{"id":432,"href":"https:\/\/www.rossinigesellschaft.de\/de\/wp-json\/wp\/v2\/pages\/290\/revisions\/432"}],"wp:attachment":[{"href":"https:\/\/www.rossinigesellschaft.de\/de\/wp-json\/wp\/v2\/media?parent=290"}],"curies":[{"name":"wp","href":"https:\/\/api.w.org\/{rel}","templated":true}]}}