{"id":28,"date":"2018-12-20T08:14:19","date_gmt":"2018-12-20T07:14:19","guid":{"rendered":"http:\/\/neu.rossinigesellschaft.de\/de\/?page_id=28"},"modified":"2019-06-14T10:27:51","modified_gmt":"2019-06-14T08:27:51","slug":"rossini","status":"publish","type":"page","link":"https:\/\/www.rossinigesellschaft.de\/de\/rossini\/","title":{"rendered":"Rossini"},"content":{"rendered":"<blockquote>\n<p align=\"left\">&#8222;In mezzo a questo mia musca \u00e8 bella assai&#8220;<\/p>\n<\/blockquote>\n<p align=\"left\"><span class=\"style1\"><span class=\"style2\">&#8222;Dabei ist meine Musik wirklich gut&#8220; \u2013 Gioachino Rossini nach dem tumultartigen Premierenempfang seines <em>Barbiere di Siviglia<\/em><\/span><\/span><\/p>\n<p>Rossini ist kein Revolution\u00e4r. Er will mit alten Mitteln Neues schaffen. Der Vergleich mit Stoffen, die Kollegen bereits vertont haben, reizt ihn.<\/p>\n<p>Gioachino Rossini glaubt nicht an das gro\u00dfe Gl\u00fcck. Und doch sieht er es als seine Aufgabe an, Gl\u00fcck zu vermitteln, Illusionen zu wecken, Optimismus zu verbreiten \u2013 er entl\u00e4sst uns immer in einer positiven Grundstimmung. Wer aber die Rosen aufhebt, blickt in eine abgr\u00fcndige Tiefe: So ist der Koloraturgesang am Schluss von\u00a0<em>La Cenerentola<\/em>\u00a0nicht nur als h\u00f6chstes Gl\u00fcck zu interpretieren, sondern auch als Ausdruck des Wahnsinns, des Unfassbaren. Oder? Erfahren Sie wichtige Aspekte aus Rossinis\u00a0<a href=\"http:\/\/www.rossinigesellschaft.de\/b01_leben.htm\">Leben<\/a>, auch in ausgew\u00e4hlten\u00a0<a href=\"http:\/\/www.rossinigesellschaft.de\/b03_bilder.htm\">Bildern<\/a>\u00a0und eine \u00dcbersicht seines\u00a0<a href=\"http:\/\/www.rossinigesellschaft.de\/b02_werk.htm\">Werks<\/a>. Weitere Hinweise finden Sie in unserer\u00a0<a href=\"http:\/\/www.rossinigesellschaft.de\/b04_links.htm\">Linksammlung!<\/a><\/p>\n","protected":false},"excerpt":{"rendered":"<p>&#8222;In mezzo a questo mia musca \u00e8 bella assai&#8220; &#8222;Dabei ist meine Musik wirklich gut&#8220; \u2013 Gioachino Rossini nach dem tumultartigen Premierenempfang seines Barbiere di Siviglia Rossini ist kein Revolution\u00e4r. Er will mit alten Mitteln Neues schaffen. Der Vergleich mit<\/p>\n","protected":false},"author":1,"featured_media":0,"parent":0,"menu_order":0,"comment_status":"closed","ping_status":"closed","template":"page-templates\/rossini.php","meta":{"footnotes":""},"class_list":["post-28","page","type-page","status-publish","hentry"],"yoast_head":"<!-- This site is optimized with the Yoast SEO plugin v27.5 - https:\/\/yoast.com\/product\/yoast-seo-wordpress\/ -->\n<title>Rossini - Deutsche Rossini Gesellschaft<\/title>\n<meta name=\"robots\" content=\"index, follow, max-snippet:-1, max-image-preview:large, max-video-preview:-1\" \/>\n<link rel=\"canonical\" href=\"https:\/\/www.rossinigesellschaft.de\/de\/rossini\/\" \/>\n<meta property=\"og:locale\" content=\"de_DE\" \/>\n<meta property=\"og:type\" content=\"article\" \/>\n<meta property=\"og:title\" content=\"Rossini - Deutsche Rossini Gesellschaft\" \/>\n<meta property=\"og:description\" content=\"&#8222;In mezzo a questo mia musca \u00e8 bella assai&#8220; &#8222;Dabei ist meine Musik wirklich gut&#8220; \u2013 Gioachino Rossini nach dem tumultartigen Premierenempfang seines Barbiere di Siviglia Rossini ist kein Revolution\u00e4r. Er will mit alten Mitteln Neues schaffen. Der Vergleich mit\" \/>\n<meta property=\"og:url\" content=\"https:\/\/www.rossinigesellschaft.de\/de\/rossini\/\" \/>\n<meta property=\"og:site_name\" content=\"Deutsche Rossini Gesellschaft\" \/>\n<meta property=\"article:modified_time\" content=\"2019-06-14T08:27:51+00:00\" \/>\n<meta name=\"twitter:card\" content=\"summary_large_image\" \/>\n<meta name=\"twitter:label1\" content=\"Gesch\u00e4tzte Lesezeit\" \/>\n\t<meta name=\"twitter:data1\" content=\"1\u00a0Minute\" \/>\n<script type=\"application\/ld+json\" class=\"yoast-schema-graph\">{\"@context\":\"https:\\\/\\\/schema.org\",\"@graph\":[{\"@type\":\"WebPage\",\"@id\":\"https:\\\/\\\/www.rossinigesellschaft.de\\\/de\\\/rossini\\\/\",\"url\":\"https:\\\/\\\/www.rossinigesellschaft.de\\\/de\\\/rossini\\\/\",\"name\":\"Rossini - Deutsche Rossini Gesellschaft\",\"isPartOf\":{\"@id\":\"https:\\\/\\\/www.rossinigesellschaft.de\\\/de\\\/#website\"},\"datePublished\":\"2018-12-20T07:14:19+00:00\",\"dateModified\":\"2019-06-14T08:27:51+00:00\",\"breadcrumb\":{\"@id\":\"https:\\\/\\\/www.rossinigesellschaft.de\\\/de\\\/rossini\\\/#breadcrumb\"},\"inLanguage\":\"de\",\"potentialAction\":[{\"@type\":\"ReadAction\",\"target\":[\"https:\\\/\\\/www.rossinigesellschaft.de\\\/de\\\/rossini\\\/\"]}]},{\"@type\":\"BreadcrumbList\",\"@id\":\"https:\\\/\\\/www.rossinigesellschaft.de\\\/de\\\/rossini\\\/#breadcrumb\",\"itemListElement\":[{\"@type\":\"ListItem\",\"position\":1,\"name\":\"Startseite\",\"item\":\"https:\\\/\\\/www.rossinigesellschaft.de\\\/de\\\/\"},{\"@type\":\"ListItem\",\"position\":2,\"name\":\"Rossini\"}]},{\"@type\":\"WebSite\",\"@id\":\"https:\\\/\\\/www.rossinigesellschaft.de\\\/de\\\/#website\",\"url\":\"https:\\\/\\\/www.rossinigesellschaft.de\\\/de\\\/\",\"name\":\"Deutsche Rossini Gesellschaft\",\"description\":\"\",\"publisher\":{\"@id\":\"https:\\\/\\\/www.rossinigesellschaft.de\\\/de\\\/#organization\"},\"potentialAction\":[{\"@type\":\"SearchAction\",\"target\":{\"@type\":\"EntryPoint\",\"urlTemplate\":\"https:\\\/\\\/www.rossinigesellschaft.de\\\/de\\\/?s={search_term_string}\"},\"query-input\":{\"@type\":\"PropertyValueSpecification\",\"valueRequired\":true,\"valueName\":\"search_term_string\"}}],\"inLanguage\":\"de\"},{\"@type\":\"Organization\",\"@id\":\"https:\\\/\\\/www.rossinigesellschaft.de\\\/de\\\/#organization\",\"name\":\"Deutsche Rossini Gesellschaft\",\"url\":\"https:\\\/\\\/www.rossinigesellschaft.de\\\/de\\\/\",\"logo\":{\"@type\":\"ImageObject\",\"inLanguage\":\"de\",\"@id\":\"https:\\\/\\\/www.rossinigesellschaft.de\\\/de\\\/#\\\/schema\\\/logo\\\/image\\\/\",\"url\":\"https:\\\/\\\/www.rossinigesellschaft.de\\\/de\\\/wp-content\\\/uploads\\\/2019\\\/02\\\/logo-transparent.png\",\"contentUrl\":\"https:\\\/\\\/www.rossinigesellschaft.de\\\/de\\\/wp-content\\\/uploads\\\/2019\\\/02\\\/logo-transparent.png\",\"width\":200,\"height\":86,\"caption\":\"Deutsche Rossini Gesellschaft\"},\"image\":{\"@id\":\"https:\\\/\\\/www.rossinigesellschaft.de\\\/de\\\/#\\\/schema\\\/logo\\\/image\\\/\"}}]}<\/script>\n<!-- \/ Yoast SEO plugin. -->","yoast_head_json":{"title":"Rossini - Deutsche Rossini Gesellschaft","robots":{"index":"index","follow":"follow","max-snippet":"max-snippet:-1","max-image-preview":"max-image-preview:large","max-video-preview":"max-video-preview:-1"},"canonical":"https:\/\/www.rossinigesellschaft.de\/de\/rossini\/","og_locale":"de_DE","og_type":"article","og_title":"Rossini - Deutsche Rossini Gesellschaft","og_description":"&#8222;In mezzo a questo mia musca \u00e8 bella assai&#8220; &#8222;Dabei ist meine Musik wirklich gut&#8220; \u2013 Gioachino Rossini nach dem tumultartigen Premierenempfang seines Barbiere di Siviglia Rossini ist kein Revolution\u00e4r. Er will mit alten Mitteln Neues schaffen. Der Vergleich mit","og_url":"https:\/\/www.rossinigesellschaft.de\/de\/rossini\/","og_site_name":"Deutsche Rossini Gesellschaft","article_modified_time":"2019-06-14T08:27:51+00:00","twitter_card":"summary_large_image","twitter_misc":{"Gesch\u00e4tzte Lesezeit":"1\u00a0Minute"},"schema":{"@context":"https:\/\/schema.org","@graph":[{"@type":"WebPage","@id":"https:\/\/www.rossinigesellschaft.de\/de\/rossini\/","url":"https:\/\/www.rossinigesellschaft.de\/de\/rossini\/","name":"Rossini - Deutsche Rossini Gesellschaft","isPartOf":{"@id":"https:\/\/www.rossinigesellschaft.de\/de\/#website"},"datePublished":"2018-12-20T07:14:19+00:00","dateModified":"2019-06-14T08:27:51+00:00","breadcrumb":{"@id":"https:\/\/www.rossinigesellschaft.de\/de\/rossini\/#breadcrumb"},"inLanguage":"de","potentialAction":[{"@type":"ReadAction","target":["https:\/\/www.rossinigesellschaft.de\/de\/rossini\/"]}]},{"@type":"BreadcrumbList","@id":"https:\/\/www.rossinigesellschaft.de\/de\/rossini\/#breadcrumb","itemListElement":[{"@type":"ListItem","position":1,"name":"Startseite","item":"https:\/\/www.rossinigesellschaft.de\/de\/"},{"@type":"ListItem","position":2,"name":"Rossini"}]},{"@type":"WebSite","@id":"https:\/\/www.rossinigesellschaft.de\/de\/#website","url":"https:\/\/www.rossinigesellschaft.de\/de\/","name":"Deutsche Rossini Gesellschaft","description":"","publisher":{"@id":"https:\/\/www.rossinigesellschaft.de\/de\/#organization"},"potentialAction":[{"@type":"SearchAction","target":{"@type":"EntryPoint","urlTemplate":"https:\/\/www.rossinigesellschaft.de\/de\/?s={search_term_string}"},"query-input":{"@type":"PropertyValueSpecification","valueRequired":true,"valueName":"search_term_string"}}],"inLanguage":"de"},{"@type":"Organization","@id":"https:\/\/www.rossinigesellschaft.de\/de\/#organization","name":"Deutsche Rossini Gesellschaft","url":"https:\/\/www.rossinigesellschaft.de\/de\/","logo":{"@type":"ImageObject","inLanguage":"de","@id":"https:\/\/www.rossinigesellschaft.de\/de\/#\/schema\/logo\/image\/","url":"https:\/\/www.rossinigesellschaft.de\/de\/wp-content\/uploads\/2019\/02\/logo-transparent.png","contentUrl":"https:\/\/www.rossinigesellschaft.de\/de\/wp-content\/uploads\/2019\/02\/logo-transparent.png","width":200,"height":86,"caption":"Deutsche Rossini Gesellschaft"},"image":{"@id":"https:\/\/www.rossinigesellschaft.de\/de\/#\/schema\/logo\/image\/"}}]}},"_links":{"self":[{"href":"https:\/\/www.rossinigesellschaft.de\/de\/wp-json\/wp\/v2\/pages\/28","targetHints":{"allow":["GET"]}}],"collection":[{"href":"https:\/\/www.rossinigesellschaft.de\/de\/wp-json\/wp\/v2\/pages"}],"about":[{"href":"https:\/\/www.rossinigesellschaft.de\/de\/wp-json\/wp\/v2\/types\/page"}],"author":[{"embeddable":true,"href":"https:\/\/www.rossinigesellschaft.de\/de\/wp-json\/wp\/v2\/users\/1"}],"replies":[{"embeddable":true,"href":"https:\/\/www.rossinigesellschaft.de\/de\/wp-json\/wp\/v2\/comments?post=28"}],"version-history":[{"count":3,"href":"https:\/\/www.rossinigesellschaft.de\/de\/wp-json\/wp\/v2\/pages\/28\/revisions"}],"predecessor-version":[{"id":303,"href":"https:\/\/www.rossinigesellschaft.de\/de\/wp-json\/wp\/v2\/pages\/28\/revisions\/303"}],"wp:attachment":[{"href":"https:\/\/www.rossinigesellschaft.de\/de\/wp-json\/wp\/v2\/media?parent=28"}],"curies":[{"name":"wp","href":"https:\/\/api.w.org\/{rel}","templated":true}]}}