{"id":121,"date":"2018-12-20T10:01:37","date_gmt":"2018-12-20T09:01:37","guid":{"rendered":"http:\/\/neu.rossinigesellschaft.de\/de\/?page_id=121"},"modified":"2026-03-16T08:10:56","modified_gmt":"2026-03-16T07:10:56","slug":"debatte","status":"publish","type":"page","link":"https:\/\/www.rossinigesellschaft.de\/de\/debatte\/","title":{"rendered":"Debatte"},"content":{"rendered":"<blockquote><p>\u201eErhabenheit des Tragischen bleibt immer aufgehoben in die Sch\u00f6nheit\u201c<\/p><\/blockquote>\n<p class=\"style1 style5 style11\" align=\"left\">Claus-Artur Scheier \u00fcber den \u201eabsoluten\u201d Rossini<\/p>\n<p>Vom breiten Publikum wird Rossini vor allem geliebt. Seine Kollegen beneiden, achten und bewundern ihn \u2013 oder aber verurteilen und bek\u00e4mpfen ihn, ebenso wie manche zeitgen\u00f6ssische Kritiker, die ihm Formfehler ankreiden und beschuldigen, dem Verfall des guten Geschmacks zu huldigen.<\/p>\n<p>Wir h\u00f6ren eben nicht nur Musik, wir h\u00f6ren ganze \u201eWeltbilder\u201d, wie Claus-Artur Scheier feststellt. Wie sehen und h\u00f6ren Sie \u201eIhren\u201d Rossini: Reizt Sie der Gipfel des Komischen, oder eher der Grund des Tragischen? Anders gefragt: Was fasziniert Sie an Rossini, warum m\u00f6gen Sie ihn, wie und wo h\u00f6ren Sie Rossini: Im Auto, im Bett, beim Kochen, mit Kopfh\u00f6rern, laut oder leise? Erz\u00e4hlen Sie uns von Ihren Erfahrungen, Ihren CD-Tipps oder besuchten Opern.<\/p>\n<p>Steigen Sie in die Debatte ein, und\u00a0<a href=\"mailto:drg@rossinigesellschaft.de\">schreiben Sie uns!<\/a><\/p>\n<p>Rossini:\u00a0<a href=\"http:\/\/www.rossinigesellschaft.de\/soc\/faqd.html\" target=\"_blank\" rel=\"noopener noreferrer\">Fragen und Antworten<\/a><\/p>\n<p>Mario Hamlet-Metz:\u00a0<a href=\"http:\/\/www.rossinigesellschaft.de\/dat\/pdf\/E03_Hamlet-Metz_Rossini in Paris.pdf\" target=\"_blank\" rel=\"noopener\"><em>Der junge Rossini in Paris: Vorreiter der franz\u00f6sischen Romantik<\/em><\/a><\/p>\n<p>Reto M\u00fcller:\u00a0<em><a href=\"http:\/\/www.rossinigesellschaft.de\/dat\/pdf\/E03_M%FCllerRossini200Jahre.pdf\">Rossini &#8211; 200 Jahre im Rampenlicht<\/a><\/em>, Festvortrag Bad Wildbad, 25. Juli 2010<\/p>\n<p>Peter Volk:\u00a0<em><a href=\"http:\/\/www.rossinigesellschaft.de\/dat\/pdf\/E03_VolkPMS.pdf\">Petite Messe solennelle<\/a><\/em><a href=\"http:\/\/www.rossinigesellschaft.de\/dat\/pdf\/E03_VolkPMS.pdf\">, Rezension<\/a><\/p>\n<p>&nbsp;<\/p>\n<p><a href=\"https:\/\/www.capriccio-kulturforum.de\/index.php?thread\/8564-rossini-die-opern-f%C3%BCr-neapel\/&amp;pageNo=1\" target=\"_blank\" rel=\"noopener noreferrer\">ROSSINI &#8211; die Opern f\u00fcr Neapel<\/a> Capriccio Kultur-Forum<\/p>\n<p>&nbsp;<\/p>\n<p><a href=\"http:\/\/www.belcantoblog.de\/\" target=\"_blank\" rel=\"noopener noreferrer\"><img loading=\"lazy\" decoding=\"async\" src=\"http:\/\/www.rossinigesellschaft.de\/img\/E03_debatte\/belcanto_blog.jpg\" width=\"300\" height=\"30\" border=\"0\" \/><\/a><br \/>\nArchivierte Beitr\u00e4ge rund um Rossini und Belcanto aus den Jahren 2007 bis Anfang 2012<br \/>\n<a href=\"http:\/\/www.belcantoblog.de\/\" target=\"_blank\" rel=\"noopener noreferrer\">www.belcantoblog.de<\/a><\/p>\n<p>&nbsp;<\/p>\n<p><a href=\"http:\/\/www.radio-opera.fm\/\" target=\"_blank\" rel=\"noopener noreferrer\"><img loading=\"lazy\" decoding=\"async\" src=\"http:\/\/www.rossinigesellschaft.de\/img\/E03_debatte\/radio-opera.gif\" width=\"323\" height=\"45\" border=\"0\" \/><\/a><br \/>\nIhr Sender f\u00fcr Oper, Operette, Musical, Konzert von unserem Mitglied Dr. B. Apostolov<\/p>\n","protected":false},"excerpt":{"rendered":"<p>\u201eErhabenheit des Tragischen bleibt immer aufgehoben in die Sch\u00f6nheit\u201c Claus-Artur Scheier \u00fcber den \u201eabsoluten\u201d Rossini Vom breiten Publikum wird Rossini vor allem geliebt. Seine Kollegen beneiden, achten und bewundern ihn \u2013 oder aber verurteilen und bek\u00e4mpfen ihn, ebenso wie manche<\/p>\n","protected":false},"author":1,"featured_media":0,"parent":0,"menu_order":0,"comment_status":"closed","ping_status":"closed","template":"page-templates\/feuilleton.php","meta":{"footnotes":""},"class_list":["post-121","page","type-page","status-publish","hentry"],"yoast_head":"<!-- This site is optimized with the Yoast SEO plugin v27.4 - https:\/\/yoast.com\/product\/yoast-seo-wordpress\/ -->\n<title>Debatte - Deutsche Rossini Gesellschaft<\/title>\n<meta name=\"robots\" content=\"index, follow, max-snippet:-1, max-image-preview:large, max-video-preview:-1\" \/>\n<link rel=\"canonical\" href=\"https:\/\/www.rossinigesellschaft.de\/de\/debatte\/\" \/>\n<meta property=\"og:locale\" content=\"de_DE\" \/>\n<meta property=\"og:type\" content=\"article\" \/>\n<meta property=\"og:title\" content=\"Debatte - Deutsche Rossini Gesellschaft\" \/>\n<meta property=\"og:description\" content=\"\u201eErhabenheit des Tragischen bleibt immer aufgehoben in die Sch\u00f6nheit\u201c Claus-Artur Scheier \u00fcber den \u201eabsoluten\u201d Rossini Vom breiten Publikum wird Rossini vor allem geliebt. Seine Kollegen beneiden, achten und bewundern ihn \u2013 oder aber verurteilen und bek\u00e4mpfen ihn, ebenso wie manche\" \/>\n<meta property=\"og:url\" content=\"https:\/\/www.rossinigesellschaft.de\/de\/debatte\/\" \/>\n<meta property=\"og:site_name\" content=\"Deutsche Rossini Gesellschaft\" \/>\n<meta property=\"article:modified_time\" content=\"2026-03-16T07:10:56+00:00\" \/>\n<meta property=\"og:image\" content=\"http:\/\/www.rossinigesellschaft.de\/img\/E03_debatte\/belcanto_blog.jpg\" \/>\n<meta name=\"twitter:card\" content=\"summary_large_image\" \/>\n<meta name=\"twitter:label1\" content=\"Gesch\u00e4tzte Lesezeit\" \/>\n\t<meta name=\"twitter:data1\" content=\"2\u00a0Minuten\" \/>\n<script type=\"application\/ld+json\" class=\"yoast-schema-graph\">{\"@context\":\"https:\\\/\\\/schema.org\",\"@graph\":[{\"@type\":\"WebPage\",\"@id\":\"https:\\\/\\\/www.rossinigesellschaft.de\\\/de\\\/debatte\\\/\",\"url\":\"https:\\\/\\\/www.rossinigesellschaft.de\\\/de\\\/debatte\\\/\",\"name\":\"Debatte - Deutsche Rossini Gesellschaft\",\"isPartOf\":{\"@id\":\"https:\\\/\\\/www.rossinigesellschaft.de\\\/de\\\/#website\"},\"primaryImageOfPage\":{\"@id\":\"https:\\\/\\\/www.rossinigesellschaft.de\\\/de\\\/debatte\\\/#primaryimage\"},\"image\":{\"@id\":\"https:\\\/\\\/www.rossinigesellschaft.de\\\/de\\\/debatte\\\/#primaryimage\"},\"thumbnailUrl\":\"http:\\\/\\\/www.rossinigesellschaft.de\\\/img\\\/E03_debatte\\\/belcanto_blog.jpg\",\"datePublished\":\"2018-12-20T09:01:37+00:00\",\"dateModified\":\"2026-03-16T07:10:56+00:00\",\"breadcrumb\":{\"@id\":\"https:\\\/\\\/www.rossinigesellschaft.de\\\/de\\\/debatte\\\/#breadcrumb\"},\"inLanguage\":\"de\",\"potentialAction\":[{\"@type\":\"ReadAction\",\"target\":[\"https:\\\/\\\/www.rossinigesellschaft.de\\\/de\\\/debatte\\\/\"]}]},{\"@type\":\"ImageObject\",\"inLanguage\":\"de\",\"@id\":\"https:\\\/\\\/www.rossinigesellschaft.de\\\/de\\\/debatte\\\/#primaryimage\",\"url\":\"http:\\\/\\\/www.rossinigesellschaft.de\\\/img\\\/E03_debatte\\\/belcanto_blog.jpg\",\"contentUrl\":\"http:\\\/\\\/www.rossinigesellschaft.de\\\/img\\\/E03_debatte\\\/belcanto_blog.jpg\"},{\"@type\":\"BreadcrumbList\",\"@id\":\"https:\\\/\\\/www.rossinigesellschaft.de\\\/de\\\/debatte\\\/#breadcrumb\",\"itemListElement\":[{\"@type\":\"ListItem\",\"position\":1,\"name\":\"Startseite\",\"item\":\"https:\\\/\\\/www.rossinigesellschaft.de\\\/de\\\/\"},{\"@type\":\"ListItem\",\"position\":2,\"name\":\"Debatte\"}]},{\"@type\":\"WebSite\",\"@id\":\"https:\\\/\\\/www.rossinigesellschaft.de\\\/de\\\/#website\",\"url\":\"https:\\\/\\\/www.rossinigesellschaft.de\\\/de\\\/\",\"name\":\"Deutsche Rossini Gesellschaft\",\"description\":\"\",\"publisher\":{\"@id\":\"https:\\\/\\\/www.rossinigesellschaft.de\\\/de\\\/#organization\"},\"potentialAction\":[{\"@type\":\"SearchAction\",\"target\":{\"@type\":\"EntryPoint\",\"urlTemplate\":\"https:\\\/\\\/www.rossinigesellschaft.de\\\/de\\\/?s={search_term_string}\"},\"query-input\":{\"@type\":\"PropertyValueSpecification\",\"valueRequired\":true,\"valueName\":\"search_term_string\"}}],\"inLanguage\":\"de\"},{\"@type\":\"Organization\",\"@id\":\"https:\\\/\\\/www.rossinigesellschaft.de\\\/de\\\/#organization\",\"name\":\"Deutsche Rossini Gesellschaft\",\"url\":\"https:\\\/\\\/www.rossinigesellschaft.de\\\/de\\\/\",\"logo\":{\"@type\":\"ImageObject\",\"inLanguage\":\"de\",\"@id\":\"https:\\\/\\\/www.rossinigesellschaft.de\\\/de\\\/#\\\/schema\\\/logo\\\/image\\\/\",\"url\":\"https:\\\/\\\/www.rossinigesellschaft.de\\\/de\\\/wp-content\\\/uploads\\\/2019\\\/02\\\/logo-transparent.png\",\"contentUrl\":\"https:\\\/\\\/www.rossinigesellschaft.de\\\/de\\\/wp-content\\\/uploads\\\/2019\\\/02\\\/logo-transparent.png\",\"width\":200,\"height\":86,\"caption\":\"Deutsche Rossini Gesellschaft\"},\"image\":{\"@id\":\"https:\\\/\\\/www.rossinigesellschaft.de\\\/de\\\/#\\\/schema\\\/logo\\\/image\\\/\"}}]}<\/script>\n<!-- \/ Yoast SEO plugin. -->","yoast_head_json":{"title":"Debatte - Deutsche Rossini Gesellschaft","robots":{"index":"index","follow":"follow","max-snippet":"max-snippet:-1","max-image-preview":"max-image-preview:large","max-video-preview":"max-video-preview:-1"},"canonical":"https:\/\/www.rossinigesellschaft.de\/de\/debatte\/","og_locale":"de_DE","og_type":"article","og_title":"Debatte - Deutsche Rossini Gesellschaft","og_description":"\u201eErhabenheit des Tragischen bleibt immer aufgehoben in die Sch\u00f6nheit\u201c Claus-Artur Scheier \u00fcber den \u201eabsoluten\u201d Rossini Vom breiten Publikum wird Rossini vor allem geliebt. Seine Kollegen beneiden, achten und bewundern ihn \u2013 oder aber verurteilen und bek\u00e4mpfen ihn, ebenso wie manche","og_url":"https:\/\/www.rossinigesellschaft.de\/de\/debatte\/","og_site_name":"Deutsche Rossini Gesellschaft","article_modified_time":"2026-03-16T07:10:56+00:00","og_image":[{"url":"http:\/\/www.rossinigesellschaft.de\/img\/E03_debatte\/belcanto_blog.jpg","type":"","width":"","height":""}],"twitter_card":"summary_large_image","twitter_misc":{"Gesch\u00e4tzte Lesezeit":"2\u00a0Minuten"},"schema":{"@context":"https:\/\/schema.org","@graph":[{"@type":"WebPage","@id":"https:\/\/www.rossinigesellschaft.de\/de\/debatte\/","url":"https:\/\/www.rossinigesellschaft.de\/de\/debatte\/","name":"Debatte - Deutsche Rossini Gesellschaft","isPartOf":{"@id":"https:\/\/www.rossinigesellschaft.de\/de\/#website"},"primaryImageOfPage":{"@id":"https:\/\/www.rossinigesellschaft.de\/de\/debatte\/#primaryimage"},"image":{"@id":"https:\/\/www.rossinigesellschaft.de\/de\/debatte\/#primaryimage"},"thumbnailUrl":"http:\/\/www.rossinigesellschaft.de\/img\/E03_debatte\/belcanto_blog.jpg","datePublished":"2018-12-20T09:01:37+00:00","dateModified":"2026-03-16T07:10:56+00:00","breadcrumb":{"@id":"https:\/\/www.rossinigesellschaft.de\/de\/debatte\/#breadcrumb"},"inLanguage":"de","potentialAction":[{"@type":"ReadAction","target":["https:\/\/www.rossinigesellschaft.de\/de\/debatte\/"]}]},{"@type":"ImageObject","inLanguage":"de","@id":"https:\/\/www.rossinigesellschaft.de\/de\/debatte\/#primaryimage","url":"http:\/\/www.rossinigesellschaft.de\/img\/E03_debatte\/belcanto_blog.jpg","contentUrl":"http:\/\/www.rossinigesellschaft.de\/img\/E03_debatte\/belcanto_blog.jpg"},{"@type":"BreadcrumbList","@id":"https:\/\/www.rossinigesellschaft.de\/de\/debatte\/#breadcrumb","itemListElement":[{"@type":"ListItem","position":1,"name":"Startseite","item":"https:\/\/www.rossinigesellschaft.de\/de\/"},{"@type":"ListItem","position":2,"name":"Debatte"}]},{"@type":"WebSite","@id":"https:\/\/www.rossinigesellschaft.de\/de\/#website","url":"https:\/\/www.rossinigesellschaft.de\/de\/","name":"Deutsche Rossini Gesellschaft","description":"","publisher":{"@id":"https:\/\/www.rossinigesellschaft.de\/de\/#organization"},"potentialAction":[{"@type":"SearchAction","target":{"@type":"EntryPoint","urlTemplate":"https:\/\/www.rossinigesellschaft.de\/de\/?s={search_term_string}"},"query-input":{"@type":"PropertyValueSpecification","valueRequired":true,"valueName":"search_term_string"}}],"inLanguage":"de"},{"@type":"Organization","@id":"https:\/\/www.rossinigesellschaft.de\/de\/#organization","name":"Deutsche Rossini Gesellschaft","url":"https:\/\/www.rossinigesellschaft.de\/de\/","logo":{"@type":"ImageObject","inLanguage":"de","@id":"https:\/\/www.rossinigesellschaft.de\/de\/#\/schema\/logo\/image\/","url":"https:\/\/www.rossinigesellschaft.de\/de\/wp-content\/uploads\/2019\/02\/logo-transparent.png","contentUrl":"https:\/\/www.rossinigesellschaft.de\/de\/wp-content\/uploads\/2019\/02\/logo-transparent.png","width":200,"height":86,"caption":"Deutsche Rossini Gesellschaft"},"image":{"@id":"https:\/\/www.rossinigesellschaft.de\/de\/#\/schema\/logo\/image\/"}}]}},"_links":{"self":[{"href":"https:\/\/www.rossinigesellschaft.de\/de\/wp-json\/wp\/v2\/pages\/121","targetHints":{"allow":["GET"]}}],"collection":[{"href":"https:\/\/www.rossinigesellschaft.de\/de\/wp-json\/wp\/v2\/pages"}],"about":[{"href":"https:\/\/www.rossinigesellschaft.de\/de\/wp-json\/wp\/v2\/types\/page"}],"author":[{"embeddable":true,"href":"https:\/\/www.rossinigesellschaft.de\/de\/wp-json\/wp\/v2\/users\/1"}],"replies":[{"embeddable":true,"href":"https:\/\/www.rossinigesellschaft.de\/de\/wp-json\/wp\/v2\/comments?post=121"}],"version-history":[{"count":5,"href":"https:\/\/www.rossinigesellschaft.de\/de\/wp-json\/wp\/v2\/pages\/121\/revisions"}],"predecessor-version":[{"id":1734,"href":"https:\/\/www.rossinigesellschaft.de\/de\/wp-json\/wp\/v2\/pages\/121\/revisions\/1734"}],"wp:attachment":[{"href":"https:\/\/www.rossinigesellschaft.de\/de\/wp-json\/wp\/v2\/media?parent=121"}],"curies":[{"name":"wp","href":"https:\/\/api.w.org\/{rel}","templated":true}]}}