{"id":12,"date":"2018-11-20T23:20:47","date_gmt":"2018-11-20T22:20:47","guid":{"rendered":"http:\/\/neu.rossinigesellschaft.de\/?page_id=12"},"modified":"2019-06-14T06:20:13","modified_gmt":"2019-06-14T04:20:13","slug":"impressum","status":"publish","type":"page","link":"https:\/\/www.rossinigesellschaft.de\/de\/impressum\/","title":{"rendered":"Impressum"},"content":{"rendered":"<p class=\"style1 style5 \" align=\"left\"><span class=\"style10\">der Deutschen Rossini Gesellschaft e.V.<\/span><\/p>\n<p>Deutsche Rossini Gesellschaft e.V.<\/p>\n<p>Eintrag im Amtsregister Stuttgart (VR 5969)<\/p>\n<p>Bescheinigung der Gemeinn\u00fctzigkeit vom Finanzamt Leipzig II<\/p>\n<p>Neue\u00a0<a href=\"http:\/\/www.rossinigesellschaft.de\/dat\/pdf\/D01-Satzung.PDF\" target=\"_blank\" rel=\"noopener noreferrer\">Satzung<\/a>\u00a0g\u00fcltig seit 2.6.1996<\/p>\n<p>Korrespondenzadresse: Deutsche Rossini Gesellschaft e.V.,<br \/>\nWaldenburgerstr. 26, CH-4052 Basel<\/p>\n<p>E-Mail:\u00a0<a href=\"mailto:drg@rossinigesellschaft.de\">drg@rossinigesellschaft.de<\/a><\/p>\n<p>Inhaltlich verantwortlicher Webmaster: Reto M\u00fcller,<br \/>\nGesch\u00e4ftsf\u00fchrender Vorsitzender DRG \u00a0\u00a0<a href=\"mailto:drg@rossinigesellschaft.de\">E-Mail<\/a><\/p>\n<p>\u00dcbersetzung der it. Seiten: Mag. Salka Klos,<br \/>\n\u00dcbersetzerin und Dolmetscherin \u00a0<a href=\"mailto:salkaklos@hotmail.com\">E-Mail<\/a><\/p>\n<p>Konzeption: Dr. Gerald Fricke,<br \/>\nWissenschaftliche Medienberatung \u00a0\u00a0<a href=\"mailto:Mail@Gerald-Fricke.de\">E-Mail<\/a><\/p>\n<p>Webdesign: <strong>bitspirits<\/strong><br \/>\nInternetdienstleistungen und Softwareentwicklung<br \/>\nDipl.-Inf. Martin Kunzelnick<br \/>\nE-Mail: <a href=\"mailto:info@bitspirits.de\" target=\"_blank\" rel=\"noopener noreferrer\">info@bitspirits.de<\/a><br \/>\nWWW: <a href=\"https:\/\/www.bitspirits.de\" target=\"_blank\" rel=\"noopener noreferrer\">www.bitspirits.de<\/a><\/p>\n<p class=\"style11\"><strong>Quellen:<\/strong><\/p>\n<p>Die Rossini-Zitate stammen haupts\u00e4chlich aus Briefen Rossinis an seine Eltern, erschienen in\u00a0<em>Gioachino Rossini: Lettere e documenti.\u00a0<\/em><em>Lettere ai genitori<\/em>, hrsg. von Bruno Cagli und Sergio Ragni, Pesaro, Fondazione Rossini 2004.<\/p>\n<p class=\"style11\"><strong>Haftungsausschluss:<\/strong><\/p>\n<p>Die Deutsche Rossini Gesellschaft \u00fcbernimmt keine Haftung f\u00fcr die Inhalte externer Links. F\u00fcr den Inhalt der verlinkten Seiten sind ausschlie\u00dflich deren Betreiber verantwortlich.<\/p>\n","protected":false},"excerpt":{"rendered":"<p>der Deutschen Rossini Gesellschaft e.V. Deutsche Rossini Gesellschaft e.V. Eintrag im Amtsregister Stuttgart (VR 5969) Bescheinigung der Gemeinn\u00fctzigkeit vom Finanzamt Leipzig II Neue\u00a0Satzung\u00a0g\u00fcltig seit 2.6.1996 Korrespondenzadresse: Deutsche Rossini Gesellschaft e.V., Waldenburgerstr. 26, CH-4052 Basel E-Mail:\u00a0drg@rossinigesellschaft.de Inhaltlich verantwortlicher Webmaster: Reto M\u00fcller,<\/p>\n","protected":false},"author":1,"featured_media":0,"parent":0,"menu_order":0,"comment_status":"closed","ping_status":"closed","template":"page-templates\/rossini.php","meta":{"footnotes":""},"class_list":["post-12","page","type-page","status-publish","hentry"],"yoast_head":"<!-- This site is optimized with the Yoast SEO plugin v27.4 - https:\/\/yoast.com\/product\/yoast-seo-wordpress\/ -->\n<title>Impressum - Deutsche Rossini Gesellschaft<\/title>\n<meta name=\"robots\" content=\"index, follow, max-snippet:-1, max-image-preview:large, max-video-preview:-1\" \/>\n<link rel=\"canonical\" href=\"https:\/\/www.rossinigesellschaft.de\/de\/impressum\/\" \/>\n<meta property=\"og:locale\" content=\"de_DE\" \/>\n<meta property=\"og:type\" content=\"article\" \/>\n<meta property=\"og:title\" content=\"Impressum - Deutsche Rossini Gesellschaft\" \/>\n<meta property=\"og:description\" content=\"der Deutschen Rossini Gesellschaft e.V. Deutsche Rossini Gesellschaft e.V. Eintrag im Amtsregister Stuttgart (VR 5969) Bescheinigung der Gemeinn\u00fctzigkeit vom Finanzamt Leipzig II Neue\u00a0Satzung\u00a0g\u00fcltig seit 2.6.1996 Korrespondenzadresse: Deutsche Rossini Gesellschaft e.V., Waldenburgerstr. 26, CH-4052 Basel E-Mail:\u00a0drg@rossinigesellschaft.de Inhaltlich verantwortlicher Webmaster: Reto M\u00fcller,\" \/>\n<meta property=\"og:url\" content=\"https:\/\/www.rossinigesellschaft.de\/de\/impressum\/\" \/>\n<meta property=\"og:site_name\" content=\"Deutsche Rossini Gesellschaft\" \/>\n<meta property=\"article:modified_time\" content=\"2019-06-14T04:20:13+00:00\" \/>\n<meta name=\"twitter:card\" content=\"summary_large_image\" \/>\n<meta name=\"twitter:label1\" content=\"Gesch\u00e4tzte Lesezeit\" \/>\n\t<meta name=\"twitter:data1\" content=\"1\u00a0Minute\" \/>\n<script type=\"application\/ld+json\" class=\"yoast-schema-graph\">{\"@context\":\"https:\\\/\\\/schema.org\",\"@graph\":[{\"@type\":\"WebPage\",\"@id\":\"https:\\\/\\\/www.rossinigesellschaft.de\\\/de\\\/impressum\\\/\",\"url\":\"https:\\\/\\\/www.rossinigesellschaft.de\\\/de\\\/impressum\\\/\",\"name\":\"Impressum - Deutsche Rossini Gesellschaft\",\"isPartOf\":{\"@id\":\"https:\\\/\\\/www.rossinigesellschaft.de\\\/de\\\/#website\"},\"datePublished\":\"2018-11-20T22:20:47+00:00\",\"dateModified\":\"2019-06-14T04:20:13+00:00\",\"breadcrumb\":{\"@id\":\"https:\\\/\\\/www.rossinigesellschaft.de\\\/de\\\/impressum\\\/#breadcrumb\"},\"inLanguage\":\"de\",\"potentialAction\":[{\"@type\":\"ReadAction\",\"target\":[\"https:\\\/\\\/www.rossinigesellschaft.de\\\/de\\\/impressum\\\/\"]}]},{\"@type\":\"BreadcrumbList\",\"@id\":\"https:\\\/\\\/www.rossinigesellschaft.de\\\/de\\\/impressum\\\/#breadcrumb\",\"itemListElement\":[{\"@type\":\"ListItem\",\"position\":1,\"name\":\"Startseite\",\"item\":\"https:\\\/\\\/www.rossinigesellschaft.de\\\/de\\\/\"},{\"@type\":\"ListItem\",\"position\":2,\"name\":\"Impressum\"}]},{\"@type\":\"WebSite\",\"@id\":\"https:\\\/\\\/www.rossinigesellschaft.de\\\/de\\\/#website\",\"url\":\"https:\\\/\\\/www.rossinigesellschaft.de\\\/de\\\/\",\"name\":\"Deutsche Rossini Gesellschaft\",\"description\":\"\",\"publisher\":{\"@id\":\"https:\\\/\\\/www.rossinigesellschaft.de\\\/de\\\/#organization\"},\"potentialAction\":[{\"@type\":\"SearchAction\",\"target\":{\"@type\":\"EntryPoint\",\"urlTemplate\":\"https:\\\/\\\/www.rossinigesellschaft.de\\\/de\\\/?s={search_term_string}\"},\"query-input\":{\"@type\":\"PropertyValueSpecification\",\"valueRequired\":true,\"valueName\":\"search_term_string\"}}],\"inLanguage\":\"de\"},{\"@type\":\"Organization\",\"@id\":\"https:\\\/\\\/www.rossinigesellschaft.de\\\/de\\\/#organization\",\"name\":\"Deutsche Rossini Gesellschaft\",\"url\":\"https:\\\/\\\/www.rossinigesellschaft.de\\\/de\\\/\",\"logo\":{\"@type\":\"ImageObject\",\"inLanguage\":\"de\",\"@id\":\"https:\\\/\\\/www.rossinigesellschaft.de\\\/de\\\/#\\\/schema\\\/logo\\\/image\\\/\",\"url\":\"https:\\\/\\\/www.rossinigesellschaft.de\\\/de\\\/wp-content\\\/uploads\\\/2019\\\/02\\\/logo-transparent.png\",\"contentUrl\":\"https:\\\/\\\/www.rossinigesellschaft.de\\\/de\\\/wp-content\\\/uploads\\\/2019\\\/02\\\/logo-transparent.png\",\"width\":200,\"height\":86,\"caption\":\"Deutsche Rossini Gesellschaft\"},\"image\":{\"@id\":\"https:\\\/\\\/www.rossinigesellschaft.de\\\/de\\\/#\\\/schema\\\/logo\\\/image\\\/\"}}]}<\/script>\n<!-- \/ Yoast SEO plugin. -->","yoast_head_json":{"title":"Impressum - Deutsche Rossini Gesellschaft","robots":{"index":"index","follow":"follow","max-snippet":"max-snippet:-1","max-image-preview":"max-image-preview:large","max-video-preview":"max-video-preview:-1"},"canonical":"https:\/\/www.rossinigesellschaft.de\/de\/impressum\/","og_locale":"de_DE","og_type":"article","og_title":"Impressum - Deutsche Rossini Gesellschaft","og_description":"der Deutschen Rossini Gesellschaft e.V. Deutsche Rossini Gesellschaft e.V. Eintrag im Amtsregister Stuttgart (VR 5969) Bescheinigung der Gemeinn\u00fctzigkeit vom Finanzamt Leipzig II Neue\u00a0Satzung\u00a0g\u00fcltig seit 2.6.1996 Korrespondenzadresse: Deutsche Rossini Gesellschaft e.V., Waldenburgerstr. 26, CH-4052 Basel E-Mail:\u00a0drg@rossinigesellschaft.de Inhaltlich verantwortlicher Webmaster: Reto M\u00fcller,","og_url":"https:\/\/www.rossinigesellschaft.de\/de\/impressum\/","og_site_name":"Deutsche Rossini Gesellschaft","article_modified_time":"2019-06-14T04:20:13+00:00","twitter_card":"summary_large_image","twitter_misc":{"Gesch\u00e4tzte Lesezeit":"1\u00a0Minute"},"schema":{"@context":"https:\/\/schema.org","@graph":[{"@type":"WebPage","@id":"https:\/\/www.rossinigesellschaft.de\/de\/impressum\/","url":"https:\/\/www.rossinigesellschaft.de\/de\/impressum\/","name":"Impressum - Deutsche Rossini Gesellschaft","isPartOf":{"@id":"https:\/\/www.rossinigesellschaft.de\/de\/#website"},"datePublished":"2018-11-20T22:20:47+00:00","dateModified":"2019-06-14T04:20:13+00:00","breadcrumb":{"@id":"https:\/\/www.rossinigesellschaft.de\/de\/impressum\/#breadcrumb"},"inLanguage":"de","potentialAction":[{"@type":"ReadAction","target":["https:\/\/www.rossinigesellschaft.de\/de\/impressum\/"]}]},{"@type":"BreadcrumbList","@id":"https:\/\/www.rossinigesellschaft.de\/de\/impressum\/#breadcrumb","itemListElement":[{"@type":"ListItem","position":1,"name":"Startseite","item":"https:\/\/www.rossinigesellschaft.de\/de\/"},{"@type":"ListItem","position":2,"name":"Impressum"}]},{"@type":"WebSite","@id":"https:\/\/www.rossinigesellschaft.de\/de\/#website","url":"https:\/\/www.rossinigesellschaft.de\/de\/","name":"Deutsche Rossini Gesellschaft","description":"","publisher":{"@id":"https:\/\/www.rossinigesellschaft.de\/de\/#organization"},"potentialAction":[{"@type":"SearchAction","target":{"@type":"EntryPoint","urlTemplate":"https:\/\/www.rossinigesellschaft.de\/de\/?s={search_term_string}"},"query-input":{"@type":"PropertyValueSpecification","valueRequired":true,"valueName":"search_term_string"}}],"inLanguage":"de"},{"@type":"Organization","@id":"https:\/\/www.rossinigesellschaft.de\/de\/#organization","name":"Deutsche Rossini Gesellschaft","url":"https:\/\/www.rossinigesellschaft.de\/de\/","logo":{"@type":"ImageObject","inLanguage":"de","@id":"https:\/\/www.rossinigesellschaft.de\/de\/#\/schema\/logo\/image\/","url":"https:\/\/www.rossinigesellschaft.de\/de\/wp-content\/uploads\/2019\/02\/logo-transparent.png","contentUrl":"https:\/\/www.rossinigesellschaft.de\/de\/wp-content\/uploads\/2019\/02\/logo-transparent.png","width":200,"height":86,"caption":"Deutsche Rossini Gesellschaft"},"image":{"@id":"https:\/\/www.rossinigesellschaft.de\/de\/#\/schema\/logo\/image\/"}}]}},"_links":{"self":[{"href":"https:\/\/www.rossinigesellschaft.de\/de\/wp-json\/wp\/v2\/pages\/12","targetHints":{"allow":["GET"]}}],"collection":[{"href":"https:\/\/www.rossinigesellschaft.de\/de\/wp-json\/wp\/v2\/pages"}],"about":[{"href":"https:\/\/www.rossinigesellschaft.de\/de\/wp-json\/wp\/v2\/types\/page"}],"author":[{"embeddable":true,"href":"https:\/\/www.rossinigesellschaft.de\/de\/wp-json\/wp\/v2\/users\/1"}],"replies":[{"embeddable":true,"href":"https:\/\/www.rossinigesellschaft.de\/de\/wp-json\/wp\/v2\/comments?post=12"}],"version-history":[{"count":5,"href":"https:\/\/www.rossinigesellschaft.de\/de\/wp-json\/wp\/v2\/pages\/12\/revisions"}],"predecessor-version":[{"id":435,"href":"https:\/\/www.rossinigesellschaft.de\/de\/wp-json\/wp\/v2\/pages\/12\/revisions\/435"}],"wp:attachment":[{"href":"https:\/\/www.rossinigesellschaft.de\/de\/wp-json\/wp\/v2\/media?parent=12"}],"curies":[{"name":"wp","href":"https:\/\/api.w.org\/{rel}","templated":true}]}}