{"id":114,"date":"2018-12-20T09:59:06","date_gmt":"2018-12-20T08:59:06","guid":{"rendered":"http:\/\/neu.rossinigesellschaft.de\/de\/?page_id=114"},"modified":"2019-02-19T11:28:53","modified_gmt":"2019-02-19T10:28:53","slug":"forschung","status":"publish","type":"page","link":"https:\/\/www.rossinigesellschaft.de\/de\/forschung\/","title":{"rendered":"Forschung"},"content":{"rendered":"<blockquote><p>\u201eRossini \u2013 und kein Ende\u201c<\/p><\/blockquote>\n<p class=\"style1 style5 \" align=\"left\"><span class=\"style11\">Friedrich Lippmann \u00fcber die moderne Rossini-Renaissance<\/span><\/p>\n<p align=\"left\">Schon 1981 \u00fcberschreibt Lippmann seine Standortbestimmung zur Rossini-Renaissance mit diesen Worten. Bis heute ist bei der Auseinandersetzung mit dem Ph\u00e4nomen Rossini kein Ende in Sicht \u2013 die Bedeutung seines Schaffens, sein langes Leben, sein Briefwechsel besch\u00e4ftigen die Forschung in all ihren Facetten: Im \u201eCentro di Studi Rossiniani\u201d in Pesaro arbeitet ein Team von Wissenschaftlern jeden Sommer an der kritischen Rossini-Gesamtausgabe weiter, herausgegeben von der Fondazione Rossini, und unter der Leitung Philip Gossetts ist im deutschen B\u00e4renreiter-Verlag eine neue Rossini-Ausgabe im Entstehen.<\/p>\n<p align=\"left\">Viele Fragen werden kontrovers diskutiert: Sind seine Koloraturen reiner Ziergesang oder dramatisches Ausdrucksmittel? Sind die Opern, die au\u00dferhalb Neapels entstanden, als r\u00fcckschrittlich einzustufen? Erf\u00fcllt seine geistliche Musik den Anspruch an die Kirchenmusik? War sein pl\u00f6tzliches Verstummen als Opernkomponist geplant oder ein Schicksalschlag?<\/p>\n<p align=\"left\">Die Deutschen Rossini Gesellschaft begleitet, unterst\u00fctzt von Wissenschaftlern im In- und Ausland, die Rossini-Forschung mit ihren Seminaren und\u00a0<a href=\"http:\/\/www.rossinigesellschaft.de\/d02_publikationen.htm\">Publikationen<\/a>. Die DRG hat unter anderem die Oper\u00a0<em>Eduardo e Cristina<\/em>\u00a0wiederentdeckt und mit einer Werkmonographie begleitet, den Bildband \u201e<a href=\"http:\/\/www.rossinigesellschaft.de\/b03_bilder.htm\">Hommage an Rossini<\/a>\u201d aufgelegt, in Zusammenarbeit mit der Universit\u00e4t Leipzig ein Symposion durchgef\u00fchrt, das sich mit Rossinis Leben und Wirken in Paris besch\u00e4ftigt und die 1855 erschienenen \u201ePlaudereien mit Rossini\u201c von Ferdinand Hiller neu editiert.<\/p>\n<p align=\"left\">Welchen Stellenwert hat der zu seiner Zeit ber\u00fchmteste Italiener zwischen Mozart und Wagner heute in der Diskussion um die gesellschaftliche Relevanz der Oper \u00fcberhaupt? Lesen Sie dazu Aufs\u00e4tze von Claus-Artur Scheier, Albert Gier und Reto M\u00fcller \u2013 und beteiligen Sie sich an der\u00a0<a href=\"http:\/\/www.rossinigesellschaft.de\/e03_debatte.htm\">Debatte<\/a>\u00a0um Rossinis Wirkung!<\/p>\n<p align=\"left\">Zum Weiterlesen:<\/p>\n<p align=\"left\"><span class=\"style12\"><strong>Albert Gier<\/strong>:<\/span><br \/>\nGlanz und Elend der absoluten Melodie<br \/>\n<a href=\"http:\/\/www.rossinigesellschaft.de\/dat\/pdf\/E01_Gier.pdf\" target=\"_blank\" rel=\"noopener\">Download PDF<\/a>\u00a0(75 kB)<\/p>\n<p align=\"left\"><span class=\"style12\"><strong>Claus-Artur Scheier<\/strong>:<\/span>\u00a0Der Schwan von Pesaro.<br \/>\nVom Absoluten und vom Tragischen in der Musik Rossinis<br \/>\n<a href=\"http:\/\/www.rossinigesellschaft.de\/dat\/pdf\/E01_Scheier.pdf\" target=\"_blank\" rel=\"noopener\">Download PDF<\/a>\u00a0(86 kB)<\/p>\n<p align=\"left\">\n","protected":false},"excerpt":{"rendered":"<p>\u201eRossini \u2013 und kein Ende\u201c Friedrich Lippmann \u00fcber die moderne Rossini-Renaissance Schon 1981 \u00fcberschreibt Lippmann seine Standortbestimmung zur Rossini-Renaissance mit diesen Worten. Bis heute ist bei der Auseinandersetzung mit dem Ph\u00e4nomen Rossini kein Ende in Sicht \u2013 die Bedeutung seines<\/p>\n","protected":false},"author":1,"featured_media":0,"parent":0,"menu_order":0,"comment_status":"closed","ping_status":"closed","template":"page-templates\/feuilleton.php","meta":{"footnotes":""},"class_list":["post-114","page","type-page","status-publish","hentry"],"yoast_head":"<!-- This site is optimized with the Yoast SEO plugin v27.4 - https:\/\/yoast.com\/product\/yoast-seo-wordpress\/ -->\n<title>Forschung - Deutsche Rossini Gesellschaft<\/title>\n<meta name=\"robots\" content=\"index, follow, max-snippet:-1, max-image-preview:large, max-video-preview:-1\" \/>\n<link rel=\"canonical\" href=\"https:\/\/www.rossinigesellschaft.de\/de\/forschung\/\" \/>\n<meta property=\"og:locale\" content=\"de_DE\" \/>\n<meta property=\"og:type\" content=\"article\" \/>\n<meta property=\"og:title\" content=\"Forschung - Deutsche Rossini Gesellschaft\" \/>\n<meta property=\"og:description\" content=\"\u201eRossini \u2013 und kein Ende\u201c Friedrich Lippmann \u00fcber die moderne Rossini-Renaissance Schon 1981 \u00fcberschreibt Lippmann seine Standortbestimmung zur Rossini-Renaissance mit diesen Worten. Bis heute ist bei der Auseinandersetzung mit dem Ph\u00e4nomen Rossini kein Ende in Sicht \u2013 die Bedeutung seines\" \/>\n<meta property=\"og:url\" content=\"https:\/\/www.rossinigesellschaft.de\/de\/forschung\/\" \/>\n<meta property=\"og:site_name\" content=\"Deutsche Rossini Gesellschaft\" \/>\n<meta property=\"article:modified_time\" content=\"2019-02-19T10:28:53+00:00\" \/>\n<meta name=\"twitter:card\" content=\"summary_large_image\" \/>\n<meta name=\"twitter:label1\" content=\"Gesch\u00e4tzte Lesezeit\" \/>\n\t<meta name=\"twitter:data1\" content=\"1\u00a0Minute\" \/>\n<script type=\"application\/ld+json\" class=\"yoast-schema-graph\">{\"@context\":\"https:\\\/\\\/schema.org\",\"@graph\":[{\"@type\":\"WebPage\",\"@id\":\"https:\\\/\\\/www.rossinigesellschaft.de\\\/de\\\/forschung\\\/\",\"url\":\"https:\\\/\\\/www.rossinigesellschaft.de\\\/de\\\/forschung\\\/\",\"name\":\"Forschung - Deutsche Rossini Gesellschaft\",\"isPartOf\":{\"@id\":\"https:\\\/\\\/www.rossinigesellschaft.de\\\/de\\\/#website\"},\"datePublished\":\"2018-12-20T08:59:06+00:00\",\"dateModified\":\"2019-02-19T10:28:53+00:00\",\"breadcrumb\":{\"@id\":\"https:\\\/\\\/www.rossinigesellschaft.de\\\/de\\\/forschung\\\/#breadcrumb\"},\"inLanguage\":\"de\",\"potentialAction\":[{\"@type\":\"ReadAction\",\"target\":[\"https:\\\/\\\/www.rossinigesellschaft.de\\\/de\\\/forschung\\\/\"]}]},{\"@type\":\"BreadcrumbList\",\"@id\":\"https:\\\/\\\/www.rossinigesellschaft.de\\\/de\\\/forschung\\\/#breadcrumb\",\"itemListElement\":[{\"@type\":\"ListItem\",\"position\":1,\"name\":\"Startseite\",\"item\":\"https:\\\/\\\/www.rossinigesellschaft.de\\\/de\\\/\"},{\"@type\":\"ListItem\",\"position\":2,\"name\":\"Forschung\"}]},{\"@type\":\"WebSite\",\"@id\":\"https:\\\/\\\/www.rossinigesellschaft.de\\\/de\\\/#website\",\"url\":\"https:\\\/\\\/www.rossinigesellschaft.de\\\/de\\\/\",\"name\":\"Deutsche Rossini Gesellschaft\",\"description\":\"\",\"publisher\":{\"@id\":\"https:\\\/\\\/www.rossinigesellschaft.de\\\/de\\\/#organization\"},\"potentialAction\":[{\"@type\":\"SearchAction\",\"target\":{\"@type\":\"EntryPoint\",\"urlTemplate\":\"https:\\\/\\\/www.rossinigesellschaft.de\\\/de\\\/?s={search_term_string}\"},\"query-input\":{\"@type\":\"PropertyValueSpecification\",\"valueRequired\":true,\"valueName\":\"search_term_string\"}}],\"inLanguage\":\"de\"},{\"@type\":\"Organization\",\"@id\":\"https:\\\/\\\/www.rossinigesellschaft.de\\\/de\\\/#organization\",\"name\":\"Deutsche Rossini Gesellschaft\",\"url\":\"https:\\\/\\\/www.rossinigesellschaft.de\\\/de\\\/\",\"logo\":{\"@type\":\"ImageObject\",\"inLanguage\":\"de\",\"@id\":\"https:\\\/\\\/www.rossinigesellschaft.de\\\/de\\\/#\\\/schema\\\/logo\\\/image\\\/\",\"url\":\"https:\\\/\\\/www.rossinigesellschaft.de\\\/de\\\/wp-content\\\/uploads\\\/2019\\\/02\\\/logo-transparent.png\",\"contentUrl\":\"https:\\\/\\\/www.rossinigesellschaft.de\\\/de\\\/wp-content\\\/uploads\\\/2019\\\/02\\\/logo-transparent.png\",\"width\":200,\"height\":86,\"caption\":\"Deutsche Rossini Gesellschaft\"},\"image\":{\"@id\":\"https:\\\/\\\/www.rossinigesellschaft.de\\\/de\\\/#\\\/schema\\\/logo\\\/image\\\/\"}}]}<\/script>\n<!-- \/ Yoast SEO plugin. -->","yoast_head_json":{"title":"Forschung - Deutsche Rossini Gesellschaft","robots":{"index":"index","follow":"follow","max-snippet":"max-snippet:-1","max-image-preview":"max-image-preview:large","max-video-preview":"max-video-preview:-1"},"canonical":"https:\/\/www.rossinigesellschaft.de\/de\/forschung\/","og_locale":"de_DE","og_type":"article","og_title":"Forschung - Deutsche Rossini Gesellschaft","og_description":"\u201eRossini \u2013 und kein Ende\u201c Friedrich Lippmann \u00fcber die moderne Rossini-Renaissance Schon 1981 \u00fcberschreibt Lippmann seine Standortbestimmung zur Rossini-Renaissance mit diesen Worten. Bis heute ist bei der Auseinandersetzung mit dem Ph\u00e4nomen Rossini kein Ende in Sicht \u2013 die Bedeutung seines","og_url":"https:\/\/www.rossinigesellschaft.de\/de\/forschung\/","og_site_name":"Deutsche Rossini Gesellschaft","article_modified_time":"2019-02-19T10:28:53+00:00","twitter_card":"summary_large_image","twitter_misc":{"Gesch\u00e4tzte Lesezeit":"1\u00a0Minute"},"schema":{"@context":"https:\/\/schema.org","@graph":[{"@type":"WebPage","@id":"https:\/\/www.rossinigesellschaft.de\/de\/forschung\/","url":"https:\/\/www.rossinigesellschaft.de\/de\/forschung\/","name":"Forschung - Deutsche Rossini Gesellschaft","isPartOf":{"@id":"https:\/\/www.rossinigesellschaft.de\/de\/#website"},"datePublished":"2018-12-20T08:59:06+00:00","dateModified":"2019-02-19T10:28:53+00:00","breadcrumb":{"@id":"https:\/\/www.rossinigesellschaft.de\/de\/forschung\/#breadcrumb"},"inLanguage":"de","potentialAction":[{"@type":"ReadAction","target":["https:\/\/www.rossinigesellschaft.de\/de\/forschung\/"]}]},{"@type":"BreadcrumbList","@id":"https:\/\/www.rossinigesellschaft.de\/de\/forschung\/#breadcrumb","itemListElement":[{"@type":"ListItem","position":1,"name":"Startseite","item":"https:\/\/www.rossinigesellschaft.de\/de\/"},{"@type":"ListItem","position":2,"name":"Forschung"}]},{"@type":"WebSite","@id":"https:\/\/www.rossinigesellschaft.de\/de\/#website","url":"https:\/\/www.rossinigesellschaft.de\/de\/","name":"Deutsche Rossini Gesellschaft","description":"","publisher":{"@id":"https:\/\/www.rossinigesellschaft.de\/de\/#organization"},"potentialAction":[{"@type":"SearchAction","target":{"@type":"EntryPoint","urlTemplate":"https:\/\/www.rossinigesellschaft.de\/de\/?s={search_term_string}"},"query-input":{"@type":"PropertyValueSpecification","valueRequired":true,"valueName":"search_term_string"}}],"inLanguage":"de"},{"@type":"Organization","@id":"https:\/\/www.rossinigesellschaft.de\/de\/#organization","name":"Deutsche Rossini Gesellschaft","url":"https:\/\/www.rossinigesellschaft.de\/de\/","logo":{"@type":"ImageObject","inLanguage":"de","@id":"https:\/\/www.rossinigesellschaft.de\/de\/#\/schema\/logo\/image\/","url":"https:\/\/www.rossinigesellschaft.de\/de\/wp-content\/uploads\/2019\/02\/logo-transparent.png","contentUrl":"https:\/\/www.rossinigesellschaft.de\/de\/wp-content\/uploads\/2019\/02\/logo-transparent.png","width":200,"height":86,"caption":"Deutsche Rossini Gesellschaft"},"image":{"@id":"https:\/\/www.rossinigesellschaft.de\/de\/#\/schema\/logo\/image\/"}}]}},"_links":{"self":[{"href":"https:\/\/www.rossinigesellschaft.de\/de\/wp-json\/wp\/v2\/pages\/114","targetHints":{"allow":["GET"]}}],"collection":[{"href":"https:\/\/www.rossinigesellschaft.de\/de\/wp-json\/wp\/v2\/pages"}],"about":[{"href":"https:\/\/www.rossinigesellschaft.de\/de\/wp-json\/wp\/v2\/types\/page"}],"author":[{"embeddable":true,"href":"https:\/\/www.rossinigesellschaft.de\/de\/wp-json\/wp\/v2\/users\/1"}],"replies":[{"embeddable":true,"href":"https:\/\/www.rossinigesellschaft.de\/de\/wp-json\/wp\/v2\/comments?post=114"}],"version-history":[{"count":2,"href":"https:\/\/www.rossinigesellschaft.de\/de\/wp-json\/wp\/v2\/pages\/114\/revisions"}],"predecessor-version":[{"id":117,"href":"https:\/\/www.rossinigesellschaft.de\/de\/wp-json\/wp\/v2\/pages\/114\/revisions\/117"}],"wp:attachment":[{"href":"https:\/\/www.rossinigesellschaft.de\/de\/wp-json\/wp\/v2\/media?parent=114"}],"curies":[{"name":"wp","href":"https:\/\/api.w.org\/{rel}","templated":true}]}}