{"id":111,"date":"2018-12-20T09:58:27","date_gmt":"2018-12-20T08:58:27","guid":{"rendered":"http:\/\/neu.rossinigesellschaft.de\/de\/?page_id=111"},"modified":"2019-03-27T21:50:12","modified_gmt":"2019-03-27T20:50:12","slug":"feuilleton","status":"publish","type":"page","link":"https:\/\/www.rossinigesellschaft.de\/de\/feuilleton\/","title":{"rendered":"Feuilleton"},"content":{"rendered":"<blockquote><p>\u201eLa mia musica \u00e8 per tutto il mondo\u201c<\/p><\/blockquote>\n<p>Bei Rossini paart sich Pragmatismus mit Ambition<\/p>\n<p><span style=\"color: #000000;\">\u201eMeine Musik ist f\u00fcr jedermann\u201d \u2013 schreibt Rossini. Ihm ist wie keinem anderen der Spagat gelungen, f\u00fcr die Zeitgenossen und die Ewigkeit zu schreiben, Musik mit einem ebenso unterhaltenden wie k\u00fcnstlerischen Anspruch zu schaffen. Von den einen als Reaktion\u00e4r verschrien und von den anderen als Neuerer und Vollender der italienischen Oper verehrt, wird Rossini bis heute auf den deutschen B\u00fchnen hier als Operettenersatz, dort als enfant terrible gehandelt. Zu Recht?<\/span><\/p>\n<p>Lesen Sie mehr \u00fcber die\u00a0<a href=\"https:\/\/www.rossinigesellschaft.de\/de\/forschung\/\">Rossini-Forschung<\/a>, entdecken Sie den fr\u00f6hlichen\u00a0<a href=\"https:\/\/www.rossinigesellschaft.de\/de\/kulinaria\/\">Genie\u00dfer der Tafelfreuden<\/a>, erz\u00e4hlen Sie uns von \u201eIhrem\u201d Rossini &#8211; und beteiligen Sie sich an der\u00a0<a href=\"https:\/\/www.rossinigesellschaft.de\/de\/debatte\/\">Debatte<\/a>!<\/p>\n","protected":false},"excerpt":{"rendered":"<p>\u201eLa mia musica \u00e8 per tutto il mondo\u201c Bei Rossini paart sich Pragmatismus mit Ambition \u201eMeine Musik ist f\u00fcr jedermann\u201d \u2013 schreibt Rossini. Ihm ist wie keinem anderen der Spagat gelungen, f\u00fcr die Zeitgenossen und die Ewigkeit zu schreiben, Musik<\/p>\n","protected":false},"author":1,"featured_media":0,"parent":0,"menu_order":0,"comment_status":"closed","ping_status":"closed","template":"page-templates\/feuilleton.php","meta":{"footnotes":""},"class_list":["post-111","page","type-page","status-publish","hentry"],"yoast_head":"<!-- This site is optimized with the Yoast SEO plugin v27.4 - https:\/\/yoast.com\/product\/yoast-seo-wordpress\/ -->\n<title>Feuilleton - Deutsche Rossini Gesellschaft<\/title>\n<meta name=\"robots\" content=\"index, follow, max-snippet:-1, max-image-preview:large, max-video-preview:-1\" \/>\n<link rel=\"canonical\" href=\"https:\/\/www.rossinigesellschaft.de\/de\/feuilleton\/\" \/>\n<meta property=\"og:locale\" content=\"de_DE\" \/>\n<meta property=\"og:type\" content=\"article\" \/>\n<meta property=\"og:title\" content=\"Feuilleton - Deutsche Rossini Gesellschaft\" \/>\n<meta property=\"og:description\" content=\"\u201eLa mia musica \u00e8 per tutto il mondo\u201c Bei Rossini paart sich Pragmatismus mit Ambition \u201eMeine Musik ist f\u00fcr jedermann\u201d \u2013 schreibt Rossini. Ihm ist wie keinem anderen der Spagat gelungen, f\u00fcr die Zeitgenossen und die Ewigkeit zu schreiben, Musik\" \/>\n<meta property=\"og:url\" content=\"https:\/\/www.rossinigesellschaft.de\/de\/feuilleton\/\" \/>\n<meta property=\"og:site_name\" content=\"Deutsche Rossini Gesellschaft\" \/>\n<meta property=\"article:modified_time\" content=\"2019-03-27T20:50:12+00:00\" \/>\n<meta name=\"twitter:card\" content=\"summary_large_image\" \/>\n<meta name=\"twitter:label1\" content=\"Gesch\u00e4tzte Lesezeit\" \/>\n\t<meta name=\"twitter:data1\" content=\"1\u00a0Minute\" \/>\n<script type=\"application\/ld+json\" class=\"yoast-schema-graph\">{\"@context\":\"https:\\\/\\\/schema.org\",\"@graph\":[{\"@type\":\"WebPage\",\"@id\":\"https:\\\/\\\/www.rossinigesellschaft.de\\\/de\\\/feuilleton\\\/\",\"url\":\"https:\\\/\\\/www.rossinigesellschaft.de\\\/de\\\/feuilleton\\\/\",\"name\":\"Feuilleton - Deutsche Rossini Gesellschaft\",\"isPartOf\":{\"@id\":\"https:\\\/\\\/www.rossinigesellschaft.de\\\/de\\\/#website\"},\"datePublished\":\"2018-12-20T08:58:27+00:00\",\"dateModified\":\"2019-03-27T20:50:12+00:00\",\"breadcrumb\":{\"@id\":\"https:\\\/\\\/www.rossinigesellschaft.de\\\/de\\\/feuilleton\\\/#breadcrumb\"},\"inLanguage\":\"de\",\"potentialAction\":[{\"@type\":\"ReadAction\",\"target\":[\"https:\\\/\\\/www.rossinigesellschaft.de\\\/de\\\/feuilleton\\\/\"]}]},{\"@type\":\"BreadcrumbList\",\"@id\":\"https:\\\/\\\/www.rossinigesellschaft.de\\\/de\\\/feuilleton\\\/#breadcrumb\",\"itemListElement\":[{\"@type\":\"ListItem\",\"position\":1,\"name\":\"Startseite\",\"item\":\"https:\\\/\\\/www.rossinigesellschaft.de\\\/de\\\/\"},{\"@type\":\"ListItem\",\"position\":2,\"name\":\"Feuilleton\"}]},{\"@type\":\"WebSite\",\"@id\":\"https:\\\/\\\/www.rossinigesellschaft.de\\\/de\\\/#website\",\"url\":\"https:\\\/\\\/www.rossinigesellschaft.de\\\/de\\\/\",\"name\":\"Deutsche Rossini Gesellschaft\",\"description\":\"\",\"publisher\":{\"@id\":\"https:\\\/\\\/www.rossinigesellschaft.de\\\/de\\\/#organization\"},\"potentialAction\":[{\"@type\":\"SearchAction\",\"target\":{\"@type\":\"EntryPoint\",\"urlTemplate\":\"https:\\\/\\\/www.rossinigesellschaft.de\\\/de\\\/?s={search_term_string}\"},\"query-input\":{\"@type\":\"PropertyValueSpecification\",\"valueRequired\":true,\"valueName\":\"search_term_string\"}}],\"inLanguage\":\"de\"},{\"@type\":\"Organization\",\"@id\":\"https:\\\/\\\/www.rossinigesellschaft.de\\\/de\\\/#organization\",\"name\":\"Deutsche Rossini Gesellschaft\",\"url\":\"https:\\\/\\\/www.rossinigesellschaft.de\\\/de\\\/\",\"logo\":{\"@type\":\"ImageObject\",\"inLanguage\":\"de\",\"@id\":\"https:\\\/\\\/www.rossinigesellschaft.de\\\/de\\\/#\\\/schema\\\/logo\\\/image\\\/\",\"url\":\"https:\\\/\\\/www.rossinigesellschaft.de\\\/de\\\/wp-content\\\/uploads\\\/2019\\\/02\\\/logo-transparent.png\",\"contentUrl\":\"https:\\\/\\\/www.rossinigesellschaft.de\\\/de\\\/wp-content\\\/uploads\\\/2019\\\/02\\\/logo-transparent.png\",\"width\":200,\"height\":86,\"caption\":\"Deutsche Rossini Gesellschaft\"},\"image\":{\"@id\":\"https:\\\/\\\/www.rossinigesellschaft.de\\\/de\\\/#\\\/schema\\\/logo\\\/image\\\/\"}}]}<\/script>\n<!-- \/ Yoast SEO plugin. -->","yoast_head_json":{"title":"Feuilleton - Deutsche Rossini Gesellschaft","robots":{"index":"index","follow":"follow","max-snippet":"max-snippet:-1","max-image-preview":"max-image-preview:large","max-video-preview":"max-video-preview:-1"},"canonical":"https:\/\/www.rossinigesellschaft.de\/de\/feuilleton\/","og_locale":"de_DE","og_type":"article","og_title":"Feuilleton - Deutsche Rossini Gesellschaft","og_description":"\u201eLa mia musica \u00e8 per tutto il mondo\u201c Bei Rossini paart sich Pragmatismus mit Ambition \u201eMeine Musik ist f\u00fcr jedermann\u201d \u2013 schreibt Rossini. Ihm ist wie keinem anderen der Spagat gelungen, f\u00fcr die Zeitgenossen und die Ewigkeit zu schreiben, Musik","og_url":"https:\/\/www.rossinigesellschaft.de\/de\/feuilleton\/","og_site_name":"Deutsche Rossini Gesellschaft","article_modified_time":"2019-03-27T20:50:12+00:00","twitter_card":"summary_large_image","twitter_misc":{"Gesch\u00e4tzte Lesezeit":"1\u00a0Minute"},"schema":{"@context":"https:\/\/schema.org","@graph":[{"@type":"WebPage","@id":"https:\/\/www.rossinigesellschaft.de\/de\/feuilleton\/","url":"https:\/\/www.rossinigesellschaft.de\/de\/feuilleton\/","name":"Feuilleton - Deutsche Rossini Gesellschaft","isPartOf":{"@id":"https:\/\/www.rossinigesellschaft.de\/de\/#website"},"datePublished":"2018-12-20T08:58:27+00:00","dateModified":"2019-03-27T20:50:12+00:00","breadcrumb":{"@id":"https:\/\/www.rossinigesellschaft.de\/de\/feuilleton\/#breadcrumb"},"inLanguage":"de","potentialAction":[{"@type":"ReadAction","target":["https:\/\/www.rossinigesellschaft.de\/de\/feuilleton\/"]}]},{"@type":"BreadcrumbList","@id":"https:\/\/www.rossinigesellschaft.de\/de\/feuilleton\/#breadcrumb","itemListElement":[{"@type":"ListItem","position":1,"name":"Startseite","item":"https:\/\/www.rossinigesellschaft.de\/de\/"},{"@type":"ListItem","position":2,"name":"Feuilleton"}]},{"@type":"WebSite","@id":"https:\/\/www.rossinigesellschaft.de\/de\/#website","url":"https:\/\/www.rossinigesellschaft.de\/de\/","name":"Deutsche Rossini Gesellschaft","description":"","publisher":{"@id":"https:\/\/www.rossinigesellschaft.de\/de\/#organization"},"potentialAction":[{"@type":"SearchAction","target":{"@type":"EntryPoint","urlTemplate":"https:\/\/www.rossinigesellschaft.de\/de\/?s={search_term_string}"},"query-input":{"@type":"PropertyValueSpecification","valueRequired":true,"valueName":"search_term_string"}}],"inLanguage":"de"},{"@type":"Organization","@id":"https:\/\/www.rossinigesellschaft.de\/de\/#organization","name":"Deutsche Rossini Gesellschaft","url":"https:\/\/www.rossinigesellschaft.de\/de\/","logo":{"@type":"ImageObject","inLanguage":"de","@id":"https:\/\/www.rossinigesellschaft.de\/de\/#\/schema\/logo\/image\/","url":"https:\/\/www.rossinigesellschaft.de\/de\/wp-content\/uploads\/2019\/02\/logo-transparent.png","contentUrl":"https:\/\/www.rossinigesellschaft.de\/de\/wp-content\/uploads\/2019\/02\/logo-transparent.png","width":200,"height":86,"caption":"Deutsche Rossini Gesellschaft"},"image":{"@id":"https:\/\/www.rossinigesellschaft.de\/de\/#\/schema\/logo\/image\/"}}]}},"_links":{"self":[{"href":"https:\/\/www.rossinigesellschaft.de\/de\/wp-json\/wp\/v2\/pages\/111","targetHints":{"allow":["GET"]}}],"collection":[{"href":"https:\/\/www.rossinigesellschaft.de\/de\/wp-json\/wp\/v2\/pages"}],"about":[{"href":"https:\/\/www.rossinigesellschaft.de\/de\/wp-json\/wp\/v2\/types\/page"}],"author":[{"embeddable":true,"href":"https:\/\/www.rossinigesellschaft.de\/de\/wp-json\/wp\/v2\/users\/1"}],"replies":[{"embeddable":true,"href":"https:\/\/www.rossinigesellschaft.de\/de\/wp-json\/wp\/v2\/comments?post=111"}],"version-history":[{"count":3,"href":"https:\/\/www.rossinigesellschaft.de\/de\/wp-json\/wp\/v2\/pages\/111\/revisions"}],"predecessor-version":[{"id":332,"href":"https:\/\/www.rossinigesellschaft.de\/de\/wp-json\/wp\/v2\/pages\/111\/revisions\/332"}],"wp:attachment":[{"href":"https:\/\/www.rossinigesellschaft.de\/de\/wp-json\/wp\/v2\/media?parent=111"}],"curies":[{"name":"wp","href":"https:\/\/api.w.org\/{rel}","templated":true}]}}