{"id":104,"date":"2018-12-20T09:55:58","date_gmt":"2018-12-20T08:55:58","guid":{"rendered":"http:\/\/neu.rossinigesellschaft.de\/de\/?page_id=104"},"modified":"2019-09-16T12:01:56","modified_gmt":"2019-09-16T10:01:56","slug":"ehrenpraesident","status":"publish","type":"page","link":"https:\/\/www.rossinigesellschaft.de\/de\/ehrenpraesident\/","title":{"rendered":"Ehrenpr\u00e4sident"},"content":{"rendered":"<blockquote><p>\u201eLeidenschaft und Begeisterung teilen\u201c<\/p><\/blockquote>\n<p style=\"text-align: center;\">Wir trauern um unseren Ehrenpr\u00e4sidenten,<br \/>\nder uns am 6. M\u00e4rz 2017, in seinem 90. Lebensjahr, verlassen hat.<\/p>\n<p>&nbsp;<\/p>\n<p style=\"text-align: center;\"><strong>Besuchen Sie die neue Website <a href=\"http:\/\/www.albertozedda.com\/\" target=\"_blank\" rel=\"noopener noreferrer\">www.albertozedda.com<\/a><\/strong><\/p>\n<p>&nbsp;<\/p>\n<p><span class=\"style10\">Alberto Zedda bei der Ernennung zum Ehrenpr\u00e4sidenten der DRG<\/span><\/p>\n<p>Der Rossinischen Musik die richtige Lebenskraft einzufl\u00f6ssen \u2013 darin besteht das einzigartige Verdienst des Musikwissenschaftlers, Autors, Lehrers und Dirigenten Alberto Zedda. Von 1980 bis 1992, den \u201egoldenen Jahren\u201d der Rossini Renaissance, ist er k\u00fcnstlerischer Berater des Rossini Opera Festivals in Pesaro, und seit 2001 sein K\u00fcnstlerischer Leiter. Er ist der \u201eKutscher eines feurigen Gespanns, der seinen Pferden mal freien Lauf l\u00e4sst oder sie in engen Z\u00fcgeln h\u00e4lt und damit in einem abwechslungsreichen Spannungsverh\u00e4ltnis f\u00fcr eine perfekte Fahrt sorgt\u201d (Reto M\u00fcller). Wenn Zedda auf das Podium steigt, spr\u00fcht er vor jugendlicher Kraft, \u00fcbertr\u00e4gt seine Begeisterung auf die Interpreten und l\u00e4sst das Publikum aus dem H\u00e4uschen geraten. \u201eEigentlich sieht Alberto Zedda aus wie ein Komiker in einer Kom\u00f6die von Eduardo de Filippo; aber wenn er mit ausladender plastischer K\u00f6rpersprache Rossini dirigiert, dann explodiert der kleine hagere Mann f\u00f6rmlich. Man sieht: er ist in seinem Element\u201d, schreibt Dieter Kranz.<\/p>\n<div id='gallery-1' class='gallery galleryid-104 gallery-columns-4 gallery-size-medium'><figure class='gallery-item'>\n\t\t\t<div class='gallery-icon landscape'>\n\t\t\t\t<a href='https:\/\/www.rossinigesellschaft.de\/de\/ehrenpraesident\/zedda_01\/'><img loading=\"lazy\" decoding=\"async\" width=\"300\" height=\"197\" src=\"https:\/\/www.rossinigesellschaft.de\/de\/wp-content\/uploads\/2018\/12\/zedda_01-300x197.jpg\" class=\"attachment-medium size-medium\" alt=\"\" srcset=\"https:\/\/www.rossinigesellschaft.de\/de\/wp-content\/uploads\/2018\/12\/zedda_01-300x197.jpg 300w, https:\/\/www.rossinigesellschaft.de\/de\/wp-content\/uploads\/2018\/12\/zedda_01.jpg 449w\" sizes=\"auto, (max-width: 300px) 100vw, 300px\" \/><\/a>\n\t\t\t<\/div><\/figure><figure class='gallery-item'>\n\t\t\t<div class='gallery-icon landscape'>\n\t\t\t\t<a href='https:\/\/www.rossinigesellschaft.de\/de\/ehrenpraesident\/zedda_02\/'><img loading=\"lazy\" decoding=\"async\" width=\"300\" height=\"198\" src=\"https:\/\/www.rossinigesellschaft.de\/de\/wp-content\/uploads\/2018\/12\/zedda_02-300x198.jpg\" class=\"attachment-medium size-medium\" alt=\"\" srcset=\"https:\/\/www.rossinigesellschaft.de\/de\/wp-content\/uploads\/2018\/12\/zedda_02-300x198.jpg 300w, https:\/\/www.rossinigesellschaft.de\/de\/wp-content\/uploads\/2018\/12\/zedda_02.jpg 446w\" sizes=\"auto, (max-width: 300px) 100vw, 300px\" \/><\/a>\n\t\t\t<\/div><\/figure><figure class='gallery-item'>\n\t\t\t<div class='gallery-icon landscape'>\n\t\t\t\t<a href='https:\/\/www.rossinigesellschaft.de\/de\/ehrenpraesident\/zedda_03\/'><img loading=\"lazy\" decoding=\"async\" width=\"300\" height=\"198\" src=\"https:\/\/www.rossinigesellschaft.de\/de\/wp-content\/uploads\/2018\/12\/zedda_03-300x198.jpg\" class=\"attachment-medium size-medium\" alt=\"\" srcset=\"https:\/\/www.rossinigesellschaft.de\/de\/wp-content\/uploads\/2018\/12\/zedda_03-300x198.jpg 300w, https:\/\/www.rossinigesellschaft.de\/de\/wp-content\/uploads\/2018\/12\/zedda_03.jpg 446w\" sizes=\"auto, (max-width: 300px) 100vw, 300px\" \/><\/a>\n\t\t\t<\/div><\/figure><figure class='gallery-item'>\n\t\t\t<div class='gallery-icon landscape'>\n\t\t\t\t<a href='https:\/\/www.rossinigesellschaft.de\/de\/ehrenpraesident\/zedda_04\/'><img loading=\"lazy\" decoding=\"async\" width=\"300\" height=\"199\" src=\"https:\/\/www.rossinigesellschaft.de\/de\/wp-content\/uploads\/2018\/12\/zedda_04-300x199.jpg\" class=\"attachment-medium size-medium\" alt=\"\" srcset=\"https:\/\/www.rossinigesellschaft.de\/de\/wp-content\/uploads\/2018\/12\/zedda_04-300x199.jpg 300w, https:\/\/www.rossinigesellschaft.de\/de\/wp-content\/uploads\/2018\/12\/zedda_04.jpg 445w\" sizes=\"auto, (max-width: 300px) 100vw, 300px\" \/><\/a>\n\t\t\t<\/div><\/figure>\n\t\t<\/div>\n\n<p><em>Alberto Zedda w\u00e4hrend der Probe zu &#8222;Semiramide&#8220; an der Deutschen Oper Berlin (Mai 2003)<\/em><\/p>\n<p>&nbsp;<\/p>\n<p>In L\u00fcttich wird Alberto Zedda im M\u00e4rz 2000 zum Ehrenpr\u00e4sidenten der Deutschen Rossini Gesellschaft ernannt.<\/p>\n<ul>\n<li>Ernennung zum korrespondierenden Mitglied der<em>\u00a0Real Academia Sevillana de Buenas Letras<\/em>, mit der Antrittsvorlesung &#8222;Sevilla, Rossini und das Sch\u00f6ne&#8220;, 18. Oktober 2013 in\u00a0<a href=\"http:\/\/academiasevillanadebuenasletras.org\/index.php\/agenda\" target=\"_blank\" rel=\"noopener noreferrer\">Sevilla<\/a><\/li>\n<li>Geburtstagskarte zum 2. Januar 2013\u00a0<a href=\"http:\/\/www.rossinigesellschaft.de\/members\/azedda\/AZ_85.jpg\" target=\"_blank\" rel=\"noopener noreferrer\" data-lbwps-width=\"5120\" data-lbwps-height=\"3413\" data-lbwps-srcsmall=\"http:\/\/www.rossinigesellschaft.de\/members\/azedda\/AZ_85.jpg\">JPG<\/a>\u00a0(3698 kb)<\/li>\n<li>&#8222;Spezialpreis f\u00fcr eine Karriere&#8220; der\u00a0<a href=\"http:\/\/premiosliricos.com\/premiados-de-la-6-edicion-de-los-premios-liricos-teatro-campoamor-ano-2011\/premiados\/index\/2012\" target=\"_blank\" rel=\"noopener noreferrer\">Fundaci\u00f3n Premio L\u00edricos Teatro Campoamor<\/a>, Dezember 2012<\/li>\n<li>Alberto Zedda,\u00a0<em>Divagazioni rossiniane<\/em>\u00a0<a href=\"http:\/\/www.rossinigesellschaft.de\/dat\/pdf\/D05_Mariotti_Zedda-Exkurse.pdf\">Buchpr\u00e4sentation von Gianfranco Mariotti\u00a0<\/a>(PDF 358 kB);\u00a0<a href=\"http:\/\/www.rossinigesellschaft.de\/dat\/pdf\/D05_Divagazioni_Recensioni.pdf\" target=\"_blank\" rel=\"noopener noreferrer\">Rezensionen<\/a>\u00a0(it, PDF 912 kB)<\/li>\n<li>Ansprache in Gent\u00a0<a href=\"http:\/\/www.rossinigesellschaft.de\/members\/azedda\/azedda_Gent2011_d.html\" target=\"_blank\" rel=\"noopener noreferrer\">Rossini und Deutschland<\/a><\/li>\n<li>Herzlichen Gl\u00fcckwunsch, Maestro!\u00a0<a href=\"http:\/\/www.rossinigesellschaft.de\/dat\/pdf\/D05_07LaGazzetta4-6.pdf\" target=\"_blank\" rel=\"noopener noreferrer\">Download PDF<\/a>\u00a0(144 kB)<\/li>\n<li>Verleihung der Ehrendoktorw\u00fcrde\u00a0<a href=\"http:\/\/www.unimc.it\/UniMacerata\/Stampa\/Comunicati2007\/2007_11_21.htm\" target=\"_blank\" rel=\"noopener noreferrer\">Universit\u00e4t von Macerata<\/a>\u00a0(it.)<\/li>\n<li>\u00dcbergabe eine Rossini-B\u00fcste\u00a0\u00a0<a href=\"http:\/\/www.rossinigesellschaft.de\/d03b_aktivitaetenPast.htm\" target=\"_blank\" rel=\"noopener noreferrer\">R\u00fcckblick<\/a>\u00a0(104 kB)<\/li>\n<li>Ernennung zum Ehrenpr\u00e4sidenten\u00a0\u00a0<a href=\"http:\/\/www.rossinigesellschaft.de\/dat\/pdf\/D05-Zedda.PDF\" target=\"_blank\" rel=\"noopener noreferrer\">Download PDF<\/a>\u00a0(104 kB)<\/li>\n<\/ul>\n<p>&nbsp;<\/p>\n<ul>\n<li>Erinnerung an Rodolfo Celletti \u00a0<a href=\"http:\/\/www.rossinigesellschaft.de\/dat\/pdf\/D05-Zedda_Celletti_d.pdf\">Download PDF<\/a> (114 kB)<\/li>\n<li>Zedda bei\u00a0<img loading=\"lazy\" decoding=\"async\" src=\"http:\/\/www.rossinigesellschaft.de\/img\/E03_debatte\/belcantissimo_blog.jpg\" width=\"193\" height=\"23\" \/>\u00a0(Auswahl)<\/li>\n<li>Zedda dirigiert\u00a0<em>Petite Messe solennelle\u00a0<\/em>in Moskau\u00a0<a href=\"http:\/\/belcantissimo.blogspot.de\/2012\/10\/alberto-zedda-dirigiert-ein-bericht-aus.html\" target=\"_blank\" rel=\"noopener noreferrer\">&gt;&gt;<\/a><\/li>\n<li>Zedda und Rossini: Leidenschaft &amp; Begeisterung\u00a0<a href=\"http:\/\/belcantissimo.blogspot.de\/2012\/08\/alberto-zedda-und-gioachino-rossini.html\" target=\"_blank\" rel=\"noopener noreferrer\">&gt;&gt;<\/a><\/li>\n<\/ul>\n<p>&nbsp;<\/p>\n<p class=\"style12\">Ausgew\u00e4hlte Veranstaltungen:<\/p>\n<ul>\n<li>6. Januar 2018:\u00a0<em>Rossini-Gala, Hommage an Alberto Zedda<\/em>\u00a0in\u00a0<a href=\"https:\/\/operaballet.be\/en\/programme\/2017-2018\/rossini-gala\/team#tab\" target=\"_blank\" rel=\"noopener noreferrer\">Antwerpen<\/a><\/li>\n<\/ul>\n<p>&nbsp;<\/p>\n<p><a href=\"http:\/\/www.rossinigesellschaft.de\/members\/azedda\/zeddaaktivd.html\" target=\"_blank\" rel=\"noopener noreferrer\">Werk und Aktivit\u00e4ten<\/a><\/p>\n","protected":false},"excerpt":{"rendered":"<p>\u201eLeidenschaft und Begeisterung teilen\u201c Wir trauern um unseren Ehrenpr\u00e4sidenten, der uns am 6. M\u00e4rz 2017, in seinem 90. Lebensjahr, verlassen hat. &nbsp; Besuchen Sie die neue Website www.albertozedda.com &nbsp; Alberto Zedda bei der Ernennung zum Ehrenpr\u00e4sidenten der DRG Der Rossinischen<\/p>\n","protected":false},"author":1,"featured_media":0,"parent":0,"menu_order":0,"comment_status":"closed","ping_status":"closed","template":"page-templates\/gesellschaft.php","meta":{"footnotes":""},"class_list":["post-104","page","type-page","status-publish","hentry"],"yoast_head":"<!-- This site is optimized with the Yoast SEO plugin v27.4 - https:\/\/yoast.com\/product\/yoast-seo-wordpress\/ -->\n<title>Ehrenpr\u00e4sident - Deutsche Rossini Gesellschaft<\/title>\n<meta name=\"robots\" content=\"index, follow, max-snippet:-1, max-image-preview:large, max-video-preview:-1\" \/>\n<link rel=\"canonical\" href=\"https:\/\/www.rossinigesellschaft.de\/de\/ehrenpraesident\/\" \/>\n<meta property=\"og:locale\" content=\"de_DE\" \/>\n<meta property=\"og:type\" content=\"article\" \/>\n<meta property=\"og:title\" content=\"Ehrenpr\u00e4sident - Deutsche Rossini Gesellschaft\" \/>\n<meta property=\"og:description\" content=\"\u201eLeidenschaft und Begeisterung teilen\u201c Wir trauern um unseren Ehrenpr\u00e4sidenten, der uns am 6. M\u00e4rz 2017, in seinem 90. Lebensjahr, verlassen hat. &nbsp; Besuchen Sie die neue Website www.albertozedda.com &nbsp; Alberto Zedda bei der Ernennung zum Ehrenpr\u00e4sidenten der DRG Der Rossinischen\" \/>\n<meta property=\"og:url\" content=\"https:\/\/www.rossinigesellschaft.de\/de\/ehrenpraesident\/\" \/>\n<meta property=\"og:site_name\" content=\"Deutsche Rossini Gesellschaft\" \/>\n<meta property=\"article:modified_time\" content=\"2019-09-16T10:01:56+00:00\" \/>\n<meta property=\"og:image\" content=\"https:\/\/www.rossinigesellschaft.de\/de\/wp-content\/uploads\/2018\/12\/zedda_01-300x197.jpg\" \/>\n<meta name=\"twitter:card\" content=\"summary_large_image\" \/>\n<meta name=\"twitter:label1\" content=\"Gesch\u00e4tzte Lesezeit\" \/>\n\t<meta name=\"twitter:data1\" content=\"2\u00a0Minuten\" \/>\n<script type=\"application\/ld+json\" class=\"yoast-schema-graph\">{\"@context\":\"https:\\\/\\\/schema.org\",\"@graph\":[{\"@type\":\"WebPage\",\"@id\":\"https:\\\/\\\/www.rossinigesellschaft.de\\\/de\\\/ehrenpraesident\\\/\",\"url\":\"https:\\\/\\\/www.rossinigesellschaft.de\\\/de\\\/ehrenpraesident\\\/\",\"name\":\"Ehrenpr\u00e4sident - Deutsche Rossini Gesellschaft\",\"isPartOf\":{\"@id\":\"https:\\\/\\\/www.rossinigesellschaft.de\\\/de\\\/#website\"},\"primaryImageOfPage\":{\"@id\":\"https:\\\/\\\/www.rossinigesellschaft.de\\\/de\\\/ehrenpraesident\\\/#primaryimage\"},\"image\":{\"@id\":\"https:\\\/\\\/www.rossinigesellschaft.de\\\/de\\\/ehrenpraesident\\\/#primaryimage\"},\"thumbnailUrl\":\"http:\\\/\\\/www.rossinigesellschaft.de\\\/img\\\/E03_debatte\\\/belcantissimo_blog.jpg\",\"datePublished\":\"2018-12-20T08:55:58+00:00\",\"dateModified\":\"2019-09-16T10:01:56+00:00\",\"breadcrumb\":{\"@id\":\"https:\\\/\\\/www.rossinigesellschaft.de\\\/de\\\/ehrenpraesident\\\/#breadcrumb\"},\"inLanguage\":\"de\",\"potentialAction\":[{\"@type\":\"ReadAction\",\"target\":[\"https:\\\/\\\/www.rossinigesellschaft.de\\\/de\\\/ehrenpraesident\\\/\"]}]},{\"@type\":\"ImageObject\",\"inLanguage\":\"de\",\"@id\":\"https:\\\/\\\/www.rossinigesellschaft.de\\\/de\\\/ehrenpraesident\\\/#primaryimage\",\"url\":\"http:\\\/\\\/www.rossinigesellschaft.de\\\/img\\\/E03_debatte\\\/belcantissimo_blog.jpg\",\"contentUrl\":\"http:\\\/\\\/www.rossinigesellschaft.de\\\/img\\\/E03_debatte\\\/belcantissimo_blog.jpg\"},{\"@type\":\"BreadcrumbList\",\"@id\":\"https:\\\/\\\/www.rossinigesellschaft.de\\\/de\\\/ehrenpraesident\\\/#breadcrumb\",\"itemListElement\":[{\"@type\":\"ListItem\",\"position\":1,\"name\":\"Startseite\",\"item\":\"https:\\\/\\\/www.rossinigesellschaft.de\\\/de\\\/\"},{\"@type\":\"ListItem\",\"position\":2,\"name\":\"Ehrenpr\u00e4sident\"}]},{\"@type\":\"WebSite\",\"@id\":\"https:\\\/\\\/www.rossinigesellschaft.de\\\/de\\\/#website\",\"url\":\"https:\\\/\\\/www.rossinigesellschaft.de\\\/de\\\/\",\"name\":\"Deutsche Rossini Gesellschaft\",\"description\":\"\",\"publisher\":{\"@id\":\"https:\\\/\\\/www.rossinigesellschaft.de\\\/de\\\/#organization\"},\"potentialAction\":[{\"@type\":\"SearchAction\",\"target\":{\"@type\":\"EntryPoint\",\"urlTemplate\":\"https:\\\/\\\/www.rossinigesellschaft.de\\\/de\\\/?s={search_term_string}\"},\"query-input\":{\"@type\":\"PropertyValueSpecification\",\"valueRequired\":true,\"valueName\":\"search_term_string\"}}],\"inLanguage\":\"de\"},{\"@type\":\"Organization\",\"@id\":\"https:\\\/\\\/www.rossinigesellschaft.de\\\/de\\\/#organization\",\"name\":\"Deutsche Rossini Gesellschaft\",\"url\":\"https:\\\/\\\/www.rossinigesellschaft.de\\\/de\\\/\",\"logo\":{\"@type\":\"ImageObject\",\"inLanguage\":\"de\",\"@id\":\"https:\\\/\\\/www.rossinigesellschaft.de\\\/de\\\/#\\\/schema\\\/logo\\\/image\\\/\",\"url\":\"https:\\\/\\\/www.rossinigesellschaft.de\\\/de\\\/wp-content\\\/uploads\\\/2019\\\/02\\\/logo-transparent.png\",\"contentUrl\":\"https:\\\/\\\/www.rossinigesellschaft.de\\\/de\\\/wp-content\\\/uploads\\\/2019\\\/02\\\/logo-transparent.png\",\"width\":200,\"height\":86,\"caption\":\"Deutsche Rossini Gesellschaft\"},\"image\":{\"@id\":\"https:\\\/\\\/www.rossinigesellschaft.de\\\/de\\\/#\\\/schema\\\/logo\\\/image\\\/\"}}]}<\/script>\n<!-- \/ Yoast SEO plugin. -->","yoast_head_json":{"title":"Ehrenpr\u00e4sident - Deutsche Rossini Gesellschaft","robots":{"index":"index","follow":"follow","max-snippet":"max-snippet:-1","max-image-preview":"max-image-preview:large","max-video-preview":"max-video-preview:-1"},"canonical":"https:\/\/www.rossinigesellschaft.de\/de\/ehrenpraesident\/","og_locale":"de_DE","og_type":"article","og_title":"Ehrenpr\u00e4sident - Deutsche Rossini Gesellschaft","og_description":"\u201eLeidenschaft und Begeisterung teilen\u201c Wir trauern um unseren Ehrenpr\u00e4sidenten, der uns am 6. M\u00e4rz 2017, in seinem 90. Lebensjahr, verlassen hat. &nbsp; Besuchen Sie die neue Website www.albertozedda.com &nbsp; Alberto Zedda bei der Ernennung zum Ehrenpr\u00e4sidenten der DRG Der Rossinischen","og_url":"https:\/\/www.rossinigesellschaft.de\/de\/ehrenpraesident\/","og_site_name":"Deutsche Rossini Gesellschaft","article_modified_time":"2019-09-16T10:01:56+00:00","og_image":[{"url":"https:\/\/www.rossinigesellschaft.de\/de\/wp-content\/uploads\/2018\/12\/zedda_01-300x197.jpg","type":"","width":"","height":""}],"twitter_card":"summary_large_image","twitter_misc":{"Gesch\u00e4tzte Lesezeit":"2\u00a0Minuten"},"schema":{"@context":"https:\/\/schema.org","@graph":[{"@type":"WebPage","@id":"https:\/\/www.rossinigesellschaft.de\/de\/ehrenpraesident\/","url":"https:\/\/www.rossinigesellschaft.de\/de\/ehrenpraesident\/","name":"Ehrenpr\u00e4sident - Deutsche Rossini Gesellschaft","isPartOf":{"@id":"https:\/\/www.rossinigesellschaft.de\/de\/#website"},"primaryImageOfPage":{"@id":"https:\/\/www.rossinigesellschaft.de\/de\/ehrenpraesident\/#primaryimage"},"image":{"@id":"https:\/\/www.rossinigesellschaft.de\/de\/ehrenpraesident\/#primaryimage"},"thumbnailUrl":"http:\/\/www.rossinigesellschaft.de\/img\/E03_debatte\/belcantissimo_blog.jpg","datePublished":"2018-12-20T08:55:58+00:00","dateModified":"2019-09-16T10:01:56+00:00","breadcrumb":{"@id":"https:\/\/www.rossinigesellschaft.de\/de\/ehrenpraesident\/#breadcrumb"},"inLanguage":"de","potentialAction":[{"@type":"ReadAction","target":["https:\/\/www.rossinigesellschaft.de\/de\/ehrenpraesident\/"]}]},{"@type":"ImageObject","inLanguage":"de","@id":"https:\/\/www.rossinigesellschaft.de\/de\/ehrenpraesident\/#primaryimage","url":"http:\/\/www.rossinigesellschaft.de\/img\/E03_debatte\/belcantissimo_blog.jpg","contentUrl":"http:\/\/www.rossinigesellschaft.de\/img\/E03_debatte\/belcantissimo_blog.jpg"},{"@type":"BreadcrumbList","@id":"https:\/\/www.rossinigesellschaft.de\/de\/ehrenpraesident\/#breadcrumb","itemListElement":[{"@type":"ListItem","position":1,"name":"Startseite","item":"https:\/\/www.rossinigesellschaft.de\/de\/"},{"@type":"ListItem","position":2,"name":"Ehrenpr\u00e4sident"}]},{"@type":"WebSite","@id":"https:\/\/www.rossinigesellschaft.de\/de\/#website","url":"https:\/\/www.rossinigesellschaft.de\/de\/","name":"Deutsche Rossini Gesellschaft","description":"","publisher":{"@id":"https:\/\/www.rossinigesellschaft.de\/de\/#organization"},"potentialAction":[{"@type":"SearchAction","target":{"@type":"EntryPoint","urlTemplate":"https:\/\/www.rossinigesellschaft.de\/de\/?s={search_term_string}"},"query-input":{"@type":"PropertyValueSpecification","valueRequired":true,"valueName":"search_term_string"}}],"inLanguage":"de"},{"@type":"Organization","@id":"https:\/\/www.rossinigesellschaft.de\/de\/#organization","name":"Deutsche Rossini Gesellschaft","url":"https:\/\/www.rossinigesellschaft.de\/de\/","logo":{"@type":"ImageObject","inLanguage":"de","@id":"https:\/\/www.rossinigesellschaft.de\/de\/#\/schema\/logo\/image\/","url":"https:\/\/www.rossinigesellschaft.de\/de\/wp-content\/uploads\/2019\/02\/logo-transparent.png","contentUrl":"https:\/\/www.rossinigesellschaft.de\/de\/wp-content\/uploads\/2019\/02\/logo-transparent.png","width":200,"height":86,"caption":"Deutsche Rossini Gesellschaft"},"image":{"@id":"https:\/\/www.rossinigesellschaft.de\/de\/#\/schema\/logo\/image\/"}}]}},"_links":{"self":[{"href":"https:\/\/www.rossinigesellschaft.de\/de\/wp-json\/wp\/v2\/pages\/104","targetHints":{"allow":["GET"]}}],"collection":[{"href":"https:\/\/www.rossinigesellschaft.de\/de\/wp-json\/wp\/v2\/pages"}],"about":[{"href":"https:\/\/www.rossinigesellschaft.de\/de\/wp-json\/wp\/v2\/types\/page"}],"author":[{"embeddable":true,"href":"https:\/\/www.rossinigesellschaft.de\/de\/wp-json\/wp\/v2\/users\/1"}],"replies":[{"embeddable":true,"href":"https:\/\/www.rossinigesellschaft.de\/de\/wp-json\/wp\/v2\/comments?post=104"}],"version-history":[{"count":4,"href":"https:\/\/www.rossinigesellschaft.de\/de\/wp-json\/wp\/v2\/pages\/104\/revisions"}],"predecessor-version":[{"id":676,"href":"https:\/\/www.rossinigesellschaft.de\/de\/wp-json\/wp\/v2\/pages\/104\/revisions\/676"}],"wp:attachment":[{"href":"https:\/\/www.rossinigesellschaft.de\/de\/wp-json\/wp\/v2\/media?parent=104"}],"curies":[{"name":"wp","href":"https:\/\/api.w.org\/{rel}","templated":true}]}}