{"id":101,"date":"2018-12-20T09:50:16","date_gmt":"2018-12-20T08:50:16","guid":{"rendered":"http:\/\/neu.rossinigesellschaft.de\/de\/?page_id=101"},"modified":"2026-03-09T19:55:52","modified_gmt":"2026-03-09T18:55:52","slug":"mitglieder","status":"publish","type":"page","link":"https:\/\/www.rossinigesellschaft.de\/de\/mitglieder\/","title":{"rendered":"Mitglieder"},"content":{"rendered":"<blockquote><p>\u201eSto scrivendo come un disperato\u201c<\/p><\/blockquote>\n<p align=\"left\"><span class=\"style1 style5 \"><span class=\"style10\">&#8222;Ich komponiere wie ein Verr\u00fcckter&#8220; \u2013 Gioachino Rossini 1813<\/span><\/span><\/p>\n<p>&nbsp;<\/p>\n<p>Wir lassen uns von Rossini und seiner Musik begeistern. Alles bleibt in Bewegung, um rossinisches Lebensgef\u00fchl auszudr\u00fccken. Eines ist sicher: Ein gewisses Ma\u00df an Verr\u00fccktheit geh\u00f6rt dazu!<\/p>\n<p>Klingt reizvoll? Profitieren Sie von einer Mitgliedschaft: als Mitglied der Deutschen Rossini Gesellschaft erhalten Sie mindestens dreimal j\u00e4hrlich das \u201eMitteilungsblatt\u201c mit aktuellen Informationen sowie die Zeitschrift \u201eLa Gazzetta\u201c mit Forschungsbeitr\u00e4gen und Buchbesprechungen. Zudem profitieren Sie von Sonderangeboten, wie z.B. verg\u00fcnstigten Eintrittskarten.<\/p>\n<p>Der Jahresmindestbeitrag betr\u00e4gt f\u00fcr Einzelmitglieder 30 Euro, f\u00fcr Partnermitglieder 45 Euro; weitere Spenden sind willkommen! Die Mitgliedschaft wird durch\u00a0<a href=\"http:\/\/www.rossinigesellschaft.de\/soc\/anmeldd.html\" target=\"_blank\" rel=\"noopener noreferrer\">schriftliche Beitrittserkl\u00e4rung<\/a>\u00a0erworben.<\/p>\n<p><strong>Ehrenmitglied<\/strong><\/p>\n<p><a href=\"http:\/\/www.rossinigesellschaft.de\/dat\/pdf\/D04_RiW_Ehrenmitglied.pdf\" target=\"_blank\" rel=\"noopener noreferrer\">Bad Wildbad<\/a>\u00a0(PDF, 429kb)\u00a0<em><a href=\"http:\/\/www.rossini-in-wildbad.de\/\" target=\"_blank\" rel=\"noopener noreferrer\">&#8211; Rossini in Wildbad<\/a><\/em>\u00a0(ted.\/ingl.)<\/p>\n<p>&nbsp;<\/p>\n<p><strong><span class=\"style11\">Gegenseitige Vereinsmitgliedschaft<\/span><\/strong><\/p>\n<p><a href=\"https:\/\/www.akira-rossiniana.org\/%E5%8D%94%E4%BC%9A%E3%81%AE%E6%B4%BB%E5%8B%95\/\" target=\"_blank\" rel=\"noopener noreferrer\">Japanische Rossini Gesellschaft<\/a>\u00a0(in japanischer Sprache)<\/p>\n<p><a href=\"http:\/\/www.rossiniamerica.org\/ars\/\" target=\"_blank\" rel=\"noopener noreferrer\">American Rossini Society<\/a>\u00a0(engl.)<\/p>\n<p>Freunde der Musik Gaetano Donizettis (Wien)<\/p>\n<p><a href=\"http:\/\/www.simon-mayr.de\/\" target=\"_blank\" rel=\"noopener noreferrer\">Internationale Simon Mayr-Gesellschaft e. V.<\/a><\/p>\n<p><a href=\"http:\/\/www.luigicherubini.de\/\" target=\"_blank\" rel=\"noopener noreferrer\">Internationale Cherubini-Gesellschaft e. V.<\/a><\/p>\n<p><a href=\"https:\/\/meyerbeer-gesellschaft.de\/\" target=\"_blank\" rel=\"noopener\">Giacomo-Meyerbeer-Gesellschaft e. V.<\/a><\/p>\n<p><a href=\"http:\/\/www.niedermeyer-nyon.ch\/\" target=\"_blank\" rel=\"noopener noreferrer\">Association Niedermeyer<\/a><\/p>\n<p><a href=\"http:\/\/www.servais-vzw.org\/index.php?de\" target=\"_blank\" rel=\"noopener noreferrer\">Servais vzw<\/a><\/p>\n<p><a href=\"http:\/\/www.j-o-g.org\/\" target=\"_blank\" rel=\"noopener noreferrer\">Jacques-Offenbach-Gesellschaft e. V.<\/a><\/p>\n<p><a href=\"https:\/\/arthursullivan.de\/\" target=\"_blank\" rel=\"noopener noreferrer\">Deutsche Sullivan-Gesellschaft e. V.<\/a><\/p>\n<p><a href=\"http:\/\/www.kurtheater.com\/\" target=\"_blank\" rel=\"noopener noreferrer\">F\u00f6rderverein Kurtheater Wildbad e. V.<\/a><\/p>\n<p>&nbsp;<\/p>\n<p class=\"style11\"><strong>Mitgliederseite<\/strong><\/p>\n<p><a href=\"http:\/\/www.rossinigesellschaft.de\/soc\/membersd.html\" target=\"_blank\" rel=\"noopener noreferrer\">Mitgliederseite<\/a><\/p>\n<p>Serviceleistungen f\u00fcr Mitglieder\u00a0<a href=\"http:\/\/www.rossinigesellschaft.de\/dat\/pdf\/D04_Serviceleistungen.pdf\">Download PDF<\/a>\u00a0(149 kB)<\/p>\n","protected":false},"excerpt":{"rendered":"<p>\u201eSto scrivendo come un disperato\u201c &#8222;Ich komponiere wie ein Verr\u00fcckter&#8220; \u2013 Gioachino Rossini 1813 &nbsp; Wir lassen uns von Rossini und seiner Musik begeistern. Alles bleibt in Bewegung, um rossinisches Lebensgef\u00fchl auszudr\u00fccken. Eines ist sicher: Ein gewisses Ma\u00df an Verr\u00fccktheit<\/p>\n","protected":false},"author":1,"featured_media":0,"parent":0,"menu_order":0,"comment_status":"closed","ping_status":"closed","template":"page-templates\/gesellschaft.php","meta":{"footnotes":""},"class_list":["post-101","page","type-page","status-publish","hentry"],"yoast_head":"<!-- This site is optimized with the Yoast SEO plugin v27.4 - https:\/\/yoast.com\/product\/yoast-seo-wordpress\/ -->\n<title>Mitglieder - Deutsche Rossini Gesellschaft<\/title>\n<meta name=\"robots\" content=\"index, follow, max-snippet:-1, max-image-preview:large, max-video-preview:-1\" \/>\n<link rel=\"canonical\" href=\"https:\/\/www.rossinigesellschaft.de\/de\/mitglieder\/\" \/>\n<meta property=\"og:locale\" content=\"de_DE\" \/>\n<meta property=\"og:type\" content=\"article\" \/>\n<meta property=\"og:title\" content=\"Mitglieder - Deutsche Rossini Gesellschaft\" \/>\n<meta property=\"og:description\" content=\"\u201eSto scrivendo come un disperato\u201c &#8222;Ich komponiere wie ein Verr\u00fcckter&#8220; \u2013 Gioachino Rossini 1813 &nbsp; Wir lassen uns von Rossini und seiner Musik begeistern. Alles bleibt in Bewegung, um rossinisches Lebensgef\u00fchl auszudr\u00fccken. Eines ist sicher: Ein gewisses Ma\u00df an Verr\u00fccktheit\" \/>\n<meta property=\"og:url\" content=\"https:\/\/www.rossinigesellschaft.de\/de\/mitglieder\/\" \/>\n<meta property=\"og:site_name\" content=\"Deutsche Rossini Gesellschaft\" \/>\n<meta property=\"article:modified_time\" content=\"2026-03-09T18:55:52+00:00\" \/>\n<meta name=\"twitter:card\" content=\"summary_large_image\" \/>\n<meta name=\"twitter:label1\" content=\"Gesch\u00e4tzte Lesezeit\" \/>\n\t<meta name=\"twitter:data1\" content=\"1\u00a0Minute\" \/>\n<script type=\"application\/ld+json\" class=\"yoast-schema-graph\">{\"@context\":\"https:\\\/\\\/schema.org\",\"@graph\":[{\"@type\":\"WebPage\",\"@id\":\"https:\\\/\\\/www.rossinigesellschaft.de\\\/de\\\/mitglieder\\\/\",\"url\":\"https:\\\/\\\/www.rossinigesellschaft.de\\\/de\\\/mitglieder\\\/\",\"name\":\"Mitglieder - Deutsche Rossini Gesellschaft\",\"isPartOf\":{\"@id\":\"https:\\\/\\\/www.rossinigesellschaft.de\\\/de\\\/#website\"},\"datePublished\":\"2018-12-20T08:50:16+00:00\",\"dateModified\":\"2026-03-09T18:55:52+00:00\",\"breadcrumb\":{\"@id\":\"https:\\\/\\\/www.rossinigesellschaft.de\\\/de\\\/mitglieder\\\/#breadcrumb\"},\"inLanguage\":\"de\",\"potentialAction\":[{\"@type\":\"ReadAction\",\"target\":[\"https:\\\/\\\/www.rossinigesellschaft.de\\\/de\\\/mitglieder\\\/\"]}]},{\"@type\":\"BreadcrumbList\",\"@id\":\"https:\\\/\\\/www.rossinigesellschaft.de\\\/de\\\/mitglieder\\\/#breadcrumb\",\"itemListElement\":[{\"@type\":\"ListItem\",\"position\":1,\"name\":\"Startseite\",\"item\":\"https:\\\/\\\/www.rossinigesellschaft.de\\\/de\\\/\"},{\"@type\":\"ListItem\",\"position\":2,\"name\":\"Mitglieder\"}]},{\"@type\":\"WebSite\",\"@id\":\"https:\\\/\\\/www.rossinigesellschaft.de\\\/de\\\/#website\",\"url\":\"https:\\\/\\\/www.rossinigesellschaft.de\\\/de\\\/\",\"name\":\"Deutsche Rossini Gesellschaft\",\"description\":\"\",\"publisher\":{\"@id\":\"https:\\\/\\\/www.rossinigesellschaft.de\\\/de\\\/#organization\"},\"potentialAction\":[{\"@type\":\"SearchAction\",\"target\":{\"@type\":\"EntryPoint\",\"urlTemplate\":\"https:\\\/\\\/www.rossinigesellschaft.de\\\/de\\\/?s={search_term_string}\"},\"query-input\":{\"@type\":\"PropertyValueSpecification\",\"valueRequired\":true,\"valueName\":\"search_term_string\"}}],\"inLanguage\":\"de\"},{\"@type\":\"Organization\",\"@id\":\"https:\\\/\\\/www.rossinigesellschaft.de\\\/de\\\/#organization\",\"name\":\"Deutsche Rossini Gesellschaft\",\"url\":\"https:\\\/\\\/www.rossinigesellschaft.de\\\/de\\\/\",\"logo\":{\"@type\":\"ImageObject\",\"inLanguage\":\"de\",\"@id\":\"https:\\\/\\\/www.rossinigesellschaft.de\\\/de\\\/#\\\/schema\\\/logo\\\/image\\\/\",\"url\":\"https:\\\/\\\/www.rossinigesellschaft.de\\\/de\\\/wp-content\\\/uploads\\\/2019\\\/02\\\/logo-transparent.png\",\"contentUrl\":\"https:\\\/\\\/www.rossinigesellschaft.de\\\/de\\\/wp-content\\\/uploads\\\/2019\\\/02\\\/logo-transparent.png\",\"width\":200,\"height\":86,\"caption\":\"Deutsche Rossini Gesellschaft\"},\"image\":{\"@id\":\"https:\\\/\\\/www.rossinigesellschaft.de\\\/de\\\/#\\\/schema\\\/logo\\\/image\\\/\"}}]}<\/script>\n<!-- \/ Yoast SEO plugin. -->","yoast_head_json":{"title":"Mitglieder - Deutsche Rossini Gesellschaft","robots":{"index":"index","follow":"follow","max-snippet":"max-snippet:-1","max-image-preview":"max-image-preview:large","max-video-preview":"max-video-preview:-1"},"canonical":"https:\/\/www.rossinigesellschaft.de\/de\/mitglieder\/","og_locale":"de_DE","og_type":"article","og_title":"Mitglieder - Deutsche Rossini Gesellschaft","og_description":"\u201eSto scrivendo come un disperato\u201c &#8222;Ich komponiere wie ein Verr\u00fcckter&#8220; \u2013 Gioachino Rossini 1813 &nbsp; Wir lassen uns von Rossini und seiner Musik begeistern. Alles bleibt in Bewegung, um rossinisches Lebensgef\u00fchl auszudr\u00fccken. Eines ist sicher: Ein gewisses Ma\u00df an Verr\u00fccktheit","og_url":"https:\/\/www.rossinigesellschaft.de\/de\/mitglieder\/","og_site_name":"Deutsche Rossini Gesellschaft","article_modified_time":"2026-03-09T18:55:52+00:00","twitter_card":"summary_large_image","twitter_misc":{"Gesch\u00e4tzte Lesezeit":"1\u00a0Minute"},"schema":{"@context":"https:\/\/schema.org","@graph":[{"@type":"WebPage","@id":"https:\/\/www.rossinigesellschaft.de\/de\/mitglieder\/","url":"https:\/\/www.rossinigesellschaft.de\/de\/mitglieder\/","name":"Mitglieder - Deutsche Rossini Gesellschaft","isPartOf":{"@id":"https:\/\/www.rossinigesellschaft.de\/de\/#website"},"datePublished":"2018-12-20T08:50:16+00:00","dateModified":"2026-03-09T18:55:52+00:00","breadcrumb":{"@id":"https:\/\/www.rossinigesellschaft.de\/de\/mitglieder\/#breadcrumb"},"inLanguage":"de","potentialAction":[{"@type":"ReadAction","target":["https:\/\/www.rossinigesellschaft.de\/de\/mitglieder\/"]}]},{"@type":"BreadcrumbList","@id":"https:\/\/www.rossinigesellschaft.de\/de\/mitglieder\/#breadcrumb","itemListElement":[{"@type":"ListItem","position":1,"name":"Startseite","item":"https:\/\/www.rossinigesellschaft.de\/de\/"},{"@type":"ListItem","position":2,"name":"Mitglieder"}]},{"@type":"WebSite","@id":"https:\/\/www.rossinigesellschaft.de\/de\/#website","url":"https:\/\/www.rossinigesellschaft.de\/de\/","name":"Deutsche Rossini Gesellschaft","description":"","publisher":{"@id":"https:\/\/www.rossinigesellschaft.de\/de\/#organization"},"potentialAction":[{"@type":"SearchAction","target":{"@type":"EntryPoint","urlTemplate":"https:\/\/www.rossinigesellschaft.de\/de\/?s={search_term_string}"},"query-input":{"@type":"PropertyValueSpecification","valueRequired":true,"valueName":"search_term_string"}}],"inLanguage":"de"},{"@type":"Organization","@id":"https:\/\/www.rossinigesellschaft.de\/de\/#organization","name":"Deutsche Rossini Gesellschaft","url":"https:\/\/www.rossinigesellschaft.de\/de\/","logo":{"@type":"ImageObject","inLanguage":"de","@id":"https:\/\/www.rossinigesellschaft.de\/de\/#\/schema\/logo\/image\/","url":"https:\/\/www.rossinigesellschaft.de\/de\/wp-content\/uploads\/2019\/02\/logo-transparent.png","contentUrl":"https:\/\/www.rossinigesellschaft.de\/de\/wp-content\/uploads\/2019\/02\/logo-transparent.png","width":200,"height":86,"caption":"Deutsche Rossini Gesellschaft"},"image":{"@id":"https:\/\/www.rossinigesellschaft.de\/de\/#\/schema\/logo\/image\/"}}]}},"_links":{"self":[{"href":"https:\/\/www.rossinigesellschaft.de\/de\/wp-json\/wp\/v2\/pages\/101","targetHints":{"allow":["GET"]}}],"collection":[{"href":"https:\/\/www.rossinigesellschaft.de\/de\/wp-json\/wp\/v2\/pages"}],"about":[{"href":"https:\/\/www.rossinigesellschaft.de\/de\/wp-json\/wp\/v2\/types\/page"}],"author":[{"embeddable":true,"href":"https:\/\/www.rossinigesellschaft.de\/de\/wp-json\/wp\/v2\/users\/1"}],"replies":[{"embeddable":true,"href":"https:\/\/www.rossinigesellschaft.de\/de\/wp-json\/wp\/v2\/comments?post=101"}],"version-history":[{"count":6,"href":"https:\/\/www.rossinigesellschaft.de\/de\/wp-json\/wp\/v2\/pages\/101\/revisions"}],"predecessor-version":[{"id":1732,"href":"https:\/\/www.rossinigesellschaft.de\/de\/wp-json\/wp\/v2\/pages\/101\/revisions\/1732"}],"wp:attachment":[{"href":"https:\/\/www.rossinigesellschaft.de\/de\/wp-json\/wp\/v2\/media?parent=101"}],"curies":[{"name":"wp","href":"https:\/\/api.w.org\/{rel}","templated":true}]}}